{"id":398,"date":"2021-06-24T16:41:25","date_gmt":"2021-06-24T19:41:25","guid":{"rendered":"https:\/\/www.goiania.go.gov.br\/sefin\/departamentos\/conselho-tributario-fiscal\/"},"modified":"2021-06-24T16:43:29","modified_gmt":"2021-06-24T19:43:29","slug":"conselho-tributario-fiscal","status":"publish","type":"page","link":"https:\/\/www.goiania.go.gov.br\/sefaz\/departamentos\/conselho-tributario-fiscal\/","title":{"rendered":"Conselho Tribut\u00e1rio Fiscal"},"content":{"rendered":"\n<p>Ao Conselho Tribut\u00e1rio Fiscal (CTF), \u00f3rg\u00e3o colegiado julgador de Primeira e Segunda Inst\u00e2ncias Administrativas, independente e aut\u00f4nomo em sua fun\u00e7\u00e3o judicante, vinculado \u00e0 Secretaria Municipal de Finan\u00e7as para fins de suporte administrativo e operacional, compete, dentre outras atribui\u00e7\u00f5es:<\/p>\n\n\n\n<p>I &#8211; em Primeira Inst\u00e2ncia Administrativa, o julgamento monocr\u00e1tico de processos contenciosos e de consulta em mat\u00e9ria tribut\u00e1ria;<\/p>\n\n\n\n<p>II &#8211; em Segunda Inst\u00e2ncia Administrativa, o julgamento colegiado e parit\u00e1rio, de processos contenciosos e de consulta em mat\u00e9rias tribut\u00e1rias e fiscais.<\/p>\n\n\n\n<p>\u00a7 1\u00ba Cabe especificamente \u00e0 Segunda Inst\u00e2ncia Especializada em Mat\u00e9ria Tribut\u00e1ria, apreciar, em grau de recurso, volunt\u00e1rio ou ex-oficio:<\/p>\n\n\n\n<p>a) as reclama\u00e7\u00f5es do sujeito passivo contra lan\u00e7amento do imposto, pedidos de revis\u00e3o de al\u00edquota ou da base de c\u00e1lculo, bem como outras quest\u00f5es pertinentes ao Imposto Predial e Territorial Urbano (IPTU) e ao Imposto Sobre Transmiss\u00e3o Inter Vivos (ISTI);<\/p>\n\n\n\n<p>b) as reclama\u00e7\u00f5es contra decis\u00f5es de Primeira Inst\u00e2ncia ou atos normativos, expedidos pela Administra\u00e7\u00e3o Tribut\u00e1ria, versando, no todo ou em parte, sobre a arrecada\u00e7\u00e3o e a restitui\u00e7\u00e3o de tributos;<\/p>\n\n\n\n<p>c) as reclama\u00e7\u00f5es acerca da natureza ou do valor das multas aplicadas pelo n\u00e3o cumprimento de obriga\u00e7\u00f5es tribut\u00e1rias, sejam principais ou acess\u00f3rias;<\/p>\n\n\n\n<p>\u00a7 2\u00ba Quaisquer das C\u00e2maras Julgadoras poder\u00e1 apreciar e julgar, em grau de recurso, volunt\u00e1rio ou ex of\u00edcio, pedidos de esclarecimentos, endere\u00e7ados \u00e0 C\u00e2mara prolatora, das decis\u00f5es que tenham gerado dubiedade ou dificuldade de interpreta\u00e7\u00e3o, na forma de Embargos Declarat\u00f3rios ou Infringentes com efeito modificativo.<\/p>\n\n\n\n<p>\u00a7 3\u00ba Compete especificamente aos Col\u00e9gio Pleno Fiscal e Col\u00e9gio Pleno Tribut\u00e1rio do CTF:<\/p>\n\n\n\n<p>a) o julgamento dos pedidos rescis\u00f3rios das decis\u00f5es de m\u00e9rito proferidas em processos de natureza fiscal ou tribut\u00e1ria, respectivamente;<\/p>\n\n\n\n<p>b) a orienta\u00e7\u00e3o, interpreta\u00e7\u00e3o e aplica\u00e7\u00e3o da legisla\u00e7\u00e3o tribut\u00e1ria e fiscal do Munic\u00edpio, nas \u00e1reas de sua compet\u00eancia.<\/p>\n","protected":false},"excerpt":{"rendered":"<p>Ao Conselho Tribut\u00e1rio Fiscal (CTF), \u00f3rg\u00e3o colegiado julgador de Primeira e Segunda Inst\u00e2ncias Administrativas, independente e aut\u00f4nomo em sua fun\u00e7\u00e3o judicante, vinculado \u00e0 Secretaria Municipal de Finan\u00e7as para fins de suporte administrativo e operacional, compete, dentre outras atribui\u00e7\u00f5es: I &#8211; em Primeira Inst\u00e2ncia Administrativa, o julgamento monocr\u00e1tico de processos contenciosos e de consulta em mat\u00e9ria [&hellip;]<\/p>\n","protected":false},"author":1,"featured_media":0,"parent":314,"menu_order":7,"comment_status":"closed","ping_status":"closed","template":"","meta":{"_acf_changed":false,"custom_icon_class":"","footnotes":""},"class_list":["post-398","page","type-page","status-publish","hentry"],"acf":[],"_links":{"self":[{"href":"https:\/\/www.goiania.go.gov.br\/sefaz\/wp-json\/wp\/v2\/pages\/398","targetHints":{"allow":["GET"]}}],"collection":[{"href":"https:\/\/www.goiania.go.gov.br\/sefaz\/wp-json\/wp\/v2\/pages"}],"about":[{"href":"https:\/\/www.goiania.go.gov.br\/sefaz\/wp-json\/wp\/v2\/types\/page"}],"author":[{"embeddable":true,"href":"https:\/\/www.goiania.go.gov.br\/sefaz\/wp-json\/wp\/v2\/users\/1"}],"replies":[{"embeddable":true,"href":"https:\/\/www.goiania.go.gov.br\/sefaz\/wp-json\/wp\/v2\/comments?post=398"}],"version-history":[{"count":3,"href":"https:\/\/www.goiania.go.gov.br\/sefaz\/wp-json\/wp\/v2\/pages\/398\/revisions"}],"predecessor-version":[{"id":402,"href":"https:\/\/www.goiania.go.gov.br\/sefaz\/wp-json\/wp\/v2\/pages\/398\/revisions\/402"}],"up":[{"embeddable":true,"href":"https:\/\/www.goiania.go.gov.br\/sefaz\/wp-json\/wp\/v2\/pages\/314"}],"wp:attachment":[{"href":"https:\/\/www.goiania.go.gov.br\/sefaz\/wp-json\/wp\/v2\/media?parent=398"}],"curies":[{"name":"wp","href":"https:\/\/api.w.org\/{rel}","templated":true}]}}