{"id":338,"date":"2021-06-24T15:05:40","date_gmt":"2021-06-24T18:05:40","guid":{"rendered":"https:\/\/www.goiania.go.gov.br\/sefin\/departamentos\/_secretaria-geral\/"},"modified":"2021-06-24T15:09:41","modified_gmt":"2021-06-24T18:09:41","slug":"_secretaria-geral","status":"publish","type":"page","link":"https:\/\/www.goiania.go.gov.br\/sefaz\/departamentos\/_secretaria-geral\/","title":{"rendered":"Secretaria Geral"},"content":{"rendered":"\n<p>\u00c0 Secretaria Geral (Secger1), departamento subordinado \u00e0 Chefia de Gabinete do Secret\u00e1rio de Finan\u00e7as compete, dentre outras atribui\u00e7\u00f5es:<\/p>\n\n\n\n<p>I \u2013 receber, distribuir e controlar a tramita\u00e7\u00e3o de todos os processos, documentos e demais expedientes dirigidos ao Secret\u00e1rio;<\/p>\n\n\n\n<p>II \u2013 integrar-se ao Sistema de Atendimento ao P\u00fablico, no sentido de manter um fluxo permanente de informa\u00e7\u00f5es sobre a tramita\u00e7\u00e3o de processos e documentos relativos \u00e0 Secretaria;<\/p>\n\n\n\n<p>III \u2013 registrar e encaminhar todas as correspond\u00eancias, processos e demais documentos dirigidos \u00e0 Secretaria Geral;<\/p>\n\n\n\n<p>IV \u2013 autuar os documentos recebidos conforme sua al\u00e7ada de compet\u00eancia;<\/p>\n\n\n\n<p>V \u2013 promover o atendimento \u00e0s solicita\u00e7\u00f5es de remessa, desarquivamento de processos e outras informa\u00e7\u00f5es sobre documentos;<\/p>\n\n\n\n<p>VI \u2013 encaminhar com celeridade todos os processos, documentos e expedientes aos destinat\u00e1rios;<\/p>\n\n\n\n<p>VII \u2013 providenciar fotoc\u00f3pias de documentos, quando autorizado;<\/p>\n\n\n\n<p>VIII \u2013 controlar e fiscalizar quantitativo de fotoc\u00f3pias do \u00f3rg\u00e3o;<\/p>\n\n\n\n<p>IX \u2013 manter organizado o arquivo de documentos da lavra do Secret\u00e1rio at\u00e9 o seu encaminhamento ao arquivo geral;<\/p>\n\n\n\n<p>X \u2013 acompanhar as solicita\u00e7\u00f5es encaminhadas \u00e0s unidades da Secretaria, para que os prazos estabelecidos nos expedientes sejam cumpridos, sob pena de abertura de processo administrativo disciplinar cab\u00edvel;<\/p>\n\n\n\n<p>XI \u2013 elaborar e\/ou formatar os documentos e atos do Secret\u00e1rio, Secret\u00e1rio Executivo e do Chefe de Gabinete;<\/p>\n\n\n\n<p>XII \u2013 prestar informa\u00e7\u00f5es acerca dos processos autuados pela Secretaria Geral sempre que requisitados pelas demais unidades administrativas ligadas diretamente ao Gabinete do Secret\u00e1rio, bem como sobre o andamento de processos e outros documentos no \u00e2mbito da Secretaria;<\/p>\n\n\n\n<p>XIII \u2013 exercer outras atividades correlatas \u00e0s suas compet\u00eancias e que lhe forem determinadas pelo Chefe de Gabinete, observando sempre os princ\u00edpios legais, \u00e9ticos e morais.<\/p>\n","protected":false},"excerpt":{"rendered":"<p>\u00c0 Secretaria Geral (Secger1), departamento subordinado \u00e0 Chefia de Gabinete do Secret\u00e1rio de Finan\u00e7as compete, dentre outras atribui\u00e7\u00f5es: I \u2013 receber, distribuir e controlar a tramita\u00e7\u00e3o de todos os processos, documentos e demais expedientes dirigidos ao Secret\u00e1rio; II \u2013 integrar-se ao Sistema de Atendimento ao P\u00fablico, no sentido de manter um fluxo permanente de informa\u00e7\u00f5es [&hellip;]<\/p>\n","protected":false},"author":1,"featured_media":0,"parent":314,"menu_order":60,"comment_status":"closed","ping_status":"closed","template":"","meta":{"_acf_changed":false,"custom_icon_class":"","footnotes":""},"class_list":["post-338","page","type-page","status-publish","hentry"],"acf":[],"_links":{"self":[{"href":"https:\/\/www.goiania.go.gov.br\/sefaz\/wp-json\/wp\/v2\/pages\/338","targetHints":{"allow":["GET"]}}],"collection":[{"href":"https:\/\/www.goiania.go.gov.br\/sefaz\/wp-json\/wp\/v2\/pages"}],"about":[{"href":"https:\/\/www.goiania.go.gov.br\/sefaz\/wp-json\/wp\/v2\/types\/page"}],"author":[{"embeddable":true,"href":"https:\/\/www.goiania.go.gov.br\/sefaz\/wp-json\/wp\/v2\/users\/1"}],"replies":[{"embeddable":true,"href":"https:\/\/www.goiania.go.gov.br\/sefaz\/wp-json\/wp\/v2\/comments?post=338"}],"version-history":[{"count":3,"href":"https:\/\/www.goiania.go.gov.br\/sefaz\/wp-json\/wp\/v2\/pages\/338\/revisions"}],"predecessor-version":[{"id":342,"href":"https:\/\/www.goiania.go.gov.br\/sefaz\/wp-json\/wp\/v2\/pages\/338\/revisions\/342"}],"up":[{"embeddable":true,"href":"https:\/\/www.goiania.go.gov.br\/sefaz\/wp-json\/wp\/v2\/pages\/314"}],"wp:attachment":[{"href":"https:\/\/www.goiania.go.gov.br\/sefaz\/wp-json\/wp\/v2\/media?parent=338"}],"curies":[{"name":"wp","href":"https:\/\/api.w.org\/{rel}","templated":true}]}}