{"id":316,"date":"2021-06-24T14:47:39","date_gmt":"2021-06-24T17:47:39","guid":{"rendered":"https:\/\/www.goiania.go.gov.br\/sefin\/departamentos\/_secretaria-executiva\/"},"modified":"2021-06-24T14:54:53","modified_gmt":"2021-06-24T17:54:53","slug":"_secretaria-executiva","status":"publish","type":"page","link":"https:\/\/www.goiania.go.gov.br\/sefaz\/departamentos\/_secretaria-executiva\/","title":{"rendered":"Secretaria Executiva"},"content":{"rendered":"\n<p>\u00c0 Secretaria Executiva da Secretaria Municipal de Finan\u00e7as compete, dentre outras atribui\u00e7\u00f5es:<\/p>\n\n\n\n<p>I &#8211; assistir diretamente o Secret\u00e1rio no desempenho de suas atribui\u00e7\u00f5es;<\/p>\n\n\n\n<p>II &#8211; coordenar, supervisionar e realizar o controle das atividades gerenciais da Secretaria;<\/p>\n\n\n\n<p>III &#8211; substituir o Secret\u00e1rio nas suas faltas e impedimentos, nos termos da lei;<\/p>\n\n\n\n<p>IV &#8211; divulgar e publicar os atos do Secret\u00e1rio, quando de interesse p\u00fablico;<\/p>\n\n\n\n<p>V &#8211; promover o controle de todos os processos e demais documentos encaminhados ao Secret\u00e1rio ou por ele despachados;<\/p>\n\n\n\n<p>VI &#8211; examinar os processos a serem despachados ou referenciados pelo Secret\u00e1rio, providenciando, antes de submet\u00ea-los \u00e0 sua aprecia\u00e7\u00e3o, a conveniente instru\u00e7\u00e3o dos mesmos;<\/p>\n\n\n\n<p>VII &#8211; verificar a corre\u00e7\u00e3o e a legalidade dos documentos submetidos \u00e0 assinatura do secret\u00e1rio;<\/p>\n\n\n\n<p>VIII &#8211; manter permanente articula\u00e7\u00e3o com os demais \u00f3rg\u00e3os integrantes da estrutura organizacional da Administra\u00e7\u00e3o Municipal;<\/p>\n\n\n\n<p>IX &#8211; coordenar a aloca\u00e7\u00e3o dos Assessores T\u00e9cnicos na estrutura administrativa da Secretaria, bem como supervisionar as atividades desenvolvidas pelos mesmos na respectiva \u00e1rea de atua\u00e7\u00e3o;<\/p>\n\n\n\n<p>X &#8211; exercer outras atividades correlatas \u00e0s suas compet\u00eancias e que lhe forem determinadas pelo Secret\u00e1rio, observando sempre os princ\u00edpios legais, \u00e9ticos e morais.<\/p>\n","protected":false},"excerpt":{"rendered":"<p>\u00c0 Secretaria Executiva da Secretaria Municipal de Finan\u00e7as compete, dentre outras atribui\u00e7\u00f5es: I &#8211; assistir diretamente o Secret\u00e1rio no desempenho de suas atribui\u00e7\u00f5es; II &#8211; coordenar, supervisionar e realizar o controle das atividades gerenciais da Secretaria; III &#8211; substituir o Secret\u00e1rio nas suas faltas e impedimentos, nos termos da lei; IV &#8211; divulgar e publicar [&hellip;]<\/p>\n","protected":false},"author":1,"featured_media":0,"parent":314,"menu_order":0,"comment_status":"closed","ping_status":"closed","template":"","meta":{"_acf_changed":false,"custom_icon_class":"","footnotes":""},"class_list":["post-316","page","type-page","status-publish","hentry"],"acf":[],"_links":{"self":[{"href":"https:\/\/www.goiania.go.gov.br\/sefaz\/wp-json\/wp\/v2\/pages\/316","targetHints":{"allow":["GET"]}}],"collection":[{"href":"https:\/\/www.goiania.go.gov.br\/sefaz\/wp-json\/wp\/v2\/pages"}],"about":[{"href":"https:\/\/www.goiania.go.gov.br\/sefaz\/wp-json\/wp\/v2\/types\/page"}],"author":[{"embeddable":true,"href":"https:\/\/www.goiania.go.gov.br\/sefaz\/wp-json\/wp\/v2\/users\/1"}],"replies":[{"embeddable":true,"href":"https:\/\/www.goiania.go.gov.br\/sefaz\/wp-json\/wp\/v2\/comments?post=316"}],"version-history":[{"count":11,"href":"https:\/\/www.goiania.go.gov.br\/sefaz\/wp-json\/wp\/v2\/pages\/316\/revisions"}],"predecessor-version":[{"id":327,"href":"https:\/\/www.goiania.go.gov.br\/sefaz\/wp-json\/wp\/v2\/pages\/316\/revisions\/327"}],"up":[{"embeddable":true,"href":"https:\/\/www.goiania.go.gov.br\/sefaz\/wp-json\/wp\/v2\/pages\/314"}],"wp:attachment":[{"href":"https:\/\/www.goiania.go.gov.br\/sefaz\/wp-json\/wp\/v2\/media?parent=316"}],"curies":[{"name":"wp","href":"https:\/\/api.w.org\/{rel}","templated":true}]}}