{"id":314,"date":"2021-06-24T14:46:09","date_gmt":"2021-06-24T17:46:09","guid":{"rendered":"https:\/\/www.goiania.go.gov.br\/sefin\/?page_id=314"},"modified":"2021-06-25T16:59:25","modified_gmt":"2021-06-25T19:59:25","slug":"departamentos","status":"publish","type":"page","link":"https:\/\/www.goiania.go.gov.br\/sefaz\/departamentos\/","title":{"rendered":"Departamentos"},"content":{"rendered":"\n<p><strong>1. <\/strong><a href=\"https:\/\/www.goiania.go.gov.br\/sefin\/sobre-a-secretaria\/\">Secretaria Municipal de Finan\u00e7as<\/a>;<br><strong>1.1.<\/strong> <a href=\"https:\/\/www.goiania.go.gov.br\/sefin\/departamentos\/_secretaria-executiva\/\">Secret\u00e1rio Executivo<\/a>;<br><strong>1.2.<\/strong> <a href=\"https:\/\/www.goiania.go.gov.br\/sefin\/departamentos\/chefia-de-gabinete\/\">Chefia de Gabinete<\/a>;<br><strong>1.2.1<\/strong>. <a href=\"https:\/\/www.goiania.go.gov.br\/sefin\/departamentos\/_secretaria-geral\/\">Secretaria Geral<\/a>;<br><strong>1.2.2.<\/strong><a href=\"https:\/\/www.goiania.go.gov.br\/sefin\/departamentos\/gerencia-de-atendimento\/\"> Ger\u00eancia de Atendimento<\/a>;<br><strong>1.3.<\/strong> <a href=\"https:\/\/www.goiania.go.gov.br\/sefin\/departamentos\/chefia-de-advocacia-setorial\/\">Chefia da Advocacia Setorial<\/a>;<br><strong>1.3.1 <\/strong><a href=\"https:\/\/www.goiania.go.gov.br\/sefin\/departamentos\/assessoria-tecnica-da-advocacia-setorial\/\">Assessoria T\u00e9cnica da Advocacia Setorial<\/a>;<br><strong>1.4.<\/strong>\u00a0<a href=\"https:\/\/www.goiania.go.gov.br\/sefin\/departamentos\/chefia-da-assessoria-tributaria\/\">Chefia da Assessoria Tribut\u00e1ria<\/a>;<br><strong>1.4.1<\/strong> <a href=\"https:\/\/www.goiania.go.gov.br\/sefin\/departamentos\/assessoria-tecnica-tributaria\/\">Assessoria T\u00e9cnica Tribut\u00e1ria<\/a>;<br><strong>1.5.<\/strong>\u00a0<a href=\"https:\/\/www.goiania.go.gov.br\/sefin\/departamentos\/chefia-da-assessoria-de-comunicacao\/\">Chefia da Assessoria de Comunica\u00e7\u00e3o<\/a>;<br><strong>1.6.<\/strong> <a href=\"https:\/\/www.goiania.go.gov.br\/sefin\/departamentos\/diretoria-administrativa\/\">Diretoria Administrativa<\/a>;<br><strong>1.6.1. <\/strong><a href=\"https:\/\/www.goiania.go.gov.br\/sefin\/departamentos\/gerencia-de-apoio-administrativo\/\">Ger\u00eancia de Apoio Administrativo<\/a>;<br><strong>1.6.2.<\/strong> <a href=\"https:\/\/www.goiania.go.gov.br\/sefin\/departamentos\/gerencia-de-execucao-orcamentaria-e-financeira\/\">Ger\u00eancia de Execu\u00e7\u00e3o Or\u00e7ament\u00e1ria e Financeira<\/a>;<br><strong>1.6.3.<\/strong> <a href=\"https:\/\/www.goiania.go.gov.br\/sefin\/departamentos\/gerencia-de-compras-e-suprimentos\/\">Ger\u00eancia de Compras e Suprimentos<\/a>;<br><strong>1.6.4. <\/strong><a href=\"https:\/\/www.goiania.go.gov.br\/sefin\/departamentos\/gerencia-de-gestao-e-desenvolvimento-de-pessoas\/\">Ger\u00eancia de Gest\u00e3o e Desenvolvimento de Pessoas<\/a>;<br><strong>1.7.<\/strong> <a href=\"https:\/\/www.goiania.go.gov.br\/sefin\/departamentos\/conselho-tributario-fiscal\/\">Conselho Tribut\u00e1rio Fiscal de Goi\u00e2nia<\/a>;<br><strong>1.7.1.<\/strong> <a href=\"https:\/\/www.goiania.go.gov.br\/sefin\/departamentos\/diretoria-do-contencioso-e-controle-tributario\/\">Diretoria do Contencioso e Controle Tribut\u00e1rio<\/a>;<br><strong>1.7.1.1.<\/strong> <a href=\"https:\/\/www.goiania.go.gov.br\/sefin\/departamentos\/gerencia-do-contencioso-fiscal\/\">Ger\u00eancia do Contencioso Fiscal<\/a>;<br><strong>1.7.1.2.<\/strong> <a href=\"https:\/\/www.goiania.go.gov.br\/sefin\/departamentos\/gerencia-do-contencioso-sanitario\/\">Ger\u00eancia do Contencioso Sanit\u00e1rio<\/a>;<br><strong>1.7.1.3.<\/strong> <a href=\"https:\/\/www.goiania.go.gov.br\/sefin\/departamentos\/gerencia-de-controle-tributario\/\">Ger\u00eancia de Controle Tribut\u00e1rio<\/a>;<br><strong>1.8.<\/strong> <a href=\"https:\/\/www.goiania.go.gov.br\/sefin\/departamentos\/superintendencia-de-administracao-tributaria\/\">Superintend\u00eancia de Administra\u00e7\u00e3o Tribut\u00e1ria<\/a>;<br><strong>1.8.1.<\/strong> <a href=\"https:\/\/www.goiania.go.gov.br\/sefin\/departamentos\/diretoria-de-lancamento-e-fiscalizacao-imobiliaria\/\">Diretoria de Lan\u00e7amento e Fiscaliza\u00e7\u00e3o Imobili\u00e1ria<\/a>;<br><strong>1.8.1.1.<\/strong> <a href=\"https:\/\/www.goiania.go.gov.br\/sefin\/departamentos\/gerencia-de-lancamento-do-imposto-predial-e-territorial-urbano\/\">Ger\u00eancia de Lan\u00e7amento do Imposto sobre Propriedade Predial e Territorial Urbana \u2013 IPTU\/ITU<\/a>;<br><strong>1.8.1.2.<\/strong> <a href=\"https:\/\/www.goiania.go.gov.br\/sefin\/departamentos\/gerencia-de-lancamento-do-imposto-sobre-transmissao-de-imoveis\/\">Ger\u00eancia de Lan\u00e7amento do Imposto de Transmiss\u00e3o Inter Vivos &#8211; ISTI<\/a>;<br><strong>1.8.1.3.<\/strong> <a href=\"https:\/\/www.goiania.go.gov.br\/sefin\/departamentos\/gerencia-de-edificacoes\/\">Ger\u00eancia de Edifica\u00e7\u00f5es<\/a>;<br><strong>1.8.2.<\/strong> <a href=\"https:\/\/www.goiania.go.gov.br\/sefin\/departamentos\/diretoria-de-lancamento-e-fiscalizacao-mobiliaria\/\">Diretoria de Lan\u00e7amento e Fiscaliza\u00e7\u00e3o Mobili\u00e1ria<\/a>;<br><strong>1.8.2.1<\/strong>. <a href=\"https:\/\/www.goiania.go.gov.br\/sefin\/departamentos\/gerencia-de-fiscalizacao-do-imposto-sobre-servicos-de-qualquer-natureza\/\">Ger\u00eancia de Fiscaliza\u00e7\u00e3o do Imposto sobre Servi\u00e7os de Qualquer Natureza &#8211; ISS<\/a>;<br><strong>1.8.2.2<\/strong>. <a href=\"https:\/\/www.goiania.go.gov.br\/sefin\/departamentos\/gerencia-do-simples-nacional\/\">Ger\u00eancia do Simples Nacional<\/a>;<br><strong>1.8.2.3<\/strong>. <a href=\"https:\/\/www.goiania.go.gov.br\/sefin\/departamentos\/gerencia-de-notas-fiscais-e-declaracoes-eletronicas\/\">Ger\u00eancia de Notas Fiscais e Declara\u00e7\u00f5es Eletr\u00f4nicas<\/a>;<br><strong>1.8.2.4.<\/strong> <a href=\"https:\/\/www.goiania.go.gov.br\/sefin\/departamentos\/gerencia-de-notificacoes-e-atendimento\/\">Ger\u00eancia de Notifica\u00e7\u00f5es e Atendimento<\/a>;<br><strong>1.8.3.<\/strong> <a href=\"https:\/\/www.goiania.go.gov.br\/sefin\/departamentos\/diretoria-de-cadastro\/\">Diretoria de Cadastro<\/a>;<br><strong>1.8.3.1.<\/strong> <a href=\"https:\/\/www.goiania.go.gov.br\/sefin\/departamentos\/gerencia-de-cadastro-imobiliario\/\">Ger\u00eancia de Cadastro Imobili\u00e1rio<\/a>;<br><strong>1.8.3.2.<\/strong> <a href=\"https:\/\/www.goiania.go.gov.br\/sefin\/departamentos\/gerencia-de-cadastro-mobiliario\/\">Ger\u00eancia de Cadastro Mobili\u00e1rio<\/a>;<br><strong>1.8.3.3.<\/strong><a href=\"https:\/\/www.goiania.go.gov.br\/sefin\/departamentos\/gerencia-de-vistorias-fiscais\/\"><strong> <\/strong>Ger\u00eancia de Vistoria Fiscal;<\/a><br><strong>1.8.4. <\/strong><a href=\"https:\/\/www.goiania.go.gov.br\/sefin\/departamentos\/assessoria-tecnica-da-administracao-tributaria\/\">Assessoria T\u00e9cnica da Administra\u00e7\u00e3o Tribut\u00e1ria<\/a>;<br><strong>1.9. <\/strong><a href=\"https:\/\/www.goiania.go.gov.br\/sefin\/departamentos\/superintendencia-de-inteligencia-e-cobranca\/\">Superintend\u00eancia de Intelig\u00eancia e Cobran\u00e7a<\/a>;<br><strong>1.9.1.<\/strong> <a href=\"https:\/\/www.goiania.go.gov.br\/sefin\/departamentos\/diretoria-de-cobranca-da-divida-ativa\/\">Diretoria de Cobran\u00e7a e da D\u00edvida Ativa<\/a>;<br><strong>1.9.1.1. <\/strong><a href=\"https:\/\/www.goiania.go.gov.br\/sefin\/departamentos\/gerencia-de-cobranca-administrativa\/\">Ger\u00eancia de Cobran\u00e7a Administrativa<\/a>;<br><strong>1.9.1.2.<\/strong> <a href=\"https:\/\/www.goiania.go.gov.br\/sefin\/departamentos\/gerencia-da-divida-ativa\/\">Ger\u00eancia da D\u00edvida Ativa<\/a>;<br><strong>1.9.1.3 <\/strong><a href=\"https:\/\/www.goiania.go.gov.br\/sefin\/departamentos\/assessoria-tecnica-de-cobranca-da-divida-ativa\/\">Assessoria T\u00e9cnica de Cobran\u00e7a de D\u00edvida Ativa<\/a>;<br><strong>1.9.2.<\/strong> <a href=\"https:\/\/www.goiania.go.gov.br\/sefin\/departamentos\/diretoria-de-inteligencia\/\">Diretoria de Intelig\u00eancia<\/a>;<br><strong>1.9.2.1.<\/strong> <a href=\"https:\/\/www.goiania.go.gov.br\/sefin\/departamentos\/gerencia-de-geoprocessamento\/\">Ger\u00eancia de Geoprocessamento<\/a>;<br><strong>1.9.2.2.<\/strong> <a href=\"https:\/\/www.goiania.go.gov.br\/sefin\/departamentos\/gerencia-de-dados\/\">Ger\u00eancia de Dados<\/a>;<br><strong>1.9.2.3. <\/strong><a href=\"https:\/\/www.goiania.go.gov.br\/sefin\/departamentos\/gerencia-de-analise-e-estatisticas\/\">Ger\u00eancia de An\u00e1lise e Estat\u00edsticas<\/a>;<br><strong>1.9.2.4.<\/strong> <a href=\"https:\/\/www.goiania.go.gov.br\/sefin\/departamentos\/gerencia-de-trilhas-e-monitoramento\/\">Ger\u00eancia de Trilhas e Monitoramento<\/a>;<br><strong>1.9.3.<\/strong> <a href=\"https:\/\/www.goiania.go.gov.br\/sefin\/departamentos\/assessoria-de-tecnologia-da-informacao\/\">Assessoria de Tecnologia da Informa\u00e7\u00e3o<\/a>;<br><strong>1.9.4.<\/strong> <a href=\"https:\/\/www.goiania.go.gov.br\/sefin\/departamentos\/assessoria-tecnica-de-inteligencia-e-cobranca\/\">Assessoria de T\u00e9cnica de Intelig\u00eancia e Cobran\u00e7a<\/a>;<br><strong>1.10. <\/strong><a href=\"https:\/\/www.goiania.go.gov.br\/sefin\/departamentos\/superintendencia-de-planejamento-orcamento-e-tesouro\/\">Superintend\u00eancia de Planejamento, Or\u00e7amento e Tesouro<\/a>;<br><strong>1.10.1.<\/strong> <a href=\"https:\/\/www.goiania.go.gov.br\/sefin\/departamentos\/diretoria-de-planejamento-e-orcamento\/\">Diretoria de Planejamento e Or\u00e7amento<\/a>;<br><strong>1.10.1.1.<\/strong> <a href=\"https:\/\/www.goiania.go.gov.br\/sefin\/departamentos\/gerencia-central-de-planejamento-governamental\/\">Ger\u00eancia Central de Planejamento Governamental<\/a>;<br><strong>1.10.1.2. <\/strong><a href=\"https:\/\/www.goiania.go.gov.br\/sefin\/departamentos\/gerencia-de-elaboracao-orcamentaria-e-gestao-de-creditos-adicionais\/\">Ger\u00eancia de Elabora\u00e7\u00e3o Or\u00e7ament\u00e1ria e Gest\u00e3o de Cr\u00e9ditos Adicionais<\/a>;<br><strong>1.10.1.3.<\/strong> <a href=\"https:\/\/www.goiania.go.gov.br\/sefin\/departamentos\/gerencia-de-controle-da-execucao-orcamentaria\/\">Ger\u00eancia de Controle da Execu\u00e7\u00e3o Or\u00e7ament\u00e1ria<\/a>;<br><strong>1.10.2.<\/strong> <a href=\"https:\/\/www.goiania.go.gov.br\/sefin\/departamentos\/diretoria-do-tesouro-municipal\/\">Diretoria do Tesouro Municipal<\/a>;<br><strong>1.10.2.1.<\/strong> Ger\u00eancia de Controle do Fluxo Financeiro Municipal;<br><strong>1.10.2.2.<\/strong> Ger\u00eancia de Execu\u00e7\u00e3o Financeira;<br><strong>1.10.2.3.<\/strong> Ger\u00eancia de Arrecada\u00e7\u00e3o;<br><strong>1.10.2.4.<\/strong> Ger\u00eancia de Gest\u00e3o de Obriga\u00e7\u00f5es Acess\u00f3rias;<br><strong>1.10.2.5.<\/strong> Ger\u00eancia de Controle da D\u00edvida;<br><strong>1.11.<\/strong> <a href=\"https:\/\/www.goiania.go.gov.br\/sefin\/departamentos\/superintendencia-central-de-contabilidade\/\">Superintend\u00eancia Central de Contabilidade<\/a>;<br><strong>1.11.1.<\/strong> <a href=\"https:\/\/www.goiania.go.gov.br\/sefin\/departamentos\/diretoria-geral-de-contabilidade\/\">Diretoria Geral de Contabilidade<\/a>;<br><strong>1.11.1.1.<\/strong> <a href=\"https:\/\/www.goiania.go.gov.br\/sefin\/departamentos\/gerencia-de-contabilidade-da-administracao-direta\/\">Ger\u00eancia de Contabilidade da Administra\u00e7\u00e3o Direta<\/a>;<br><strong>1.11.1.2.<\/strong> <a href=\"https:\/\/www.goiania.go.gov.br\/sefin\/departamentos\/gerencia-de-contabilidade-da-administracao-indireta\/\">Ger\u00eancia de Contabilidade da Administra\u00e7\u00e3o Indireta<\/a>;<br><strong>1.11.1.3.<\/strong> <a href=\"https:\/\/www.goiania.go.gov.br\/sefin\/departamentos\/gerencia-de-avaliacao-de-registro-contabil-e-conciliacao-bancaria\/\">Ger\u00eancia de Avalia\u00e7\u00e3o de Registro Cont\u00e1bil e Concilia\u00e7\u00e3o Banc\u00e1ria<\/a>;<br><strong>1.11.2.<\/strong> <a href=\"https:\/\/www.goiania.go.gov.br\/sefin\/departamentos\/diretoria-de-normatizacao-e-consolidacao-contabil\/\">Diretoria de Normatiza\u00e7\u00e3o e Consolida\u00e7\u00e3o Cont\u00e1bil<\/a>;<br><strong>1.11.2.1.<\/strong> <a href=\"https:\/\/www.goiania.go.gov.br\/sefin\/departamentos\/gerenac\/\">Ger\u00eancia de Estudo de Normas e Adequa\u00e7\u00f5es Cont\u00e1beis<\/a>;<br><strong>1.11.2.2. <\/strong><a href=\"https:\/\/www.goiania.go.gov.br\/sefin\/departamentos\/gerencia-de-consolidacao-e-publicacoes-contabeis\/\">Ger\u00eancia de Consolida\u00e7\u00e3o e Publica\u00e7\u00f5es Cont\u00e1beis<\/a>;<\/p>\n\n\n\n<p><br><\/p>\n","protected":false},"excerpt":{"rendered":"<p>1. Secretaria Municipal de Finan\u00e7as;1.1. Secret\u00e1rio Executivo;1.2. Chefia de Gabinete;1.2.1. Secretaria Geral;1.2.2. Ger\u00eancia de Atendimento;1.3. Chefia da Advocacia Setorial;1.3.1 Assessoria T\u00e9cnica da Advocacia Setorial;1.4.\u00a0Chefia da Assessoria Tribut\u00e1ria;1.4.1 Assessoria T\u00e9cnica Tribut\u00e1ria;1.5.\u00a0Chefia da Assessoria de Comunica\u00e7\u00e3o;1.6. Diretoria Administrativa;1.6.1. Ger\u00eancia de Apoio Administrativo;1.6.2. Ger\u00eancia de Execu\u00e7\u00e3o Or\u00e7ament\u00e1ria e Financeira;1.6.3. Ger\u00eancia de Compras e Suprimentos;1.6.4. Ger\u00eancia de Gest\u00e3o e [&hellip;]<\/p>\n","protected":false},"author":1,"featured_media":0,"parent":0,"menu_order":11,"comment_status":"closed","ping_status":"closed","template":"","meta":{"_acf_changed":false,"custom_icon_class":"","footnotes":""},"class_list":["post-314","page","type-page","status-publish","hentry"],"acf":[],"_links":{"self":[{"href":"https:\/\/www.goiania.go.gov.br\/sefaz\/wp-json\/wp\/v2\/pages\/314","targetHints":{"allow":["GET"]}}],"collection":[{"href":"https:\/\/www.goiania.go.gov.br\/sefaz\/wp-json\/wp\/v2\/pages"}],"about":[{"href":"https:\/\/www.goiania.go.gov.br\/sefaz\/wp-json\/wp\/v2\/types\/page"}],"author":[{"embeddable":true,"href":"https:\/\/www.goiania.go.gov.br\/sefaz\/wp-json\/wp\/v2\/users\/1"}],"replies":[{"embeddable":true,"href":"https:\/\/www.goiania.go.gov.br\/sefaz\/wp-json\/wp\/v2\/comments?post=314"}],"version-history":[{"count":85,"href":"https:\/\/www.goiania.go.gov.br\/sefaz\/wp-json\/wp\/v2\/pages\/314\/revisions"}],"predecessor-version":[{"id":689,"href":"https:\/\/www.goiania.go.gov.br\/sefaz\/wp-json\/wp\/v2\/pages\/314\/revisions\/689"}],"wp:attachment":[{"href":"https:\/\/www.goiania.go.gov.br\/sefaz\/wp-json\/wp\/v2\/media?parent=314"}],"curies":[{"name":"wp","href":"https:\/\/api.w.org\/{rel}","templated":true}]}}