{"id":145,"date":"2021-08-18T16:54:34","date_gmt":"2021-08-18T19:54:34","guid":{"rendered":"https:\/\/www.goiania.go.gov.br\/sedec\/programa-goiania-digital\/links-uteis\/"},"modified":"2021-08-18T16:54:44","modified_gmt":"2021-08-18T19:54:44","slug":"links-uteis","status":"publish","type":"page","link":"https:\/\/www.goiania.go.gov.br\/sedicas\/programa-goiania-digital\/links-uteis\/","title":{"rendered":"Links \u00dateis"},"content":{"rendered":"\n<p><a target=\"_blank\" href=\"http:\/\/www.ufg.br\/\" rel=\"noreferrer noopener\">www.ufg.br<\/a>&nbsp;&#8211; Universidade Federal de Goi\u00e1s<\/p>\n\n\n\n<p><a target=\"_blank\" href=\"http:\/\/www.pucgoias.edu.br\/\" rel=\"noreferrer noopener\">www.pucgoias.edu.br<\/a>&nbsp;&#8211; Pontif\u00edcia Universidade Cat\u00f3lica de Goi\u00e1s<\/p>\n\n\n\n<p><a target=\"_blank\" href=\"http:\/\/www.sindinformatica.com.br\/\" rel=\"noreferrer noopener\">www.sindinformatica.com.br<\/a>&nbsp;&#8211; Sindicato das Empresas de Inform\u00e1tica, Telecomunica\u00e7\u00f5es e Similares do Estado de Goi\u00e1s;<\/p>\n\n\n\n<p><a target=\"_blank\" href=\"http:\/\/comtecgo.com.br\/\" rel=\"noreferrer noopener\">comtecgo.com.br<\/a>&nbsp;&#8211; Comunidade Tecnol\u00f3gica de Goi\u00e1s<\/p>\n\n\n\n<p><a target=\"_blank\" href=\"http:\/\/www.mct.gov.br\/\" rel=\"noreferrer noopener\">www.mct.gov.br<\/a>&nbsp;&#8211; Minist\u00e9rio da Ci\u00eancia e Tecnologia<\/p>\n\n\n\n<p><a target=\"_blank\" href=\"http:\/\/www.sectec.go.gov.br\/\" rel=\"noreferrer noopener\">www.sectec.go.gov.br<\/a>&nbsp;&#8211; Secretaria de Ci\u00eancia e Tecnologia de Goi\u00e1s<\/p>\n\n\n\n<p><a target=\"_blank\" href=\"http:\/\/www.sectec.go.gov.br\/portal\/fapeg\/\" rel=\"noreferrer noopener\">www.sectec.go.gov.br\/portal\/fapeg\/<\/a>&nbsp;&#8211; Funda\u00e7\u00e3o de Amparo a Pesquisa do Estado de Goi\u00e1s<\/p>\n\n\n\n<p><a target=\"_blank\" href=\"http:\/\/portal.iphan.gov.br\/\" rel=\"noreferrer noopener\">portal.iphan.gov.br<\/a><\/p>\n","protected":false},"excerpt":{"rendered":"<p>www.ufg.br&nbsp;&#8211; Universidade Federal de Goi\u00e1s www.pucgoias.edu.br&nbsp;&#8211; Pontif\u00edcia Universidade Cat\u00f3lica de Goi\u00e1s www.sindinformatica.com.br&nbsp;&#8211; Sindicato das Empresas de Inform\u00e1tica, Telecomunica\u00e7\u00f5es e Similares do Estado de Goi\u00e1s; comtecgo.com.br&nbsp;&#8211; Comunidade Tecnol\u00f3gica de Goi\u00e1s www.mct.gov.br&nbsp;&#8211; Minist\u00e9rio da Ci\u00eancia e Tecnologia www.sectec.go.gov.br&nbsp;&#8211; Secretaria de Ci\u00eancia e Tecnologia de Goi\u00e1s www.sectec.go.gov.br\/portal\/fapeg\/&nbsp;&#8211; Funda\u00e7\u00e3o de Amparo a Pesquisa do Estado de Goi\u00e1s portal.iphan.gov.br<\/p>\n","protected":false},"author":1,"featured_media":0,"parent":113,"menu_order":5,"comment_status":"closed","ping_status":"closed","template":"","meta":{"_acf_changed":false,"custom_icon_class":"","footnotes":""},"class_list":["post-145","page","type-page","status-publish","hentry"],"acf":[],"_links":{"self":[{"href":"https:\/\/www.goiania.go.gov.br\/sedicas\/wp-json\/wp\/v2\/pages\/145","targetHints":{"allow":["GET"]}}],"collection":[{"href":"https:\/\/www.goiania.go.gov.br\/sedicas\/wp-json\/wp\/v2\/pages"}],"about":[{"href":"https:\/\/www.goiania.go.gov.br\/sedicas\/wp-json\/wp\/v2\/types\/page"}],"author":[{"embeddable":true,"href":"https:\/\/www.goiania.go.gov.br\/sedicas\/wp-json\/wp\/v2\/users\/1"}],"replies":[{"embeddable":true,"href":"https:\/\/www.goiania.go.gov.br\/sedicas\/wp-json\/wp\/v2\/comments?post=145"}],"version-history":[{"count":2,"href":"https:\/\/www.goiania.go.gov.br\/sedicas\/wp-json\/wp\/v2\/pages\/145\/revisions"}],"predecessor-version":[{"id":147,"href":"https:\/\/www.goiania.go.gov.br\/sedicas\/wp-json\/wp\/v2\/pages\/145\/revisions\/147"}],"up":[{"embeddable":true,"href":"https:\/\/www.goiania.go.gov.br\/sedicas\/wp-json\/wp\/v2\/pages\/113"}],"wp:attachment":[{"href":"https:\/\/www.goiania.go.gov.br\/sedicas\/wp-json\/wp\/v2\/media?parent=145"}],"curies":[{"name":"wp","href":"https:\/\/api.w.org\/{rel}","templated":true}]}}