{"id":140,"date":"2021-08-18T16:46:11","date_gmt":"2021-08-18T19:46:11","guid":{"rendered":"https:\/\/www.goiania.go.gov.br\/sedec\/programa-goiania-digital\/conheca-goiania\/"},"modified":"2021-08-18T16:46:20","modified_gmt":"2021-08-18T19:46:20","slug":"conheca-goiania","status":"publish","type":"page","link":"https:\/\/www.goiania.go.gov.br\/sedicas\/programa-goiania-digital\/conheca-goiania\/","title":{"rendered":"Conhe\u00e7a Goi\u00e2nia"},"content":{"rendered":"\n<h3 class=\"wp-block-heading\">Goi\u00e2nia &#8211; Entre as melhores do pa\u00eds<\/h3>\n\n\n\n<p>Com menos de 80 anos, Goi\u00e2nia, a capital do Estado de Goi\u00e1s, \u00e9 apontada entre as cidades com melhor qualidade de vida do Brasil.<\/p>\n\n\n\n<p>Com uma popula\u00e7\u00e3o estimada em 1,3 milh\u00e3o de habitantes, possui largas ruas e avenidas, pra\u00e7as e parques, muita arboriza\u00e7\u00e3o, povo hospitaleiro, a arquitetura e urbanismo da cidade, grandes op\u00e7\u00f5es de lazer, um vasto card\u00e1pio gastron\u00f4mico, v\u00e1rios centros de compras, com destaque para o setor de confec\u00e7\u00f5es e shoppings, escolas e universidades, setor hospitalar e hoteleiro com excel\u00eancia de atendimento, al\u00e9m de abrigar especialidades m\u00e9dicas de refer\u00eancia nacional, como oftalmologia, queimaduras, oncologia, ortopedia, urologia, cirurgia pl\u00e1stica, atendimento de urg\u00eancias, doen\u00e7as tropicais e fisioterapia.<\/p>\n\n\n\n<p>S\u00e3o algumas das caracter\u00edsticas desta cidade moderna e que encanta \u00e0 primeira vista.<\/p>\n\n\n\n<p>A cidade comp\u00f5e a rede metropolitana de Goi\u00e2nia, formada por outras 17 cidades e um total de mais 2 milh\u00f5es de habitantes.<\/p>\n\n\n\n<p>Al\u00e9m de Bras\u00edlia, a capital goiana fica pr\u00f3xima tamb\u00e9m de cidades hist\u00f3ricas, como Goi\u00e1s e Piren\u00f3polis, e da maior est\u00e2ncia hidrotermal do planeta \u2013 a cidade de Caldas Novas.<\/p>\n\n\n\n<p>Goi\u00e2nia \u00e9 uma cidade com voca\u00e7\u00e3o para o turismo de neg\u00f3cios. S\u00e3o in\u00fameros os congressos nacionais e internacionais que ocorrem na cidade durante todo o ano.<\/p>\n\n\n\n<p>\u00c9 conhecida tamb\u00e9m por suas feiras livres e especiais, realizadas de segunda a segunda-feira. S\u00e3o mais de 150 delas, divididas por diversos bairros da capital. O destaque fica para a Feira Hippie, criada h\u00e1 mais de 40 anos e que \u00e9 realizada sempre aos domingos. \u00c9 a maior feira aberta da Am\u00e9rica Latina, que recebe centenas de \u00f4nibus com milhares de compradores vindos de todo o pa\u00eds.<\/p>\n\n\n\n<p>Todas as feiras especiais t\u00eam exc\u00ealentes op\u00e7\u00f5es em roupas, bijuterias, pe\u00e7as de decora\u00e7\u00e3o e comidas.<\/p>\n\n\n\n<p>N\u00e3o \u00e9 preciso andar muito em Goi\u00e2nia para encontrar algum parque, com muita \u00e1rea verde, pista de caminhada e equipamentos para exerc\u00edcios. S\u00e3o dezenas deles em toda a cidade, que ficam repletos de pessoas que buscam a sa\u00fade e a pr\u00e1tica de atividades f\u00edsicas como forma de come\u00e7ar ou terminar bem o dia.<\/p>\n\n\n\n<p>Detalhes como esses fizeram com que a capital ganhasse o t\u00edtulo de Cidade Modelo Ambiental, concedido pela Sociedade Brasileira para Valoriza\u00e7\u00e3o do Meio Ambiente-Biosfera.<\/p>\n\n\n\n<p>Em Goi\u00e2nia, apesar dos desafios da vida moderna, vive-se bem. Muitas pessoas que trabalham fora conseguem almo\u00e7ar em casa, levar e buscar os filhos nas aulas e ainda mant\u00e9m o saud\u00e1vel h\u00e1bito de bater um papo com os vizinhos.<\/p>\n\n\n\n<p>Uma cidade que cresce como metr\u00f3pole, mas que consegue manter as tradi\u00e7\u00f5es de cidade do interior em seus bairros residenciais e nos condom\u00ednios horizontais.<\/p>\n\n\n\n<p>\u00c0 noite, a cidade oferece v\u00e1rias op\u00e7\u00f5es de lazer, com seus bares (muitos com som ao vivo), um amplo card\u00e1pio com \u00eanfase na culin\u00e1ria regional. \u00c9 imposs\u00edvel n\u00e3o experimentar o tradicional peixe na telha, o tucunar\u00e9 na chapa ou o arroz com pequi. A pamonha tamb\u00e9m \u00e9 muito apreciada por quem chega na cidade. N\u00e3o faltam op\u00e7\u00f5es tamb\u00e9m para os que preferem caldos, espetinhos ou sandu\u00edches.<\/p>\n\n\n\n<p>Cinemas, boates, teatros, com circuito de shows que duram o ano todo, completam as in\u00fameras op\u00e7\u00f5es de lazer da capital goiana.<\/p>\n\n\n\n<p>A principal via de acesso a Goi\u00e2nia \u00e9 a BR-153, duplicada entre Bras\u00edlia e Itumbiara, numa extens\u00e3o de pouco mais 400 km. A cidade est\u00e1 exatamente no meio deste trecho.<\/p>\n\n\n\n<p>Goi\u00e2nia \u00e9 servida ainda pelo Aeroporto Internacional Santa Genoveva, distante 8 km do Centro da capital e que se encontra em fase de expans\u00e3o.<\/p>\n\n\n\n<p>Estamos a uma altitude de 749 metros, com um clima predominantemente tropical semi-\u00famido, uma temperatura m\u00e9dia anual de 23\u00b0 e esta\u00e7\u00f5es bem definidas.<\/p>\n\n\n\n<p>O per\u00edodo chuvoso ocorre entre os meses de outubro e abril.<\/p>\n\n\n\n<p>Possui um IDH considerado elevado de 0,832 (PNUD\/2000) e um PIB de R$ 15.872.191.000,00 (IBGE\/2006).<\/p>\n","protected":false},"excerpt":{"rendered":"<p>Goi\u00e2nia &#8211; Entre as melhores do pa\u00eds Com menos de 80 anos, Goi\u00e2nia, a capital do Estado de Goi\u00e1s, \u00e9 apontada entre as cidades com melhor qualidade de vida do Brasil. Com uma popula\u00e7\u00e3o estimada em 1,3 milh\u00e3o de habitantes, possui largas ruas e avenidas, pra\u00e7as e parques, muita arboriza\u00e7\u00e3o, povo hospitaleiro, a arquitetura e [&hellip;]<\/p>\n","protected":false},"author":1,"featured_media":0,"parent":113,"menu_order":4,"comment_status":"closed","ping_status":"closed","template":"","meta":{"_acf_changed":false,"custom_icon_class":"","footnotes":""},"class_list":["post-140","page","type-page","status-publish","hentry"],"acf":[],"_links":{"self":[{"href":"https:\/\/www.goiania.go.gov.br\/sedicas\/wp-json\/wp\/v2\/pages\/140","targetHints":{"allow":["GET"]}}],"collection":[{"href":"https:\/\/www.goiania.go.gov.br\/sedicas\/wp-json\/wp\/v2\/pages"}],"about":[{"href":"https:\/\/www.goiania.go.gov.br\/sedicas\/wp-json\/wp\/v2\/types\/page"}],"author":[{"embeddable":true,"href":"https:\/\/www.goiania.go.gov.br\/sedicas\/wp-json\/wp\/v2\/users\/1"}],"replies":[{"embeddable":true,"href":"https:\/\/www.goiania.go.gov.br\/sedicas\/wp-json\/wp\/v2\/comments?post=140"}],"version-history":[{"count":2,"href":"https:\/\/www.goiania.go.gov.br\/sedicas\/wp-json\/wp\/v2\/pages\/140\/revisions"}],"predecessor-version":[{"id":142,"href":"https:\/\/www.goiania.go.gov.br\/sedicas\/wp-json\/wp\/v2\/pages\/140\/revisions\/142"}],"up":[{"embeddable":true,"href":"https:\/\/www.goiania.go.gov.br\/sedicas\/wp-json\/wp\/v2\/pages\/113"}],"wp:attachment":[{"href":"https:\/\/www.goiania.go.gov.br\/sedicas\/wp-json\/wp\/v2\/media?parent=140"}],"curies":[{"name":"wp","href":"https:\/\/api.w.org\/{rel}","templated":true}]}}