{"id":133,"date":"2021-08-18T16:43:44","date_gmt":"2021-08-18T19:43:44","guid":{"rendered":"https:\/\/www.goiania.go.gov.br\/sedec\/programa-goiania-digital\/requerimento\/"},"modified":"2021-08-18T16:44:30","modified_gmt":"2021-08-18T19:44:30","slug":"requerimento","status":"publish","type":"page","link":"https:\/\/www.goiania.go.gov.br\/sedicas\/programa-goiania-digital\/requerimento\/","title":{"rendered":"Requerimento"},"content":{"rendered":"\n<ul class=\"wp-block-list\"><li><a href=\"https:\/\/www.goiania.go.gov.br\/sedec\/wp-content\/uploads\/sites\/23\/2021\/08\/requerimento.pdf\" target=\"_blank\" rel=\"noreferrer noopener\"><strong>REQUERIMENTO PARA HABILITA\u00c7\u00c3O DE EMPRESAS AOS BENEF\u00cdCIOS DA LEI N\u00ba 8.402 DE 4 DE JANEIRO DE 2006.<\/strong><\/a><\/li><\/ul>\n\n\n\n<p><\/p>\n","protected":false},"excerpt":{"rendered":"<p>REQUERIMENTO PARA HABILITA\u00c7\u00c3O DE EMPRESAS AOS BENEF\u00cdCIOS DA LEI N\u00ba 8.402 DE 4 DE JANEIRO DE 2006.<\/p>\n","protected":false},"author":1,"featured_media":0,"parent":113,"menu_order":2,"comment_status":"closed","ping_status":"closed","template":"","meta":{"_acf_changed":false,"custom_icon_class":"","footnotes":""},"class_list":["post-133","page","type-page","status-publish","hentry"],"acf":[],"_links":{"self":[{"href":"https:\/\/www.goiania.go.gov.br\/sedicas\/wp-json\/wp\/v2\/pages\/133","targetHints":{"allow":["GET"]}}],"collection":[{"href":"https:\/\/www.goiania.go.gov.br\/sedicas\/wp-json\/wp\/v2\/pages"}],"about":[{"href":"https:\/\/www.goiania.go.gov.br\/sedicas\/wp-json\/wp\/v2\/types\/page"}],"author":[{"embeddable":true,"href":"https:\/\/www.goiania.go.gov.br\/sedicas\/wp-json\/wp\/v2\/users\/1"}],"replies":[{"embeddable":true,"href":"https:\/\/www.goiania.go.gov.br\/sedicas\/wp-json\/wp\/v2\/comments?post=133"}],"version-history":[{"count":2,"href":"https:\/\/www.goiania.go.gov.br\/sedicas\/wp-json\/wp\/v2\/pages\/133\/revisions"}],"predecessor-version":[{"id":136,"href":"https:\/\/www.goiania.go.gov.br\/sedicas\/wp-json\/wp\/v2\/pages\/133\/revisions\/136"}],"up":[{"embeddable":true,"href":"https:\/\/www.goiania.go.gov.br\/sedicas\/wp-json\/wp\/v2\/pages\/113"}],"wp:attachment":[{"href":"https:\/\/www.goiania.go.gov.br\/sedicas\/wp-json\/wp\/v2\/media?parent=133"}],"curies":[{"name":"wp","href":"https:\/\/api.w.org\/{rel}","templated":true}]}}