{"id":125,"date":"2021-08-18T16:40:10","date_gmt":"2021-08-18T19:40:10","guid":{"rendered":"https:\/\/www.goiania.go.gov.br\/sedec\/programa-goiania-digital\/mapa-beneficios\/"},"modified":"2021-08-18T16:43:18","modified_gmt":"2021-08-18T19:43:18","slug":"mapa-beneficios","status":"publish","type":"page","link":"https:\/\/www.goiania.go.gov.br\/sedicas\/programa-goiania-digital\/mapa-beneficios\/","title":{"rendered":"Mapa \/ Benef\u00edcios"},"content":{"rendered":"\n<p>Conforme par\u00e1grafo \u00fanico da lei 9.026 de 24 de janeiro de 2011 diz \u201cO benef\u00edcio previsto no inciso II, no art. 10, da Lei n.\u00ba 8.402\/06, relativo ao IPTU e ISTI, ser\u00e1 concedido apenas aos empreendimentos localizados dentro das \u00e1reas delimitadas no art. 3\u00ba, da mesma lei, conforme mapa abaixo.<\/p>\n\n\n\n<div class=\"wp-block-image\"><figure class=\"aligncenter size-full\"><a href=\"https:\/\/www.goiania.go.gov.br\/sedec\/wp-content\/uploads\/sites\/23\/2021\/08\/mapa.pdf\" target=\"_blank\" rel=\"noreferrer noopener\"><img loading=\"lazy\" decoding=\"async\" width=\"570\" height=\"405\" src=\"https:\/\/www.goiania.go.gov.br\/sedec\/wp-content\/uploads\/sites\/23\/2021\/08\/mapa.jpg\" alt=\"\" class=\"wp-image-128\" srcset=\"https:\/\/www.goiania.go.gov.br\/sedicas\/wp-content\/uploads\/sites\/23\/2021\/08\/mapa.jpg 570w, https:\/\/www.goiania.go.gov.br\/sedicas\/wp-content\/uploads\/sites\/23\/2021\/08\/mapa-300x213.jpg 300w\" sizes=\"auto, (max-width: 570px) 100vw, 570px\" \/><\/a><figcaption> (PDF 1.166 Kb) <\/figcaption><\/figure><\/div>\n\n\n\n<p>No caso da redu\u00e7\u00e3o de at\u00e9 60% (sessenta por cento) sobre o Imposto Sobre Servi\u00e7o de Qualquer Natureza (ISSQN) a \u00e1rea de abrang\u00eancia ser\u00e1 todo o munic\u00edpio de Goi\u00e2nia (Art. 3\u00ba da lei 9.026\/2011)<\/p>\n\n\n\n<div class=\"wp-block-image\"><figure class=\"aligncenter size-full\"><img loading=\"lazy\" decoding=\"async\" width=\"570\" height=\"760\" src=\"https:\/\/www.goiania.go.gov.br\/sedec\/wp-content\/uploads\/sites\/23\/2021\/08\/mapagoiania.jpg\" alt=\"\" class=\"wp-image-131\" srcset=\"https:\/\/www.goiania.go.gov.br\/sedicas\/wp-content\/uploads\/sites\/23\/2021\/08\/mapagoiania.jpg 570w, https:\/\/www.goiania.go.gov.br\/sedicas\/wp-content\/uploads\/sites\/23\/2021\/08\/mapagoiania-225x300.jpg 225w\" sizes=\"auto, (max-width: 570px) 100vw, 570px\" \/><\/figure><\/div>\n","protected":false},"excerpt":{"rendered":"<p>Conforme par\u00e1grafo \u00fanico da lei 9.026 de 24 de janeiro de 2011 diz \u201cO benef\u00edcio previsto no inciso II, no art. 10, da Lei n.\u00ba 8.402\/06, relativo ao IPTU e ISTI, ser\u00e1 concedido apenas aos empreendimentos localizados dentro das \u00e1reas delimitadas no art. 3\u00ba, da mesma lei, conforme mapa abaixo. No caso da redu\u00e7\u00e3o de [&hellip;]<\/p>\n","protected":false},"author":1,"featured_media":0,"parent":113,"menu_order":1,"comment_status":"closed","ping_status":"closed","template":"","meta":{"_acf_changed":false,"custom_icon_class":"","footnotes":""},"class_list":["post-125","page","type-page","status-publish","hentry"],"acf":[],"_links":{"self":[{"href":"https:\/\/www.goiania.go.gov.br\/sedicas\/wp-json\/wp\/v2\/pages\/125","targetHints":{"allow":["GET"]}}],"collection":[{"href":"https:\/\/www.goiania.go.gov.br\/sedicas\/wp-json\/wp\/v2\/pages"}],"about":[{"href":"https:\/\/www.goiania.go.gov.br\/sedicas\/wp-json\/wp\/v2\/types\/page"}],"author":[{"embeddable":true,"href":"https:\/\/www.goiania.go.gov.br\/sedicas\/wp-json\/wp\/v2\/users\/1"}],"replies":[{"embeddable":true,"href":"https:\/\/www.goiania.go.gov.br\/sedicas\/wp-json\/wp\/v2\/comments?post=125"}],"version-history":[{"count":4,"href":"https:\/\/www.goiania.go.gov.br\/sedicas\/wp-json\/wp\/v2\/pages\/125\/revisions"}],"predecessor-version":[{"id":132,"href":"https:\/\/www.goiania.go.gov.br\/sedicas\/wp-json\/wp\/v2\/pages\/125\/revisions\/132"}],"up":[{"embeddable":true,"href":"https:\/\/www.goiania.go.gov.br\/sedicas\/wp-json\/wp\/v2\/pages\/113"}],"wp:attachment":[{"href":"https:\/\/www.goiania.go.gov.br\/sedicas\/wp-json\/wp\/v2\/media?parent=125"}],"curies":[{"name":"wp","href":"https:\/\/api.w.org\/{rel}","templated":true}]}}