{"id":117,"date":"2021-08-18T16:37:09","date_gmt":"2021-08-18T19:37:09","guid":{"rendered":"https:\/\/www.goiania.go.gov.br\/sedec\/programa-goiania-digital\/legislacao\/"},"modified":"2021-08-18T16:37:16","modified_gmt":"2021-08-18T19:37:16","slug":"legislacao","status":"publish","type":"page","link":"https:\/\/www.goiania.go.gov.br\/sedicas\/programa-goiania-digital\/legislacao\/","title":{"rendered":"Legisla\u00e7\u00e3o"},"content":{"rendered":"\n<ul class=\"wp-block-list\"><li><a href=\"https:\/\/www.goiania.go.gov.br\/download\/estacaodigital\/LEI%20N%208402%20-%202006.pdf\" target=\"_blank\" rel=\"noreferrer noopener\"><strong>Lei n\u00b0 8.402, de 04 de janeiro de 2006.<br><\/strong><\/a><strong>(PDF&nbsp;68 Kb)<\/strong><\/li><li><a href=\"https:\/\/www.goiania.go.gov.br\/Download\/legislacao\/diariooficial\/2007\/do_20070330_000004092.pdf\" target=\"_blank\" rel=\"noreferrer noopener\"><strong>Decreto N\u00ba 696, de 29 de mar\u00e7o de 2007.<\/strong><\/a><br>Disp\u00f5e sobre a regulamenta\u00e7\u00e3o da Lei n\u00ba 8.402, de 04 de janeiro de 2006, que institui o Programa de Apoio ao Empreendimento Digital de Tecnologia de Informa\u00e7\u00e3o e Comunica\u00e7\u00e3o &#8211; PROGRAMA GOI\u00c2NIA DIGITAL.<br><strong>(PDF&nbsp;3.081 Kb)<\/strong><\/li><li><a href=\"http:\/\/www.goiania.go.gov.br\/html\/gabinete_civil\/sileg\/dados\/legis\/ordinaria\/2011\/ordinaria90262011.pdf\" target=\"_blank\" rel=\"noreferrer noopener\"><strong>Lei N\u00ba 9026, de 24 de janeiro de 2011.<\/strong><\/a><br>Altera a Lei n.\u00ba 8.402, de 04 de janeiro de 2006, e d\u00e1 outras provid\u00eancias.<br><strong>(PDF 45.227 Kb)<\/strong><\/li><li><a href=\"https:\/\/www.goiania.go.gov.br\/download\/estacaodigital\/resolucao_20111006_00003.pdf\" target=\"_blank\" rel=\"noreferrer noopener\"><strong>Resolu\u00e7\u00e3o N\u00ba 001, de 4 de agosto de 2011.<\/strong><\/a><br>Regulamenta os prazos para aprecia\u00e7\u00e3o dos processos no Comit\u00ea Municipal de Apoio ao Programa Goi\u00e2nia Digital.<br><strong>(PDF&nbsp;953 Kb)<\/strong><\/li><li><a href=\"https:\/\/www.goiania.go.gov.br\/download\/estacaodigital\/REGIMENTO_INTERNO.doc\" target=\"_blank\" rel=\"noreferrer noopener\"><strong>Regimento Interno da Esta\u00e7\u00e3o Digital<br><\/strong><\/a><strong>(PDF&nbsp;29 Kb)<\/strong><\/li><li><a href=\"https:\/\/www.goiania.go.gov.br\/html\/gabinete_civil\/busca.shtml\"><strong>Leis diversas<br><\/strong><\/a>Demais leis podem ser acessadas atrav\u00e9s deste link<\/li><li><a href=\"http:\/\/www.goiania.go.gov.br\/html\/gabinete_civil\/sileg\/dados\/legis\/compl\/2011\/compl2142011.pdf\" target=\"_blank\" rel=\"noreferrer noopener\"><strong>Lei Complementar N\u00ba 214, de 24 de Janeiro de 2011<br><\/strong><\/a><strong>(PDF 76 Kb)<\/strong><\/li><li><a href=\"https:\/\/www.goiania.go.gov.br\/download\/estacaodigital\/percentualreducao.doc\" target=\"_blank\" rel=\"noreferrer noopener\"><strong>Tabela de Percentual de Redu\u00e7\u00e3o a ser informado no PGDAS<\/strong><\/a><br>( para empresas optantes pelo Simples Nacional )<\/li><\/ul>\n","protected":false},"excerpt":{"rendered":"<p>Lei n\u00b0 8.402, de 04 de janeiro de 2006.(PDF&nbsp;68 Kb) Decreto N\u00ba 696, de 29 de mar\u00e7o de 2007.Disp\u00f5e sobre a regulamenta\u00e7\u00e3o da Lei n\u00ba 8.402, de 04 de janeiro de 2006, que institui o Programa de Apoio ao Empreendimento Digital de Tecnologia de Informa\u00e7\u00e3o e Comunica\u00e7\u00e3o &#8211; PROGRAMA GOI\u00c2NIA DIGITAL.(PDF&nbsp;3.081 Kb) Lei N\u00ba 9026, [&hellip;]<\/p>\n","protected":false},"author":1,"featured_media":0,"parent":113,"menu_order":0,"comment_status":"closed","ping_status":"closed","template":"","meta":{"_acf_changed":false,"custom_icon_class":"","footnotes":""},"class_list":["post-117","page","type-page","status-publish","hentry"],"acf":[],"_links":{"self":[{"href":"https:\/\/www.goiania.go.gov.br\/sedicas\/wp-json\/wp\/v2\/pages\/117","targetHints":{"allow":["GET"]}}],"collection":[{"href":"https:\/\/www.goiania.go.gov.br\/sedicas\/wp-json\/wp\/v2\/pages"}],"about":[{"href":"https:\/\/www.goiania.go.gov.br\/sedicas\/wp-json\/wp\/v2\/types\/page"}],"author":[{"embeddable":true,"href":"https:\/\/www.goiania.go.gov.br\/sedicas\/wp-json\/wp\/v2\/users\/1"}],"replies":[{"embeddable":true,"href":"https:\/\/www.goiania.go.gov.br\/sedicas\/wp-json\/wp\/v2\/comments?post=117"}],"version-history":[{"count":2,"href":"https:\/\/www.goiania.go.gov.br\/sedicas\/wp-json\/wp\/v2\/pages\/117\/revisions"}],"predecessor-version":[{"id":119,"href":"https:\/\/www.goiania.go.gov.br\/sedicas\/wp-json\/wp\/v2\/pages\/117\/revisions\/119"}],"up":[{"embeddable":true,"href":"https:\/\/www.goiania.go.gov.br\/sedicas\/wp-json\/wp\/v2\/pages\/113"}],"wp:attachment":[{"href":"https:\/\/www.goiania.go.gov.br\/sedicas\/wp-json\/wp\/v2\/media?parent=117"}],"curies":[{"name":"wp","href":"https:\/\/api.w.org\/{rel}","templated":true}]}}