{"id":113,"date":"2021-08-18T16:35:34","date_gmt":"2021-08-18T19:35:34","guid":{"rendered":"https:\/\/www.goiania.go.gov.br\/sedec\/?page_id=113"},"modified":"2021-08-18T16:39:14","modified_gmt":"2021-08-18T19:39:14","slug":"programa-goiania-digital","status":"publish","type":"page","link":"https:\/\/www.goiania.go.gov.br\/sedicas\/programa-goiania-digital\/","title":{"rendered":"Programa Goi\u00e2nia Digital"},"content":{"rendered":"\n<p>O Programa Goi\u00e2nia Digital \u00e9 um programa de desenvolvimento econ\u00f4mico que visa destacar Goi\u00e2nia entre os mais importantes centros de Tecnologia de Informa\u00e7\u00e3o do pa\u00eds. A meta \u00e9 consolidar a cidade como refer\u00eancia de forma\u00e7\u00e3o de m\u00e3o-de-obra qualificada, desenvolvimento tecnol\u00f3gico e neg\u00f3cios da economia digital.<\/p>\n\n\n\n<p>Com este projeto, Goi\u00e2nia abre suas portas \u00e0s empresas de Tecnologia de Informa\u00e7\u00e3o e Comunica\u00e7\u00e3o (TIC) com o intuito de se consolidar como cidade refer\u00eancia na presta\u00e7\u00e3o de servi\u00e7os e forma\u00e7\u00e3o de m\u00e3o-de-obra altamente qualificada, oferecendo em contrapartida, isen\u00e7\u00e3o de tributos \u00e0quelas que aderirem ao Programa.<\/p>\n\n\n\n<p>O Programa Goi\u00e2nia Digital \u00e9 o resultado da coopera\u00e7\u00e3o entre Prefeitura de Goi\u00e2nia, Universidades, Empresas e a Sociedade.<\/p>\n","protected":false},"excerpt":{"rendered":"<p>O Programa Goi\u00e2nia Digital \u00e9 um programa de desenvolvimento econ\u00f4mico que visa destacar Goi\u00e2nia entre os mais importantes centros de Tecnologia de Informa\u00e7\u00e3o do pa\u00eds. A meta \u00e9 consolidar a cidade como refer\u00eancia de forma\u00e7\u00e3o de m\u00e3o-de-obra qualificada, desenvolvimento tecnol\u00f3gico e neg\u00f3cios da economia digital. Com este projeto, Goi\u00e2nia abre suas portas \u00e0s empresas de [&hellip;]<\/p>\n","protected":false},"author":1,"featured_media":0,"parent":0,"menu_order":1,"comment_status":"closed","ping_status":"closed","template":"","meta":{"_acf_changed":false,"custom_icon_class":"","footnotes":""},"class_list":["post-113","page","type-page","status-publish","hentry"],"acf":[],"_links":{"self":[{"href":"https:\/\/www.goiania.go.gov.br\/sedicas\/wp-json\/wp\/v2\/pages\/113","targetHints":{"allow":["GET"]}}],"collection":[{"href":"https:\/\/www.goiania.go.gov.br\/sedicas\/wp-json\/wp\/v2\/pages"}],"about":[{"href":"https:\/\/www.goiania.go.gov.br\/sedicas\/wp-json\/wp\/v2\/types\/page"}],"author":[{"embeddable":true,"href":"https:\/\/www.goiania.go.gov.br\/sedicas\/wp-json\/wp\/v2\/users\/1"}],"replies":[{"embeddable":true,"href":"https:\/\/www.goiania.go.gov.br\/sedicas\/wp-json\/wp\/v2\/comments?post=113"}],"version-history":[{"count":4,"href":"https:\/\/www.goiania.go.gov.br\/sedicas\/wp-json\/wp\/v2\/pages\/113\/revisions"}],"predecessor-version":[{"id":124,"href":"https:\/\/www.goiania.go.gov.br\/sedicas\/wp-json\/wp\/v2\/pages\/113\/revisions\/124"}],"wp:attachment":[{"href":"https:\/\/www.goiania.go.gov.br\/sedicas\/wp-json\/wp\/v2\/media?parent=113"}],"curies":[{"name":"wp","href":"https:\/\/api.w.org\/{rel}","templated":true}]}}