{"id":388,"date":"2019-09-05T18:51:07","date_gmt":"2019-09-05T21:51:07","guid":{"rendered":"http:\/\/www12.goiania.go.gov.br\/semas\/?page_id=388"},"modified":"2021-05-05T10:48:40","modified_gmt":"2021-05-05T13:48:40","slug":"telefones-para-contatos","status":"publish","type":"page","link":"https:\/\/www.goiania.go.gov.br\/sedhs\/telefones-para-contatos\/","title":{"rendered":"Telefones para Contatos"},"content":{"rendered":"\n<p><strong>Recep\u00e7\u00e3o:<\/strong> (62) 3524 &#8211; 2642 <\/p>\n\n\n\n<p><strong>Assessoria de Comunica\u00e7\u00e3o:<\/strong> (62) 3524 &#8211; 2649<\/p>\n\n\n\n<figure class=\"wp-block-table aligncenter is-style-stripes\"><table><tbody><tr><td><strong> GESTORES SEMAS <\/strong><\/td><\/tr><tr><td><strong>Gabinete<\/strong><\/td><\/tr><tr><td>Jos\u00e9 Ant\u00f4nio da Silva Netto <\/td><td><\/td><td>                 SECRETARIO<\/td><\/tr><tr><td>Raphael dos Santos <\/td><td><\/td><td>       CHEFE DE GABINETE<\/td><\/tr><tr><td>Gleison Guilhermino de Souza<\/td><td><\/td><td>   SECRETARIA GERAL<\/td><\/tr><tr><td>Robson de Paula Rodrigues<\/td><td> <\/td><td>  SECRETARIA DOS CONSELHOS<\/td><\/tr><tr><td>Rosane Brand\u00e3o Ribeiro<\/td><td><\/td><td>GER. DE VIG. SOCIOASSISTENCIAL<\/td><\/tr><tr><td>Larissa Maria Pereira Hesketh da Silva <\/td><td><\/td><td>GER. DE CEMIT\u00c9RIOS\/CENT. \u00d3BITOS<\/td><\/tr><tr><td>Osmair Ferreira da Silva <\/td><td><\/td><td>CHEFE ADVOCACIA SETORIAL<\/td><\/tr><tr><td>Maria Jos\u00e9 de Oliveira<\/td><td> <\/td><td>ASSESSORIA DO IDOSO<br><\/td><\/tr><tr><td><strong>DIRETORIA DE FINAN\u00c7AS E CONTABILIDADE<\/strong><\/td><\/tr><tr><td>Maria do Carmo Moreira <\/td><td><\/td><td>DIRETOR(A) DAF<\/td><\/tr><tr><td>Elton Vin\u00edcius de Souza Carmo<\/td><td><\/td><td>GER\u00caNCIA DE APOIO ADMINISTRATIVO<\/td><\/tr><tr><td>Neide de F\u00e1tima da Silva Castro <\/td><td><\/td><td>GER\u00caNCIA DE PLANEJAMENTO<\/td><\/tr><tr><td>Nagela Pereira de Matos Silva <\/td><td><\/td><td>GER. DE FINAN\u00c7AS E CONTAB.<\/td><\/tr><tr><td>\u00c9ber de Morais<\/td><td><\/td><td>GER\u00caNCIA DE GEST. E DES. DE PESSOAS<\/td><\/tr><tr><td>C\u00e1ssio Muriel da Silva<\/td><td><\/td><td>GER\u00caNCIA FMAS<\/td><\/tr><tr><td>Ez\u00edzio Alves Barbosa Filho <\/td><td><\/td><td>GER. DE PROJETOS E CONV\u00caNIOS<\/td><\/tr><tr><td>Evanilce Ara\u00fajo <\/td><td><\/td><td>GER. ALIMENTAR E NUTRICIONAL<\/td><\/tr><tr><td><\/td><td><\/td><td><\/td><\/tr><tr><td><strong>DIRETORIA DE PROTE\u00c7\u00c3O SOCIAL ESPECIAL<\/strong><\/td><\/tr><tr><td>Margareth Maia Sarmento<\/td><td><\/td><td>DIRETOR(A) DPSE<\/td><\/tr><tr><td>Rebecca Chaves de Souza <\/td><td><\/td><td>GER\u00caNCIA DE M\u00c9DIA COMPLEXIDADE<\/td><\/tr><tr><td>Isabel Cristina Ribeiro de Lima<\/td><td><\/td><td>GER\u00caNCIA DE ALTA COMPLEXIDADE<\/td><\/tr><tr><td>Maria do Ros\u00e1rio Carvalho Rocha<\/td><td><\/td><td>GER. DE SERVI\u00c7OS DE ACOLHIMENTO<\/td><\/tr><tr><td>Weliton Carlos Pereira<\/td><td><\/td><td>GER\u00caNCIA POP RUA<\/td><\/tr><tr><td><strong>DIRETORIA DE PROTE\u00c7\u00c3O SOCIAL B\u00c1SICA<\/strong><\/td><\/tr><tr><td>Edilson Divino de Brito <\/td><td><\/td><td>DIRETOR(A) DPSB<\/td><\/tr><tr><td>Lyzia de Freitas<\/td><td><\/td><td>GER. DE PROGRAMAS SOCIOASSISTENCIAIS<\/td><\/tr><tr><td>Robson de Paula Rodrigues <\/td><td><\/td><td>GER. DE BENEF\u00cdCIOS SOCIAIS<\/td><\/tr><tr><td>Regiane Kelly David Naves Leit\u00e3o<\/td><td><\/td><td>GER\u00caNCIA DE CRAS E NAS<\/td><\/tr><\/tbody><\/table><\/figure>\n","protected":false},"excerpt":{"rendered":"<p>Recep\u00e7\u00e3o: (62) 3524 &#8211; 2642 Assessoria de Comunica\u00e7\u00e3o: (62) 3524 &#8211; 2649 GESTORES SEMAS Gabinete Jos\u00e9 Ant\u00f4nio da Silva Netto SECRETARIO Raphael dos Santos CHEFE DE GABINETE Gleison Guilhermino de Souza SECRETARIA GERAL Robson de Paula Rodrigues SECRETARIA DOS CONSELHOS Rosane Brand\u00e3o Ribeiro GER. DE VIG. SOCIOASSISTENCIAL Larissa Maria Pereira Hesketh da Silva GER. DE [&hellip;]<\/p>\n","protected":false},"author":33,"featured_media":0,"parent":0,"menu_order":4,"comment_status":"closed","ping_status":"closed","template":"","meta":{"_acf_changed":false,"custom_icon_class":"","footnotes":""},"class_list":["post-388","page","type-page","status-publish","hentry"],"acf":[],"_links":{"self":[{"href":"https:\/\/www.goiania.go.gov.br\/sedhs\/wp-json\/wp\/v2\/pages\/388","targetHints":{"allow":["GET"]}}],"collection":[{"href":"https:\/\/www.goiania.go.gov.br\/sedhs\/wp-json\/wp\/v2\/pages"}],"about":[{"href":"https:\/\/www.goiania.go.gov.br\/sedhs\/wp-json\/wp\/v2\/types\/page"}],"author":[{"embeddable":true,"href":"https:\/\/www.goiania.go.gov.br\/sedhs\/wp-json\/wp\/v2\/users\/33"}],"replies":[{"embeddable":true,"href":"https:\/\/www.goiania.go.gov.br\/sedhs\/wp-json\/wp\/v2\/comments?post=388"}],"version-history":[{"count":16,"href":"https:\/\/www.goiania.go.gov.br\/sedhs\/wp-json\/wp\/v2\/pages\/388\/revisions"}],"predecessor-version":[{"id":751,"href":"https:\/\/www.goiania.go.gov.br\/sedhs\/wp-json\/wp\/v2\/pages\/388\/revisions\/751"}],"wp:attachment":[{"href":"https:\/\/www.goiania.go.gov.br\/sedhs\/wp-json\/wp\/v2\/media?parent=388"}],"curies":[{"name":"wp","href":"https:\/\/api.w.org\/{rel}","templated":true}]}}