{"id":289,"date":"2019-09-05T12:16:09","date_gmt":"2019-09-05T17:27:40","guid":{"rendered":"http:\/\/www12.goiania.go.gov.br\/semas\/?page_id=289"},"modified":"2019-12-09T15:55:45","modified_gmt":"2019-12-09T18:55:45","slug":"gerencia-de-financas-e-contabilidade","status":"publish","type":"page","link":"https:\/\/www.goiania.go.gov.br\/sedhs\/diretoria-de-administracao-e-financas\/gerencia-de-financas-e-contabilidade\/","title":{"rendered":"Ger\u00eancia de Finan\u00e7as e Contabilidade"},"content":{"rendered":"\n<h2 class=\"wp-block-heading\">Ger\u00eancia de Finan\u00e7as e Contabilidade<\/h2>\n\n\n\n<p><strong>Art. 20.<\/strong>&nbsp;Compete \u00e0 Ger\u00eancia de Finan\u00e7as e Contabilidade, unidade integrante da estrutura da Diretoria de Administra\u00e7\u00e3o e Finan\u00e7as, e, ao seu titular:<\/p>\n\n\n\n<p><strong>I<\/strong>&nbsp;&#8211; gerir a execu\u00e7\u00e3o or\u00e7ament\u00e1ria, financeira e cont\u00e1bil relativos a empenho, liquida\u00e7\u00e3o e pagamento da despesa, controlando os recursos financeiros disponibilizados \u00e0 SEMAS, conforme as normas e instru\u00e7\u00f5es da Secretaria Municipal de Finan\u00e7as;<\/p>\n\n\n\n<p><strong>II<\/strong>&nbsp;&#8211; auxiliar na elabora\u00e7\u00e3o da proposta de Lei Or\u00e7ament\u00e1ria Anual (LOA), da Lei de Diretrizes Or\u00e7ament\u00e1ria (LDO) e do Plano Plurianual (PPA) da SEMAS;<\/p>\n\n\n\n<p><strong>III<\/strong>&nbsp;&#8211; controlar e manter organizados os documentos comprobat\u00f3rios das opera\u00e7\u00f5es financeiras \u00e0 cargo da unidade;<\/p>\n\n\n\n<p><strong>IV<\/strong>&nbsp;&#8211; assinar notas de empenho e ordens de pagamento, juntamente com o Ordenador das Despesas;<\/p>\n\n\n\n<p><strong>V<\/strong>&nbsp;&#8211; manter registros atualizados da execu\u00e7\u00e3o or\u00e7ament\u00e1ria e respectivas dota\u00e7\u00f5es, procedendo a sua confer\u00eancia e a emiss\u00e3o de relat\u00f3rios;<\/p>\n\n\n\n<p><strong>VI<\/strong>&nbsp;&#8211; zelar pelo equil\u00edbrio financeiro da SEMAS;<\/p>\n\n\n\n<p><strong>VII<\/strong>&nbsp;&#8211; efetuar os registros pertinentes, com base em apura\u00e7\u00f5es de atos e fatos ilegais ou irregulares, adotando as provid\u00eancias necess\u00e1rias \u00e0 responsabiliza\u00e7\u00e3o do agente p\u00fablico, comunicando o fato ao Diretor de Administra\u00e7\u00e3o e Finan\u00e7as e ao Secret\u00e1rio;<\/p>\n\n\n\n<p><strong>VIII<\/strong>&nbsp;&#8211; emitir empenhos, liquida\u00e7\u00f5es e ordens de pagamento relativo \u00e0 folha de pessoal, acompanhando os repasses efetuados pela Secretaria Municipal de Finan\u00e7as e o cr\u00e9dito banc\u00e1rio, zelando pela sua exatid\u00e3o;<\/p>\n\n\n\n<p><strong>IX<\/strong>&nbsp;&#8211; gerenciar o cumprimento de obriga\u00e7\u00f5es acess\u00f3rias diversas, com o objetivo de assegurar a regularidade fiscal e tribut\u00e1ria;<\/p>\n\n\n\n<p><strong>X<\/strong>&nbsp;&#8211; administrar os processos de adiantamento de despesas e di\u00e1rias, bem como os respectivos cart\u00f5es corporativos, responsabilizando-se pela regularidade da aplica\u00e7\u00e3o e presta\u00e7\u00e3o de contas dos recursos recebidos;<\/p>\n\n\n\n<p><strong>XI<\/strong>&nbsp;&#8211; administrar o processo de concess\u00e3o e de presta\u00e7\u00e3o de contas de di\u00e1rias da SEMAS;<\/p>\n\n\n\n<p><strong>XII<\/strong>&nbsp;&#8211; acompanhar e supervisionar a execu\u00e7\u00e3o financeira de parcerias e contratos;<\/p>\n\n\n\n<p><strong>XIII<\/strong>&nbsp;&#8211; propor a abertura de cr\u00e9ditos or\u00e7ament\u00e1rios adicionais necess\u00e1rios \u00e0 execu\u00e7\u00e3o dos programas, projetos e atividades;<\/p>\n\n\n\n<p><strong>XIV<\/strong>&nbsp;&#8211; efetuar solicita\u00e7\u00f5es de autoriza\u00e7\u00e3o de despesas, emitindo empenhos, anula\u00e7\u00f5es, suplementa\u00e7\u00f5es, redu\u00e7\u00f5es, reajuste de saldo e a liquida\u00e7\u00e3o de despesas, atrav\u00e9s do Sistema Or\u00e7ament\u00e1rio e Financeiro (SOF);<\/p>\n\n\n\n<p><strong>XV<\/strong>&nbsp;&#8211; identificar a natureza da despesa dentro do Projeto Atividade, informando a dota\u00e7\u00e3o or\u00e7ament\u00e1ria e a fonte de recursos a ser utilizada para a mesma;<\/p>\n\n\n\n<p><strong>XVI<\/strong>&nbsp;&#8211; elaborar os relat\u00f3rios financeiros e cont\u00e1beis exigidos pela legisla\u00e7\u00e3o vigente;<\/p>\n\n\n\n<p><strong>XVII<\/strong>&nbsp;&#8211; propor, anualmente, cronogramas de desembolso, bem assim as altera\u00e7\u00f5es posteriores, em fun\u00e7\u00e3o da ordem de prioridades definidas;<\/p>\n\n\n\n<p><strong>XVIII<\/strong>&nbsp;&#8211; aprovar planos de aplica\u00e7\u00e3o dos recursos recebidos;<\/p>\n\n\n\n<p><strong>XIX<\/strong>&nbsp;&#8211; executar a contabilidade setorial da SEMAS, observando as normas do sistema integrado de contabilidade do Munic\u00edpio;<\/p>\n\n\n\n<p><strong>XX<\/strong>&nbsp;&#8211; emitir as guias de lan\u00e7amento para efeitos cont\u00e1beis;<\/p>\n\n\n\n<p><strong>XXI<\/strong>&nbsp;&#8211; acompanhar os gastos com pessoal, materiais, servi\u00e7os, encargos diversos, instala\u00e7\u00f5es e equipamentos, para proposi\u00e7\u00e3o da programa\u00e7\u00e3o das despesas de custeio e de capital da SEMAS;<\/p>\n\n\n\n<p><strong>XXII<\/strong>&nbsp;&#8211; elaborar a presta\u00e7\u00e3o de contas da folha de pagamento de pessoal da execu\u00e7\u00e3o or\u00e7ament\u00e1ria e financeira, e encaminh\u00e1-la \u00e0 Secretaria Municipal de Administra\u00e7\u00e3o (SEMAD);<\/p>\n\n\n\n<p><strong>XXIII<\/strong>&nbsp;&#8211; controlar e avaliar as despesas realizadas em confronto com as despesas previstas, visando realimentar o sistema ou corrigir as distor\u00e7\u00f5es verificadas na programa\u00e7\u00e3o;<\/p>\n\n\n\n<p><strong>XXIV<\/strong>&nbsp;&#8211; emitir e controlar o fluxo documental cont\u00e1bil, assim como manter a regularidade na obten\u00e7\u00e3o das informa\u00e7\u00f5es processadas;<\/p>\n\n\n\n<p><strong>XXV<\/strong>&nbsp;&#8211; organizar e atualizar o cadastro de credores da SEMAS;<\/p>\n\n\n\n<p><strong>XXVI<\/strong>&nbsp;&#8211; supervisionar e controlar as tarefas pertinentes \u00e0 concilia\u00e7\u00e3o dos saldos das contas banc\u00e1rias da SEMAS;<\/p>\n\n\n\n<p><strong>XXVII<\/strong>&nbsp;&#8211; elaborar o balan\u00e7o anual do movimento cont\u00e1bil;<\/p>\n\n\n\n<p><strong>XXVIII<\/strong>&nbsp;&#8211; emitir relat\u00f3rios, acompanhando os valores existentes na rubrica &#8220;Restos a Pagar&#8221;;<\/p>\n\n\n\n<p><strong>XXIX<\/strong>&nbsp;&#8211; providenciar o registro no \u00f3rg\u00e3o de controle de contratos, parcerias e demais atos oficiais firmados pela SEMAS, adotando as medidas necess\u00e1rias ao cumprimento de suas formalidades, obriga\u00e7\u00f5es e prazos de vig\u00eancia;<\/p>\n\n\n\n<p><strong>XXX<\/strong>&nbsp;&#8211; gerar, corrigir e enviar dados e os arquivos eletr\u00f4nicos ao Tribunal de Contas do Munic\u00edpio (TCM), no que for de sua compet\u00eancia, devidamente autorizados pelo Diretor de Administra\u00e7\u00e3o e Finan\u00e7as;<\/p>\n\n\n\n<p><strong>XXXI<\/strong>&nbsp;&#8211; exercer outras atividades correlatas \u00e0s suas atribui\u00e7\u00f5es e \u00e0s que lhe forem determinadas pelo Diretor de Administra\u00e7\u00e3o e Finan\u00e7as.<\/p>\n","protected":false},"excerpt":{"rendered":"<p>Ger\u00eancia de Finan\u00e7as e Contabilidade Art. 20.&nbsp;Compete \u00e0 Ger\u00eancia de Finan\u00e7as e Contabilidade, unidade integrante da estrutura da Diretoria de Administra\u00e7\u00e3o e Finan\u00e7as, e, ao seu titular: I&nbsp;&#8211; gerir a execu\u00e7\u00e3o or\u00e7ament\u00e1ria, financeira e cont\u00e1bil relativos a empenho, liquida\u00e7\u00e3o e pagamento da despesa, controlando os recursos financeiros disponibilizados \u00e0 SEMAS, conforme as normas e instru\u00e7\u00f5es [&hellip;]<\/p>\n","protected":false},"author":33,"featured_media":0,"parent":281,"menu_order":3,"comment_status":"closed","ping_status":"closed","template":"","meta":{"_acf_changed":false,"custom_icon_class":"","footnotes":""},"class_list":["post-289","page","type-page","status-publish","hentry"],"acf":[],"_links":{"self":[{"href":"https:\/\/www.goiania.go.gov.br\/sedhs\/wp-json\/wp\/v2\/pages\/289","targetHints":{"allow":["GET"]}}],"collection":[{"href":"https:\/\/www.goiania.go.gov.br\/sedhs\/wp-json\/wp\/v2\/pages"}],"about":[{"href":"https:\/\/www.goiania.go.gov.br\/sedhs\/wp-json\/wp\/v2\/types\/page"}],"author":[{"embeddable":true,"href":"https:\/\/www.goiania.go.gov.br\/sedhs\/wp-json\/wp\/v2\/users\/33"}],"replies":[{"embeddable":true,"href":"https:\/\/www.goiania.go.gov.br\/sedhs\/wp-json\/wp\/v2\/comments?post=289"}],"version-history":[{"count":5,"href":"https:\/\/www.goiania.go.gov.br\/sedhs\/wp-json\/wp\/v2\/pages\/289\/revisions"}],"predecessor-version":[{"id":597,"href":"https:\/\/www.goiania.go.gov.br\/sedhs\/wp-json\/wp\/v2\/pages\/289\/revisions\/597"}],"up":[{"embeddable":true,"href":"https:\/\/www.goiania.go.gov.br\/sedhs\/wp-json\/wp\/v2\/pages\/281"}],"wp:attachment":[{"href":"https:\/\/www.goiania.go.gov.br\/sedhs\/wp-json\/wp\/v2\/media?parent=289"}],"curies":[{"name":"wp","href":"https:\/\/api.w.org\/{rel}","templated":true}]}}