{"id":243,"date":"2019-09-05T14:00:59","date_gmt":"2019-09-05T17:00:59","guid":{"rendered":"http:\/\/www12.goiania.go.gov.br\/semas\/?page_id=243"},"modified":"2019-09-06T11:22:16","modified_gmt":"2019-09-06T14:22:16","slug":"cartorio-certidao-de-obitos","status":"publish","type":"page","link":"https:\/\/www.goiania.go.gov.br\/sedhs\/sobre-a-secretaria\/gerencia-de-cemiterios-e-central-de-obito\/cartorio-certidao-de-obitos\/","title":{"rendered":"Cart\u00f3rio &#8211; Certid\u00e3o de \u00d3bitos"},"content":{"rendered":"\n<p>A Certid\u00e3o de \u00d3bito, sob responsabilidade dos cart\u00f3rios \u00e9 registrada nos seguintes cartorios:<\/p>\n\n\n\n<p style=\"text-align:left\"><strong>1\u00ba Registro Civil<\/strong><br><strong>Rua 7 n\u00ba 63, Setor Central<\/strong><br><strong>Fone: 3926-0300 \/ 3928-0300<\/strong><\/p>\n\n\n\n<p><strong>2\u00ba Registro Civil (Ant\u00f4nio do Prado)<\/strong><br><strong>Rua Geraldo Ney n\u00ba 156, Setor Campinas<\/strong><br><strong>Fone: 3233-0055<\/strong><\/p>\n\n\n\n<p><strong>3\u00ba Registro Civil<\/strong><br><strong>Rua 7 n\u00ba 369, Setor Central<\/strong><br><strong>Fone: 3229-3097<\/strong><\/p>\n\n\n\n<p><strong>4\u00ba Registro Civil (Francisco Taveira)<\/strong><br><strong>Av. Tocantins n\u00ba 283, Setor Central<\/strong><br><strong>Fone: 3212-1030<\/strong><\/p>\n\n\n\n<h3 class=\"wp-block-heading\"><strong>DOCUMENTOS NECESS\u00c1RIOS<\/strong><\/h3>\n\n\n\n<p>Para realizar o cadastro de \u00f3bito s\u00e3o necess\u00e1rios:<\/p>\n\n\n\n<p><\/p>\n\n\n\n<ul class=\"wp-block-list\"><li>Declara\u00e7\u00e3o de \u00f3bito (via amarela) emitida pelo Hospital\/IML\/SVO, totalmente e corretamente preenchida pelo m\u00e9dico respons\u00e1vel;<\/li><li> Documentos da pessoa falecida (RG), Certid\u00e3o de Nascimento ou Certid\u00e3o de Casamento;<\/li><li>&#8211; Declarante deve ser familiar da pessoa falecida (Comprovando mediante documenta\u00e7\u00e3o &#8211; RG, CPF).<\/li><\/ul>\n\n\n\n<p><strong>Observa\u00e7\u00e3o:&nbsp;Nos finais de semana e nos feriados, os cart\u00f3rios do 1\u00ba Registro, 3\u00ba Registro e 4\u00ba Registro est\u00e3o atendendo em carater especial na sede da SEMAS (Secretaria de Assit\u00eancia Social) na&nbsp;Rua 25-A esq. c\/ Av. Rep\u00fablica do L\u00edbano, Setor Aeroporto.<\/strong><\/p>\n","protected":false},"excerpt":{"rendered":"<p>A Certid\u00e3o de \u00d3bito, sob responsabilidade dos cart\u00f3rios \u00e9 registrada nos seguintes cartorios: 1\u00ba Registro CivilRua 7 n\u00ba 63, Setor CentralFone: 3926-0300 \/ 3928-0300 2\u00ba Registro Civil (Ant\u00f4nio do Prado)Rua Geraldo Ney n\u00ba 156, Setor CampinasFone: 3233-0055 3\u00ba Registro CivilRua 7 n\u00ba 369, Setor CentralFone: 3229-3097 4\u00ba Registro Civil (Francisco Taveira)Av. Tocantins n\u00ba 283, Setor [&hellip;]<\/p>\n","protected":false},"author":33,"featured_media":0,"parent":236,"menu_order":1,"comment_status":"closed","ping_status":"closed","template":"","meta":{"_acf_changed":false,"custom_icon_class":"","footnotes":""},"class_list":["post-243","page","type-page","status-publish","hentry"],"acf":[],"_links":{"self":[{"href":"https:\/\/www.goiania.go.gov.br\/sedhs\/wp-json\/wp\/v2\/pages\/243","targetHints":{"allow":["GET"]}}],"collection":[{"href":"https:\/\/www.goiania.go.gov.br\/sedhs\/wp-json\/wp\/v2\/pages"}],"about":[{"href":"https:\/\/www.goiania.go.gov.br\/sedhs\/wp-json\/wp\/v2\/types\/page"}],"author":[{"embeddable":true,"href":"https:\/\/www.goiania.go.gov.br\/sedhs\/wp-json\/wp\/v2\/users\/33"}],"replies":[{"embeddable":true,"href":"https:\/\/www.goiania.go.gov.br\/sedhs\/wp-json\/wp\/v2\/comments?post=243"}],"version-history":[{"count":2,"href":"https:\/\/www.goiania.go.gov.br\/sedhs\/wp-json\/wp\/v2\/pages\/243\/revisions"}],"predecessor-version":[{"id":454,"href":"https:\/\/www.goiania.go.gov.br\/sedhs\/wp-json\/wp\/v2\/pages\/243\/revisions\/454"}],"up":[{"embeddable":true,"href":"https:\/\/www.goiania.go.gov.br\/sedhs\/wp-json\/wp\/v2\/pages\/236"}],"wp:attachment":[{"href":"https:\/\/www.goiania.go.gov.br\/sedhs\/wp-json\/wp\/v2\/media?parent=243"}],"curies":[{"name":"wp","href":"https:\/\/api.w.org\/{rel}","templated":true}]}}