{"id":238,"date":"2019-09-05T13:55:38","date_gmt":"2019-09-05T16:55:38","guid":{"rendered":"http:\/\/www12.goiania.go.gov.br\/semas\/?page_id=238"},"modified":"2020-06-11T16:55:42","modified_gmt":"2020-06-11T19:55:42","slug":"sobre","status":"publish","type":"page","link":"https:\/\/www.goiania.go.gov.br\/sedhs\/sobre-a-secretaria\/gerencia-de-cemiterios-e-central-de-obito\/sobre\/","title":{"rendered":"Sobre o Cemit\u00e9rio"},"content":{"rendered":"\n<p>\u00c9 o Departamento que tem por finalidade a supervis\u00e3o dos Servi\u00e7os Funer\u00e1rios e a&nbsp;Administra\u00e7\u00e3o dos Cemit\u00e9rios Municipais, sendo: Cemit\u00e9rio Parque, Santana, Vale da Paz e Jardim da Saudade. Visando garantir a transpar\u00eancia e sistematiza\u00e7\u00e3o dos servi\u00e7os prestados a popula\u00e7\u00e3o com rela\u00e7\u00e3o aos \u00f3bitos ocorridos, o munic\u00edpio de Goi\u00e2nia optou pela implanta\u00e7\u00e3o de uma Central de \u00d3bitos, na estrutura da Secretaria Municipal de Assist\u00eancia Social, fato que contribui para qualificar e humanizar os servi\u00e7os.<br><br>Importante ressaltar que Goi\u00e2nia \u00e9 a \u00fanica capital brasileira que possui uma Central de&nbsp;\u00d3bitos sendo, assim, visitada por representantes de in\u00fameros outros munic\u00edpios e capitais&nbsp;brasileiras com o objetivo de conhecer a estrutura e o funcionamento do servi\u00e7o.<br><br>A log\u00edstica da Central de \u00d3bitos na Semas possibilita a efetiva\u00e7\u00e3o da oferta do benef\u00edcio&nbsp;eventual de aux\u00edlio funeral, na modalidade de presta\u00e7\u00e3o de bens e servi\u00e7os por meio da isen\u00e7\u00e3o de taxas p\u00fablicas, concess\u00e3o de roupas e urnas para o sepultamento do corpo de pessoas provenientes de fam\u00edlias em situa\u00e7\u00e3o de vulnerabilidade social ou indigentes.<\/p>\n","protected":false},"excerpt":{"rendered":"<p>\u00c9 o Departamento que tem por finalidade a supervis\u00e3o dos Servi\u00e7os Funer\u00e1rios e a&nbsp;Administra\u00e7\u00e3o dos Cemit\u00e9rios Municipais, sendo: Cemit\u00e9rio Parque, Santana, Vale da Paz e Jardim da Saudade. Visando garantir a transpar\u00eancia e sistematiza\u00e7\u00e3o dos servi\u00e7os prestados a popula\u00e7\u00e3o com rela\u00e7\u00e3o aos \u00f3bitos ocorridos, o munic\u00edpio de Goi\u00e2nia optou pela implanta\u00e7\u00e3o de uma Central de [&hellip;]<\/p>\n","protected":false},"author":33,"featured_media":0,"parent":236,"menu_order":0,"comment_status":"closed","ping_status":"closed","template":"","meta":{"_acf_changed":false,"custom_icon_class":"","footnotes":""},"class_list":["post-238","page","type-page","status-publish","hentry"],"acf":[],"_links":{"self":[{"href":"https:\/\/www.goiania.go.gov.br\/sedhs\/wp-json\/wp\/v2\/pages\/238","targetHints":{"allow":["GET"]}}],"collection":[{"href":"https:\/\/www.goiania.go.gov.br\/sedhs\/wp-json\/wp\/v2\/pages"}],"about":[{"href":"https:\/\/www.goiania.go.gov.br\/sedhs\/wp-json\/wp\/v2\/types\/page"}],"author":[{"embeddable":true,"href":"https:\/\/www.goiania.go.gov.br\/sedhs\/wp-json\/wp\/v2\/users\/33"}],"replies":[{"embeddable":true,"href":"https:\/\/www.goiania.go.gov.br\/sedhs\/wp-json\/wp\/v2\/comments?post=238"}],"version-history":[{"count":8,"href":"https:\/\/www.goiania.go.gov.br\/sedhs\/wp-json\/wp\/v2\/pages\/238\/revisions"}],"predecessor-version":[{"id":721,"href":"https:\/\/www.goiania.go.gov.br\/sedhs\/wp-json\/wp\/v2\/pages\/238\/revisions\/721"}],"up":[{"embeddable":true,"href":"https:\/\/www.goiania.go.gov.br\/sedhs\/wp-json\/wp\/v2\/pages\/236"}],"wp:attachment":[{"href":"https:\/\/www.goiania.go.gov.br\/sedhs\/wp-json\/wp\/v2\/media?parent=238"}],"curies":[{"name":"wp","href":"https:\/\/api.w.org\/{rel}","templated":true}]}}