{"id":191,"date":"2019-09-05T12:43:44","date_gmt":"2019-09-05T15:43:44","guid":{"rendered":"http:\/\/www12.goiania.go.gov.br\/semas\/?page_id=191"},"modified":"2026-04-08T17:00:10","modified_gmt":"2026-04-08T20:00:10","slug":"complexo-24-horas","status":"publish","type":"page","link":"https:\/\/www.goiania.go.gov.br\/sedhs\/diretoria-de-protecao-social-especial-2\/alta-complexidade\/complexo-24-horas\/","title":{"rendered":"Complexo 24 Horas"},"content":{"rendered":"\n<p>O Complexo 24 Horas \u00e9 uma casa de passagem que atende crian\u00e7as e adolescentes em situa\u00e7\u00e3o de risco pessoal e social ou com v\u00ednculos familiares fragilizados ou rompidos. Objetiva fortalecer o v\u00ednculo com a fam\u00edlia de origem, bem como desenvolver com as crian\u00e7as e adolescentes condi\u00e7\u00f5es para a independ\u00eancia e autocuidado, mediante a concess\u00e3o provis\u00f3ria de abrigo, alimenta\u00e7\u00e3o, repouso, higieniza\u00e7\u00e3o, vestu\u00e1rio, aquisi\u00e7\u00f5es de documentos pessoais, a\u00e7\u00f5es socioeducativas &nbsp;que possibilitem a reorganiza\u00e7\u00e3o de um novo projeto de vida.<\/p>\n\n\n\n<p>Atualmente, s\u00e3o executados quatro servi\u00e7os de atendimento no Complexo 24 Horas, sendo eles: SOS CRIAN\u00c7A, SOS CRIAN\u00c7A DESAPARECIDA, UNIDADE DE REFER\u00caNCIA MASCULINA, UNIDADE DE REFER\u00caNCIA FEMININA.<\/p>\n\n\n\n<p><strong>Endere\u00e7o:<\/strong>&nbsp;Rua Francisca Costa Cunha Tita, n\u00ba 679, Setor Aeroporto, Goi\u00e2nia \u2013 GO.<\/p>\n\n\n\n<p><strong>Telefone<\/strong>:&nbsp;(062) 99207-9703<\/p>\n\n\n\n<p><\/p>\n","protected":false},"excerpt":{"rendered":"<p>O Complexo 24 Horas \u00e9 uma casa de passagem que atende crian\u00e7as e adolescentes em situa\u00e7\u00e3o de risco pessoal e social ou com v\u00ednculos familiares fragilizados ou rompidos. Objetiva fortalecer o v\u00ednculo com a fam\u00edlia de origem, bem como desenvolver com as crian\u00e7as e adolescentes condi\u00e7\u00f5es para a independ\u00eancia e autocuidado, mediante a concess\u00e3o provis\u00f3ria [&hellip;]<\/p>\n","protected":false},"author":33,"featured_media":0,"parent":174,"menu_order":2,"comment_status":"closed","ping_status":"closed","template":"","meta":{"_acf_changed":false,"custom_icon_class":"","footnotes":""},"class_list":["post-191","page","type-page","status-publish","hentry"],"acf":[],"_links":{"self":[{"href":"https:\/\/www.goiania.go.gov.br\/sedhs\/wp-json\/wp\/v2\/pages\/191","targetHints":{"allow":["GET"]}}],"collection":[{"href":"https:\/\/www.goiania.go.gov.br\/sedhs\/wp-json\/wp\/v2\/pages"}],"about":[{"href":"https:\/\/www.goiania.go.gov.br\/sedhs\/wp-json\/wp\/v2\/types\/page"}],"author":[{"embeddable":true,"href":"https:\/\/www.goiania.go.gov.br\/sedhs\/wp-json\/wp\/v2\/users\/33"}],"replies":[{"embeddable":true,"href":"https:\/\/www.goiania.go.gov.br\/sedhs\/wp-json\/wp\/v2\/comments?post=191"}],"version-history":[{"count":5,"href":"https:\/\/www.goiania.go.gov.br\/sedhs\/wp-json\/wp\/v2\/pages\/191\/revisions"}],"predecessor-version":[{"id":849,"href":"https:\/\/www.goiania.go.gov.br\/sedhs\/wp-json\/wp\/v2\/pages\/191\/revisions\/849"}],"up":[{"embeddable":true,"href":"https:\/\/www.goiania.go.gov.br\/sedhs\/wp-json\/wp\/v2\/pages\/174"}],"wp:attachment":[{"href":"https:\/\/www.goiania.go.gov.br\/sedhs\/wp-json\/wp\/v2\/media?parent=191"}],"curies":[{"name":"wp","href":"https:\/\/api.w.org\/{rel}","templated":true}]}}