{"id":176,"date":"2019-09-05T12:33:33","date_gmt":"2019-09-05T15:33:33","guid":{"rendered":"http:\/\/www12.goiania.go.gov.br\/semas\/?page_id=176"},"modified":"2019-09-09T15:59:51","modified_gmt":"2019-09-09T18:59:51","slug":"centro-de-referencia-especializado-de-assistencia-social-creas","status":"publish","type":"page","link":"https:\/\/www.goiania.go.gov.br\/sedhs\/diretoria-de-protecao-social-especial-2\/media-complexidade\/centro-de-referencia-especializado-de-assistencia-social-creas\/","title":{"rendered":"Centro de Refer\u00eancia Especializado de Assist\u00eancia Social &#8211; CREAS"},"content":{"rendered":"\n<p>O Centro de Refer\u00eancia Especializado de Assist\u00eancia Social (Creas) configura-se como uma unidade p\u00fablica e estatal, que oferta servi\u00e7os especializados e continuados a fam\u00edlias e indiv\u00edduos em situa\u00e7\u00e3o de amea\u00e7a ou viola\u00e7\u00e3o de direitos (viol\u00eancia f\u00edsica, psicol\u00f3gica, sexual, tr\u00e1fico de pessoas, cumprimento de medidas socioeducativas em meio aberto, etc.).<br><br>A oferta de aten\u00e7\u00e3o especializada e continuada deve ter como foco a fam\u00edlia e a situa\u00e7\u00e3o vivenciada. Essa aten\u00e7\u00e3o especializada tem como foco o acesso da fam\u00edlia a direitos socioassistenciais, por meio da potencializa\u00e7\u00e3o de recursos e capacidade de prote\u00e7\u00e3o.<br><br>O Creas deve, ainda, buscar a constru\u00e7\u00e3o de um espa\u00e7o de acolhida e escuta qualificada, fortalecendo v\u00ednculos familiares e comunit\u00e1rios, priorizando a reconstru\u00e7\u00e3o de suas rela\u00e7\u00f5es familiares. Dentro de seu contexto social, deve focar no fortalecimento dos recursos para a supera\u00e7\u00e3o da situa\u00e7\u00e3o apresentada.&nbsp;<br><br>Para o exerc\u00edcio de suas atividades, os servi\u00e7os ofertados nos Creas devem ser desenvolvidos de modo articulado com a rede de servi\u00e7os da assist\u00eancia social, \u00f3rg\u00e3os de defesa de direitos e das demais pol\u00edticas p\u00fablicas. A articula\u00e7\u00e3o no territ\u00f3rio \u00e9 fundamental para fortalecer as possibilidades de inclus\u00e3o da fam\u00edlia em uma organiza\u00e7\u00e3o de prote\u00e7\u00e3o que possa contribuir para a reconstru\u00e7\u00e3o da situa\u00e7\u00e3o vivida.<br><br>Os Creas podem ter abrang\u00eancia tanto local (municipal ou do Distrito Federal) quanto regional, abrangendo, neste caso, um conjunto de munic\u00edpios, de modo a assegurar maior cobertura e efici\u00eancia na oferta do atendimento.<\/p>\n\n\n\n<h3 class=\"wp-block-heading\">CREAS CENTRO SUL<\/h3>\n\n\n\n<p><\/p>\n\n\n\n<p style=\"text-align:left\"> Rua 104 no 614, Setor Sul &#8211; CEP : 74080-240<br> Telefones : 3524-4605 \/ 3524-4607<br> Coordenadora : Simone dos Santos Abadia<br> e-mail: equipecreassul@gmail.com<\/p>\n\n\n\n<h3 class=\"wp-block-heading\"> CREAS LESTE <\/h3>\n\n\n\n<p><\/p>\n\n\n\n<p> Av. do Ouro, Qd. 75, Lt.4, Jardim Novo Mundo &#8211; CEP :74715-550<br> Telefone : 3524-1770<br> Coordenadora : Maria Rosa Caetano<br> e-mail : equipecreasleste@gmail.com<\/p>\n\n\n\n<h3 class=\"wp-block-heading\">CREAS NOROESTE <\/h3>\n\n\n\n<p><\/p>\n\n\n\n<p> Rua da Rep\u00fablica c\/ Claudio Manoel da Costa, Qd.20, Lt. 32, St. Capuava<br> CEP : 74450390<br> Telefone : Adm. 3298-2726 \/ 3524-3466 \/ 3524-3431<br> Coordenadora : Dalmiron Oliveira de Jesus<br> e-mail: noroeste.creas@gmail.com<\/p>\n\n\n\n<h3 class=\"wp-block-heading\">CREAS NORTE <\/h3>\n\n\n\n<p><\/p>\n\n\n\n<p> Alameda Capim Puba , no 60, Qd.1, Lt. 04 Setor Centro Oeste \u2013 CEP : 74001- 971<br> Telefone : 3524-2113 \/ 3524-2147<br> Coordenadora: Benedita Pereira de Medeiros Fran\u00e7a <br> e-mail : creasnorte@hotmail.com<\/p>\n\n\n\n<h3 class=\"wp-block-heading\">CREAS OESTE <\/h3>\n\n\n\n<p><\/p>\n\n\n\n<p> Avenida Sonemberg com Ant\u00f4nio Xavier, no 1 Pra\u00e7a Conjunto Romildo Francisco<br> Amaral, Setor Cidade Jardim, CEP :74413050<br> Telefone : 3524-6914<br> Coordenadora : Nilva Martins Pereira <br> e-mail: creasoeste@gmail.com<\/p>\n","protected":false},"excerpt":{"rendered":"<p>O Centro de Refer\u00eancia Especializado de Assist\u00eancia Social (Creas) configura-se como uma unidade p\u00fablica e estatal, que oferta servi\u00e7os especializados e continuados a fam\u00edlias e indiv\u00edduos em situa\u00e7\u00e3o de amea\u00e7a ou viola\u00e7\u00e3o de direitos (viol\u00eancia f\u00edsica, psicol\u00f3gica, sexual, tr\u00e1fico de pessoas, cumprimento de medidas socioeducativas em meio aberto, etc.). A oferta de aten\u00e7\u00e3o especializada e [&hellip;]<\/p>\n","protected":false},"author":33,"featured_media":0,"parent":172,"menu_order":1,"comment_status":"closed","ping_status":"closed","template":"","meta":{"_acf_changed":false,"custom_icon_class":"","footnotes":""},"class_list":["post-176","page","type-page","status-publish","hentry"],"acf":[],"_links":{"self":[{"href":"https:\/\/www.goiania.go.gov.br\/sedhs\/wp-json\/wp\/v2\/pages\/176","targetHints":{"allow":["GET"]}}],"collection":[{"href":"https:\/\/www.goiania.go.gov.br\/sedhs\/wp-json\/wp\/v2\/pages"}],"about":[{"href":"https:\/\/www.goiania.go.gov.br\/sedhs\/wp-json\/wp\/v2\/types\/page"}],"author":[{"embeddable":true,"href":"https:\/\/www.goiania.go.gov.br\/sedhs\/wp-json\/wp\/v2\/users\/33"}],"replies":[{"embeddable":true,"href":"https:\/\/www.goiania.go.gov.br\/sedhs\/wp-json\/wp\/v2\/comments?post=176"}],"version-history":[{"count":6,"href":"https:\/\/www.goiania.go.gov.br\/sedhs\/wp-json\/wp\/v2\/pages\/176\/revisions"}],"predecessor-version":[{"id":534,"href":"https:\/\/www.goiania.go.gov.br\/sedhs\/wp-json\/wp\/v2\/pages\/176\/revisions\/534"}],"up":[{"embeddable":true,"href":"https:\/\/www.goiania.go.gov.br\/sedhs\/wp-json\/wp\/v2\/pages\/172"}],"wp:attachment":[{"href":"https:\/\/www.goiania.go.gov.br\/sedhs\/wp-json\/wp\/v2\/media?parent=176"}],"curies":[{"name":"wp","href":"https:\/\/api.w.org\/{rel}","templated":true}]}}