{"id":174,"date":"2019-09-05T12:31:18","date_gmt":"2019-09-05T15:31:18","guid":{"rendered":"http:\/\/www12.goiania.go.gov.br\/semas\/?page_id=174"},"modified":"2019-09-11T16:24:02","modified_gmt":"2019-09-11T19:24:02","slug":"alta-complexidade","status":"publish","type":"page","link":"https:\/\/www.goiania.go.gov.br\/sedhs\/diretoria-de-protecao-social-especial-2\/alta-complexidade\/","title":{"rendered":"Alta Complexidade"},"content":{"rendered":"\n<p>\n\nS\u00e3o considerados servi\u00e7os de Prote\u00e7\u00e3o Social Especial (PSE) de Alta Complexidade aqueles que oferecem atendimento \u00e0s fam\u00edlias e indiv\u00edduos que se encontram em situa\u00e7\u00e3o de abandono, amea\u00e7a ou viola\u00e7\u00e3o de direitos, necessitando de acolhimento provis\u00f3rio, fora de seu n\u00facleo familiar de origem.&nbsp;<\/p>\n\n\n\n<p>Esses servi\u00e7os visam a garantir prote\u00e7\u00e3o integral a indiv\u00edduos ou fam\u00edlias em situa\u00e7\u00e3o de risco pessoal e social, com v\u00ednculos familiares rompidos ou extremamente fragilizados, por meio de servi\u00e7os que garantam o acolhimento em ambiente com estrutura f\u00edsica adequada, oferecendo condi\u00e7\u00f5es de moradia, higiene, salubridade, seguran\u00e7a, acessibilidade e privacidade. Os servi\u00e7os tamb\u00e9m devem assegurar o fortalecimento dos v\u00ednculos familiares e\/ou comunit\u00e1rios e o desenvolvimento da autonomia dos usu\u00e1rios.&nbsp;<\/p>\n\n\n\n<p>De acordo com a Resolu\u00e7\u00e3o n\u00ba 109, de 11 de novembro de 2009, que disp\u00f5e sobre a Tipifica\u00e7\u00e3o Nacional dos Servi\u00e7os Socioassistenciais, quatro servi\u00e7os comp\u00f5em a PSE de Alta Complexidade: Servi\u00e7o de Acolhimento Institucional (que poder\u00e1 ser desenvolvido nas modalidades de abrigo institucional, casa-lar, casa de passagem ou resid\u00eancia inclusiva); Servi\u00e7o de Acolhimento em Rep\u00fablica; Servi\u00e7o de Acolhimento em Fam\u00edlia Acolhedora; e Servi\u00e7o de Prote\u00e7\u00e3o em situa\u00e7\u00f5es de Calamidade P\u00fablica e de Emerg\u00eancia.\n\n<\/p>\n","protected":false},"excerpt":{"rendered":"<p>S\u00e3o considerados servi\u00e7os de Prote\u00e7\u00e3o Social Especial (PSE) de Alta Complexidade aqueles que oferecem atendimento \u00e0s fam\u00edlias e indiv\u00edduos que se encontram em situa\u00e7\u00e3o de abandono, amea\u00e7a ou viola\u00e7\u00e3o de direitos, necessitando de acolhimento provis\u00f3rio, fora de seu n\u00facleo familiar de origem.&nbsp; Esses servi\u00e7os visam a garantir prote\u00e7\u00e3o integral a indiv\u00edduos ou fam\u00edlias em situa\u00e7\u00e3o [&hellip;]<\/p>\n","protected":false},"author":33,"featured_media":0,"parent":169,"menu_order":4,"comment_status":"closed","ping_status":"closed","template":"","meta":{"_acf_changed":false,"custom_icon_class":"","footnotes":""},"class_list":["post-174","page","type-page","status-publish","hentry"],"acf":[],"_links":{"self":[{"href":"https:\/\/www.goiania.go.gov.br\/sedhs\/wp-json\/wp\/v2\/pages\/174","targetHints":{"allow":["GET"]}}],"collection":[{"href":"https:\/\/www.goiania.go.gov.br\/sedhs\/wp-json\/wp\/v2\/pages"}],"about":[{"href":"https:\/\/www.goiania.go.gov.br\/sedhs\/wp-json\/wp\/v2\/types\/page"}],"author":[{"embeddable":true,"href":"https:\/\/www.goiania.go.gov.br\/sedhs\/wp-json\/wp\/v2\/users\/33"}],"replies":[{"embeddable":true,"href":"https:\/\/www.goiania.go.gov.br\/sedhs\/wp-json\/wp\/v2\/comments?post=174"}],"version-history":[{"count":3,"href":"https:\/\/www.goiania.go.gov.br\/sedhs\/wp-json\/wp\/v2\/pages\/174\/revisions"}],"predecessor-version":[{"id":617,"href":"https:\/\/www.goiania.go.gov.br\/sedhs\/wp-json\/wp\/v2\/pages\/174\/revisions\/617"}],"up":[{"embeddable":true,"href":"https:\/\/www.goiania.go.gov.br\/sedhs\/wp-json\/wp\/v2\/pages\/169"}],"wp:attachment":[{"href":"https:\/\/www.goiania.go.gov.br\/sedhs\/wp-json\/wp\/v2\/media?parent=174"}],"curies":[{"name":"wp","href":"https:\/\/api.w.org\/{rel}","templated":true}]}}