{"id":166,"date":"2019-09-05T12:25:37","date_gmt":"2019-09-05T15:25:37","guid":{"rendered":"http:\/\/www12.goiania.go.gov.br\/semas\/?page_id=166"},"modified":"2024-06-04T11:07:55","modified_gmt":"2024-06-04T14:07:55","slug":"diretoria-de-protecao-social-especial","status":"publish","type":"page","link":"https:\/\/www.goiania.go.gov.br\/sedhs\/diretoria-de-protecao-social-especial-2\/diretoria-de-protecao-social-especial\/","title":{"rendered":"Sobre"},"content":{"rendered":"\n<h4 class=\"wp-block-heading\">Diretora: An\u00e9sio Barbosa da Cruz\u00a0J\u00fanior<br><\/h4>\n\n\n\n<p><\/p>\n\n\n\n<p>A Prote\u00e7\u00e3o Social Especial (PSE) destina-se a fam\u00edlias e indiv\u00edduos em situa\u00e7\u00e3o de risco pessoal ou social, cujos direitos tenham sido violados ou amea\u00e7ados. Para integrar as a\u00e7\u00f5es da Prote\u00e7\u00e3o Especial, \u00e9 necess\u00e1rio que o cidad\u00e3o esteja enfrentando situa\u00e7\u00f5es de viola\u00e7\u00f5es de direitos por ocorr\u00eancia de viol\u00eancia f\u00edsica ou psicol\u00f3gica, abuso ou explora\u00e7\u00e3o sexual, abandono, rompimento ou fragiliza\u00e7\u00e3o de v\u00ednculos ou afastamento do conv\u00edvio familiar.<\/p>\n\n\n\n<p>Diferentemente da Prote\u00e7\u00e3o Social B\u00e1sica, que tem um car\u00e1ter preventivo, a PSE atua com natureza protetiva. S\u00e3o a\u00e7\u00f5es que requerem o acompanhamento familiar e individual e maior flexibilidade nas solu\u00e7\u00f5es.<\/p>\n\n\n\n<p>&nbsp;Comportam encaminhamentos efetivos e monitorados, apoios e processos que assegurem qualidade na aten\u00e7\u00e3o.As atividades da Prote\u00e7\u00e3o Especial s\u00e3o diferenciadas de acordo com n\u00edveis de complexidade (m\u00e9dia ou alta) e conforme a situa\u00e7\u00e3o vivenciada pelo indiv\u00edduo ou fam\u00edlia. <\/p>\n\n\n\n<p>Os servi\u00e7os de PSE atuam diretamente ligados com o sistema de garantia de direito, exigindo uma gest\u00e3o mais complexa e compartilhada com o Poder Judici\u00e1rio, o Minist\u00e9rio P\u00fablico e com outros \u00f3rg\u00e3os e a\u00e7\u00f5es do Executivo. <\/p>\n\n\n\n<p>Cabe ao Minist\u00e9rio do Desenvolvimento Social e Combate \u00e0 Fome (MDS), em parceria com governos estaduais e municipais, a promo\u00e7\u00e3o do atendimento \u00e0s fam\u00edlias ou indiv\u00edduos que enfrentam adversidades.<\/p>\n\n\n\n<p>O Centro de Refer\u00eancia Especializada em Assist\u00eancia Social (Creas) \u00e9 a unidade p\u00fablica estatal que oferta servi\u00e7os da prote\u00e7\u00e3o especial, especializados e continuados, gratuitamente a fam\u00edlias e indiv\u00edduos em situa\u00e7\u00e3o de amea\u00e7a ou viola\u00e7\u00e3o de direitos. Al\u00e9m da oferta de aten\u00e7\u00e3o especializada, o Creas tem o papel de coordenar e fortalecer a articula\u00e7\u00e3o dos servi\u00e7os com a rede de assist\u00eancia social e as demais pol\u00edticas p\u00fablicas. <\/p>\n","protected":false},"excerpt":{"rendered":"<p>Diretora: An\u00e9sio Barbosa da Cruz\u00a0J\u00fanior A Prote\u00e7\u00e3o Social Especial (PSE) destina-se a fam\u00edlias e indiv\u00edduos em situa\u00e7\u00e3o de risco pessoal ou social, cujos direitos tenham sido violados ou amea\u00e7ados. Para integrar as a\u00e7\u00f5es da Prote\u00e7\u00e3o Especial, \u00e9 necess\u00e1rio que o cidad\u00e3o esteja enfrentando situa\u00e7\u00f5es de viola\u00e7\u00f5es de direitos por ocorr\u00eancia de viol\u00eancia f\u00edsica ou psicol\u00f3gica, [&hellip;]<\/p>\n","protected":false},"author":33,"featured_media":0,"parent":169,"menu_order":0,"comment_status":"closed","ping_status":"closed","template":"","meta":{"_acf_changed":false,"custom_icon_class":"","footnotes":""},"class_list":["post-166","page","type-page","status-publish","hentry"],"acf":[],"_links":{"self":[{"href":"https:\/\/www.goiania.go.gov.br\/sedhs\/wp-json\/wp\/v2\/pages\/166","targetHints":{"allow":["GET"]}}],"collection":[{"href":"https:\/\/www.goiania.go.gov.br\/sedhs\/wp-json\/wp\/v2\/pages"}],"about":[{"href":"https:\/\/www.goiania.go.gov.br\/sedhs\/wp-json\/wp\/v2\/types\/page"}],"author":[{"embeddable":true,"href":"https:\/\/www.goiania.go.gov.br\/sedhs\/wp-json\/wp\/v2\/users\/33"}],"replies":[{"embeddable":true,"href":"https:\/\/www.goiania.go.gov.br\/sedhs\/wp-json\/wp\/v2\/comments?post=166"}],"version-history":[{"count":5,"href":"https:\/\/www.goiania.go.gov.br\/sedhs\/wp-json\/wp\/v2\/pages\/166\/revisions"}],"predecessor-version":[{"id":809,"href":"https:\/\/www.goiania.go.gov.br\/sedhs\/wp-json\/wp\/v2\/pages\/166\/revisions\/809"}],"up":[{"embeddable":true,"href":"https:\/\/www.goiania.go.gov.br\/sedhs\/wp-json\/wp\/v2\/pages\/169"}],"wp:attachment":[{"href":"https:\/\/www.goiania.go.gov.br\/sedhs\/wp-json\/wp\/v2\/media?parent=166"}],"curies":[{"name":"wp","href":"https:\/\/api.w.org\/{rel}","templated":true}]}}