{"id":140,"date":"2019-09-05T11:41:59","date_gmt":"2019-09-05T14:41:59","guid":{"rendered":"http:\/\/www12.goiania.go.gov.br\/semas\/?page_id=140"},"modified":"2019-09-05T19:02:20","modified_gmt":"2019-09-05T22:02:20","slug":"habitacao","status":"publish","type":"page","link":"https:\/\/www.goiania.go.gov.br\/sedhs\/diretoria-de-protecao-social-basica\/cadunico-cadastro-unico\/habitacao\/","title":{"rendered":"Habita\u00e7\u00e3o"},"content":{"rendered":"\n<p>Com o objetivo de reduzir o d\u00e9ficit habitacional brasileiro, o programa Minha Casa, Minha Vida (MCMV) tem como objetivo facilitar o financiamento para a aquisi\u00e7\u00e3o da casa pr\u00f3pria. O programa se prop\u00f5e a subsidiar a aquisi\u00e7\u00e3o da casa pr\u00f3pria para fam\u00edlias com renda at\u00e9 R$ 1.600,00 e facilitar as condi\u00e7\u00f5es de acesso ao im\u00f3vel para fam\u00edlias com renda at\u00e9 R$ 5 mil. A SEMAS mantem parceria com a Secretaria de Habita\u00e7\u00e3o que encaminha para o cadastramento no Cad\u00danico as fam\u00edlias com demanda por moradia. Os recursos do MCMV s\u00e3o do or\u00e7amento do Minist\u00e9rio das Cidades repassados para a Caixa Econ\u00f4mica Federal, que \u00e9 o agente operacional do programa.<\/p>\n","protected":false},"excerpt":{"rendered":"<p>Com o objetivo de reduzir o d\u00e9ficit habitacional brasileiro, o programa Minha Casa, Minha Vida (MCMV) tem como objetivo facilitar o financiamento para a aquisi\u00e7\u00e3o da casa pr\u00f3pria. O programa se prop\u00f5e a subsidiar a aquisi\u00e7\u00e3o da casa pr\u00f3pria para fam\u00edlias com renda at\u00e9 R$ 1.600,00 e facilitar as condi\u00e7\u00f5es de acesso ao im\u00f3vel para [&hellip;]<\/p>\n","protected":false},"author":33,"featured_media":0,"parent":66,"menu_order":8,"comment_status":"closed","ping_status":"closed","template":"","meta":{"_acf_changed":false,"custom_icon_class":"","footnotes":""},"class_list":["post-140","page","type-page","status-publish","hentry"],"acf":[],"_links":{"self":[{"href":"https:\/\/www.goiania.go.gov.br\/sedhs\/wp-json\/wp\/v2\/pages\/140","targetHints":{"allow":["GET"]}}],"collection":[{"href":"https:\/\/www.goiania.go.gov.br\/sedhs\/wp-json\/wp\/v2\/pages"}],"about":[{"href":"https:\/\/www.goiania.go.gov.br\/sedhs\/wp-json\/wp\/v2\/types\/page"}],"author":[{"embeddable":true,"href":"https:\/\/www.goiania.go.gov.br\/sedhs\/wp-json\/wp\/v2\/users\/33"}],"replies":[{"embeddable":true,"href":"https:\/\/www.goiania.go.gov.br\/sedhs\/wp-json\/wp\/v2\/comments?post=140"}],"version-history":[{"count":2,"href":"https:\/\/www.goiania.go.gov.br\/sedhs\/wp-json\/wp\/v2\/pages\/140\/revisions"}],"predecessor-version":[{"id":421,"href":"https:\/\/www.goiania.go.gov.br\/sedhs\/wp-json\/wp\/v2\/pages\/140\/revisions\/421"}],"up":[{"embeddable":true,"href":"https:\/\/www.goiania.go.gov.br\/sedhs\/wp-json\/wp\/v2\/pages\/66"}],"wp:attachment":[{"href":"https:\/\/www.goiania.go.gov.br\/sedhs\/wp-json\/wp\/v2\/media?parent=140"}],"curies":[{"name":"wp","href":"https:\/\/api.w.org\/{rel}","templated":true}]}}