{"id":121,"date":"2019-09-05T11:28:09","date_gmt":"2019-09-05T14:28:09","guid":{"rendered":"http:\/\/www12.goiania.go.gov.br\/semas\/?page_id=121"},"modified":"2020-03-09T08:39:56","modified_gmt":"2020-03-09T11:39:56","slug":"bolsa-familia","status":"publish","type":"page","link":"https:\/\/www.goiania.go.gov.br\/sedhs\/diretoria-de-protecao-social-basica\/cadunico-cadastro-unico\/bolsa-familia\/","title":{"rendered":"Bolsa Fam\u00edlia"},"content":{"rendered":"\n<h1 class=\"wp-block-heading\"><strong>1 &#8211;&nbsp;Requisitos para fazer parte do Programa Bolsa Fam\u00edlia<\/strong><\/h1>\n\n\n\n<h2 class=\"wp-block-heading\">COMO FUNCIONA&nbsp;<\/h2>\n\n\n\n<p>\u00a0 O Programa Bolsa Fam\u00edlia atende \u00e0s fam\u00edlias que vivem em situa\u00e7\u00e3o de pobreza e de extrema pobreza. Foi utilizado um limite de renda para definir esses dois patamares. Assim, podem fazer parte do programa: todas as fam\u00edlias com renda por pessoa de at\u00e9 R$ 89,00 mensais; e fam\u00edlias com renda por pessoa entre R$ 89,01 e R$ 178,00 mensais, desde que tenham crian\u00e7as ou adolescentes de 0 a 17 anos. <\/p>\n\n\n\n<h3 class=\"wp-block-heading\"><strong>2 &#8211; Como e onde se cadastrar<\/strong>&nbsp;<\/h3>\n\n\n\n<p><\/p>\n\n\n\n<p>Para participar do programa \u00e9 necess\u00e1rio estar cadastrado no Cadastro \u00danico dos Programas Sociais do Governo Federal, o Cad\u00danico. A pessoa pode procurar a sede da Secretaria Municipal de Assist\u00eancia Social (Semas), localizada na Rua 25-A, esquina com Avenida Rep\u00fablica do L\u00edbano, no setor Aeroporto, de segunda a sexta-feira, das 8h \u00e0s 18h, ou um dos Centros de Refer\u00eancia de Assist\u00eancia Social (Cras) ou N\u00facleos de Assist\u00eancia Social (Nas) localizados em diversas regi\u00f5es de Goi\u00e2nia, com os seguintes documentos (originais e xerox):<\/p>\n\n\n\n<ul class=\"wp-block-list\"><li><strong>Identidade \/ RG;<\/strong><\/li><li><strong>CPF;<\/strong><\/li><li><strong>T\u00edtulo de Eleitor;<\/strong><\/li><li><strong>Carteira de trabalho;<\/strong><\/li><li><strong>Certid\u00e3o de nascimento ou casamento;<\/strong><\/li><li><strong>Comprovante de renda;Fatura de Luz.<\/strong>&nbsp;<\/li><\/ul>\n\n\n\n<p>Para filhos ou dependentes Certid\u00e3o de nascimento ou Identidade (RG);Atestado de frequ\u00eancia escolar.Mas, aten\u00e7\u00e3o, esse cadastramento n\u00e3o implica inclus\u00e3o imediata no programa.&nbsp;<\/p>\n\n\n\n<h3 class=\"wp-block-heading\"><strong>3 &#8211; Como \u00e9 feita a sele\u00e7\u00e3o&nbsp;<\/strong><\/h3>\n\n\n\n<p><\/p>\n\n\n\n<p>A sele\u00e7\u00e3o das fam\u00edlias \u00e9 feita pelo Minist\u00e9rio do Desenvolvimento Social e Combate \u00e0 Fome (MDS). Com base no Cadastro \u00danico para Programas Sociais do Governo Federal, o MDS seleciona, de forma automatizada, as fam\u00edlias que ser\u00e3o inclu\u00eddas no programa. A sele\u00e7\u00e3o \u00e9 realizada mensalmente e d\u00e1 prefer\u00eancia de inclus\u00e3o no programa \u00e0s fam\u00edlias com menor renda.<strong>&nbsp;<\/strong><\/p>\n\n\n\n<h3 class=\"wp-block-heading\"><strong>4 &#8211; Cart\u00e3o Bolsa Fam\u00edlia<\/strong>&nbsp;<\/h3>\n\n\n\n<p><\/p>\n\n\n\n<p>O cart\u00e3o do Bolsa Fam\u00edlia \u00e9 emitido automaticamente, a partir do ingresso do benefici\u00e1rio no programa. Ele ser\u00e1 enviado pelos Correios ou retirado em ag\u00eancia da CAIXA. Ap\u00f3s o recebimento, o benefici\u00e1rio dever\u00e1 se dirigir a uma ag\u00eancia da Caixa ou Lot\u00e9rica para cadastramento de senha. <\/p>\n","protected":false},"excerpt":{"rendered":"<p>1 &#8211;&nbsp;Requisitos para fazer parte do Programa Bolsa Fam\u00edlia COMO FUNCIONA&nbsp; \u00a0 O Programa Bolsa Fam\u00edlia atende \u00e0s fam\u00edlias que vivem em situa\u00e7\u00e3o de pobreza e de extrema pobreza. Foi utilizado um limite de renda para definir esses dois patamares. Assim, podem fazer parte do programa: todas as fam\u00edlias com renda por pessoa de at\u00e9 [&hellip;]<\/p>\n","protected":false},"author":33,"featured_media":0,"parent":66,"menu_order":2,"comment_status":"closed","ping_status":"closed","template":"","meta":{"_acf_changed":false,"custom_icon_class":"","footnotes":""},"class_list":["post-121","page","type-page","status-publish","hentry"],"acf":[],"_links":{"self":[{"href":"https:\/\/www.goiania.go.gov.br\/sedhs\/wp-json\/wp\/v2\/pages\/121","targetHints":{"allow":["GET"]}}],"collection":[{"href":"https:\/\/www.goiania.go.gov.br\/sedhs\/wp-json\/wp\/v2\/pages"}],"about":[{"href":"https:\/\/www.goiania.go.gov.br\/sedhs\/wp-json\/wp\/v2\/types\/page"}],"author":[{"embeddable":true,"href":"https:\/\/www.goiania.go.gov.br\/sedhs\/wp-json\/wp\/v2\/users\/33"}],"replies":[{"embeddable":true,"href":"https:\/\/www.goiania.go.gov.br\/sedhs\/wp-json\/wp\/v2\/comments?post=121"}],"version-history":[{"count":6,"href":"https:\/\/www.goiania.go.gov.br\/sedhs\/wp-json\/wp\/v2\/pages\/121\/revisions"}],"predecessor-version":[{"id":718,"href":"https:\/\/www.goiania.go.gov.br\/sedhs\/wp-json\/wp\/v2\/pages\/121\/revisions\/718"}],"up":[{"embeddable":true,"href":"https:\/\/www.goiania.go.gov.br\/sedhs\/wp-json\/wp\/v2\/pages\/66"}],"wp:attachment":[{"href":"https:\/\/www.goiania.go.gov.br\/sedhs\/wp-json\/wp\/v2\/media?parent=121"}],"curies":[{"name":"wp","href":"https:\/\/api.w.org\/{rel}","templated":true}]}}