{"id":960,"date":"2019-05-13T11:37:32","date_gmt":"2022-12-27T12:24:38","guid":{"rendered":"https:\/\/www.goiania.go.gov.br\/secult\/lei-incentivo-2\/"},"modified":"2023-01-04T23:22:57","modified_gmt":"2023-01-05T02:22:57","slug":"lei-incentivo-2022","status":"publish","type":"page","link":"https:\/\/www.goiania.go.gov.br\/secult\/lei-incentivo-2022\/","title":{"rendered":"Lei de Incentivo \u00e0 Cultura &#8211; 2022"},"content":{"rendered":"\n<p>A Secretaria Municipal da Cultura de Goi\u00e2nia comunica que estar\u00e1 aberto, no per\u00edodo de <strong>02 de outubro de 2021 a 17 de outubro de 2021<\/strong>, o prazo para inscri\u00e7\u00e3o, do concurso de sele\u00e7\u00e3o de projetos culturais, nos termos da Lei Federal no 8.666 de 1993 e legisla\u00e7\u00e3o correlata em conson\u00e2ncia com a Lei municipal no 7.957 de 06 de janeiro de 2000 e altera\u00e7\u00f5es posteriores, em conjunto com a legisla\u00e7\u00e3o e atos normativos correlatos.<\/p>\n\n\n\n<hr class=\"wp-block-separator\" \/>\n\n\n\n<h2 class=\"wp-block-heading\">Edital<\/h2>\n\n\n\n<p style=\"text-align:left;margin: 30px 10px\"><strong><a href=\"https:\/\/www.goiania.go.gov.br\/secult\/wp-content\/uploads\/sites\/5\/2021\/08\/Lei_Municipal_de_Incentivo_a_Cultura-Edital-01-2021.pdf\" target=\"_blank\" rel=\"noreferrer noopener\" style=\"padding: 10px 20px;border-radius: 100px;background:#31997d;color:#fff\">Edital&nbsp;01\/2021&nbsp;&#8211;&nbsp;Lei&nbsp;Incentivo<\/a><\/strong><\/p>\n\n\n\n<hr class=\"wp-block-separator\" \/>\n\n\n\n<h2 class=\"has-text-align-left wp-block-heading\"><strong>Publica\u00e7\u00f5es Oficiais<\/strong><\/h2>\n\n\n\n<p><em>Veja abaixo todas as publica\u00e7\u00f5es oficiais sobre a Lei Municipal de Incentivo a Cultura, as publica\u00e7\u00f5es mais recentes vem em primeiro.<\/em><\/p>\n\n\n\n<hr class=\"wp-block-separator\" \/>\n\n\n\n<p>29\/abr\/2022 &#8211; <a href=\"https:\/\/www.goiania.go.gov.br\/secult\/wp-content\/uploads\/sites\/5\/2022\/05\/lei-municipal-de-incentivo-a-cultura-2021-portaria-038-recurso_merito_cultural-CMC.pdf\"><strong>Resultado do Recurso da An\u00e1lise do M\u00e9rito<\/strong><\/a><\/p>\n\n\n\n<p>29\/mar\/2022 &#8211; <strong><a rel=\"noreferrer noopener\" href=\"https:\/\/www.goiania.go.gov.br\/secult\/wp-content\/uploads\/sites\/5\/2022\/03\/lei-municipal-de-incentivo-a-cultura-2021-portaria-029-resultado-merito.pdf\" target=\"_blank\">Resultado da An\u00e1lise do M\u00e9rito<\/a><\/strong><\/p>\n\n\n\n<p>25\/nov\/2021 &#8211; <strong><a rel=\"noreferrer noopener\" href=\"https:\/\/www.goiania.go.gov.br\/secult\/wp-content\/uploads\/sites\/5\/2021\/11\/lei-municipal-de-incentivo-a-cultura-2021-portaria-116-resultado.pdf\" target=\"_blank\">Resultado An\u00e1lise Documental<\/a><\/strong><\/p>\n\n\n\n<p><\/p>\n\n\n\n<p><\/p>\n\n\n\n<hr class=\"wp-block-separator\" \/>\n\n\n\n<h2 class=\"wp-block-heading\">Orienta\u00e7\u00f5es para Recurso<\/h2>\n\n\n\n<p><s style=\"text-decoration: line-through;color: red\">Prazo para Recurso: 31\/03 a 04\/04 (tr\u00eas dias \u00fateis)<\/s><br><strong>Prazo para Recurso: 31\/03 a 06\/04 (cinco dias \u00fateis)<\/strong><br>Local: Presencial na Ger\u00eancia de Projetos Culturais. Atendimento de segunda a sexta das 08h \u00e0s 17h<br>Prazo para an\u00e1lise do recurso pelo CMC: 05\/04 a 12\/04 (08 dias)<br>Resultado final &#8211; Homologa\u00e7\u00e3o: 14\/04<\/p>\n\n\n\n<hr class=\"wp-block-separator\" \/>\n\n\n\n<p><\/p>\n\n\n\n<h2 class=\"wp-block-heading\">Orienta\u00e7\u00f5es para Inscri\u00e7\u00e3o<\/h2>\n\n\n\n<p>O proponente deve possuir uma conta de e-mail Google e\/ou GMail. O Cadastro s\u00f3 pode ser realizado uma \u00fanica vez e ficar\u00e1 vinculado a este e-mail.<\/p>\n\n\n\n<p>O Credenciamento de Artistas \u00e9 componente obrigat\u00f3rio para participa\u00e7\u00e3o, este cadastramento \u00e9 \u00fanico e caso j\u00e1 tenha realizado em 2020\/2021 n\u00e3o \u00e9 necess\u00e1rio faz\u00ea-lo novamente. O link para o Credenciamento est\u00e1 no final desta P\u00e1gina.<\/p>\n\n\n\n<p>O proponente deve preparar <strong>todos seus documentos<\/strong>, seja Pessoa F\u00edsica e\/ou Jur\u00eddica, bem como os <strong>Anexos do Edital<\/strong> abaixo antes de iniciar a inscri\u00e7\u00e3o, cada um em formato PDF, para anex\u00e1-los no formul\u00e1rio.<\/p>\n\n\n\n<h2 class=\"wp-block-heading\">Anexos do Edital<\/h2>\n\n\n\n<p><\/p>\n\n\n\n<p>Fa\u00e7a o download dos Anexos do Edital 01\/2021 e prepare a documenta\u00e7\u00e3o para Inscri\u00e7\u00e3o da Lei de Incentivo.<\/p>\n\n\n\n<ul class=\"wp-block-list\"><li><strong><a rel=\"noreferrer noopener\" href=\"https:\/\/www.goiania.go.gov.br\/secult\/wp-content\/uploads\/sites\/5\/2021\/09\/lei-incentivo_edital-01-2021_anexo_I.docx\" target=\"_blank\">Anexo I &#8211; Dados do Proponente <\/a><\/strong><\/li><li><strong><a rel=\"noreferrer noopener\" href=\"https:\/\/www.goiania.go.gov.br\/secult\/wp-content\/uploads\/sites\/5\/2021\/09\/lei-incentivo_edital-01-2021_anexo_II.docx\" target=\"_blank\">Anexo II &#8211; Requerimento de Inscri\u00e7\u00e3o<\/a><\/strong><\/li><li><strong><a rel=\"noreferrer noopener\" href=\"https:\/\/www.goiania.go.gov.br\/secult\/wp-content\/uploads\/sites\/5\/2021\/09\/lei-incentivo_edital-01-2021_anexo_III.docx\" target=\"_blank\">Anexo III &#8211; Formul\u00e1rio de Apresenta\u00e7\u00e3o do Projeto Cultural<\/a><\/strong><\/li><li><strong><a rel=\"noreferrer noopener\" href=\"https:\/\/www.goiania.go.gov.br\/secult\/wp-content\/uploads\/sites\/5\/2021\/09\/lei-incentivo_edital-01-2021_anexo_IV.docx\" target=\"_blank\">Anexo IV &#8211; Planilha de Or\u00e7amento F\u00edsico<\/a><\/strong><\/li><li><strong><a rel=\"noreferrer noopener\" href=\"https:\/\/www.goiania.go.gov.br\/secult\/wp-content\/uploads\/sites\/5\/2021\/09\/lei-incentivo_edital-01-2021_anexo_V.docx\" target=\"_blank\">Anexo V &#8211; Planilha de Execu\u00e7\u00e3o Or\u00e7ament\u00e1ria do Projeto<\/a><\/strong><\/li><li><strong><a rel=\"noreferrer noopener\" href=\"https:\/\/www.goiania.go.gov.br\/secult\/wp-content\/uploads\/sites\/5\/2021\/09\/lei-incentivo_edital-01-2021_anexo_VI.docx\" target=\"_blank\">Anexo VI &#8211; Plano B\u00e1sico de Divulga\u00e7\u00e3o<\/a><\/strong><\/li><li><strong><a rel=\"noreferrer noopener\" href=\"https:\/\/www.goiania.go.gov.br\/secult\/wp-content\/uploads\/sites\/5\/2021\/09\/lei-incentivo_edital-01-2021_anexo_VII.docx\" target=\"_blank\">Anexo VII &#8211; Plano de Distribui\u00e7\u00e3o e Comercializa\u00e7\u00e3o<\/a><\/strong><\/li><li><strong><a rel=\"noreferrer noopener\" href=\"https:\/\/www.goiania.go.gov.br\/secult\/wp-content\/uploads\/sites\/5\/2021\/09\/lei-incentivo_edital-01-2021_anexo_VIII.docx\" target=\"_blank\">Anexo VIII &#8211; Termo de Responsabilidade<\/a><\/strong><\/li><li><strong><a rel=\"noreferrer noopener\" href=\"https:\/\/www.goiania.go.gov.br\/secult\/wp-content\/uploads\/sites\/5\/2021\/09\/lei-incentivo_edital-01-2021_anexo_IX.docx\" target=\"_blank\">Anexo IX &#8211; Ficha T\u00e9cnica dos Envolvidos<\/a><\/strong><\/li><li><strong><a rel=\"noreferrer noopener\" href=\"https:\/\/www.goiania.go.gov.br\/secult\/wp-content\/uploads\/sites\/5\/2021\/09\/lei-incentivo_edital-01-2021_anexo_X.docx\" target=\"_blank\">Anexo X &#8211; Comprova\u00e7\u00e3o de Atua\u00e7\u00e3o<\/a><\/strong><\/li><\/ul>\n\n\n\n<p><\/p>\n\n\n\n<p><em>Use o site <a rel=\"noreferrer noopener\" href=\"https:\/\/tools.pdf24.org\/pt\/\" target=\"_blank\">https:\/\/tools.pdf24.org\/pt\/<\/a> para converter, juntar ou organizar arquivos em PDF.<\/em><\/p>\n\n\n\n<hr class=\"wp-block-separator\" \/>\n\n\n\n<h2 class=\"has-text-align-center wp-block-heading\">Formul\u00e1rio de Inscri\u00e7\u00e3o<\/h2>\n\n\n\n<p style=\"text-align:center;margin: 30px 0 10px\"><strong><a target=\"_blank\" rel=\"noreferrer noopener\" style=\"padding: 15px 30px;border-radius: 100px;background:#447BF2;color:#fff\">INSCRI\u00c7\u00d5ES&nbsp;ENCERRADAS<\/a><\/strong><\/p>\n\n\n\n<div style=\"height:100px\" aria-hidden=\"true\" class=\"wp-block-spacer\"><\/div>\n\n\n\n<h4 class=\"has-text-align-center wp-block-heading\">Caso tenha d\u00favidas de como fazer sua inscri\u00e7\u00e3o consulte o v\u00eddeo explicativo logo abaixo.<\/h4>\n\n\n\n<p><\/p>\n\n\n\n<hr class=\"wp-block-separator\" \/>\n\n\n\n<h2 class=\"wp-block-heading\">Credenciamento de Pessoas e Entidades Culturais<\/h2>\n\n\n\n<p><strong>ATEN\u00c7\u00c3O!<\/strong> Esta \u00e9 uma etapa inicial e anterior ao processo de credenciamento da Lei Aldir Blanc, este cadastramento \u00e9 \u00fanico e caso j\u00e1 tenha realizado em 2020 n\u00e3o \u00e9 necess\u00e1rio faz\u00ea-lo novamente. <\/p>\n\n\n\n<p><\/p>\n\n\n\n<p style=\"text-align:left;margin: 20px 0\"><a href=\"https:\/\/www.goiania.go.gov.br\/secult\/cadastro-cultural\/\" rel=\"noreferrer noopener\" style=\"padding: 10px 20px;border-radius: 100px;background:#245054;color:#fff\"><strong>FAZER CREDENCIAMENTO<\/strong><\/a><\/p>\n\n\n\n<p><\/p>\n","protected":false},"excerpt":{"rendered":"<p>A Secretaria Municipal da Cultura de Goi\u00e2nia comunica que estar\u00e1 aberto, no per\u00edodo de 02 de outubro de 2021 a 17 de outubro de 2021, o prazo para inscri\u00e7\u00e3o, do concurso de sele\u00e7\u00e3o de projetos culturais, nos termos da Lei Federal no 8.666 de 1993 e legisla\u00e7\u00e3o correlata em conson\u00e2ncia com a Lei municipal no [&hellip;]<\/p>\n","protected":false},"author":1,"featured_media":0,"parent":0,"menu_order":21,"comment_status":"closed","ping_status":"closed","template":"","meta":{"_acf_changed":false,"custom_icon_class":"","olho":"","footnotes":""},"class_list":["post-960","page","type-page","status-publish","hentry"],"acf":[],"_links":{"self":[{"href":"https:\/\/www.goiania.go.gov.br\/secult\/wp-json\/wp\/v2\/pages\/960","targetHints":{"allow":["GET"]}}],"collection":[{"href":"https:\/\/www.goiania.go.gov.br\/secult\/wp-json\/wp\/v2\/pages"}],"about":[{"href":"https:\/\/www.goiania.go.gov.br\/secult\/wp-json\/wp\/v2\/types\/page"}],"author":[{"embeddable":true,"href":"https:\/\/www.goiania.go.gov.br\/secult\/wp-json\/wp\/v2\/users\/1"}],"replies":[{"embeddable":true,"href":"https:\/\/www.goiania.go.gov.br\/secult\/wp-json\/wp\/v2\/comments?post=960"}],"version-history":[{"count":4,"href":"https:\/\/www.goiania.go.gov.br\/secult\/wp-json\/wp\/v2\/pages\/960\/revisions"}],"predecessor-version":[{"id":990,"href":"https:\/\/www.goiania.go.gov.br\/secult\/wp-json\/wp\/v2\/pages\/960\/revisions\/990"}],"wp:attachment":[{"href":"https:\/\/www.goiania.go.gov.br\/secult\/wp-json\/wp\/v2\/media?parent=960"}],"curies":[{"name":"wp","href":"https:\/\/api.w.org\/{rel}","templated":true}]}}