{"id":816,"date":"2019-05-13T11:37:32","date_gmt":"2022-06-09T19:50:46","guid":{"rendered":"https:\/\/www.goiania.go.gov.br\/secult\/cadastro-cultural-2\/"},"modified":"2026-02-27T10:25:46","modified_gmt":"2026-02-27T13:25:46","slug":"credenciamento-1doc","status":"publish","type":"page","link":"https:\/\/www.goiania.go.gov.br\/secult\/credenciamento-1doc\/","title":{"rendered":"Credenciamento de Artistas 1 doc"},"content":{"rendered":"\n<p>A Secretaria Municipal de Cultura de Goi\u00e2nia (SECULT) lan\u00e7a o Chamamento P\u00fablico para o credenciamento de artistas e profissionais de arte e cultura em todas as suas manifesta\u00e7\u00f5es e linguagens. O objetivo \u00e9 possibilitar a presta\u00e7\u00e3o de servi\u00e7os em eventos, projetos e atividades culturais realizadas ou apoiadas pela SECULT. Este edital visa fortalecer a produ\u00e7\u00e3o cultural na cidade, promovendo a diversidade e incentivando a participa\u00e7\u00e3o da popula\u00e7\u00e3o nas manifesta\u00e7\u00f5es art\u00edsticas locais.<\/p>\n\n\n\n<h2 class=\"wp-block-heading\">Chamada P\u00fablica<\/h2>\n\n\n\n<p>Confira abaixo o Edital e os anexos necess\u00e1rios para o Credenciamento.<\/p>\n\n\n\n<ul class=\"wp-block-list\">\n<li><a href=\"https:\/\/www.goiania.go.gov.br\/secult\/wp-content\/uploads\/sites\/5\/2024\/08\/edital-014-2024-credenciamento-secult-goiania.pdf\" target=\"_blank\" rel=\"noreferrer noopener\"><strong>Edital 014\/2024 \u2022 Credenciamento de Artistas<\/strong><\/a><br><\/li>\n\n\n\n<li><a href=\"https:\/\/www.goiania.go.gov.br\/secult\/wp-content\/uploads\/sites\/5\/2024\/08\/edital-014-2024-credenciamento-anexo-1.docx\" target=\"_blank\" rel=\"noreferrer noopener\"><strong>Anexo 1 &#8211; Termo de Autoriza\u00e7\u00e3o de Imagem, V\u00eddeo e Som<\/strong><\/a><\/li>\n\n\n\n<li><a href=\"https:\/\/www.goiania.go.gov.br\/secult\/wp-content\/uploads\/sites\/5\/2024\/08\/edital-014-2024-credenciamento-anexo-2.docx\" target=\"_blank\" rel=\"noreferrer noopener\"><strong>Anexo 2 &#8211; Requerimento de Inscri\u00e7\u00e3o<\/strong><\/a><\/li>\n\n\n\n<li><a href=\"https:\/\/www.goiania.go.gov.br\/secult\/wp-content\/uploads\/sites\/5\/2024\/08\/edital-014-2024-credenciamento-anexo-3.docx\" target=\"_blank\" rel=\"noreferrer noopener\"><strong>Anexo 3 &#8211; Declara\u00e7\u00e3o de Representa\u00e7\u00e3o<\/strong><\/a><\/li>\n\n\n\n<li><a href=\"https:\/\/www.goiania.go.gov.br\/secult\/wp-content\/uploads\/sites\/5\/2024\/08\/edital-014-2024-credenciamento-anexo-4.docx\"><strong>Anexo 4 &#8211; Declara\u00e7\u00e3o de N\u00e3o v\u00ednculo<\/strong><\/a><\/li>\n\n\n\n<li><a href=\"https:\/\/www.goiania.go.gov.br\/secult\/wp-content\/uploads\/sites\/5\/2024\/08\/edital-014-2024-credenciamento-anexo-5.docx\" target=\"_blank\" rel=\"noreferrer noopener\"><strong>Anexo 5 &#8211; Declara\u00e7\u00e3o de Resid\u00eancia<\/strong><\/a><\/li>\n<\/ul>\n\n\n\n<h2 class=\"wp-block-heading\">O que eu preciso para fazer o Credenciamento?<\/h2>\n\n\n\n<p>O proponente deve preencher o cadastro e <strong>ter em formato digital (imagem ou pdf)<\/strong> todos os documentos pessoais, tais como documento de identifica\u00e7\u00e3o, CPF e comprovante de endere\u00e7o, al\u00e9m um <strong>Portf\u00f3lio<\/strong> que comprove sua atua\u00e7\u00e3o art\u00edstica (Hist\u00f3ricos, curr\u00edculos, portf\u00f3lios, mat\u00e9rias publicadas, fotos e outros).<\/p>\n\n\n\n<p style=\"border-left:4px solid #FC7481;padding-left:2rem\"><strong>S\u00f3 ser\u00e1 permitido o envio de arquivo no formato&nbsp;PDF, identificado por cada tipo de anexo conforme os itens descrito Edital. Caso necess\u00e1rio, use o&nbsp;site&nbsp;<a href=\"https:\/\/tools.pdf24.org\/pt\/juntar-pdf\">tools.pdf24.org\/pt\/juntar-pdf<\/a>&nbsp;para auxiliar na convers\u00e3o e organiza\u00e7\u00e3o de documentos diversos para o formato&nbsp;PDF.<\/strong><\/p>\n\n\n\n<p>Em caso de Pessoa Jur\u00eddica, Coletivos e Grupos devem tamb\u00e9m obrigatoriamente apresentar os documentos espec\u00edficos desse segmento, como comprovante de endere\u00e7o comercial, c\u00f3pia do ato constitutivo da empresa, inscri\u00e7\u00e3o do CNPJ e os documentos do representante legal.<\/p>\n\n\n\n<h2 class=\"wp-block-heading\">Formul\u00e1rio de Inscri\u00e7\u00f5es<\/h2>\n\n\n\n<p>Acesse a p\u00e1gina do Credenciamento na 1Doc e escolha a <strong>MODALIDADE<\/strong> adequada de acordo com Edital.<\/p>\n\n\n\n<p style=\"text-align:left;margin: 30px 0\"><a href=\"https:\/\/goiania.1doc.com.br\/b.php?pg=o\/central_servicos&amp;tab=categoria&amp;filter=01J5RFMCEDFHH28ENR80Q943AE\" target=\"_blank\" rel=\"noreferrer noopener\" style=\"padding: 15px 30px;border-radius: 100px;background:#31997d;color:#fff\"><strong>Fa\u00e7a o Credenciamento<\/strong><\/a><\/p>\n\n\n\n<p class=\"has-text-align-center\"><strong>Veja abaixo o tutorial<\/strong><\/p>\n\n\n<div class=\"wp-block-image\">\n<figure class=\"aligncenter size-large is-resized\"><a href=\"https:\/\/youtu.be\/pveqJLG24uE\"><img loading=\"lazy\" decoding=\"async\" width=\"1024\" height=\"692\" src=\"https:\/\/www.goiania.go.gov.br\/secult\/wp-content\/uploads\/sites\/5\/2024\/08\/1doc-capa-100-1024x692.jpg\" alt=\"\" class=\"wp-image-1448\" style=\"width:400px\" srcset=\"https:\/\/www.goiania.go.gov.br\/secult\/wp-content\/uploads\/sites\/5\/2024\/08\/1doc-capa-100-1024x692.jpg 1024w, https:\/\/www.goiania.go.gov.br\/secult\/wp-content\/uploads\/sites\/5\/2024\/08\/1doc-capa-100-300x203.jpg 300w, https:\/\/www.goiania.go.gov.br\/secult\/wp-content\/uploads\/sites\/5\/2024\/08\/1doc-capa-100-768x519.jpg 768w, https:\/\/www.goiania.go.gov.br\/secult\/wp-content\/uploads\/sites\/5\/2024\/08\/1doc-capa-100-1536x1038.jpg 1536w, https:\/\/www.goiania.go.gov.br\/secult\/wp-content\/uploads\/sites\/5\/2024\/08\/1doc-capa-100.jpg 1894w\" sizes=\"auto, (max-width: 1024px) 100vw, 1024px\" \/><\/a><\/figure>\n<\/div>","protected":false},"excerpt":{"rendered":"<p>A Secretaria Municipal de Cultura de Goi\u00e2nia (SECULT) lan\u00e7a o Chamamento P\u00fablico para o credenciamento de artistas e profissionais de arte e cultura em todas as suas manifesta\u00e7\u00f5es e linguagens. O objetivo \u00e9 possibilitar a presta\u00e7\u00e3o de servi\u00e7os em eventos, projetos e atividades culturais realizadas ou apoiadas pela SECULT. Este edital visa fortalecer a produ\u00e7\u00e3o [&hellip;]<\/p>\n","protected":false},"author":1,"featured_media":0,"parent":0,"menu_order":13,"comment_status":"closed","ping_status":"closed","template":"","meta":{"_acf_changed":false,"custom_icon_class":"","olho":"","footnotes":""},"class_list":["post-816","page","type-page","status-publish","hentry"],"acf":[],"_links":{"self":[{"href":"https:\/\/www.goiania.go.gov.br\/secult\/wp-json\/wp\/v2\/pages\/816","targetHints":{"allow":["GET"]}}],"collection":[{"href":"https:\/\/www.goiania.go.gov.br\/secult\/wp-json\/wp\/v2\/pages"}],"about":[{"href":"https:\/\/www.goiania.go.gov.br\/secult\/wp-json\/wp\/v2\/types\/page"}],"author":[{"embeddable":true,"href":"https:\/\/www.goiania.go.gov.br\/secult\/wp-json\/wp\/v2\/users\/1"}],"replies":[{"embeddable":true,"href":"https:\/\/www.goiania.go.gov.br\/secult\/wp-json\/wp\/v2\/comments?post=816"}],"version-history":[{"count":9,"href":"https:\/\/www.goiania.go.gov.br\/secult\/wp-json\/wp\/v2\/pages\/816\/revisions"}],"predecessor-version":[{"id":1530,"href":"https:\/\/www.goiania.go.gov.br\/secult\/wp-json\/wp\/v2\/pages\/816\/revisions\/1530"}],"wp:attachment":[{"href":"https:\/\/www.goiania.go.gov.br\/secult\/wp-json\/wp\/v2\/media?parent=816"}],"curies":[{"name":"wp","href":"https:\/\/api.w.org\/{rel}","templated":true}]}}