{"id":792,"date":"2022-05-14T12:40:03","date_gmt":"2022-05-14T15:40:03","guid":{"rendered":"https:\/\/www.goiania.go.gov.br\/secult\/?page_id=792"},"modified":"2025-09-04T16:15:07","modified_gmt":"2025-09-04T19:15:07","slug":"editais","status":"publish","type":"page","link":"https:\/\/www.goiania.go.gov.br\/secult\/editais\/","title":{"rendered":"Editais Publicados"},"content":{"rendered":"\n<p>Nesta p\u00e1gina est\u00e3o publicados os editais e documentos oficiais da Secretaria Municipal de Cultura de Goi\u00e2nia, os documentos est\u00e3o em ordem cronol\u00f3gica, sendo os mais recentes primeiro.<\/p>\n\n\n\n<p>02\/09\/2025 \u2022 <strong>Chamada P\u00fablica 02\/2025 &#8211;  Credenciamento de Artistas <\/strong><\/p>\n\n\n\n<p><a href=\"https:\/\/www.goiania.go.gov.br\/secult\/wp-content\/uploads\/sites\/5\/2025\/09\/edital-2025_credenciamento-artistas.pdf\">Edital 02\/2025 (PDF)<\/a><\/p>\n\n\n\n<hr class=\"wp-block-separator has-css-opacity\" \/>\n\n\n\n<p id=\"edital-02-2022-credenciamento\">13\/09\/2022 \u2022 <strong>Chamada P\u00fablica 02\/2022 &#8211; Credenciamento de Artistas <\/strong><\/p>\n\n\n\n<p id=\"edital-02-2022-credenciamento\"><a href=\"https:\/\/www.goiania.go.gov.br\/secult\/wp-content\/uploads\/sites\/5\/2023\/07\/credenciamento-secult-anexo-IV-edital-2022-02.docx\" target=\"_blank\" rel=\"noreferrer noopener\">Anexo IV do edital (Partipa\u00e7\u00e3o por Representa\u00e7\u00e3o)<\/a><br><a rel=\"noreferrer noopener\" href=\"https:\/\/www.goiania.go.gov.br\/secult\/wp-content\/uploads\/sites\/5\/2022\/09\/credenciamento-secult-errata-edital-2022-02.pdf\" target=\"_blank\">Errata do Edital 02\/2022 (PDF)<\/a><br><a href=\"https:\/\/www.goiania.go.gov.br\/secult\/wp-content\/uploads\/sites\/5\/2022\/08\/credenciamento-secult-edital-2022-02_do_20220801_000007853.pdf\">Edital 02\/2022 (PDF)<\/a> <\/p>\n\n\n\n<hr class=\"wp-block-separator has-css-opacity\" \/>\n\n\n\n<p>13\/05\/2022 \u2022 <strong>Edital 01\/2022 &#8211; MAG &#8211; Frei Confaloni<\/strong><br><a href=\"https:\/\/www.goiania.go.gov.br\/secult\/wp-content\/uploads\/sites\/5\/2022\/06\/20220505_Edital-01-2022-MAG_Frei-Confaloni-errata-planta.pdf\">Edital 01\/2022 (Errata e Plantas)<\/a><br><a href=\"https:\/\/www.goiania.go.gov.br\/secult\/wp-content\/uploads\/sites\/5\/2022\/06\/ficha-inscricao-mag-2022-form.pdf\">Ficha de Inscri\u00e7\u00e3o<\/a><\/p>\n\n\n\n<hr class=\"wp-block-separator has-css-opacity\" \/>\n\n\n\n<p><small>\u00daltima Atualiza\u00e7\u00e3o: 13\/09\/2022 \u00e0s 18h12<\/small><\/p>\n","protected":false},"excerpt":{"rendered":"<p>Nesta p\u00e1gina est\u00e3o publicados os editais e documentos oficiais da Secretaria Municipal de Cultura de Goi\u00e2nia, os documentos est\u00e3o em ordem cronol\u00f3gica, sendo os mais recentes primeiro. 02\/09\/2025 \u2022 Chamada P\u00fablica 02\/2025 &#8211; Credenciamento de Artistas Edital 02\/2025 (PDF) 13\/09\/2022 \u2022 Chamada P\u00fablica 02\/2022 &#8211; Credenciamento de Artistas Anexo IV do edital (Partipa\u00e7\u00e3o por Representa\u00e7\u00e3o)Errata [&hellip;]<\/p>\n","protected":false},"author":11,"featured_media":0,"parent":0,"menu_order":9,"comment_status":"closed","ping_status":"closed","template":"","meta":{"_acf_changed":false,"custom_icon_class":"","olho":"","footnotes":""},"class_list":["post-792","page","type-page","status-publish","hentry"],"acf":[],"_links":{"self":[{"href":"https:\/\/www.goiania.go.gov.br\/secult\/wp-json\/wp\/v2\/pages\/792","targetHints":{"allow":["GET"]}}],"collection":[{"href":"https:\/\/www.goiania.go.gov.br\/secult\/wp-json\/wp\/v2\/pages"}],"about":[{"href":"https:\/\/www.goiania.go.gov.br\/secult\/wp-json\/wp\/v2\/types\/page"}],"author":[{"embeddable":true,"href":"https:\/\/www.goiania.go.gov.br\/secult\/wp-json\/wp\/v2\/users\/11"}],"replies":[{"embeddable":true,"href":"https:\/\/www.goiania.go.gov.br\/secult\/wp-json\/wp\/v2\/comments?post=792"}],"version-history":[{"count":10,"href":"https:\/\/www.goiania.go.gov.br\/secult\/wp-json\/wp\/v2\/pages\/792\/revisions"}],"predecessor-version":[{"id":1552,"href":"https:\/\/www.goiania.go.gov.br\/secult\/wp-json\/wp\/v2\/pages\/792\/revisions\/1552"}],"wp:attachment":[{"href":"https:\/\/www.goiania.go.gov.br\/secult\/wp-json\/wp\/v2\/media?parent=792"}],"curies":[{"name":"wp","href":"https:\/\/api.w.org\/{rel}","templated":true}]}}