{"id":716,"date":"2023-02-01T07:55:00","date_gmt":"2023-02-01T10:55:00","guid":{"rendered":"https:\/\/www.goiania.go.gov.br\/secult\/?page_id=716"},"modified":"2026-01-27T10:08:46","modified_gmt":"2026-01-27T13:08:46","slug":"cla","status":"publish","type":"page","link":"https:\/\/www.goiania.go.gov.br\/secult\/cla\/","title":{"rendered":"Matr\u00edculas CLA"},"content":{"rendered":"\n<h3 class=\"wp-block-heading\">A Prefeitura de Goi\u00e2nia, por meio da Secretaria Municipal de Cultura (Secult), promove as inscri\u00e7\u00f5es gratuitas aos cursos do ano de 2026, do Centro Livre de Artes, para os N\u00facleos de M\u00fasica, Artes C\u00eanicas e Pr\u00e1ticas Corporais, Artes Visuais e Oficina Integrada.<\/h3>\n\n\n\n<p>As inscri\u00e7\u00f5es ser\u00e3o nos dias:<\/p>\n\n\n\n<p><strong>1 \u2013 Dias 3 e 4 de fevereiro de 2026<\/strong><\/p>\n\n\n\n<p><strong>Estudantes de institui\u00e7\u00f5es federais, estaduais, municipais ou conveniadas com estas institui\u00e7\u00f5es e pessoas com cadastro em programas do governo federal, estadual ou municipal.<\/strong><\/p>\n\n\n\n<p>Para a efetiva\u00e7\u00e3o das matr\u00edculas ser\u00e1 solicitado o comprovante de v\u00ednculo das institui\u00e7\u00f5es;<strong><\/strong><\/p>\n\n\n\n<p><strong>2 \u2013<\/strong> <strong>Dias 5 e 6 de fevereiro de 2026<\/strong><\/p>\n\n\n\n<p><strong>Comunidade em geral<\/strong>.\u00a0<\/p>\n\n\n\n<hr class=\"wp-block-separator has-alpha-channel-opacity\" \/>\n\n\n\n<p>As inscri\u00e7\u00f5es ser\u00e3o confirmadas com o envio do formul\u00e1rio (via link) disponibilizado apenas nos dias especificados. Cada candidato poder\u00e1 cursar somente uma oficina de cada N\u00facleo Art\u00edstico.<\/p>\n\n\n\n<p>As vagas ser\u00e3o preenchidas mediante a ordem de recebimento do formul\u00e1rio devidamente preenchido de acordo com o n\u00famero de vagas dispon\u00edvel em cada turma. Na aquisi\u00e7\u00e3o da vaga, a equipe de atendimento do CLA entrar\u00e1 em contato via e-mail confirmando a matr\u00edcula <strong>somente dos contemplados com a vaga.<\/strong><\/p>\n\n\n\n<p>O in\u00edcio das aulas est\u00e1 previsto para 02 de mar\u00e7o de 2026 para todos os N\u00facleos Art\u00edsticos. Os Cursos ser\u00e3o presenciais salvo alguma exce\u00e7\u00e3o descrita na ementa do curso.<\/p>\n\n\n\n<p><strong><a href=\"https:\/\/www.goiania.go.gov.br\/secult\/wp-content\/uploads\/sites\/5\/2026\/01\/ementas_cursos_CLA_2026-v2.pdf\" target=\"_blank\" rel=\"noreferrer noopener\">CONFIRA AQUI OS DETALHES NAS EMENTAS DOS CURSOS, ANOTE O N\u00daMERO DA TURMA DE SEU INTERESSE.<\/a><\/strong><\/p>\n\n\n\n<p>Observe com aten\u00e7\u00e3o as informa\u00e7\u00f5es sobre dias, hor\u00e1rios, faixa et\u00e1ria, bem como PR\u00c9-REQUISITOS EXIGIDOS PARA ALGUNS CURSOS. Para trocas de turmas, posteriormente ao in\u00edcio das aulas, o aluno estar\u00e1 sujeito \u00e0 libera\u00e7\u00e3o de vagas.<\/p>\n\n\n\n<p>O link para o formul\u00e1rio estar\u00e1 dispon\u00edvel apenas no dia da inscri\u00e7\u00e3o. Por favor, fiquem atentos quanto ao preenchimento para que n\u00e3o haja erros na data de nascimento, e-mail, telefones informados e dados pessoais.<\/p>\n\n\n\n<p><strong>PARA SE INSCREVER, O CANDIDATO DEVER\u00c1:<\/strong><\/p>\n\n\n\n<ul class=\"wp-block-list\">\n<li>Consultar as ementas no link abaixo e <strong>anotar o n\u00famero da turma pretendida<\/strong>; verificar se possui pr\u00e9-requisito;<\/li>\n\n\n\n<li>Acesse as ementas dos cursos aqui: <strong><a href=\"https:\/\/www.goiania.go.gov.br\/secult\/wp-content\/uploads\/sites\/5\/2026\/01\/ementas_cursos_CLA_2026-v2.pdf\" data-type=\"link\" data-id=\"https:\/\/www.goiania.go.gov.br\/secult\/wp-content\/uploads\/sites\/5\/2026\/01\/ementas_cursos_CLA_2026.pdf\" target=\"_blank\" rel=\"noreferrer noopener\">SOBRE OS CURSOS<\/a><\/strong><\/li>\n\n\n\n<li>Preencher e enviar o formul\u00e1rio de inscri\u00e7\u00e3o (on line), vinculado \u00e0 p\u00e1gina do site da Prefeitura de Goi\u00e2nia, pelo link disponibilizado. Ao clicar em enviar, o mesmo ser\u00e1 automaticamente datado com hor\u00e1rio de envio.<\/li>\n<\/ul>\n\n\n\n<p><strong>SOBRE A SELE\u00c7\u00c3O:<\/strong><\/p>\n\n\n\n<p><strong>A SELE\u00c7\u00c3O DOS MATRICULADOS SE DAR\u00c1 POR ORDEM DE ENVIO DE FORMUL\u00c1RIO DE INSCRI\u00c7\u00c3O<\/strong> e confer\u00eancia dos dados informados no formul\u00e1rio.<\/p>\n\n\n\n<p>Em casos de desist\u00eancia antes ou no primeiro m\u00eas ap\u00f3s o in\u00edcio das aulas, ser\u00e3o chamados os inscritos, pela ordem de envio dos formul\u00e1rios. Caso n\u00e3o haja inscritos para chamamento, avisaremos atrav\u00e9s de nossas redes sociais a disponibilidade de vagas.<\/p>\n\n\n\n<p>Aguarde a confirma\u00e7\u00e3o da sua matr\u00edcula pelo e-mail informado no ato da inscri\u00e7\u00e3o. <strong>SOMENTE SER\u00c3O ENVIADOS E-MAILS AOS CONTEMPLADOS COM A VAGA SOLICITADA NA INSCRI\u00c7\u00c3O<\/strong>.<\/p>\n\n\n\n<p>O In\u00edcio das aulas ser\u00e1 informado durante a efetiva\u00e7\u00e3o das matr\u00edculas para todos os N\u00facleos Art\u00edsticos. Os cursos ser\u00e3o presenciais salvo alguma exce\u00e7\u00e3o descrita na ementa do mesmo.<\/p>\n\n\n\n<p>Para mais informa\u00e7\u00f5es e detalhes sobre os cursos e vagas entre em contato via direct pelo Instagram: @<a href=\"https:\/\/instagram.com\/centrolivredeartes.goiania\"><strong>centrolivredeartes.goiania<\/strong><\/a>.<\/p>\n\n\n\n<hr class=\"wp-block-separator has-alpha-channel-opacity\" \/>\n\n\n\n<h2 class=\"wp-block-heading has-text-align-center\"><strong>Calend\u00e1rio de inscri\u00e7\u00f5es para Matr\u00edculas<\/strong><\/h2>\n\n\n\n<h2 class=\"wp-block-heading has-text-align-center\">3 e 4 de fevereiro<\/h2>\n\n\n\n<p>OS LINKS SER\u00c3O DISPONIBILIZADOS, PARA USU\u00c1RIOS DA REDE P\u00daBLICA (DIAS 3 E 4 DE FEVEREIRO)<\/p>\n\n\n\n<p>Inscri\u00e7\u00f5es para os cursos de Artes C\u00eanicas\/Pr\u00e1ticas Corporais; Artes Visuais; M\u00fasica e Oficina Integrada para alunos da Rede P\u00fablica Federal, Estadual, Municipal e Conveniada e Pessoas com cadastro nos programas sociais do governo;<\/p>\n\n\n\n<p><strong>ARTES C\u00caNICAS E PR\u00c1TICAS CORPORAIS<\/strong><br><a href=\"https:\/\/forms.gle\/EYkcKmBTDnWcj6YW9\">https:\/\/forms.gle\/EYkcKmBTDnWcj6YW9<\/a><\/p>\n\n\n\n<p><strong>ARTES VISUAIS<\/strong><br><a href=\"https:\/\/forms.gle\/7hFz6nEPrm6mZkxu7\">https:\/\/forms.gle\/7hFz6nEPrm6mZkxu7<\/a><\/p>\n\n\n\n<p><strong>OFICINA INTEGRADA<\/strong><br><a href=\"https:\/\/forms.gle\/bR7XeY15rWR97TKp8\">https:\/\/forms.gle\/bR7XeY15rWR97TKp8<\/a><\/p>\n\n\n\n<p><strong>M\u00daSICA<\/strong><br><a href=\"https:\/\/forms.gle\/seYkFmdrP2QtpSge7\">https:\/\/forms.gle\/seYkFmdrP2QtpSge7<\/a><\/p>\n\n\n\n<h2 class=\"wp-block-heading has-text-align-center\">5 e 6 de fevereiro<\/h2>\n\n\n\n<p>OS LINKS SER\u00c3O DISPONIBILIZADOS, PARA A COMUNIDADE EM GERAL (DIA 5 E 6DE FEVEREIRO)<\/p>\n\n\n\n<p>Inscri\u00e7\u00f5es para os cursos de Artes C\u00eanicas\/Pr\u00e1ticas Corporais; Artes Visuais; M\u00fasica e Oficina Integrada para alunos da Comunidade em Geral.\u00a0<\/p>\n\n\n\n<p><strong>ARTES C\u00caNICAS E PR\u00c1TICAS CORPORAIS<\/strong><br><a href=\"https:\/\/forms.gle\/P1h2uHq19o1Bue8R9\">https:\/\/forms.gle\/P1h2uHq19o1Bue8R9<\/a><\/p>\n\n\n\n<p><strong>ARTES VISUAIS<\/strong><br><a href=\"https:\/\/forms.gle\/rgZfTGjZKWy4UW4v6\">https:\/\/forms.gle\/rgZfTGjZKWy4UW4v6<\/a><\/p>\n\n\n\n<p><strong>OFICINA INTEGRADA<\/strong><br><a href=\"https:\/\/forms.gle\/JQs7dNW9bTXj3DmW9\">https:\/\/forms.gle\/JQs7dNW9bTXj3DmW9<\/a><\/p>\n\n\n\n<p><strong>M\u00daSICA<\/strong><br><a href=\"https:\/\/forms.gle\/huHDos9BotTPfhg77\">https:\/\/forms.gle\/huHDos9BotTPfhg77<\/a><\/p>\n\n\n\n<hr class=\"wp-block-separator has-alpha-channel-opacity\" \/>\n\n\n\n<p><strong>Aten\u00e7\u00e3o: O formul\u00e1rio de inscri\u00e7\u00e3o estar\u00e1 acess\u00edvel apenas nas datas citadas acima, come\u00e7ando no hor\u00e1rio das 8:00h, terminando \u00e0s 23:59h do dia seguinte.<\/strong><\/p>\n\n\n\n<p><strong>Obs.: Fora desses hor\u00e1rios estar\u00e3o sujeitos \u00e0 desclassifica\u00e7\u00e3o.<\/strong><\/p>\n","protected":false},"excerpt":{"rendered":"<p>A Prefeitura de Goi\u00e2nia, por meio da Secretaria Municipal de Cultura (Secult), promove as inscri\u00e7\u00f5es gratuitas aos cursos do ano de 2026, do Centro Livre de Artes, para os N\u00facleos de M\u00fasica, Artes C\u00eanicas e Pr\u00e1ticas Corporais, Artes Visuais e Oficina Integrada. As inscri\u00e7\u00f5es ser\u00e3o nos dias: 1 \u2013 Dias 3 e 4 de fevereiro [&hellip;]<\/p>\n","protected":false},"author":11,"featured_media":0,"parent":0,"menu_order":14,"comment_status":"closed","ping_status":"closed","template":"","meta":{"_acf_changed":false,"custom_icon_class":"","olho":"","footnotes":""},"class_list":["post-716","page","type-page","status-publish","hentry"],"acf":[],"_links":{"self":[{"href":"https:\/\/www.goiania.go.gov.br\/secult\/wp-json\/wp\/v2\/pages\/716","targetHints":{"allow":["GET"]}}],"collection":[{"href":"https:\/\/www.goiania.go.gov.br\/secult\/wp-json\/wp\/v2\/pages"}],"about":[{"href":"https:\/\/www.goiania.go.gov.br\/secult\/wp-json\/wp\/v2\/types\/page"}],"author":[{"embeddable":true,"href":"https:\/\/www.goiania.go.gov.br\/secult\/wp-json\/wp\/v2\/users\/11"}],"replies":[{"embeddable":true,"href":"https:\/\/www.goiania.go.gov.br\/secult\/wp-json\/wp\/v2\/comments?post=716"}],"version-history":[{"count":10,"href":"https:\/\/www.goiania.go.gov.br\/secult\/wp-json\/wp\/v2\/pages\/716\/revisions"}],"predecessor-version":[{"id":1595,"href":"https:\/\/www.goiania.go.gov.br\/secult\/wp-json\/wp\/v2\/pages\/716\/revisions\/1595"}],"wp:attachment":[{"href":"https:\/\/www.goiania.go.gov.br\/secult\/wp-json\/wp\/v2\/media?parent=716"}],"curies":[{"name":"wp","href":"https:\/\/api.w.org\/{rel}","templated":true}]}}