{"id":707,"date":"2019-05-13T11:37:32","date_gmt":"2022-01-05T18:12:54","guid":{"rendered":"https:\/\/www.goiania.go.gov.br\/secult\/lei-aldir-blanc-2020\/divulgacao-da-contrapartida-2\/"},"modified":"2022-03-18T14:41:18","modified_gmt":"2022-03-18T17:41:18","slug":"divulgacao-da-contrapartida-2021","status":"publish","type":"page","link":"https:\/\/www.goiania.go.gov.br\/secult\/lei-aldir-blanc\/divulgacao-da-contrapartida-2021\/","title":{"rendered":"Lei Aldir Blanc 2021 &#8211; Divulga\u00e7\u00e3o da contrapartida"},"content":{"rendered":"\n<p>A Secult Goi\u00e2nia segue, aos poucos, dando sequ\u00eancia ao processo de pagamento do aux\u00edlio emergencial da Lei Aldir Blanc. Se voc\u00ea foi aprovado e vai realizar a sua contrapartida, informamos que o prazo para a realiza\u00e7\u00e3o da atividade online \u00e9 at\u00e9 no m\u00e1ximo at\u00e9 90 dias ap\u00f3s o cr\u00e9dito na conta do artista.<\/p>\n\n\n\n<p>Com dez dias de anteced\u00eancia \u00e0 realiza\u00e7\u00e3o \u00e9 preciso que o artista preencha o formul\u00e1rio dispon\u00edvel no link abaixo com os seguintes dados:<\/p>\n\n\n\n<ul class=\"wp-block-list\"><li>Segmento<\/li><li>Nome do projeto\/artista<\/li><li>Data, Hor\u00e1rio e Local (on-line)<\/li><li>Link de reprodu\u00e7\u00e3o<\/li><li>Contato<\/li><li>Flyer (Anexar)<\/li><\/ul>\n\n\n\n<h2 style=\"padding: .5rem;background-color: #EE9598;border-radius: 3px;color: #FF1A65;width: max-content\">Aten\u00e7\u00e3o Aprovados na Lei Aldir Blanc<\/h2>\n\n\n\n<p>O material de divulga\u00e7\u00e3o tamb\u00e9m \u00e9 a comprova\u00e7\u00e3o da execu\u00e7\u00e3o da contrapartida. O inciso III n\u00e3o incorre a exig\u00eancia de presta\u00e7\u00e3o de contas financeira, mas a comprova\u00e7\u00e3o de execu\u00e7\u00e3o atrav\u00e9s do material de divulga\u00e7\u00e3o (e-flyer e o link da plataforma que vai hospedar a a\u00e7\u00e3o cultural) \u00e9 obrigat\u00f3ria.<\/p>\n\n\n\n<p style=\"text-align:left;margin: 30px 10px\"><strong><a href=\"https:\/\/forms.gle\/b63aCp5yz5m7kWTD7\" target=\"_blank\" rel=\"noreferrer noopener\" style=\"padding: 10px 20px;border-radius: 100px;background:#31997d;color:#fff\">Divulga\u00e7\u00e3o da Contrapartida<\/a><\/strong><\/p>\n\n\n\n<p><\/p>\n\n\n\n<h2 class=\"wp-block-heading\">Arte para download<\/h2>\n\n\n\n<p>Fa\u00e7a o Download nos links abaixo da arte da barra para ser usada nos materiais de divulga\u00e7\u00e3o<\/p>\n\n\n\n<h3 class=\"wp-block-heading\">Vers\u00e3o Vetor<\/h3>\n\n\n\n<p><a href=\"https:\/\/www.goiania.go.gov.br\/secult\/wp-content\/uploads\/sites\/5\/2022\/01\/lei-aldir-blanc-2021-barra-horizontal.pdf\"><strong>Download Arquivo PDF &#8211; Barra Horizontal Lei Aldir Blanc<\/strong><\/a><\/p>\n\n\n\n<p><a href=\"https:\/\/www.goiania.go.gov.br\/secult\/wp-content\/uploads\/sites\/5\/2022\/01\/lei-aldir-blanc-2021-barra-vertical.pdf\"><strong>Download Aquivo PDF &#8211; Barra Vertical  Lei Aldir Blanc<\/strong><\/a><\/p>\n\n\n\n<h3 class=\"wp-block-heading\">Vers\u00e3o Imagem<\/h3>\n\n\n\n<p><a href=\"https:\/\/www.goiania.go.gov.br\/secult\/wp-content\/uploads\/sites\/5\/2022\/01\/lei-aldir-blanc-2021-barra-horizontal.png\"><strong>Download Arquivo PNG (Imagem) &#8211; Barra Horizontal Lei Aldir Blanc<\/strong><\/a><\/p>\n\n\n\n<p><a href=\"https:\/\/www.goiania.go.gov.br\/secult\/wp-content\/uploads\/sites\/5\/2022\/01\/lei-aldir-blanc-2021-barra-vertical.png\"><strong>Download Arquivo PNG (Imagem) &#8211; Barra vertical  Lei Aldir Blanc<\/strong><\/a><\/p>\n\n\n\n<p><\/p>\n\n\n\n<p><\/p>\n\n\n\n<hr class=\"wp-block-separator\" \/>\n","protected":false},"excerpt":{"rendered":"<p>A Secult Goi\u00e2nia segue, aos poucos, dando sequ\u00eancia ao processo de pagamento do aux\u00edlio emergencial da Lei Aldir Blanc. Se voc\u00ea foi aprovado e vai realizar a sua contrapartida, informamos que o prazo para a realiza\u00e7\u00e3o da atividade online \u00e9 at\u00e9 no m\u00e1ximo at\u00e9 90 dias ap\u00f3s o cr\u00e9dito na conta do artista. Com dez [&hellip;]<\/p>\n","protected":false},"author":1,"featured_media":432,"parent":512,"menu_order":0,"comment_status":"closed","ping_status":"closed","template":"","meta":{"_acf_changed":false,"custom_icon_class":"","olho":"","footnotes":""},"class_list":["post-707","page","type-page","status-publish","has-post-thumbnail","hentry"],"acf":[],"_links":{"self":[{"href":"https:\/\/www.goiania.go.gov.br\/secult\/wp-json\/wp\/v2\/pages\/707","targetHints":{"allow":["GET"]}}],"collection":[{"href":"https:\/\/www.goiania.go.gov.br\/secult\/wp-json\/wp\/v2\/pages"}],"about":[{"href":"https:\/\/www.goiania.go.gov.br\/secult\/wp-json\/wp\/v2\/types\/page"}],"author":[{"embeddable":true,"href":"https:\/\/www.goiania.go.gov.br\/secult\/wp-json\/wp\/v2\/users\/1"}],"replies":[{"embeddable":true,"href":"https:\/\/www.goiania.go.gov.br\/secult\/wp-json\/wp\/v2\/comments?post=707"}],"version-history":[{"count":10,"href":"https:\/\/www.goiania.go.gov.br\/secult\/wp-json\/wp\/v2\/pages\/707\/revisions"}],"predecessor-version":[{"id":737,"href":"https:\/\/www.goiania.go.gov.br\/secult\/wp-json\/wp\/v2\/pages\/707\/revisions\/737"}],"up":[{"embeddable":true,"href":"https:\/\/www.goiania.go.gov.br\/secult\/wp-json\/wp\/v2\/pages\/512"}],"wp:featuredmedia":[{"embeddable":true,"href":"https:\/\/www.goiania.go.gov.br\/secult\/wp-json\/wp\/v2\/media\/432"}],"wp:attachment":[{"href":"https:\/\/www.goiania.go.gov.br\/secult\/wp-json\/wp\/v2\/media?parent=707"}],"curies":[{"name":"wp","href":"https:\/\/api.w.org\/{rel}","templated":true}]}}