{"id":512,"date":"2019-05-13T11:37:32","date_gmt":"2021-09-17T16:15:49","guid":{"rendered":"https:\/\/www.goiania.go.gov.br\/secult\/?page_id=512"},"modified":"2024-05-03T14:44:19","modified_gmt":"2024-05-03T17:44:19","slug":"lei-aldir-blanc","status":"publish","type":"page","link":"https:\/\/www.goiania.go.gov.br\/secult\/lei-aldir-blanc\/","title":{"rendered":"Lei Aldir Blanc"},"content":{"rendered":"\n<p><\/p>\n\n\n\n<h2 class=\"wp-block-heading\">Editais Lei Aldir Blanc \u2013 Saiba mais<\/h2>\n\n\n\n<div class=\"wp-block-columns are-vertically-aligned-top is-layout-flex wp-container-core-columns-is-layout-9d6595d7 wp-block-columns-is-layout-flex\">\n<div class=\"wp-block-column is-vertically-aligned-top is-layout-flow wp-block-column-is-layout-flow\" style=\"flex-basis:75%\">\n<p>A Prefeitura de Goi\u00e2nia, por meio da Secretaria Municipal de Cultura (Secult), publicou nesta sexta-feira, 17, no Di\u00e1rio Oficial, o Edital de Chamada P\u00fablica para mais um per\u00edodo de inscri\u00e7\u00e3o da Lei Aldir Blanc. Artistas, grupos e profissionais do setor cultural (pessoa f\u00edsica e jur\u00eddica) ter\u00e3o o prazo de <strong>24 de setembro a 9 de outubro<\/strong> para realizarem o credenciamento gratuito no site da Prefeitura ou pessoalmente na Ger\u00eancia de Projetos Culturais e Planejamento Estrat\u00e9gico, na sede da Secult, no Parque Atheneu, ou ainda no Centro Cultural Esta\u00e7\u00e3o Cultura, antiga Esta\u00e7\u00e3o Ferrovi\u00e1ria, no Centro.<\/p>\n\n\n\n<p><strong>Veja o Edital<\/strong><\/p>\n\n\n\n<p style=\"text-align:left;margin: 30px 10px\"><strong><a href=\"https:\/\/www.goiania.go.gov.br\/secult\/wp-content\/uploads\/sites\/5\/2021\/09\/lei-aldir-blanc-2021-chamada-publica.pdf\" target=\"_blank\" rel=\"noreferrer noopener\" style=\"padding: 10px 20px;border-radius: 100px;background:#31997d;color:#fff\">CHAMADA&nbsp;P\u00daBLICA&nbsp;02\/2021<\/a><\/strong><\/p>\n\n\n\n<p>Leia todas as orienta\u00e7\u00f5es que constam nessa p\u00e1gina e acesse o link de inscri\u00e7\u00e3o do formul\u00e1rio abaixo.<\/p>\n\n\n\n<p>Errata do Edital de Chamada P\u00fablica 02\/2021: <strong><a rel=\"noreferrer noopener\" href=\"https:\/\/www.goiania.go.gov.br\/Download\/legislacao\/diariooficial\/2021\/do_20210927_000007645.pdf\" target=\"_blank\">DOM Eletr\u00f4nico 7641 (p\u00e1ginas 91 a 97)<\/a><\/strong><\/p>\n<\/div>\n\n\n\n<div class=\"wp-block-column is-vertically-aligned-top is-layout-flow wp-block-column-is-layout-flow\" style=\"flex-basis:25%\">\n<div class=\"wp-block-image\"><figure class=\"aligncenter size-medium\"><img loading=\"lazy\" decoding=\"async\" width=\"300\" height=\"300\" src=\"https:\/\/www.goiania.go.gov.br\/secult\/wp-content\/uploads\/sites\/5\/2021\/09\/photo_2021-09-23_23-23-20-300x300.jpg\" alt=\"\" class=\"wp-image-577\" srcset=\"https:\/\/www.goiania.go.gov.br\/secult\/wp-content\/uploads\/sites\/5\/2021\/09\/photo_2021-09-23_23-23-20-300x300.jpg 300w, https:\/\/www.goiania.go.gov.br\/secult\/wp-content\/uploads\/sites\/5\/2021\/09\/photo_2021-09-23_23-23-20-150x150.jpg 150w, https:\/\/www.goiania.go.gov.br\/secult\/wp-content\/uploads\/sites\/5\/2021\/09\/photo_2021-09-23_23-23-20-768x768.jpg 768w, https:\/\/www.goiania.go.gov.br\/secult\/wp-content\/uploads\/sites\/5\/2021\/09\/photo_2021-09-23_23-23-20-20x20.jpg 20w, https:\/\/www.goiania.go.gov.br\/secult\/wp-content\/uploads\/sites\/5\/2021\/09\/photo_2021-09-23_23-23-20-40x40.jpg 40w, https:\/\/www.goiania.go.gov.br\/secult\/wp-content\/uploads\/sites\/5\/2021\/09\/photo_2021-09-23_23-23-20-60x60.jpg 60w, https:\/\/www.goiania.go.gov.br\/secult\/wp-content\/uploads\/sites\/5\/2021\/09\/photo_2021-09-23_23-23-20-80x80.jpg 80w, https:\/\/www.goiania.go.gov.br\/secult\/wp-content\/uploads\/sites\/5\/2021\/09\/photo_2021-09-23_23-23-20.jpg 961w\" sizes=\"auto, (max-width: 300px) 100vw, 300px\" \/><\/figure><\/div>\n<\/div>\n<\/div>\n\n\n\n<h2 class=\"has-text-align-left wp-block-heading\"><strong>Contrapartida<\/strong><\/h2>\n\n\n\n<p>Acesse o link abaixo para baixar os logos da Secult Goi\u00e2nia &#8211; Lei Aldir Blanc<\/p>\n\n\n\n<figure class=\"wp-block-embed is-type-wp-embed is-provider-secretaria-municipal-de-cultura wp-block-embed-secretaria-municipal-de-cultura\"><div class=\"wp-block-embed__wrapper\">\n<blockquote class=\"wp-embedded-content\" data-secret=\"NFHsz9TLUs\"><a href=\"https:\/\/www.goiania.go.gov.br\/secult\/lei-aldir-blanc\/divulgacao-da-contrapartida-2021\/\">Lei Aldir Blanc 2021 &#8211; Divulga\u00e7\u00e3o da contrapartida<\/a><\/blockquote><iframe loading=\"lazy\" class=\"wp-embedded-content\" sandbox=\"allow-scripts\" security=\"restricted\" style=\"position: absolute; visibility: hidden;\" title=\"&#8220;Lei Aldir Blanc 2021 &#8211; Divulga\u00e7\u00e3o da contrapartida&#8221; &#8212; Secretaria Municipal de Cultura\" src=\"https:\/\/www.goiania.go.gov.br\/secult\/lei-aldir-blanc\/divulgacao-da-contrapartida-2021\/embed\/#?secret=qjGnFqWAP4#?secret=NFHsz9TLUs\" data-secret=\"NFHsz9TLUs\" width=\"500\" height=\"282\" frameborder=\"0\" marginwidth=\"0\" marginheight=\"0\" scrolling=\"no\"><\/iframe>\n<\/div><\/figure>\n\n\n\n<h2 class=\"has-text-align-left wp-block-heading\"><strong>Publica\u00e7\u00f5es Oficiais<\/strong><\/h2>\n\n\n\n<p><em>Veja abaixo todas as publica\u00e7\u00f5es oficiais sobre a Lei Aldir Blanc, as publica\u00e7\u00f5es mais recentes vem em primeiro.<\/em><\/p>\n\n\n\n<hr class=\"wp-block-separator\" \/>\n\n\n\n<p>21\/dezembro\/2021 &#8211; <strong><a href=\"https:\/\/www.goiania.go.gov.br\/secult\/wp-content\/uploads\/sites\/5\/2021\/12\/lei-aldir-blanc-2021-homologacao-resultado-final.pdf\" target=\"_blank\" rel=\"noreferrer noopener\">Homologa\u00e7\u00e3o do Resultado Final<\/a><\/strong><\/p>\n\n\n\n<p>15\/dezembro\/2021 &#8211; <strong><a rel=\"noreferrer noopener\" href=\"https:\/\/www.goiania.go.gov.br\/secult\/wp-content\/uploads\/sites\/5\/2021\/12\/lei-aldir-blanc-2021-portaria-121-homologacao-projetos-recurso.pdf\" target=\"_blank\">Homologa\u00e7\u00e3o dos Projetos em Grau de Recurso<\/a><\/strong><\/p>\n\n\n\n<p>25\/novembro\/2021 &#8211; <strong><a href=\"https:\/\/www.goiania.go.gov.br\/secult\/wp-content\/uploads\/sites\/5\/2021\/11\/lei-aldir-blanc-2021-portaria-115-analise-merito-cultural.pdf\" target=\"_blank\" rel=\"noreferrer noopener\">Resultado An\u00e1lise do M\u00e9rito Cultural<\/a><\/strong><\/p>\n\n\n\n<p>16\/novembro\/2021 &#8211; <strong><a rel=\"noreferrer noopener\" href=\"https:\/\/www.goiania.go.gov.br\/secult\/wp-content\/uploads\/sites\/5\/2021\/11\/lei-aldir-blanc-2021_portaria-113_resultado-recurso.pdf\" target=\"_blank\">Resultado do recurso da an\u00e1lise documental da Lei Aldir Blanc<\/a><\/strong><\/p>\n\n\n\n<p>28\/outubro\/2021 &#8211; <strong><a rel=\"noreferrer noopener\" href=\"https:\/\/www.goiania.go.gov.br\/secult\/wp-content\/uploads\/sites\/5\/2021\/10\/lei-aldir-blanc-2021_portaria-109_homologacao-inscricoes.pdf\" data-type=\"URL\" data-id=\"https:\/\/www.goiania.go.gov.br\/secult\/wp-content\/uploads\/sites\/5\/2021\/10\/lei-aldir-blanc-2021_portaria-109_homologacao-inscricoes.pdf\" target=\"_blank\">Resultado da an\u00e1lise documental da Lei Aldir Blanc<\/a><\/strong><\/p>\n\n\n\n<p><\/p>\n\n\n\n<p><\/p>\n\n\n\n<hr class=\"wp-block-separator\" \/>\n\n\n\n<h2 class=\"has-text-align-left wp-block-heading\"><strong>Novo cronograma de resultados subsequentes<\/strong><\/h2>\n\n\n\n<figure class=\"wp-block-table\"><table><tbody><tr><th colspan=\"2\">Previs\u00e3o De Resultados Subsequentes &#8211; Lei Aldir Blanc &#8211; 2021<\/th><\/tr><tr><\/tr><tr><td>An\u00e1lise do M\u00e9rito Cultural<\/td><td>04 a 18 de Novembro de 2021<\/td><\/tr><tr><\/tr><tr><td>Resultado m\u00e9rito cultural<\/td><td>19 de Novembro de 2021<\/td><\/tr><tr><\/tr><tr><td>Recurso do m\u00e9rito cultural<\/td><td>22 a 24 de novembro de 2021<\/td><\/tr><tr><\/tr><tr><td>An\u00e1lise do recurso do m\u00e9rito cultural<\/td><td>25 a 28 de novembro de 2021<\/td><\/tr><tr><\/tr><tr><td>Resultado do recurso do m\u00e9rito cultural<\/td><td>29 de novembro de 2021<\/td><\/tr><tr><\/tr><tr><td>Homologa\u00e7\u00e3o do resultado final<\/td><td>30 de novembro de 2021<\/td><\/tr><tr><\/tr><\/tbody><\/table><\/figure>\n\n\n\n<h2 class=\"has-text-align-left wp-block-heading\"><strong>Orienta\u00e7\u00f5es para Inscri\u00e7\u00e3o<\/strong><\/h2>\n\n\n\n<p>O proponente deve possuir uma conta de e-mail Google e\/ou GMail. O Cadastro s\u00f3 pode ser realizado uma \u00fanica vez e ficar\u00e1 vinculado a este e-mail.<\/p>\n\n\n\n<p>Verifique se sua conta do GMail\/Google possui espa\u00e7o dispon\u00edvel para fazer upload dos arquivos. <strong><a href=\"https:\/\/drive.google.com\/settings\/storage\" target=\"_blank\" rel=\"noreferrer noopener\">Clique aqui para consultar.<\/a><\/strong><\/p>\n\n\n\n<p>O Credenciamento de Artistas \u00e9 componente obrigat\u00f3rio para participa\u00e7\u00e3o, este cadastramento \u00e9 \u00fanico e caso j\u00e1 tenha realizado em 2020\/2021 n\u00e3o \u00e9 necess\u00e1rio faz\u00ea-lo novamente. O link para o Credenciamento est\u00e1 no final desta P\u00e1gina.<\/p>\n\n\n\n<p>O proponente deve preparar os quatro arquivos contendo os documentos abaixo antes de iniciar a inscri\u00e7\u00e3o, cada um em formato PDF, para anex\u00e1-los no formul\u00e1rio.<\/p>\n\n\n\n<h3 class=\"wp-block-heading\">Documenta\u00e7\u00e3o para Inscri\u00e7\u00e3o<\/h3>\n\n\n\n<ol class=\"wp-block-list\"><li><strong>Comprova\u00e7\u00e3o de Atua\u00e7\u00e3o<\/strong><br>Hist\u00f3ricos, curr\u00edculos, sites, links, redes sociais, portf\u00f3lios, mat\u00e9rias publicadas, fotos e outros que comprovem atua\u00e7\u00e3o reunidos em \u00fanico arquivo PDF<\/li><li><strong>Declara\u00e7\u00e3o<\/strong><br>Anexo II do Edital <strong><a href=\"https:\/\/www.goiania.go.gov.br\/secult\/wp-content\/uploads\/sites\/5\/2021\/09\/lei-aldir-blanc-2021_anexo-II_declaracao-1.docx\" target=\"_blank\" rel=\"noreferrer noopener\">(Baixe aqui)<\/a><\/strong> preencha, assine e salve como PDF<\/li><li><strong>Termo de Compromisso da Contrapartida Cultural<\/strong><br>Anexo III do Edital <strong><a href=\"https:\/\/www.goiania.go.gov.br\/secult\/wp-content\/uploads\/sites\/5\/2021\/09\/lei-aldir-blanc-2021_anexo-III_termo-compromisso-contrapartida-1.docx\" target=\"_blank\" rel=\"noreferrer noopener\">(Baixe aqui)<\/a><\/strong> preencha, assine e salve como PDF<\/li><li><strong>Documentos do Proponente<\/strong><br>Re\u00fana os Documentos Pessoa F\u00edsica e\/ou Jur\u00eddica conforme rela\u00e7\u00e3o abaixo em um s\u00f3 arquivo PDF<br><strong>\u2022 Pessoa F\u00edsica:<\/strong><br>C\u00f3pia do RG e CPF<br>Comprovante de resid\u00eancia ou domic\u00edlio<br>\u2022 <strong>Pessoa Jur\u00eddica:<\/strong><br>C\u00f3pia do RG e CPF do representante legal;<br>Comprovante de inscri\u00e7\u00e3o no Cadastro Nacional de Pessoas Jur\u00eddicas da secretaria da receita Federal \u2013 CNPJ<br>Comprovante do domic\u00edlio da pessoa jur\u00eddica;<br>C\u00f3pia do ato constitutivo da pr\u00f3pria, com prova do arquivo no registro p\u00fablico competente, acompanhado de documento id\u00f4neo apto a provar a contemporaneidade do(s) gestor(es) respons\u00e1vel e com poderes para assumir obriga\u00e7\u00f5es em nome da Pessoa Jur\u00eddica<\/li><\/ol>\n\n\n\n<p><em>Use o site <a href=\"https:\/\/tools.pdf24.org\/pt\/\" target=\"_blank\" rel=\"noreferrer noopener\">https:\/\/tools.pdf24.org\/pt\/<\/a> para converter, juntar ou organizar arquivos em PDF.<\/em><\/p>\n\n\n\n<hr class=\"wp-block-separator\" \/>\n\n\n\n<h2 class=\"has-text-align-center wp-block-heading\">Formul\u00e1rio de Inscri\u00e7\u00e3o<\/h2>\n\n\n\n<p style=\"text-align:center;margin: 30px 0 10px\"><strong><a target=\"_blank\" rel=\"noreferrer noopener\" style=\"padding: 15px 30px;border-radius: 100px;background:#447BF2;color:#fff\">INSCRI\u00c7\u00d5E&nbsp;ENCERRADAS<\/a><\/strong><\/p>\n\n\n\n<h4 class=\"has-text-align-center wp-block-heading\">Caso tenha d\u00favidas de como fazer sua inscri\u00e7\u00e3o consulte o v\u00eddeo explicativo logo abaixo.<\/h4>\n\n\n\n<figure class=\"wp-block-embed is-type-video is-provider-youtube wp-block-embed-youtube wp-embed-aspect-16-9 wp-has-aspect-ratio\"><div class=\"wp-block-embed__wrapper\">\n<iframe loading=\"lazy\" title=\"Como fazer a inscri\u00e7\u00e3o na Lei Aldir Blanc - Secult Goi\u00e2nia\" width=\"500\" height=\"281\" src=\"https:\/\/www.youtube.com\/embed\/ZuaZDTLR3EM?feature=oembed\" frameborder=\"0\" allow=\"accelerometer; autoplay; clipboard-write; encrypted-media; gyroscope; picture-in-picture; web-share\" referrerpolicy=\"strict-origin-when-cross-origin\" allowfullscreen><\/iframe>\n<\/div><\/figure>\n\n\n\n<p><\/p>\n\n\n\n<hr style=\"margin: 10px 0\">\n\n\n\n<h2 class=\"wp-block-heading\">Credenciamento de Pessoas e Entidades Culturais<\/h2>\n\n\n\n<p><strong>ATEN\u00c7\u00c3O!<\/strong> Esta \u00e9 uma etapa inicial e anterior ao processo de credenciamento da Lei Aldir Blanc, este cadastramento \u00e9 \u00fanico e caso j\u00e1 tenha realizado em 2020 n\u00e3o \u00e9 necess\u00e1rio faz\u00ea-lo novamente. <\/p>\n\n\n\n<p><\/p>\n\n\n\n<p style=\"text-align:left;margin: 20px 0\"><a href=\"https:\/\/www.goiania.go.gov.br\/secult\/cadastro-cultural\/\" rel=\"noreferrer noopener\" style=\"padding: 10px 20px;border-radius: 100px;background:#245054;color:#fff\"><strong>FAZER CREDENCIAMENTO<\/strong><\/a><\/p>\n\n\n\n<hr style=\"margin: 10px 0\">\n\n\n\n<h2 class=\"wp-block-heading\">D\u00favidas ou Informa\u00e7\u00f5es<\/h2>\n\n\n\n<p><strong>Sede da Secult<\/strong><br>Avenida Parque Atheneu, n\u00b0 1477, Setor Parque Atheneu<br><br><strong>Centro Cultural Esta\u00e7\u00e3o Cultura<\/strong><br>Antiga Esta\u00e7\u00e3o Ferrovi\u00e1ria<br>Av. Goi\u00e1s, 1799 &#8211; St. Central<\/p>\n\n\n\n<p><strong>Telefone<\/strong>: (62)3273-9820<\/p>\n\n\n\n<p style=\"background:#e8e8e8;padding:10px 20px;border-radius:2px\">Caso queira acessar o Edital da Lei Aldir Blanc 2020 <a href=\"https:\/\/www.goiania.go.gov.br\/secult\/lei-aldir-blanc-2020\/\" target=\"_blank\" rel=\"noopener\">acesse aqui os documentos anteriores.<\/a><\/p>\n","protected":false},"excerpt":{"rendered":"<p>Editais Lei Aldir Blanc \u2013 Saiba mais A Prefeitura de Goi\u00e2nia, por meio da Secretaria Municipal de Cultura (Secult), publicou nesta sexta-feira, 17, no Di\u00e1rio Oficial, o Edital de Chamada P\u00fablica para mais um per\u00edodo de inscri\u00e7\u00e3o da Lei Aldir Blanc. Artistas, grupos e profissionais do setor cultural (pessoa f\u00edsica e jur\u00eddica) ter\u00e3o o prazo [&hellip;]<\/p>\n","protected":false},"author":11,"featured_media":0,"parent":0,"menu_order":24,"comment_status":"closed","ping_status":"closed","template":"","meta":{"_acf_changed":false,"custom_icon_class":"","olho":"","footnotes":""},"class_list":["post-512","page","type-page","status-publish","hentry"],"acf":[],"_links":{"self":[{"href":"https:\/\/www.goiania.go.gov.br\/secult\/wp-json\/wp\/v2\/pages\/512","targetHints":{"allow":["GET"]}}],"collection":[{"href":"https:\/\/www.goiania.go.gov.br\/secult\/wp-json\/wp\/v2\/pages"}],"about":[{"href":"https:\/\/www.goiania.go.gov.br\/secult\/wp-json\/wp\/v2\/types\/page"}],"author":[{"embeddable":true,"href":"https:\/\/www.goiania.go.gov.br\/secult\/wp-json\/wp\/v2\/users\/11"}],"replies":[{"embeddable":true,"href":"https:\/\/www.goiania.go.gov.br\/secult\/wp-json\/wp\/v2\/comments?post=512"}],"version-history":[{"count":9,"href":"https:\/\/www.goiania.go.gov.br\/secult\/wp-json\/wp\/v2\/pages\/512\/revisions"}],"predecessor-version":[{"id":1275,"href":"https:\/\/www.goiania.go.gov.br\/secult\/wp-json\/wp\/v2\/pages\/512\/revisions\/1275"}],"wp:attachment":[{"href":"https:\/\/www.goiania.go.gov.br\/secult\/wp-json\/wp\/v2\/media?parent=512"}],"curies":[{"name":"wp","href":"https:\/\/api.w.org\/{rel}","templated":true}]}}