{"id":440,"date":"2019-05-13T11:37:32","date_gmt":"2021-03-22T19:39:25","guid":{"rendered":"https:\/\/www.goiania.go.gov.br\/secult\/?page_id=440"},"modified":"2021-09-17T13:19:32","modified_gmt":"2021-09-17T16:19:32","slug":"prestacao-de-contas","status":"publish","type":"page","link":"https:\/\/www.goiania.go.gov.br\/secult\/lei-aldir-blanc\/lei-aldir-blanc-2020\/prestacao-de-contas\/","title":{"rendered":"Lei Aldir Blanc 2020 &#8211; Presta\u00e7\u00e3o de Contas"},"content":{"rendered":"\n<p>Documentos para presta\u00e7\u00e3o de contas referente ao Inciso II &#8211; Lei Aldir Blanc<\/p>\n\n\n\n<p><strong><a rel=\"noreferrer noopener\" href=\"https:\/\/www.goiania.go.gov.br\/secult\/wp-uploads\/sites\/5\/2021\/03\/inciso-ii_prestacao-contas.pdf\" target=\"_blank\">Presta\u00e7\u00e3o de Contas &#8211; Inciso II (PDF)<\/a><\/strong><\/p>\n\n\n\n<p><a href=\"https:\/\/www.goiania.go.gov.br\/secult\/wp-uploads\/sites\/5\/2021\/04\/inciso-ii_prestacao-contas_modelo-balancete-atualizado.docx\" target=\"_blank\" rel=\"noreferrer noopener\"><strong>Modelo de Balancet<\/strong><\/a><strong><a rel=\"noreferrer noopener\" href=\"https:\/\/www.goiania.go.gov.br\/secult\/wp-uploads\/sites\/5\/2021\/03\/inciso-ii_prestacao-contas_modelo-balancete.docx\" target=\"_blank\">e &#8211; Inciso I<\/a><\/strong><a rel=\"noreferrer noopener\" href=\"https:\/\/www.goiania.go.gov.br\/secult\/wp-uploads\/sites\/5\/2021\/03\/inciso-ii_prestacao-contas_modelo-balancete.docx\" target=\"_blank\"><strong>I<\/strong><\/a><\/p>\n\n\n\n<p><a rel=\"noreferrer noopener\" href=\"https:\/\/www.goiania.go.gov.br\/secult\/wp-uploads\/sites\/5\/2021\/03\/inciso-ii_prestacao-contas_anexo-1_oficio-encaminhamento.docx\" target=\"_blank\"><strong>Of\u00edcio de Encaminhament<\/strong><\/a><strong><a rel=\"noreferrer noopener\" href=\"https:\/\/www.goiania.go.gov.br\/secult\/wp-uploads\/sites\/5\/2021\/03\/inciso-ii_prestacao-contas_anexo-1_oficio-encaminhamento.docx\" target=\"_blank\">o<\/a><\/strong><strong><a rel=\"noreferrer noopener\" href=\"https:\/\/www.goiania.go.gov.br\/secult\/wp-uploads\/sites\/5\/2021\/03\/inciso-ii_prestacao-contas_anexo-1_oficio-encaminhamento.docx\" target=\"_blank\"> <\/a><\/strong><strong><a rel=\"noreferrer noopener\" href=\"https:\/\/www.goiania.go.gov.br\/secult\/wp-uploads\/sites\/5\/2021\/03\/inciso-ii_prestacao-contas_anexo-1_oficio-encaminhamento.docx\" target=\"_blank\">&#8211;<\/a><\/strong><strong><a rel=\"noreferrer noopener\" href=\"https:\/\/www.goiania.go.gov.br\/secult\/wp-uploads\/sites\/5\/2021\/03\/inciso-ii_prestacao-contas_anexo-1_oficio-encaminhamento.docx\" target=\"_blank\"> <\/a><\/strong><strong><a rel=\"noreferrer noopener\" href=\"https:\/\/www.goiania.go.gov.br\/secult\/wp-uploads\/sites\/5\/2021\/03\/inciso-ii_prestacao-contas_anexo-1_oficio-encaminhamento.docx\" target=\"_blank\">I<\/a><\/strong><strong><a rel=\"noreferrer noopener\" href=\"https:\/\/www.goiania.go.gov.br\/secult\/wp-uploads\/sites\/5\/2021\/03\/inciso-ii_prestacao-contas_anexo-1_oficio-encaminhamento.docx\" target=\"_blank\">n<\/a><\/strong><strong><a rel=\"noreferrer noopener\" href=\"https:\/\/www.goiania.go.gov.br\/secult\/wp-uploads\/sites\/5\/2021\/03\/inciso-ii_prestacao-contas_anexo-1_oficio-encaminhamento.docx\" target=\"_blank\">c<\/a><\/strong><strong><a rel=\"noreferrer noopener\" href=\"https:\/\/www.goiania.go.gov.br\/secult\/wp-uploads\/sites\/5\/2021\/03\/inciso-ii_prestacao-contas_anexo-1_oficio-encaminhamento.docx\" target=\"_blank\">i<\/a><\/strong><strong><a rel=\"noreferrer noopener\" href=\"https:\/\/www.goiania.go.gov.br\/secult\/wp-uploads\/sites\/5\/2021\/03\/inciso-ii_prestacao-contas_anexo-1_oficio-encaminhamento.docx\" target=\"_blank\">s<\/a><\/strong><strong><a rel=\"noreferrer noopener\" href=\"https:\/\/www.goiania.go.gov.br\/secult\/wp-uploads\/sites\/5\/2021\/03\/inciso-ii_prestacao-contas_anexo-1_oficio-encaminhamento.docx\" target=\"_blank\">o<\/a><\/strong><strong><a rel=\"noreferrer noopener\" href=\"https:\/\/www.goiania.go.gov.br\/secult\/wp-uploads\/sites\/5\/2021\/03\/inciso-ii_prestacao-contas_anexo-1_oficio-encaminhamento.docx\" target=\"_blank\"> <\/a><\/strong><strong><a rel=\"noreferrer noopener\" href=\"https:\/\/www.goiania.go.gov.br\/secult\/wp-uploads\/sites\/5\/2021\/03\/inciso-ii_prestacao-contas_anexo-1_oficio-encaminhamento.docx\" target=\"_blank\">I<\/a><\/strong><a rel=\"noreferrer noopener\" href=\"https:\/\/www.goiania.go.gov.br\/secult\/wp-uploads\/sites\/5\/2021\/03\/inciso-ii_prestacao-contas_anexo-1_oficio-encaminhamento.docx\" target=\"_blank\"><strong>I<\/strong><\/a><\/p>\n","protected":false},"excerpt":{"rendered":"<p>Documentos para presta\u00e7\u00e3o de contas referente ao Inciso II &#8211; Lei Aldir Blanc Presta\u00e7\u00e3o de Contas &#8211; Inciso II (PDF) Modelo de Balancete &#8211; Inciso II Of\u00edcio de Encaminhamento &#8211; Inciso II<\/p>\n","protected":false},"author":11,"featured_media":0,"parent":234,"menu_order":1,"comment_status":"closed","ping_status":"closed","template":"","meta":{"_acf_changed":false,"custom_icon_class":"","olho":"","footnotes":""},"class_list":["post-440","page","type-page","status-publish","hentry"],"acf":[],"_links":{"self":[{"href":"https:\/\/www.goiania.go.gov.br\/secult\/wp-json\/wp\/v2\/pages\/440","targetHints":{"allow":["GET"]}}],"collection":[{"href":"https:\/\/www.goiania.go.gov.br\/secult\/wp-json\/wp\/v2\/pages"}],"about":[{"href":"https:\/\/www.goiania.go.gov.br\/secult\/wp-json\/wp\/v2\/types\/page"}],"author":[{"embeddable":true,"href":"https:\/\/www.goiania.go.gov.br\/secult\/wp-json\/wp\/v2\/users\/11"}],"replies":[{"embeddable":true,"href":"https:\/\/www.goiania.go.gov.br\/secult\/wp-json\/wp\/v2\/comments?post=440"}],"version-history":[{"count":4,"href":"https:\/\/www.goiania.go.gov.br\/secult\/wp-json\/wp\/v2\/pages\/440\/revisions"}],"predecessor-version":[{"id":518,"href":"https:\/\/www.goiania.go.gov.br\/secult\/wp-json\/wp\/v2\/pages\/440\/revisions\/518"}],"up":[{"embeddable":true,"href":"https:\/\/www.goiania.go.gov.br\/secult\/wp-json\/wp\/v2\/pages\/234"}],"wp:attachment":[{"href":"https:\/\/www.goiania.go.gov.br\/secult\/wp-json\/wp\/v2\/media?parent=440"}],"curies":[{"name":"wp","href":"https:\/\/api.w.org\/{rel}","templated":true}]}}