{"id":41,"date":"2024-04-23T18:08:06","date_gmt":"2019-09-05T17:03:31","guid":{"rendered":"http:\/\/www12.goiania.go.gov.br\/secult\/?page_id=41"},"modified":"2026-01-15T16:12:58","modified_gmt":"2026-01-15T19:12:58","slug":"lei-incentivo-2024","status":"publish","type":"page","link":"https:\/\/www.goiania.go.gov.br\/secult\/lei-incentivo-2024\/","title":{"rendered":"Lei de Incentivo \u00e0 Cultura 2024"},"content":{"rendered":"\n<p>A Secretaria Municipal da Cultura de Goi\u00e2nia comunica que estar\u00e1 aberto, no per\u00edodo de <strong>15 de abril a <span style=\"text-decoration: line-through\">31 de maio de 2024<\/span><\/strong> <strong>(Prorrogado at\u00e9 o dia 14 de junho)<\/strong>, o prazo para inscri\u00e7\u00e3o, do concurso de sele\u00e7\u00e3o de projetos culturais, nos termos da Lei Federal no 8.666 de 1993 e legisla\u00e7\u00e3o correlata em conson\u00e2ncia com a Lei municipal no 7.957 de 06 de janeiro de 2000 e altera\u00e7\u00f5es posteriores, em conjunto com a legisla\u00e7\u00e3o e atos normativos correlatos.<\/p>\n\n\n\n<p style=\"background:#A1EBD1;padding:1rem\"><strong>Publicado Resultado da An\u00e1lise de M\u00e9rito Cultural em Di\u00e1rio Oficial. Veja a publica\u00e7\u00e3o na se\u00e7\u00e3o abaixo.<\/strong><\/p>\n\n\n\n<hr class=\"wp-block-separator has-css-opacity\" \/>\n\n\n\n<h2 class=\"wp-block-heading has-text-align-left\"><strong>Publica\u00e7\u00f5es Oficiais<\/strong><\/h2>\n\n\n\n<p><em>Veja abaixo todas as publica\u00e7\u00f5es oficiais sobre a Lei Municipal de Incentivo a Cultura, as edi\u00e7\u00f5es mais recentes vem em primeiro.<\/em><\/p>\n\n\n\n<p><a href=\"https:\/\/www.goiania.go.gov.br\/secult\/wp-content\/uploads\/sites\/5\/2024\/04\/lei-incentivo-cultura-2024-edital.pdf\"><\/a><a href=\"https:\/\/www.goiania.go.gov.br\/secult\/wp-content\/uploads\/sites\/5\/2024\/12\/lei-incentivo-2024-resultado-final.pdf\" target=\"_blank\" rel=\"noreferrer noopener\"><strong> 10\/12\/2024 \u2022 Resultado Final (PDF)<\/strong><\/a><\/p>\n\n\n\n<p><a href=\"https:\/\/www.goiania.go.gov.br\/secult\/wp-content\/uploads\/sites\/5\/2024\/04\/lei-incentivo-cultura-2024-edital.pdf\"><\/a><a href=\"https:\/\/www.goiania.go.gov.br\/secult\/wp-content\/uploads\/sites\/5\/2024\/11\/lei-incentivo-2024-resultado-analise-documental.pdf\" target=\"_blank\" rel=\"noreferrer noopener\"><strong> 19\/11\/2024 \u2022 Resultado do Recurso da An\u00e1lise Documental (PDF)<\/strong><\/a><\/p>\n\n\n\n<p><a href=\"https:\/\/www.goiania.go.gov.br\/secult\/wp-content\/uploads\/sites\/5\/2024\/04\/lei-incentivo-cultura-2024-edital.pdf\"><\/a><a href=\"https:\/\/www.goiania.go.gov.br\/secult\/wp-content\/uploads\/sites\/5\/2024\/11\/lei-incentivo-cultura-2024-resultado-recurso-analise-merito-cultural.pdf\" target=\"_blank\" rel=\"noreferrer noopener\"><strong> 12\/11\/2024 \u2022 Resultado do Reurso da An\u00e1lise de M\u00e9rito Cultural (PDF)<\/strong><\/a><\/p>\n\n\n\n<p><a href=\"https:\/\/www.goiania.go.gov.br\/secult\/wp-content\/uploads\/sites\/5\/2024\/04\/lei-incentivo-cultura-2024-edital.pdf\"><\/a><a href=\"https:\/\/www.goiania.go.gov.br\/secult\/wp-content\/uploads\/sites\/5\/2024\/09\/lei-incentivo-cultura-2024-resultado-analise-merito-cultural.pdf\" target=\"_blank\" rel=\"noreferrer noopener\"><strong> 30\/09\/2024 \u2022 Resultado da An\u00e1lise de M\u00e9rito Cultural (PDF)<\/strong><\/a><\/p>\n\n\n\n<p><a href=\"https:\/\/www.goiania.go.gov.br\/secult\/wp-content\/uploads\/sites\/5\/2024\/04\/lei-incentivo-cultura-2024-edital.pdf\"><\/a><a href=\"https:\/\/www.goiania.go.gov.br\/secult\/wp-content\/uploads\/sites\/5\/2024\/04\/lei-incentivo-cultura-2024-edital.pdf\"><strong> 05\/04\/2024 \u2022 Edital 06\/2024 Lei de Incentivo a Cultura (PDF)<\/strong><\/a><\/p>\n\n\n\n<hr class=\"wp-block-separator has-alpha-channel-opacity\" \/>\n\n\n\n<h2 class=\"wp-block-heading\">Logotipos para uso<\/h2>\n\n\n\n<p><a href=\"https:\/\/drive.google.com\/uc?export=download&amp;id=1mwEe7A_EUoHgeczZEwaHbQMCKaSzX2vf\" target=\"_blank\" rel=\"noreferrer noopener\"><strong>Logo &#8211; Prefeitura de Goi\u00e2nia | Secretaria Municipal de Cultura<\/strong><\/a><\/p>\n\n\n\n<p><a href=\"https:\/\/drive.google.com\/uc?export=download&amp;id=1gil-beXNZwvwEte80iB1-vQyqxbtxl46\" target=\"_blank\" rel=\"noreferrer noopener\"><strong>Logo &#8211; Lei de Incentivo a Cultura<\/strong><\/a><\/p>\n\n\n\n<hr class=\"wp-block-separator has-alpha-channel-opacity\" \/>\n\n\n\n<p>Lista de Documentos<strong> obrigat\u00f3rios do Edital <\/strong>da Lei Municipal de Incentivo a Cultura para envio no ato da inscri\u00e7\u00e3o:<\/p>\n\n\n\n<ul class=\"wp-block-list\">\n<li> <span class=\"icon icon-book\"><\/span><span class=\"text\">  <strong><a href=\"https:\/\/www.goiania.go.gov.br\/secult\/wp-content\/uploads\/sites\/5\/2024\/04\/lei-incentivo-cultura-2024-anexo-2-completo.docx\">ANEXO II &#8211; Requerimento de Inscri\u00e7\u00e3o (Baixar)<\/a><\/strong><\/span><\/li>\n\n\n\n<li> <span class=\"icon icon-book\"><\/span><span class=\"text\">  <strong><a href=\"https:\/\/www.goiania.go.gov.br\/secult\/wp-content\/uploads\/sites\/5\/2024\/04\/lei-incentivo-cultura-2024-anexo-3.docx\">ANEXO III &#8211; Planilha de Or\u00e7amento F\u00edsico (Baixar)<\/a><\/strong><\/span><\/li>\n\n\n\n<li> <span class=\"icon icon-book\"><\/span><span class=\"text\">  <strong><a href=\"https:\/\/www.goiania.go.gov.br\/secult\/wp-content\/uploads\/sites\/5\/2024\/04\/lei-incentivo-cultura-2024-anexo-4.docx\">ANEXO IV &#8211; Planilha de Execu\u00e7\u00e3o Or\u00e7ament\u00e1ria do Projeto (Baixar)<\/a><\/strong><\/span><\/li>\n\n\n\n<li> <span class=\"icon icon-book\"><\/span><span class=\"text\">  <strong><a href=\"https:\/\/www.goiania.go.gov.br\/secult\/wp-content\/uploads\/sites\/5\/2024\/04\/lei-incentivo-cultura-2024-anexo-5.docx\">ANEXO V &#8211; Plano B\u00e1sico de Divulga\u00e7\u00e3o (Baixar)<\/a><\/strong><\/span><\/li>\n\n\n\n<li> <span class=\"icon icon-book\"><\/span><span class=\"text\">  <strong><a href=\"https:\/\/www.goiania.go.gov.br\/secult\/wp-content\/uploads\/sites\/5\/2024\/04\/lei-incentivo-cultura-2024-anexo-6.docx\">ANEXO VI &#8211; Plano de Distribui\u00e7\u00e3o e Comercializa\u00e7\u00e3o (Baixar)<\/a><\/strong><\/span><\/li>\n\n\n\n<li> <span class=\"icon icon-book\"><\/span><span class=\"text\">  <strong><a href=\"https:\/\/www.goiania.go.gov.br\/secult\/wp-content\/uploads\/sites\/5\/2024\/04\/lei-incentivo-cultura-2024-anexo-7.docx\">ANEXO VII &#8211; Termo de Responsabilidade (Baixar)<\/a><\/strong><\/span><\/li>\n\n\n\n<li> <span class=\"icon icon-book\"><\/span><span class=\"text\">  <strong><a href=\"https:\/\/www.goiania.go.gov.br\/secult\/wp-content\/uploads\/sites\/5\/2024\/04\/lei-incentivo-cultura-2024-anexo-8.docx\">ANEXO VII &#8211; Ficha T\u00e9cnica (Baixar)<\/a><\/strong><\/span><\/li>\n\n\n\n<li> <span class=\"icon icon-book\"><\/span><span class=\"text\">  <strong><a href=\"https:\/\/www.goiania.go.gov.br\/secult\/wp-content\/uploads\/sites\/5\/2024\/04\/lei-incentivo-cultura-2024-anexo-9.docx\">ANEXO IX &#8211; Curr\u00edculo e comprova\u00e7\u00e3o de atua\u00e7\u00e3o (Baixar)<\/a><\/strong><\/span><\/li>\n<\/ul>\n\n\n\n<hr class=\"wp-block-separator has-css-opacity\" \/>\n\n\n\n<h2 class=\"wp-block-heading\">Orienta\u00e7\u00f5es para inscri\u00e7\u00f5es<\/h2>\n\n\n\n<p>Re\u00fana todos os arquivos exigidos no edital: os documentos obrigat\u00f3rios do segmento e os anexos dispon\u00edveis acima devidamente preenchidos, cada inscri\u00e7\u00e3o dever\u00e1 fazer upload dos documentos em formato PDF durante o preenchimento do formul\u00e1rio.<\/p>\n\n\n\n<p>O proponente deve criar uma conta na <strong>Plataforma 1Doc <\/strong>e preencher seus dados antes de enviar o formul\u00e1rio e em seguida fazer a <strong>inscri\u00e7\u00e3o de acordo com o segmento desejado<\/strong>.<\/p>\n\n\n\n<p style=\"background:#1EC98A;padding:1rem\"><strong>As inscri\u00e7\u00f5es realizada no Formul\u00e1rio do Google ser\u00e3o migradas e os artistas receber\u00e3o no e-mail cadastrado uma notifica\u00e7\u00e3o e os acessos \u00e0 plataforma.<\/strong><\/p>\n\n\n\n<p><strong>Veja o Tutorial:<\/strong><\/p>\n\n\n<div class=\"wp-block-image\">\n<figure class=\"aligncenter size-large is-resized\"><a href=\"https:\/\/www.youtube.com\/watch?v=3hbuunbKZIo\"><img loading=\"lazy\" decoding=\"async\" width=\"1024\" height=\"584\" src=\"https:\/\/www.goiania.go.gov.br\/secult\/wp-content\/uploads\/sites\/5\/2024\/05\/Artboard-1-100-1024x584.jpg\" alt=\"\" class=\"wp-image-1300\" style=\"width:601px;height:auto\" srcset=\"https:\/\/www.goiania.go.gov.br\/secult\/wp-content\/uploads\/sites\/5\/2024\/05\/Artboard-1-100-1024x584.jpg 1024w, https:\/\/www.goiania.go.gov.br\/secult\/wp-content\/uploads\/sites\/5\/2024\/05\/Artboard-1-100-300x171.jpg 300w, https:\/\/www.goiania.go.gov.br\/secult\/wp-content\/uploads\/sites\/5\/2024\/05\/Artboard-1-100-768x438.jpg 768w, https:\/\/www.goiania.go.gov.br\/secult\/wp-content\/uploads\/sites\/5\/2024\/05\/Artboard-1-100-1536x876.jpg 1536w, https:\/\/www.goiania.go.gov.br\/secult\/wp-content\/uploads\/sites\/5\/2024\/05\/Artboard-1-100.jpg 1894w\" sizes=\"auto, (max-width: 1024px) 100vw, 1024px\" \/><\/a><\/figure>\n<\/div>\n\n\n<div class=\"wp-block-media-text has-media-on-the-right is-stacked-on-mobile\" style=\"grid-template-columns:auto 15%\"><div class=\"wp-block-media-text__content\">\n<p>\u26a0\ufe0f Caso tenha algum problema de acesso ou dificuldade de uso da plataforma, <strong><a href=\"https:\/\/atendimento.1doc.com.br\/kb\" data-type=\"link\" data-id=\"https:\/\/atendimento.1doc.com.br\/kb\" target=\"_blank\" rel=\"noreferrer noopener\">acesse a p\u00e1gina de o Suporte da 1DOC<\/a><\/strong> e clique no bot\u00e3o de chat no canto inferior direito:<\/p>\n<\/div><figure class=\"wp-block-media-text__media\"><a href=\"https:\/\/atendimento.1doc.com.br\/kb\" target=\"_blank\" rel=\"noreferrer noopener\"><img loading=\"lazy\" decoding=\"async\" width=\"114\" height=\"112\" src=\"https:\/\/www.goiania.go.gov.br\/secult\/wp-content\/uploads\/sites\/5\/2024\/06\/Screenshot-2024-06-03-at-21.05.14.png\" alt=\"\" class=\"wp-image-1312 size-full\" srcset=\"https:\/\/www.goiania.go.gov.br\/secult\/wp-content\/uploads\/sites\/5\/2024\/06\/Screenshot-2024-06-03-at-21.05.14.png 114w, https:\/\/www.goiania.go.gov.br\/secult\/wp-content\/uploads\/sites\/5\/2024\/06\/Screenshot-2024-06-03-at-21.05.14-20x20.png 20w, https:\/\/www.goiania.go.gov.br\/secult\/wp-content\/uploads\/sites\/5\/2024\/06\/Screenshot-2024-06-03-at-21.05.14-40x40.png 40w, https:\/\/www.goiania.go.gov.br\/secult\/wp-content\/uploads\/sites\/5\/2024\/06\/Screenshot-2024-06-03-at-21.05.14-60x60.png 60w, https:\/\/www.goiania.go.gov.br\/secult\/wp-content\/uploads\/sites\/5\/2024\/06\/Screenshot-2024-06-03-at-21.05.14-80x80.png 80w\" sizes=\"auto, (max-width: 114px) 100vw, 114px\" \/><\/a><\/figure><\/div>\n\n\n\n<p>Utilize o site gratuito para converter\/juntar arquivos de imagem, word e excel e outros documentos em formato PDF:&nbsp;<strong><a href=\"https:\/\/tools.pdf24.org\/pt\/juntar-pdf\">https:\/\/tools.pdf24.org\/pt\/juntar-pdf<\/a><\/strong><\/p>\n\n\n\n<hr class=\"wp-block-separator has-css-opacity\" \/>\n\n\n\n<h2 class=\"wp-block-heading has-text-align-center\">Formul\u00e1rio de Inscri\u00e7\u00e3o<\/h2>\n\n\n\n<p class=\"has-text-align-center\">Inscri\u00e7\u00f5es abertas de 15 de abril a 14 de junho.<\/p>\n\n\n\n<p style=\"text-align:center;margin: 30px 0 10px;font-size:1.25rem\"><strong><a href=\"https:\/\/goiania.1doc.com.br\/b.php?pg=o\/central_servicos&amp;tab=categoria&amp;filter=01HXA0YA6V3F6YGAZ3DGDCN3B3\" target=\"_blank\" rel=\"noreferrer noopener\" style=\"padding: 15px 30px;border-radius: 100px;background:#4390FF;color:#fff\">Inscri\u00e7\u00f5es Abertas<\/a><\/strong><\/p>\n\n\n\n<hr class=\"wp-block-separator has-alpha-channel-opacity\" \/>\n\n\n\n<h2 class=\"wp-block-heading has-text-align-center\">Perguntas e Respostas Frequentes<\/h2>\n\n\n\n<p>Clique nas perguntas abaixo e veja as respostas, caso n\u00e3o encontre a sua d\u00favida envie para n\u00f3s pelo formul\u00e1rio: <a href=\"https:\/\/forms.gle\/C1kqqPHw1BTRyg7P7\" data-type=\"link\" data-id=\"https:\/\/forms.gle\/C1kqqPHw1BTRyg7P7\" target=\"_blank\" rel=\"noreferrer noopener\"><strong>forms.gle\/C1kqqPHw1BTRyg7P7<\/strong><\/a><\/p>\n\n\n\n<details>\n    <summary><strong>&#9658; Haver\u00e1 recebimento de documentos presencialmente na Secretaria?<\/strong><\/summary>\n    <p>N\u00e3o. As inscri\u00e7\u00f5es e envio de documentos ser\u00e3o somente online pelo formul\u00e1rio no nosso site.<\/p>\n<\/details>\n\n\n\n<hr class=\"wp-block-separator has-css-opacity\" \/>\n","protected":false},"excerpt":{"rendered":"<p>A Secretaria Municipal da Cultura de Goi\u00e2nia comunica que estar\u00e1 aberto, no per\u00edodo de 15 de abril a 31 de maio de 2024 (Prorrogado at\u00e9 o dia 14 de junho), o prazo para inscri\u00e7\u00e3o, do concurso de sele\u00e7\u00e3o de projetos culturais, nos termos da Lei Federal no 8.666 de 1993 e legisla\u00e7\u00e3o correlata em conson\u00e2ncia [&hellip;]<\/p>\n","protected":false},"author":11,"featured_media":0,"parent":0,"menu_order":16,"comment_status":"closed","ping_status":"closed","template":"","meta":{"_acf_changed":false,"custom_icon_class":"","olho":"","footnotes":""},"class_list":["post-41","page","type-page","status-publish","hentry"],"acf":[],"_links":{"self":[{"href":"https:\/\/www.goiania.go.gov.br\/secult\/wp-json\/wp\/v2\/pages\/41","targetHints":{"allow":["GET"]}}],"collection":[{"href":"https:\/\/www.goiania.go.gov.br\/secult\/wp-json\/wp\/v2\/pages"}],"about":[{"href":"https:\/\/www.goiania.go.gov.br\/secult\/wp-json\/wp\/v2\/types\/page"}],"author":[{"embeddable":true,"href":"https:\/\/www.goiania.go.gov.br\/secult\/wp-json\/wp\/v2\/users\/11"}],"replies":[{"embeddable":true,"href":"https:\/\/www.goiania.go.gov.br\/secult\/wp-json\/wp\/v2\/comments?post=41"}],"version-history":[{"count":10,"href":"https:\/\/www.goiania.go.gov.br\/secult\/wp-json\/wp\/v2\/pages\/41\/revisions"}],"predecessor-version":[{"id":1584,"href":"https:\/\/www.goiania.go.gov.br\/secult\/wp-json\/wp\/v2\/pages\/41\/revisions\/1584"}],"wp:attachment":[{"href":"https:\/\/www.goiania.go.gov.br\/secult\/wp-json\/wp\/v2\/media?parent=41"}],"curies":[{"name":"wp","href":"https:\/\/api.w.org\/{rel}","templated":true}]}}