{"id":4,"date":"2019-06-05T11:34:16","date_gmt":"2019-06-05T14:34:16","guid":{"rendered":"http:\/\/localhost\/goiania-site\/public_html\/secbase\/?page_id=81"},"modified":"2019-09-05T19:02:25","modified_gmt":"2019-09-05T22:02:25","slug":"sobre-a-secretaria","status":"publish","type":"page","link":"https:\/\/www.goiania.go.gov.br\/secult\/sobre-a-secretaria\/","title":{"rendered":"Sobre a Secretaria"},"content":{"rendered":"\n<p>A Secretaria Municipal de Cultura (Secult) integra a estrutura de administra\u00e7\u00e3o da Prefeitura de Goi\u00e2nia e atua de forma integrada aos demais \u00f3rg\u00e3os e entidades administrativas na promo\u00e7\u00e3o de pol\u00edticas p\u00fablicas para Capital. S\u00e3o compet\u00eancias legais da Pasta as atividades de elabora\u00e7\u00e3o e execu\u00e7\u00e3o da Pol\u00edtica Municipal de Cultura, promo\u00e7\u00e3o do desenvolvimento da Cultura, bem como a conserva\u00e7\u00e3o do patrim\u00f4nio hist\u00f3rico e art\u00edstico do Munic\u00edpio. Al\u00e9m do est\u00edmulo \u00e0 produ\u00e7\u00e3o e difus\u00e3o cultural, assim como a preserva\u00e7\u00e3o das manifesta\u00e7\u00f5es culturais para a popula\u00e7\u00e3o.<\/p>\n\n\n\n<p>A Secult tamb\u00e9m \u00e9 respons\u00e1vel pela cria\u00e7\u00e3o e manuten\u00e7\u00e3o de bibliotecas, centros culturais, museus, teatros, arquivos hist\u00f3ricos e demais instala\u00e7\u00f5es e institui\u00e7\u00f5es de car\u00e1ter cultural. Promove cursos, semin\u00e1rios, festivais, encontros e demais eventos de natureza cultural que j\u00e1 integram o calend\u00e1rio da Capital. A administra\u00e7\u00e3o do acervo e equipamentos culturais e a gest\u00e3o do Fundo de Apoio \u00e0 Cultura e execu\u00e7\u00e3o da Lei de Incentivo \u00e0 Cultura tamb\u00e9m s\u00e3o atribui\u00e7\u00f5es da Pasta.&nbsp;<\/p>\n","protected":false},"excerpt":{"rendered":"<p>A Secretaria Municipal de Cultura (Secult) integra a estrutura de administra\u00e7\u00e3o da Prefeitura de Goi\u00e2nia e atua de forma integrada aos demais \u00f3rg\u00e3os e entidades administrativas na promo\u00e7\u00e3o de pol\u00edticas p\u00fablicas para Capital. S\u00e3o compet\u00eancias legais da Pasta as atividades de elabora\u00e7\u00e3o e execu\u00e7\u00e3o da Pol\u00edtica Municipal de Cultura, promo\u00e7\u00e3o do desenvolvimento da Cultura, bem [&hellip;]<\/p>\n","protected":false},"author":1,"featured_media":0,"parent":0,"menu_order":0,"comment_status":"closed","ping_status":"closed","template":"","meta":{"_acf_changed":false,"custom_icon_class":"","olho":"","footnotes":""},"class_list":["post-4","page","type-page","status-publish","hentry"],"acf":[],"_links":{"self":[{"href":"https:\/\/www.goiania.go.gov.br\/secult\/wp-json\/wp\/v2\/pages\/4","targetHints":{"allow":["GET"]}}],"collection":[{"href":"https:\/\/www.goiania.go.gov.br\/secult\/wp-json\/wp\/v2\/pages"}],"about":[{"href":"https:\/\/www.goiania.go.gov.br\/secult\/wp-json\/wp\/v2\/types\/page"}],"author":[{"embeddable":true,"href":"https:\/\/www.goiania.go.gov.br\/secult\/wp-json\/wp\/v2\/users\/1"}],"replies":[{"embeddable":true,"href":"https:\/\/www.goiania.go.gov.br\/secult\/wp-json\/wp\/v2\/comments?post=4"}],"version-history":[{"count":2,"href":"https:\/\/www.goiania.go.gov.br\/secult\/wp-json\/wp\/v2\/pages\/4\/revisions"}],"predecessor-version":[{"id":64,"href":"https:\/\/www.goiania.go.gov.br\/secult\/wp-json\/wp\/v2\/pages\/4\/revisions\/64"}],"wp:attachment":[{"href":"https:\/\/www.goiania.go.gov.br\/secult\/wp-json\/wp\/v2\/media?parent=4"}],"curies":[{"name":"wp","href":"https:\/\/api.w.org\/{rel}","templated":true}]}}