{"id":321,"date":"2019-05-13T11:37:32","date_gmt":"2021-01-13T20:27:16","guid":{"rendered":"https:\/\/www.goiania.go.gov.br\/secult\/?page_id=321"},"modified":"2021-09-17T13:19:40","modified_gmt":"2021-09-17T16:19:40","slug":"divulgacao-da-contrapartida","status":"publish","type":"page","link":"https:\/\/www.goiania.go.gov.br\/secult\/lei-aldir-blanc\/lei-aldir-blanc-2020\/divulgacao-da-contrapartida\/","title":{"rendered":"Lei Aldir Blanc 2020 &#8211; Divulga\u00e7\u00e3o da contrapartida"},"content":{"rendered":"\n<p>A Secult Goi\u00e2nia segue, aos poucos, dando sequ\u00eancia ao processo de pagamento do aux\u00edlio emergencial da Lei Aldir Blanc. Se voc\u00ea foi aprovado no Inciso III do Edital n\u00ba 001\/2020 e vai realizar a sua contrapartida, informamos que o prazo para a realiza\u00e7\u00e3o da atividade online \u00e9 <s>at\u00e9 dia 31 de mar\u00e7o<\/s> e que com cinco dias de anteced\u00eancia \u00e9 necess\u00e1rio que voc\u00ea nos envie os dados, conforme citado acima, para nosso conhecimento e divulga\u00e7\u00e3o. Ah, e \u00e9 preciso que voc\u00ea coloque na sua transmiss\u00e3o a barra de identifica\u00e7\u00e3o dispon\u00edvel para download em nos links abaixo. Aguardamos seu email e sucesso na sua atividade!<\/p>\n\n\n\n<p><p style=\"padding:1rem;color:#fff;background-color:#FB026A\">O Prazo para realiza\u00e7\u00e3o da Contrapartida do Inciso III foi prorrogado at\u00e9 dia 18 de junho. <\/p><\/p>\n\n\n\n<p>Lembre-se que \u00e9 necess\u00e1rio enviar com atenced\u00eancia de cinco dias \u00fateis as informa\u00e7\u00f5es de realiza\u00e7\u00e3o para o email: divulgacaoaldirblancgoiania@gmail.com<\/p>\n\n\n\n<p>Com as informa\u00e7\u00f5es:<br>\u2022 Segmento<br>\u2022 Nome do projeto\/artista<br>\u2022 Data, Hor\u00e1rio e Local (on-line ou offline)<br>\u2022 Link<\/p>\n\n\n\n<h3 class=\"wp-block-heading\">Vers\u00e3o Vetor<\/h3>\n\n\n\n<p><a href=\"https:\/\/www.goiania.go.gov.br\/secult\/wp-uploads\/sites\/5\/2021\/01\/barraHOR-LeiAldirBlanc.pdf\"><strong>Download Arquivo PDF &#8211; Barra Horizontal Lei Aldir Blanc<\/strong><\/a><\/p>\n\n\n\n<p><a href=\"https:\/\/www.goiania.go.gov.br\/secult\/wp-uploads\/sites\/5\/2021\/01\/barraVER-LeiAldirBlanc.pdf\"><strong>Download Aquivo PDF &#8211; Barra Vertical  Lei Aldir Blanc<\/strong><\/a><\/p>\n\n\n\n<h3 class=\"wp-block-heading\">Vers\u00e3o Imagem<\/h3>\n\n\n\n<p><a href=\"https:\/\/www.goiania.go.gov.br\/secult\/wp-uploads\/sites\/5\/2021\/01\/barraHOR-LeiAldirBlanc.png\"><strong>Download Arquivo PNG (Imagem) &#8211; Barra Horizontal Lei Aldir Blanc<\/strong><\/a><\/p>\n\n\n\n<p><a href=\"https:\/\/www.goiania.go.gov.br\/secult\/wp-uploads\/sites\/5\/2021\/01\/barraVER-LeiAldirBlanc.png\"><strong>Download Arquivo PNG (Imagem) &#8211; Barra vertical  Lei Aldir Blanc<\/strong><\/a><\/p>\n","protected":false},"excerpt":{"rendered":"<p>A Secult Goi\u00e2nia segue, aos poucos, dando sequ\u00eancia ao processo de pagamento do aux\u00edlio emergencial da Lei Aldir Blanc. Se voc\u00ea foi aprovado no Inciso III do Edital n\u00ba 001\/2020 e vai realizar a sua contrapartida, informamos que o prazo para a realiza\u00e7\u00e3o da atividade online \u00e9 at\u00e9 dia 31 de mar\u00e7o e que com [&hellip;]<\/p>\n","protected":false},"author":11,"featured_media":432,"parent":234,"menu_order":0,"comment_status":"closed","ping_status":"closed","template":"","meta":{"_acf_changed":false,"custom_icon_class":"","olho":"","footnotes":""},"class_list":["post-321","page","type-page","status-publish","has-post-thumbnail","hentry"],"acf":[],"_links":{"self":[{"href":"https:\/\/www.goiania.go.gov.br\/secult\/wp-json\/wp\/v2\/pages\/321","targetHints":{"allow":["GET"]}}],"collection":[{"href":"https:\/\/www.goiania.go.gov.br\/secult\/wp-json\/wp\/v2\/pages"}],"about":[{"href":"https:\/\/www.goiania.go.gov.br\/secult\/wp-json\/wp\/v2\/types\/page"}],"author":[{"embeddable":true,"href":"https:\/\/www.goiania.go.gov.br\/secult\/wp-json\/wp\/v2\/users\/11"}],"replies":[{"embeddable":true,"href":"https:\/\/www.goiania.go.gov.br\/secult\/wp-json\/wp\/v2\/comments?post=321"}],"version-history":[{"count":5,"href":"https:\/\/www.goiania.go.gov.br\/secult\/wp-json\/wp\/v2\/pages\/321\/revisions"}],"predecessor-version":[{"id":517,"href":"https:\/\/www.goiania.go.gov.br\/secult\/wp-json\/wp\/v2\/pages\/321\/revisions\/517"}],"up":[{"embeddable":true,"href":"https:\/\/www.goiania.go.gov.br\/secult\/wp-json\/wp\/v2\/pages\/234"}],"wp:featuredmedia":[{"embeddable":true,"href":"https:\/\/www.goiania.go.gov.br\/secult\/wp-json\/wp\/v2\/media\/432"}],"wp:attachment":[{"href":"https:\/\/www.goiania.go.gov.br\/secult\/wp-json\/wp\/v2\/media?parent=321"}],"curies":[{"name":"wp","href":"https:\/\/api.w.org\/{rel}","templated":true}]}}