{"id":234,"date":"2019-05-13T11:37:32","date_gmt":"2020-11-06T12:23:01","guid":{"rendered":"https:\/\/www.goiania.go.gov.br\/secult\/?page_id=234"},"modified":"2024-04-26T19:23:41","modified_gmt":"2024-04-26T22:23:41","slug":"lei-aldir-blanc-2020","status":"publish","type":"page","link":"https:\/\/www.goiania.go.gov.br\/secult\/lei-aldir-blanc\/lei-aldir-blanc-2020\/","title":{"rendered":"Lei Aldir Blanc 2020"},"content":{"rendered":"\n<h2 class=\"wp-block-heading\">Cadastramento de artistas<\/h2>\n\n\n\n<p>Voc\u00ea j\u00e1 fez o seu cadastro no banco de dados do munic\u00edpio? Voc\u00ea precisa estar cadastrado para receber o aux\u00edlio emergencial.<\/p>\n\n\n\n<p style=\"text-align:left;margin: 30px 0\"><a href=\"https:\/\/www.goiania.go.gov.br\/secult\/cadastro-cultural\/\" rel=\"noreferrer noopener\" style=\"padding: 15px 30px;border-radius: 100px;background:#31997d;color:#fff\"><strong>Clique aqui para cadastramento<\/strong><\/a><\/p>\n\n\n\n<hr style=\"margin: 10px 0\">\n\n\n\n<p><\/p>\n\n\n\n<h2 class=\"wp-block-heading\">Editais Lei Aldir Blanc \u2013 Saiba mais<\/h2>\n\n\n\n<p>A Secult Goi\u00e2nia publicou dois editais para o aux\u00edlio emergencial da Lei Aldir Blanc. Leia informa\u00e7\u00f5es e fique por dentro dos prazos para inscri\u00e7\u00f5es.<\/p>\n\n\n\n<p style=\"text-align:left;margin: 30px 0\"><a href=\"https:\/\/www.goiania.go.gov.br\/secult\/lei-aldir-blanc\/prestacao-de-contas\/\" style=\"padding: 15px 30px;border-radius: 100px;background:#009fe6;color:#fff\"><strong>Presta\u00e7\u00e3o de Contas<\/strong><\/a><\/p>\n\n\n\n<p style=\"text-align:left;margin: 30px 0\"><a href=\"https:\/\/www.goiania.go.gov.br\/secult\/lei-aldir-blanc-2020\/divulgacao-da-contrapartida\/\/\" style=\"padding: 15px 30px;border-radius: 100px;background:#31997d;color:#fff\"><strong>Divulga\u00e7\u00e3o da Contrapartida<\/strong><\/a><\/p>\n\n\n\n<p style=\"text-align:left;margin: 30px 0 10px\"><strong><a href=\"https:\/\/www10.goiania.go.gov.br\/DadosINTER\/PUBLIC\/CHAMADAP%c3%9aBLICA-CULTURA\/2020\/arq_927400.pdf\" target=\"_blank\" rel=\"noreferrer noopener\" style=\"padding: 10px 20px;border-radius: 100px;background:#4d4d4d;color:#fff\">CHAMADA P\u00daBLICA N\u00ba 01\/2020<\/a><\/strong><\/p>\n\n\n\n<p style=\"text-align:left;margin: 0 0 10px\"><strong><a href=\"https:\/\/www.goiania.go.gov.br\/secult\/wp-content\/uploads\/sites\/5\/2020\/11\/Edital_001_Anexo_II_Anexo_III.doc\" target=\"_blank\" rel=\"noreferrer noopener\" style=\"padding: 5px 20px;border-radius: 100px;background:#a6a6a6;color:#fff\">Baixe o Anexo II e III<\/a><\/strong><\/p>\n\n\n\n<p style=\"text-align:left;margin: 30px 0 10px\"><strong><a href=\"https:\/\/www10.goiania.go.gov.br\/DadosINTER\/PUBLIC\/CHAMADAP%c3%9aBLICA-CULTURA\/2020\/arq_927442.pdf\" target=\"_blank\" rel=\"noreferrer noopener\" style=\"padding: 10px 20px;border-radius: 100px;background:#4d4d4d;color:#fff\">CHAMADA P\u00daBLICA N\u00ba 02\/2020<\/a><\/strong><\/p>\n\n\n\n<p style=\"text-align:left;margin: 0 0 30px\"><strong><a href=\"https:\/\/www.goiania.go.gov.br\/secult\/wp-content\/uploads\/sites\/5\/2020\/11\/Edital_002_Anexo_II_Anexo_III_Anexo_IV.doc\" target=\"_blank\" rel=\"noreferrer noopener\" style=\"padding: 5px 20px;border-radius: 100px;background:#a6a6a6;color:#fff\">Baixe o Anexo II, III e IV<\/a><\/strong><\/p>\n\n\n\n<p style=\"background:#ffd526;padding:10px 20px;border-radius:2px\">Veja no final da P\u00e1gina os Decretos e Portarias publicadas.<\/p>\n\n\n\n<hr style=\"margin: 10px 0\">\n\n\n\n<p><\/p>\n\n\n\n<h3 class=\"wp-block-heading\">Acesse os formul\u00e1rios para inscri\u00e7\u00e3o aqui:<\/h3>\n\n\n\n<p><\/p>\n\n\n\n<p><strong><strong><span class=\"has-inline-color has-vivid-red-color\">Encerrado!<\/span><\/strong><\/strong> Inscri\u00e7\u00e3o Lei Aldir Blanc &#8211; <strong>Edital n\u00ba 001\/2020<\/strong> &#8211; Inciso III \u2013 Inscri\u00e7\u00f5es de 6 a 25 de novembro:<\/p>\n\n\n\n<p style=\"text-align:left;margin: 30px 0;text-decoration: line-through\"><strong><a href=\"https:\/\/forms.gle\/nba6qRWJxD6BhS4aA\" target=\"_blank\" rel=\"noreferrer noopener\" style=\"padding: 15px 30px;border-radius: 100px;background:#31997d;color:#fff\">Inscri\u00e7\u00f5es Edital 001\/2020 &#8211; Inciso III<\/a><\/strong><br><\/p>\n\n\n\n<p><strong><span class=\"has-inline-color has-vivid-red-color\">Encerrado!<\/span><\/strong> Inscri\u00e7\u00e3o Lei Aldir Blanc &#8211; <strong>Edital n\u00ba 002\/2020<\/strong> &#8211; Inciso II \u2013 Inscri\u00e7\u00f5es de 6 a 16 de novembro:<\/p>\n\n\n\n<p style=\"text-align:left;margin: 30px 0;text-decoration: line-through\"><strong><a rel=\"noreferrer noopener\" href=\"https:\/\/forms.gle\/GAQsHvasmVtZEaKK6\" target=\"_blank\" style=\"padding: 15px 30px;border-radius: 100px;background:#31997d;color:#fff\">Inscri\u00e7\u00f5es Edital 002\/2020 &#8211; Inciso II<\/a><\/strong><\/p>\n\n\n\n<p><\/p>\n\n\n\n<hr style=\"margin: 10px 0\">\n\n\n\n<p><\/p>\n\n\n\n<h2 class=\"wp-block-heading\">Publica\u00e7\u00f5es oficiais<\/h2>\n\n\n\n<p><\/p>\n\n\n\n<h3 class=\"wp-block-heading\">Decreto N\u00ba 1635<\/h3>\n\n\n\n<p><strong><a href=\"https:\/\/www.goiania.go.gov.br\/secult\/wp-content\/uploads\/sites\/5\/2020\/11\/lei_aldir_blanc_decreto_1635_2020.pdf\" target=\"_blank\" rel=\"noreferrer noopener\">Decreto 1635\/2020 &#8211; Lei Aldir Blanc (PDF)<\/a><\/strong><\/p>\n\n\n\n<h3 class=\"wp-block-heading\">Portaria 073\/2020<\/h3>\n\n\n\n<p><strong><a href=\"https:\/\/www.goiania.go.gov.br\/secult\/wp-content\/uploads\/sites\/5\/2020\/11\/regulamentacao_portaria_73_2020.pdf\" target=\"_blank\" rel=\"noreferrer noopener\">Portaria 073\/2020 &#8211; Regulamenta\u00e7\u00e3o (PDF)<\/a><\/strong><\/p>\n\n\n\n<h3 class=\"wp-block-heading\">Portaria 087\/2020<\/h3>\n\n\n\n<p><strong><a href=\"https:\/\/www.goiania.go.gov.br\/secult\/wp-content\/uploads\/sites\/5\/2020\/11\/homolagacao_portaria_087_2020.pdf\" target=\"_blank\" rel=\"noreferrer noopener\">Portaria 087\/2020 &#8211; Homologa\u00e7\u00e3o (PDF)<\/a><\/strong><\/p>\n\n\n\n<h3 class=\"wp-block-heading\">Termo de Prorroga\u00e7\u00e3o (Edital 001 &#8211; Inciso III)<\/h3>\n\n\n\n<p><strong><a href=\"https:\/\/www.goiania.go.gov.br\/secult\/wp-content\/uploads\/sites\/5\/2020\/11\/inciso_iii_prorrogacao_inscricoes.pdf\" target=\"_blank\" rel=\"noreferrer noopener\">Prorroga\u00e7\u00e3o das Inscri\u00e7\u00f5es &#8211; Edital 001\/2020 &#8211; Inciso III<\/a><\/strong><\/p>\n\n\n\n<hr style=\"margin: 10px 0\">\n\n\n\n<h2 class=\"wp-block-heading\">Homologa\u00e7\u00e3o<\/h2>\n\n\n\n<p><\/p>\n\n\n\n<p><a href=\"https:\/\/www.goiania.go.gov.br\/secult\/wp-content\/uploads\/sites\/5\/2020\/11\/091_PROJETOS_HABILITADOS_E_NA\u0303O_HABILITADOS.pdf\" target=\"_blank\" rel=\"noreferrer noopener\">Rela\u00e7\u00e3o de Inscritos Inciso II &#8211; Homologados e n\u00e3o Homologados<\/a><\/p>\n\n\n\n<p><\/p>\n\n\n\n<h2 class=\"wp-block-heading\">Resultado<\/h2>\n\n\n\n<p><\/p>\n\n\n\n<p><strong><a href=\"https:\/\/www.goiania.go.gov.br\/secult\/wp-content\/uploads\/sites\/5\/2020\/12\/potaria-096-2020-divulgacao-resultado-inciso-ii.pdf\" target=\"_blank\" rel=\"noreferrer noopener\">Portaria 096\/2020 &#8211; Rela\u00e7\u00e3o dos Aprovados Inciso II<\/a><\/strong><\/p>\n\n\n\n<p><strong><a href=\"https:\/\/www.goiania.go.gov.br\/secult\/wp-content\/uploads\/sites\/5\/2020\/12\/portaria-100-2020-homologa-inscricoes-julgamento.pdf\" target=\"_blank\" rel=\"noreferrer noopener\">Portaria 100\/2020 &#8211; Homologa\u00e7\u00e3o de inscric\u0327o\u0303es que foram avaliadas nas instancias de julgamento conforme o que dispo\u0303e o item \u2013 5 sub-itens<\/a><\/strong><\/p>\n\n\n\n<p><strong><a href=\"https:\/\/www.goiania.go.gov.br\/secult\/wp-content\/uploads\/sites\/5\/2020\/12\/portaria-101-2020-resultado-recurso.pdf\" target=\"_blank\" rel=\"noreferrer noopener\">Portaria 101\/2020 &#8211; Resultado dos recursos quanto ao me\u0301rito cultural de acordo com o Edital 002<\/a><\/strong><\/p>\n\n\n\n<p><strong><a href=\"https:\/\/www.goiania.go.gov.br\/secult\/wp-content\/uploads\/sites\/5\/2020\/12\/portaria-102-2020-resultado-analise-documentos.pdf\" target=\"_blank\" rel=\"noreferrer noopener\">Portaria 102\/2020 &#8211;  Resultado das inscric\u0327o\u0303es habilitadas e na\u0303o habilitadas na fase de julgamento da analise documentos<\/a><\/strong><\/p>\n\n\n\n<p><strong><a href=\"https:\/\/www.goiania.go.gov.br\/secult\/wp-content\/uploads\/sites\/5\/2020\/12\/portaria-104-2020-habilitacao-inciso_3.pdf\" target=\"_blank\" rel=\"noreferrer noopener\">Portaria 104\/2020 &#8211; Habilita\u00e7\u00e3o do Inciso III<\/a><\/strong><\/p>\n\n\n\n<p><strong><a href=\"https:\/\/www.goiania.go.gov.br\/secult\/wp-content\/uploads\/sites\/5\/2021\/04\/lei-aldir-blanc-portaria-057-2021.pdf\" target=\"_blank\" rel=\"noreferrer noopener\">Portaria 057\/2021 &#8211; Ratifica\u00e7\u00e3o Portaria 104\/2020<\/a><\/strong><\/p>\n","protected":false},"excerpt":{"rendered":"<p>Cadastramento de artistas Voc\u00ea j\u00e1 fez o seu cadastro no banco de dados do munic\u00edpio? Voc\u00ea precisa estar cadastrado para receber o aux\u00edlio emergencial. Clique aqui para cadastramento Editais Lei Aldir Blanc \u2013 Saiba mais A Secult Goi\u00e2nia publicou dois editais para o aux\u00edlio emergencial da Lei Aldir Blanc. Leia informa\u00e7\u00f5es e fique por dentro [&hellip;]<\/p>\n","protected":false},"author":11,"featured_media":0,"parent":512,"menu_order":1,"comment_status":"closed","ping_status":"closed","template":"","meta":{"_acf_changed":false,"custom_icon_class":"","olho":"","footnotes":""},"class_list":["post-234","page","type-page","status-publish","hentry"],"acf":[],"_links":{"self":[{"href":"https:\/\/www.goiania.go.gov.br\/secult\/wp-json\/wp\/v2\/pages\/234","targetHints":{"allow":["GET"]}}],"collection":[{"href":"https:\/\/www.goiania.go.gov.br\/secult\/wp-json\/wp\/v2\/pages"}],"about":[{"href":"https:\/\/www.goiania.go.gov.br\/secult\/wp-json\/wp\/v2\/types\/page"}],"author":[{"embeddable":true,"href":"https:\/\/www.goiania.go.gov.br\/secult\/wp-json\/wp\/v2\/users\/11"}],"replies":[{"embeddable":true,"href":"https:\/\/www.goiania.go.gov.br\/secult\/wp-json\/wp\/v2\/comments?post=234"}],"version-history":[{"count":10,"href":"https:\/\/www.goiania.go.gov.br\/secult\/wp-json\/wp\/v2\/pages\/234\/revisions"}],"predecessor-version":[{"id":1274,"href":"https:\/\/www.goiania.go.gov.br\/secult\/wp-json\/wp\/v2\/pages\/234\/revisions\/1274"}],"up":[{"embeddable":true,"href":"https:\/\/www.goiania.go.gov.br\/secult\/wp-json\/wp\/v2\/pages\/512"}],"wp:attachment":[{"href":"https:\/\/www.goiania.go.gov.br\/secult\/wp-json\/wp\/v2\/media?parent=234"}],"curies":[{"name":"wp","href":"https:\/\/api.w.org\/{rel}","templated":true}]}}