{"id":1623,"date":"2026-02-20T18:57:36","date_gmt":"2026-02-20T21:57:36","guid":{"rendered":"https:\/\/www.goiania.go.gov.br\/secult\/?page_id=1623"},"modified":"2026-03-10T22:59:18","modified_gmt":"2026-03-11T01:59:18","slug":"programacao-cultural-moto-gp","status":"publish","type":"page","link":"https:\/\/www.goiania.go.gov.br\/secult\/programacao-cultural-moto-gp\/","title":{"rendered":"Programa\u00e7\u00e3o Cultural &#8211; Moto GP"},"content":{"rendered":"\n<p>A Secretaria Municipal de Cultura de Goi\u00e2nia, no uso de suas atribui\u00e7\u00f5es legais e em conformidade com a Lei n\u00ba 14.133\/2021, a Lei n\u00ba 13.019\/2014 e demais normas aplic\u00e1veis, torna p\u00fablico o presente Edital de Chamamento P\u00fablico, <strong>visando \u00e0 composi\u00e7\u00e3o da programa\u00e7\u00e3o cultural vinculada ao evento MotoGP Goi\u00e2nia<\/strong>, conforme diretrizes estabelecidas no Estudo T\u00e9cnico Preliminar que fundamenta a presente contrata\u00e7\u00e3o.<\/p>\n\n\n\n<h2 class=\"wp-block-heading\">Publica\u00e7\u00f5es e Documentos<\/h2>\n\n\n\n<p>As publica\u00e7\u00f5es seguem em ordem cronol\u00f3gicas, as mais recentes em primeiro.<\/p>\n\n\n\n<p><strong><a href=\"https:\/\/www.goiania.go.gov.br\/secult\/wp-content\/uploads\/sites\/5\/2026\/03\/edital-012-2026_resultado-final.pdf\" data-type=\"link\" data-id=\"https:\/\/www.goiania.go.gov.br\/secult\/wp-content\/uploads\/sites\/5\/2026\/03\/edital-012-2026_resultado-final.pdf\" target=\"_blank\" rel=\"noreferrer noopener\">\u2738 10\/03\/2026 &#8211; Resultado Final<\/a><\/strong><br><a href=\"https:\/\/www.goiania.go.gov.br\/secult\/wp-content\/uploads\/sites\/5\/2026\/03\/edital-012-2026_resultado-preliminar.pdf\" target=\"_blank\" rel=\"noreferrer noopener\"><strong>\u2738 05\/03\/2026 &#8211; Resultado Preliminar<\/strong><\/a><br><a href=\"https:\/\/www.goiania.go.gov.br\/secult\/wp-content\/uploads\/sites\/5\/2026\/02\/EDITAL-No-012-2026-SECULT.pdf\"><strong>\u2738 Edital 12\/2026 &#8211; Programa\u00e7\u00e3o Cultural Moto GP<\/strong><\/a><\/p>\n\n\n\n<hr class=\"wp-block-separator has-alpha-channel-opacity\" \/>\n\n\n\n<h3 class=\"wp-block-heading\">Anexos<\/h3>\n\n\n\n<ul class=\"wp-block-list\">\n<li><a href=\"https:\/\/www.goiania.go.gov.br\/secult\/wp-content\/uploads\/sites\/5\/2026\/02\/ANEXO-II-FICHA-DE-INSCRIC\u0327A\u0303O-ANEXO.docx\"><strong>ANEXO II &#8211; FICHA DE INSCRIC\u0327A\u0303O ANEXO<\/strong><\/a><\/li>\n\n\n\n<li><a href=\"https:\/\/www.goiania.go.gov.br\/secult\/wp-content\/uploads\/sites\/5\/2026\/02\/ANEXO-III-TERMO-DE-AUTORIZAC\u0327A\u0303O-DE-USO-DE-IMAGEM.docx\"><strong>ANEXO III &#8211; TERMO DE AUTORIZAC\u0327A\u0303O DE USO DE IMAGEM<\/strong><\/a><\/li>\n\n\n\n<li><a href=\"https:\/\/www.goiania.go.gov.br\/secult\/wp-content\/uploads\/sites\/5\/2026\/02\/ANEXO-IV-MODELO-DE-PROJETO-CULTURAL.docx\"><strong>ANEXO IV &#8211; MODELO DE PROJETO CULTURAL<\/strong><\/a><\/li>\n\n\n\n<li><a href=\"https:\/\/www.goiania.go.gov.br\/secult\/wp-content\/uploads\/sites\/5\/2026\/02\/ANEXO-V-DECLARAC\u0327O\u0303ES.docx\"><strong>ANEXO V &#8211; DECLARAC\u0327O\u0303ES<\/strong><\/a><\/li>\n\n\n\n<li><a href=\"https:\/\/www.goiania.go.gov.br\/secult\/wp-content\/uploads\/sites\/5\/2026\/02\/ANEXO-VIII-FORMULA\u0301RIO-PARA-INTERPOSIC\u0327A\u0303O-DE-RECURSO.docx\"><strong>ANEXO VIII &#8211; FORMULA\u0301RIO PARA INTERPOSIC\u0327A\u0303O DE RECURSO<\/strong><\/a><\/li>\n<\/ul>\n\n\n\n<h2 class=\"wp-block-heading\">Interposi\u00e7\u00e3o de Recurso<\/h2>\n\n\n\n<p>Fa\u00e7a o Download e preencha o anexo VIII &#8211; Formul\u00e1rio para interposi\u00e7\u00e3o de Recurso acima e envie atrav\u00e9s do formul\u00e1rio abaixo:<\/p>\n\n\n\n<p class=\"has-medium-font-size\">\n<a style=\"background-color: #007BFF;color: #ffffff;padding: 8px 16px;text-decoration: none;border-radius: 20px;font-weight: 600\" href=\"https:\/\/forms.gle\/byfTkBfzrAKNRVuC7\" target=\"_blank\"><strong>Formul\u00e1rio de Recurso<\/strong><\/a>\n<\/p>\n\n\n\n<h2 class=\"wp-block-heading\">Formul\u00e1rio de Inscri\u00e7\u00e3o<\/h2>\n\n\n\n<p>Para as inscri\u00e7\u00f5es \u00e9 necess\u00e1rio possuir e fazer login com uma conta gratuita do Gmail ou uma conta Google. Inscri\u00e7\u00f5es abertas entre os dias 20 e 27 de fevereiro. <\/p>\n\n\n\n<p class=\"has-medium-font-size\">\n<a style=\"background-color: #cccccc;color: #ffffff;padding: 8px 16px;text-decoration: none;border-radius: 20px;font-weight: 600\"><strong>Inscri\u00e7\u00f5es Encerradas<\/strong><\/a>\n<\/p>\n\n\n\n<p><\/p>\n","protected":false},"excerpt":{"rendered":"<p>A Secretaria Municipal de Cultura de Goi\u00e2nia, no uso de suas atribui\u00e7\u00f5es legais e em conformidade com a Lei n\u00ba 14.133\/2021, a Lei n\u00ba 13.019\/2014 e demais normas aplic\u00e1veis, torna p\u00fablico o presente Edital de Chamamento P\u00fablico, visando \u00e0 composi\u00e7\u00e3o da programa\u00e7\u00e3o cultural vinculada ao evento MotoGP Goi\u00e2nia, conforme diretrizes estabelecidas no Estudo T\u00e9cnico Preliminar [&hellip;]<\/p>\n","protected":false},"author":11,"featured_media":0,"parent":0,"menu_order":0,"comment_status":"closed","ping_status":"closed","template":"","meta":{"_acf_changed":false,"custom_icon_class":"","olho":"","footnotes":""},"class_list":["post-1623","page","type-page","status-publish","hentry"],"acf":[],"_links":{"self":[{"href":"https:\/\/www.goiania.go.gov.br\/secult\/wp-json\/wp\/v2\/pages\/1623","targetHints":{"allow":["GET"]}}],"collection":[{"href":"https:\/\/www.goiania.go.gov.br\/secult\/wp-json\/wp\/v2\/pages"}],"about":[{"href":"https:\/\/www.goiania.go.gov.br\/secult\/wp-json\/wp\/v2\/types\/page"}],"author":[{"embeddable":true,"href":"https:\/\/www.goiania.go.gov.br\/secult\/wp-json\/wp\/v2\/users\/11"}],"replies":[{"embeddable":true,"href":"https:\/\/www.goiania.go.gov.br\/secult\/wp-json\/wp\/v2\/comments?post=1623"}],"version-history":[{"count":8,"href":"https:\/\/www.goiania.go.gov.br\/secult\/wp-json\/wp\/v2\/pages\/1623\/revisions"}],"predecessor-version":[{"id":1770,"href":"https:\/\/www.goiania.go.gov.br\/secult\/wp-json\/wp\/v2\/pages\/1623\/revisions\/1770"}],"wp:attachment":[{"href":"https:\/\/www.goiania.go.gov.br\/secult\/wp-json\/wp\/v2\/media?parent=1623"}],"curies":[{"name":"wp","href":"https:\/\/api.w.org\/{rel}","templated":true}]}}