{"id":1583,"date":"2024-04-23T18:08:06","date_gmt":"2026-01-15T19:12:44","guid":{"rendered":"https:\/\/www.goiania.go.gov.br\/secult\/lei-incentivo-2\/"},"modified":"2026-03-05T00:09:16","modified_gmt":"2026-03-05T03:09:16","slug":"lei-incentivo","status":"publish","type":"page","link":"https:\/\/www.goiania.go.gov.br\/secult\/lei-incentivo\/","title":{"rendered":"Lei de Incentivo \u00e0 Cultura"},"content":{"rendered":"\n<p>A Secretaria Municipal da Cultura de Goi\u00e2nia comunica que em breve estar\u00e1 aberto, o prazo para inscri\u00e7\u00e3o, do concurso de sele\u00e7\u00e3o de projetos culturais, nos termos da Lei Federal no 8.666 de 1993 e legisla\u00e7\u00e3o correlata em conson\u00e2ncia com a Lei municipal no 7.957 de 06 de janeiro de 2000 e altera\u00e7\u00f5es posteriores, em conjunto com a legisla\u00e7\u00e3o e atos normativos correlatos.<\/p>\n\n\n\n<hr class=\"wp-block-separator has-css-opacity\" \/>\n\n\n\n<h2 class=\"wp-block-heading has-text-align-left\"><strong>Publica\u00e7\u00f5es Oficiais<\/strong><\/h2>\n\n\n\n<p><em>Veja abaixo todas as publica\u00e7\u00f5es oficiais sobre a Lei Municipal de Incentivo a Cultura, as edi\u00e7\u00f5es mais recentes vem em primeiro.<\/em><\/p>\n\n\n\n<p class=\"has-text-color has-link-color wp-elements-a3d4dc5dafffeb90601dc9003e27c6e0\" style=\"color:#0055ff\"><a href=\"https:\/\/www.goiania.go.gov.br\/secult\/wp-content\/uploads\/sites\/5\/2026\/03\/lic-edital-2026-07-lei-incentivo-cultura.pdf\" target=\"_blank\" rel=\"noreferrer noopener\"><strong>\u2738 Edital 07 2026 &#8211; Lei de Incentivo a Cultura<\/strong><\/a><\/p>\n\n\n\n<div style=\"margin: 0;margin-left: 20px;margin-top: -25px\">\n<a href=\"https:\/\/www.goiania.go.gov.br\/secult\/wp-content\/uploads\/sites\/5\/2026\/03\/linc-2026-anexo-2-formulario-de-inscricao.docx\"><span class=\"icon icon-clip\"><\/span> Formul\u00e1rio de Inscri\u00e7\u00e3o<\/a><br>\n<a href=\"https:\/\/www.goiania.go.gov.br\/secult\/wp-content\/uploads\/sites\/5\/2026\/03\/linc-2026-anexo-4-planilha-orcamentaria.docx\"><span class=\"icon icon-clip\"><\/span> Planilha Or\u00e7ament\u00e1ria<\/a><br>\n<a href=\"https:\/\/www.goiania.go.gov.br\/secult\/wp-content\/uploads\/sites\/5\/2026\/03\/linc-2026-anexo-5-plano-basicao-divulgacao.docx\"><span class=\"icon icon-clip\"><\/span> Plano de Basifica\u00e7\u00e3o e Divulga\u00e7\u00e3o<\/a><br>\n<a href=\"https:\/\/www.goiania.go.gov.br\/secult\/wp-content\/uploads\/sites\/5\/2026\/03\/linc-2026-anexo-6-plano-distribuicao.docx\"><span class=\"icon icon-clip\"><\/span> Plano de Distribui\u00e7\u00e3o<\/a><br>\n<a href=\"https:\/\/www.goiania.go.gov.br\/secult\/wp-content\/uploads\/sites\/5\/2026\/03\/linc-2026-anexo-7-termo-responsabilidade.docx\"><span class=\"icon icon-clip\"><\/span> Termo de Responsabilidade<\/a><br>\n<a href=\"https:\/\/www.goiania.go.gov.br\/secult\/wp-content\/uploads\/sites\/5\/2026\/03\/linc-2026-anexo-8-ficha-tecnica.docx\"><span class=\"icon icon-clip\"><\/span> Ficha T\u00e9cnica<\/a><br>\n<a href=\"https:\/\/www.goiania.go.gov.br\/secult\/wp-content\/uploads\/sites\/5\/2026\/03\/linc-2026-anexo-9-curriculo-atuacao.docx\"><span class=\"icon icon-clip\"><\/span> Curr\u00edculo e Comprova\u00e7\u00e3o de Atua\u00e7\u00e3o<\/a><br>\n<\/div>\n\n\n\n<div class=\"wp-block-group\"><div class=\"wp-block-group__inner-container is-layout-constrained wp-block-group-is-layout-constrained\">\n<hr class=\"wp-block-separator has-alpha-channel-opacity\" \/>\n\n\n\n<h2 class=\"wp-block-heading\">Inscri\u00e7\u00f5es<\/h2>\n\n\n\n<p>Inscri\u00e7\u00f5es em breve, antecipe e fa\u00e7a seu cadastro no <a href=\"https:\/\/sei.goiania.go.gov.br\/sei\/controlador_externo.php?acao=usuario_externo_logar&amp;acao_origem=usuario_externo_logar&amp;id_orgao_acesso_externo=4\" target=\"_blank\" rel=\"noreferrer noopener\"><strong>SEI da Prefeitura de Goi\u00e2nia<\/strong><\/a>.<\/p>\n<\/div><\/div>\n\n\n\n<hr class=\"wp-block-separator has-css-opacity\" \/>\n\n\n\n<div class=\"wp-block-group\"><div class=\"wp-block-group__inner-container is-layout-constrained wp-block-group-is-layout-constrained\">\n<h2 class=\"wp-block-heading\">Orienta\u00e7\u00f5es para inscri\u00e7\u00f5es<\/h2>\n\n\n\n<p>Utilize o site gratuito para converter\/juntar arquivos de imagem, word e excel e outros documentos em formato PDF:&nbsp;<strong><a href=\"https:\/\/tools.pdf24.org\/pt\/juntar-pdf\">https:\/\/tools.pdf24.org\/pt\/juntar-pdf<\/a><\/strong><\/p>\n<\/div><\/div>\n","protected":false},"excerpt":{"rendered":"<p>A Secretaria Municipal da Cultura de Goi\u00e2nia comunica que em breve estar\u00e1 aberto, o prazo para inscri\u00e7\u00e3o, do concurso de sele\u00e7\u00e3o de projetos culturais, nos termos da Lei Federal no 8.666 de 1993 e legisla\u00e7\u00e3o correlata em conson\u00e2ncia com a Lei municipal no 7.957 de 06 de janeiro de 2000 e altera\u00e7\u00f5es posteriores, em conjunto [&hellip;]<\/p>\n","protected":false},"author":1,"featured_media":0,"parent":0,"menu_order":16,"comment_status":"closed","ping_status":"closed","template":"","meta":{"_acf_changed":false,"custom_icon_class":"","olho":"","footnotes":""},"class_list":["post-1583","page","type-page","status-publish","hentry"],"acf":[],"_links":{"self":[{"href":"https:\/\/www.goiania.go.gov.br\/secult\/wp-json\/wp\/v2\/pages\/1583","targetHints":{"allow":["GET"]}}],"collection":[{"href":"https:\/\/www.goiania.go.gov.br\/secult\/wp-json\/wp\/v2\/pages"}],"about":[{"href":"https:\/\/www.goiania.go.gov.br\/secult\/wp-json\/wp\/v2\/types\/page"}],"author":[{"embeddable":true,"href":"https:\/\/www.goiania.go.gov.br\/secult\/wp-json\/wp\/v2\/users\/1"}],"replies":[{"embeddable":true,"href":"https:\/\/www.goiania.go.gov.br\/secult\/wp-json\/wp\/v2\/comments?post=1583"}],"version-history":[{"count":7,"href":"https:\/\/www.goiania.go.gov.br\/secult\/wp-json\/wp\/v2\/pages\/1583\/revisions"}],"predecessor-version":[{"id":1717,"href":"https:\/\/www.goiania.go.gov.br\/secult\/wp-json\/wp\/v2\/pages\/1583\/revisions\/1717"}],"wp:attachment":[{"href":"https:\/\/www.goiania.go.gov.br\/secult\/wp-json\/wp\/v2\/media?parent=1583"}],"curies":[{"name":"wp","href":"https:\/\/api.w.org\/{rel}","templated":true}]}}