{"id":1579,"date":"2019-05-13T11:37:32","date_gmt":"2026-01-15T19:08:09","guid":{"rendered":"https:\/\/www.goiania.go.gov.br\/secult\/pnab-3\/"},"modified":"2026-04-08T11:15:26","modified_gmt":"2026-04-08T14:15:26","slug":"pnab","status":"publish","type":"page","link":"https:\/\/www.goiania.go.gov.br\/secult\/pnab\/","title":{"rendered":"Pol\u00edtica Nacional Aldir Blanc de Fomento \u00e0 Cultura"},"content":{"rendered":"\n<p>A Pol\u00edtica Nacional Aldir Blanc de Fomento \u00e0 Cultura (PNAB) foi institu\u00edda pela Lei n\u00ba 14.399, de 08 de julho de 2022, com o objetivo de fomentar a cultura em todos estados, munic\u00edpios e no Distrito Federal. Com recursos previstos at\u00e9 2027, a PNAB representa uma oportunidade de estruturar o sistema federativo de financiamento \u00e0 cultura, mediante repasses da Uni\u00e3o aos demais entes federativos de forma cont\u00ednua.<\/p>\n\n\n\n<div class=\"wp-block-group\"><div class=\"wp-block-group__inner-container is-layout-constrained wp-block-group-is-layout-constrained\">\n<hr class=\"wp-block-separator has-alpha-channel-opacity\" \/>\n\n\n\n<h2 class=\"wp-block-heading\">Inscri\u00e7\u00f5es<\/h2>\n\n\n\n<p>Inscri\u00e7\u00f5es a partir de 5 de mar\u00e7o, exclusivamente atrav\u00e9s do Sistema Eletr\u00f4nico de Informa\u00e7\u00f5es da Prefeitura de Goi\u00e2nia. <a href=\"https:\/\/sei.goiania.go.gov.br\/sei\/controlador_externo.php?acao=usuario_externo_logar&amp;acao_origem=usuario_externo_logar&amp;id_orgao_acesso_externo=4\" target=\"_blank\" rel=\"noreferrer noopener\"><strong>Clique aqui e fa\u00e7a seu cadastro no SEI<\/strong><\/a>.<\/p>\n\n\n\n<hr class=\"wp-block-separator has-alpha-channel-opacity\" \/>\n\n\n\n<h2 class=\"wp-block-heading\">Prorroga\u00e7\u00e3o das Inscri\u00e7\u00f5es<\/h2>\n\n\n\n<p>Fica prorrogado o prazo de inscri\u00e7\u00f5es para todos os editais de fomento amparados pela Lei Aldir Blanc.<\/p>\n<\/div><\/div>\n\n\n\n<div style=\"margin: 0;margin-left: 20px;margin-top: -25px\">\n<a href=\"https:\/\/www.goiania.go.gov.br\/secult\/wp-content\/uploads\/sites\/5\/2026\/04\/pnab-edital-2026-prorrogacao.pdf\"><span class=\"icon icon-clip\"><\/span> Aditivo de prorroga\u00e7\u00e3o de Cronograma<\/a>\n<\/div>\n\n\n\n<h2 class=\"wp-block-heading\">Publica\u00e7\u00f5es<\/h2>\n\n\n\n<p>Veja abaixo todas as publica\u00e7\u00f5es oficiais sobre a PNAB, os editais e seus respectivos anexos.<\/p>\n\n\n\n<p class=\"has-text-color has-link-color wp-elements-67f2fcd84c82cef7f4f052e98525cf38\" style=\"color:#005aff\"><a href=\"https:\/\/www.goiania.go.gov.br\/secult\/wp-content\/uploads\/sites\/5\/2026\/03\/pnab-edital-2026-02.pdf\" target=\"_blank\" rel=\"noreferrer noopener\"><strong>\u2738 Edital 02 \u2013 Fomento Cultural I \u2013 Cria\u00e7\u00e3o, Montagem, Circula\u00e7\u00e3o (PDF)<\/strong><\/a><\/p>\n\n\n\n<div style=\"margin: 0;margin-left: 20px;margin-top: -25px\">\n<a href=\"https:\/\/www.goiania.go.gov.br\/secult\/wp-content\/uploads\/sites\/5\/2026\/03\/pnab2026-ed02-anexo-2-formulario-de-inscricao.docx\"><span class=\"icon icon-clip\"><\/span> Formul\u00e1rio de Inscri\u00e7\u00e3o<\/a><br>\n<a href=\"https:\/\/www.goiania.go.gov.br\/secult\/wp-content\/uploads\/sites\/5\/2026\/02\/pnab2026-ed02-anexo-6-declaracao-rep-grupo-coletivo.docx\"><span class=\"icon icon-clip\"><\/span> Declara\u00e7\u00e3o Representa\u00e7\u00e3o Grupo ou Coletivo<\/a><br>\n<a href=\"https:\/\/www.goiania.go.gov.br\/secult\/wp-content\/uploads\/sites\/5\/2026\/02\/pnab2026-ed02-anexo-7-declaracao-etnico-racial.docx\"><span class=\"icon icon-clip\"><\/span> Declara\u00e7\u00e3o \u00c9tnico-racial<\/a><br>\n<a href=\"https:\/\/www.goiania.go.gov.br\/secult\/wp-content\/uploads\/sites\/5\/2026\/02\/pnab2026-ed02-anexo-8-declaracao-pcd.docx\"><span class=\"icon icon-clip\"><\/span> Declara\u00e7\u00e3o PCD<\/a><br>\n<a href=\"https:\/\/www.goiania.go.gov.br\/secult\/wp-content\/uploads\/sites\/5\/2026\/02\/pnab2026-ed02-anexo-9-formulario-de-recurso.docx\"><span class=\"icon icon-clip\"><\/span> Formul\u00e1rio de Interposi\u00e7\u00e3o de Recurso<\/a><br>\n<\/div>\n\n\n\n<p class=\"has-text-color has-link-color wp-elements-1032c0d666ed63b85b787e6106ce06ae\" style=\"color:#005aff\"><a href=\"https:\/\/www.goiania.go.gov.br\/secult\/wp-content\/uploads\/sites\/5\/2026\/03\/pnab-edital-2026-03.pdf\" target=\"_blank\" rel=\"noreferrer noopener\"><strong>\u2738 Edital 03 \u2013 Fomento Cultural II \u2013 A\u00e7\u00f5es Formativas, Manifesta\u00e7\u00f5es Culturais e Cria\u00e7\u00f5es Funcionais (PDF)<\/strong><\/a><\/p>\n\n\n\n<div style=\"margin: 0;margin-left: 20px;margin-top: -25px\">\n<a href=\"https:\/\/www.goiania.go.gov.br\/secult\/wp-content\/uploads\/sites\/5\/2026\/03\/pnab2026-ed03-anexo-2-formulario-de-inscricao.docx\"><span class=\"icon icon-clip\"><\/span> Formul\u00e1rio de Inscri\u00e7\u00e3o<\/a><br>\n<a href=\"https:\/\/www.goiania.go.gov.br\/secult\/wp-content\/uploads\/sites\/5\/2026\/02\/pnab2026-ed03-anexo-6-declaracao-rep-grupo-coletivo.docx\"><span class=\"icon icon-clip\"><\/span> Declara\u00e7\u00e3o Representa\u00e7\u00e3o Grupo ou Coletivo<\/a><br>\n<a href=\"https:\/\/www.goiania.go.gov.br\/secult\/wp-content\/uploads\/sites\/5\/2026\/02\/pnab2026-ed03-anexo-7-declaracao-etnico-racial.docx\"><span class=\"icon icon-clip\"><\/span> Declara\u00e7\u00e3o \u00c9tnico-racial<\/a><br>\n<a href=\"https:\/\/www.goiania.go.gov.br\/secult\/wp-content\/uploads\/sites\/5\/2026\/02\/pnab2026-ed03-anexo-8-declaracao-pcd.docx\"><span class=\"icon icon-clip\"><\/span> Declara\u00e7\u00e3o PCD<\/a><br>\n<a href=\"https:\/\/www.goiania.go.gov.br\/secult\/wp-content\/uploads\/sites\/5\/2026\/02\/pnab2026-ed03-anexo-9-formulario-de-recurso.docx\"><span class=\"icon icon-clip\"><\/span> Formul\u00e1rio de Interposi\u00e7\u00e3o de Recurso<\/a><br>\n<\/div>\n\n\n\n<p class=\"has-text-color has-link-color wp-elements-de1bceeafbc99320b1818ae6c7fdc6c8\" style=\"color:#005aff\"><a href=\"https:\/\/www.goiania.go.gov.br\/secult\/wp-content\/uploads\/sites\/5\/2026\/03\/pnab-edital-2026-04.pdf\" target=\"_blank\" rel=\"noreferrer noopener\"><strong>\u2738 Edital 04 \u2013 Fomento Cultural III \u2013 Prote\u00e7\u00e3o e Preserva\u00e7\u00e3o do Patrim\u00f4nio Cultural Material e Imaterial (PDF)<\/strong><\/a><\/p>\n\n\n\n<div style=\"margin: 0;margin-left: 20px;margin-top: -25px\">\n<a href=\"https:\/\/www.goiania.go.gov.br\/secult\/wp-content\/uploads\/sites\/5\/2026\/03\/pnab2026-ed04-anexo-2-formulario-de-inscricao.docx\"><span class=\"icon icon-clip\"><\/span> Formul\u00e1rio de Inscri\u00e7\u00e3o<\/a><br>\n<a href=\"https:\/\/www.goiania.go.gov.br\/secult\/wp-content\/uploads\/sites\/5\/2026\/02\/pnab2026-ed04-anexo-6-declaracao-rep-grupo-coletivo.docx\"><span class=\"icon icon-clip\"><\/span> Declara\u00e7\u00e3o Representa\u00e7\u00e3o Grupo ou Coletivo<\/a><br>\n<a href=\"https:\/\/www.goiania.go.gov.br\/secult\/wp-content\/uploads\/sites\/5\/2026\/02\/pnab2026-ed04-anexo-7-declaracao-etnico-racial.docx\"><span class=\"icon icon-clip\"><\/span> Declara\u00e7\u00e3o \u00c9tnico-racial<\/a><br>\n<a href=\"https:\/\/www.goiania.go.gov.br\/secult\/wp-content\/uploads\/sites\/5\/2026\/02\/pnab2026-ed04-anexo-8-declaracao-pcd.docx\"><span class=\"icon icon-clip\"><\/span> Declara\u00e7\u00e3o PCD<\/a><br>\n<a href=\"https:\/\/www.goiania.go.gov.br\/secult\/wp-content\/uploads\/sites\/5\/2026\/02\/pnab2026-ed04-anexo-9-formulario-de-recurso.docx\"><span class=\"icon icon-clip\"><\/span> Formul\u00e1rio de Interposi\u00e7\u00e3o de Recurso<\/a><br>\n<\/div>\n\n\n\n<p class=\"has-text-color has-link-color wp-elements-5739b47ebca80ee95cb0cdce6d9c0efa\" style=\"color:#005aff\"><a href=\"https:\/\/www.goiania.go.gov.br\/secult\/wp-content\/uploads\/sites\/5\/2026\/03\/pnab-edital-2026-05.pdf\" target=\"_blank\" rel=\"noreferrer noopener\"><strong>\u2738 Edital 05 \u2013 Obra e Reforma de Espa\u00e7os Culturais (PDF)<\/strong><\/a><\/p>\n\n\n\n<div style=\"margin: 0;margin-left: 20px;margin-top: -25px\">\n<a href=\"https:\/\/www.goiania.go.gov.br\/secult\/wp-content\/uploads\/sites\/5\/2026\/03\/pnab2026-ed05-anexo-2-formulario-de-inscricao.docx\"><span class=\"icon icon-clip\"><\/span> Formul\u00e1rio de Inscri\u00e7\u00e3o<\/a><br>\n<a href=\"https:\/\/www.goiania.go.gov.br\/secult\/wp-content\/uploads\/sites\/5\/2026\/02\/pnab2026-ed05-anexo-6-declaracao-rep-grupo-coletivo.docx\"><span class=\"icon icon-clip\"><\/span> Declara\u00e7\u00e3o Representa\u00e7\u00e3o Grupo ou Coletivo<\/a><br>\n<a href=\"https:\/\/www.goiania.go.gov.br\/secult\/wp-content\/uploads\/sites\/5\/2026\/02\/pnab2026-ed05-anexo-7-declaracao-etnico-racial.docx\"><span class=\"icon icon-clip\"><\/span> Declara\u00e7\u00e3o \u00c9tnico-racial<\/a><br>\n<a href=\"https:\/\/www.goiania.go.gov.br\/secult\/wp-content\/uploads\/sites\/5\/2026\/02\/pnab2026-ed05-anexo-8-declaracao-pcd.docx\"><span class=\"icon icon-clip\"><\/span> Declara\u00e7\u00e3o PCD<\/a><br>\n<a href=\"https:\/\/www.goiania.go.gov.br\/secult\/wp-content\/uploads\/sites\/5\/2026\/02\/pnab2026-ed05-anexo-9-formulario-de-recurso.docx\"><span class=\"icon icon-clip\"><\/span> Formul\u00e1rio de Interposi\u00e7\u00e3o de Recurso<\/a><br>\n<\/div>\n\n\n\n<p class=\"has-text-color has-link-color wp-elements-9731e0e42c9b530447b29e7b024ab5f4\" style=\"color:#005aff\"><a href=\"https:\/\/www.goiania.go.gov.br\/secult\/wp-content\/uploads\/sites\/5\/2026\/03\/pnab-edital-2026-06.pdf\" target=\"_blank\" rel=\"noreferrer noopener\"><strong>\u2738 Edital 06 \u2013 TCC Cultura Vive (PDF)<\/strong><\/a><\/p>\n\n\n\n<div style=\"margin: 0;margin-left: 20px;margin-top: -25px\">\n<a href=\"https:\/\/www.goiania.go.gov.br\/secult\/wp-content\/uploads\/sites\/5\/2026\/03\/pnab2026-ed06-anexo-03-formulario-de-inscricao.doc\"><span class=\"icon icon-clip\"><\/span> Formul\u00e1rio de Inscri\u00e7\u00e3o<\/a><br>\n<a href=\"https:\/\/www.goiania.go.gov.br\/secult\/wp-content\/uploads\/sites\/5\/2026\/04\/pnab2026-ed06-anexo-04-plano-de-trabalho.docx.docx\"><span class=\"icon icon-clip\"><\/span> Plano de Trabalho<\/a><br>\n<a href=\"https:\/\/www.goiania.go.gov.br\/secult\/wp-content\/uploads\/sites\/5\/2026\/03\/pnab2026-ed06-anexo-05-plano-de-aplicacao-de-recursos.xlsx\"><span class=\"icon icon-clip\"><\/span> Plano de Aplica\u00e7\u00e3o de Recursos<\/a><br>\n<a href=\"https:\/\/www.goiania.go.gov.br\/secult\/wp-content\/uploads\/sites\/5\/2026\/03\/pnab2026-ed06-anexo-06-autodeclaracao-etnico-racial.docx\"><span class=\"icon icon-clip\"><\/span> Declara\u00e7\u00e3o \u00c9tnico-racial<\/a><br>\n<a href=\"https:\/\/www.goiania.go.gov.br\/secult\/wp-content\/uploads\/sites\/5\/2026\/03\/pnab2026-ed06-anexo-07-autodeclaracao-pcd.docx\"><span class=\"icon icon-clip\"><\/span> Declara\u00e7\u00e3o PCD<\/a><br>\n<a href=\"https:\/\/www.goiania.go.gov.br\/secult\/wp-content\/uploads\/sites\/5\/2026\/03\/pnab2026-ed06-anexo-08-recurso-etapa-de-selecao-e-habilitacao.docx\"><span class=\"icon icon-clip\"><\/span> Formul\u00e1rio de Interposi\u00e7\u00e3o de Recurso<\/a><br>\n<a href=\"https:\/\/www.goiania.go.gov.br\/secult\/wp-content\/uploads\/sites\/5\/2026\/03\/pnab2026-ed06-anexo-09-declaracao-conjunta.docx\"><span class=\"icon icon-clip\"><\/span> Declara\u00e7\u00e3o Conjunta<\/a><br>\n<a href=\"https:\/\/www.goiania.go.gov.br\/secult\/wp-content\/uploads\/sites\/5\/2026\/03\/pnab2026-ed06-anexo-10-termo-de-compromisso-cultural.docx\"><span class=\"icon icon-clip\"><\/span> Termo de Compromisso Cultural<\/a><br>\n<\/div>\n\n\n\n<p class=\"has-text-color has-link-color wp-elements-95f9ae963a078aee19c8ca7047f5fc74\" style=\"color:#005aff\"><a href=\"https:\/\/www.goiania.go.gov.br\/secult\/wp-content\/uploads\/sites\/5\/2026\/03\/pnab-edital-2026-09.pdf\" target=\"_blank\" rel=\"noreferrer noopener\"><strong>\u2738 Edital 09 \u2013 Bolsas Cultura Viva para Mestras e Mestres (PDF)<\/strong><\/a><\/p>\n\n\n\n<div style=\"margin: 0;margin-left: 20px;margin-top: -25px\">\n<a href=\"https:\/\/www.goiania.go.gov.br\/secult\/wp-content\/uploads\/sites\/5\/2026\/03\/pnab2026-ed09_anexo-4-formulario-inscricao.docx\"><span class=\"icon icon-clip\"><\/span> Formul\u00e1rio de Inscri\u00e7\u00e3o<\/a><br>\n<a href=\"https:\/\/www.goiania.go.gov.br\/secult\/wp-content\/uploads\/sites\/5\/2026\/03\/pnab2026-ed09_anexo-1-declaracao-parceria.docx\"><span class=\"icon icon-clip\"><\/span> Declara\u00e7\u00e3o de Parceria<\/a><br>\n<a href=\"https:\/\/www.goiania.go.gov.br\/secult\/wp-content\/uploads\/sites\/5\/2026\/03\/pnab2026-ed09_anexo-2-plano-atividades.docx\"><span class=\"icon icon-clip\"><\/span> Plano de Atividades<\/a><br>\n<a href=\"https:\/\/www.goiania.go.gov.br\/secult\/wp-content\/uploads\/sites\/5\/2026\/03\/pnab2026-ed09_anexo-3-relatorio-do-bolsista.docx\"><span class=\"icon icon-clip\"><\/span> Relat\u00f3rio do Bolsista<\/a><br>\n<a href=\"https:\/\/www.goiania.go.gov.br\/secult\/wp-content\/uploads\/sites\/5\/2026\/03\/pnab2026-ed09_anexo-6-autodeclaracao-etnico-racial.docx\"><span class=\"icon icon-clip\"><\/span> Autodeclara\u00e7\u00e3o \u00c9tnico-Racial<\/a><br>\n<a href=\"https:\/\/www.goiania.go.gov.br\/secult\/wp-content\/uploads\/sites\/5\/2026\/03\/pnab2026-ed09_anexo-7-autodeclaracao-pcd.docx\"><span class=\"icon icon-clip\"><\/span> Autodeclara\u00e7\u00e3o PCD<\/a><br>\n<a href=\"https:\/\/www.goiania.go.gov.br\/secult\/wp-content\/uploads\/sites\/5\/2026\/03\/pnab2026-ed09_anexo-9-formulario-pedido-recurso.docx\"><span class=\"icon icon-clip\"><\/span> Formul\u00e1rio de Pedido de Recurso<\/a><br>\n<a href=\"https:\/\/www.goiania.go.gov.br\/secult\/wp-content\/uploads\/sites\/5\/2026\/03\/pnab2026-ed09_anexo-10-declaracaode-reconhecimento-comunidade.docx\"><span class=\"icon icon-clip\"><\/span> Declara\u00e7\u00e3o de Reconhecimento da Comunidade<\/a><br>\n<a href=\"https:\/\/www.goiania.go.gov.br\/secult\/wp-content\/uploads\/sites\/5\/2026\/03\/pnab2026-ed09_anexo-12-termo-concessao-bolsa-culturaviva.docx\"><span class=\"icon icon-clip\"><\/span> Termo de Concess\u00e3o da Bolsa Cultura Viva<\/a><br>\n<\/div>\n\n\n\n<p class=\"has-text-color has-link-color wp-elements-d9e1780d643b6372883504a016c8ba2f\" style=\"color:#005aff\"><a href=\"https:\/\/www.goiania.go.gov.br\/secult\/wp-content\/uploads\/sites\/5\/2026\/03\/pnab-edital-2026-10.pdf\" target=\"_blank\" rel=\"noreferrer noopener\"><strong>\u2738 Edital 10 \u2013 Fomento a Rede de Pontos e Pont\u00f5es de Cultura (PDF)<\/strong><\/a><\/p>\n\n\n\n<div style=\"margin: 0;margin-left: 20px;margin-top: -25px\">\n<a href=\"https:\/\/www.goiania.go.gov.br\/secult\/wp-content\/uploads\/sites\/5\/2026\/03\/pnab2026-ed10_anexo-03-formulario-inscricao.docx\"><span class=\"icon icon-clip\"><\/span> Formul\u00e1rio de Inscri\u00e7\u00e3o<\/a><br>\n<a href=\"https:\/\/www.goiania.go.gov.br\/secult\/wp-content\/uploads\/sites\/5\/2026\/03\/pnab2026-ed10_anexo-04-plano-trabalho.docx\"><span class=\"icon icon-clip\"><\/span> Plano de Trabalho<\/a><br>\n<a href=\"https:\/\/www.goiania.go.gov.br\/secult\/wp-content\/uploads\/sites\/5\/2026\/03\/pnab2026-ed10_anexo-05-plano-aplicacao-recursos.xlsx\"><span class=\"icon icon-clip\"><\/span> Plano de Aplica\u00e7\u00e3o dos Recursos<\/a><br>\n<a href=\"https:\/\/www.goiania.go.gov.br\/secult\/wp-content\/uploads\/sites\/5\/2026\/03\/pnab2026-ed10_anexo-06-autodeclaracao-etnico-racial.docx\"><span class=\"icon icon-clip\"><\/span> Autodeclara\u00e7\u00e3o \u00c9tnico-Racial<\/a><br>\n<a href=\"https:\/\/www.goiania.go.gov.br\/secult\/wp-content\/uploads\/sites\/5\/2026\/03\/pnab2026-ed10_anexo-07-autodeclaracao-pcd.docx\"><span class=\"icon icon-clip\"><\/span> Autodeclara\u00e7\u00e3o PCD<\/a><br>\n<a href=\"https:\/\/www.goiania.go.gov.br\/secult\/wp-content\/uploads\/sites\/5\/2026\/03\/pnab2026-ed10_anexo-08-formulario-pedido-recurso.docx\"><span class=\"icon icon-clip\"><\/span> Formul\u00e1rio de Pedido de Recurso<\/a><br>\n<a href=\"https:\/\/www.goiania.go.gov.br\/secult\/wp-content\/uploads\/sites\/5\/2026\/03\/pnab2026-ed10_anexo-09-declaracao-conjunta.docx\"><span class=\"icon icon-clip\"><\/span> Declara\u00e7\u00e3o Conjunta<\/a><br>\n<a href=\"https:\/\/www.goiania.go.gov.br\/secult\/wp-content\/uploads\/sites\/5\/2026\/03\/pnab2026-ed10_anexo-10-minuta-termo-compromisso-cultural.docx\"><span class=\"icon icon-clip\"><\/span> Minuta do Termo de Compromisso Cultural<\/a><br>\n<\/div>\n\n\n\n<p class=\"has-text-color has-link-color wp-elements-90c5a75cf0cae31d42572b0520f54bb2\" style=\"color:#005aff\"><a href=\"https:\/\/www.goiania.go.gov.br\/secult\/wp-content\/uploads\/sites\/5\/2026\/03\/pnab-edital-2026-11.pdf\" target=\"_blank\" rel=\"noreferrer noopener\"><strong>\u2738 Edital 11 \u2013 Premia\u00e7\u00e3o de Pontos e Pont\u00f5es de Cultura (PDF)<\/strong><\/a><\/p>\n\n\n\n<div style=\"margin: 0;margin-left: 20px;margin-top: -25px\">\n<a href=\"https:\/\/www.goiania.go.gov.br\/secult\/wp-content\/uploads\/sites\/5\/2026\/03\/pnab2026-ed11_anexo-03-formulario-inscricao-v3.docx\"><span class=\"icon icon-clip\"><\/span> Formul\u00e1rio de Inscri\u00e7\u00e3o<\/a><br>\n<a href=\"https:\/\/www.goiania.go.gov.br\/secult\/wp-content\/uploads\/sites\/5\/2026\/03\/pnab2026-ed11_anexo-04-declaracao-rep-do-grupo_coletivo-cultural.docx\"><span class=\"icon icon-clip\"><\/span> Declara\u00e7\u00e3o do Representante do Grupo Coletivo Cultural<\/a><br>\n<a href=\"https:\/\/www.goiania.go.gov.br\/secult\/wp-content\/uploads\/sites\/5\/2026\/03\/pnab2026-ed11_anexo-05-autodeclaracao-etnico-racial.docx\"><span class=\"icon icon-clip\"><\/span> Autodeclara\u00e7\u00e3o \u00c9tnico-Racial<\/a><br>\n<a href=\"https:\/\/www.goiania.go.gov.br\/secult\/wp-content\/uploads\/sites\/5\/2026\/03\/pnab2026-ed11_anexo-06-autodeclaracao-pcd.docx\"><span class=\"icon icon-clip\"><\/span> Autodeclara\u00e7\u00e3o PCD<\/a><br>\n<a href=\"https:\/\/www.goiania.go.gov.br\/secult\/wp-content\/uploads\/sites\/5\/2026\/03\/pnab2026-ed11_anexo-07-formulario-pedido-recurso.docx\"><span class=\"icon icon-clip\"><\/span> Formul\u00e1rio de Pedido de Recurso<\/a><br>\n<a href=\"https:\/\/www.goiania.go.gov.br\/secult\/wp-content\/uploads\/sites\/5\/2026\/03\/pnab2026-ed11_anexo-08-termo-premiacao.docx\"><span class=\"icon icon-clip\"><\/span> Termo de Premia\u00e7\u00e3o<\/a><br>\n<\/div>\n\n\n\n<hr class=\"wp-block-separator has-alpha-channel-opacity\" \/>\n\n\n\n<div class=\"wp-block-group\"><div class=\"wp-block-group__inner-container is-layout-constrained wp-block-group-is-layout-constrained\">\n<h2 class=\"wp-block-heading\">Orienta\u00e7\u00f5es para inscri\u00e7\u00f5es<\/h2>\n\n\n\n<p>Utilize o site gratuito para converter\/juntar arquivos de imagem, word e excel e outros documentos em formato PDF:&nbsp;<strong><a href=\"https:\/\/tools.pdf24.org\/pt\/juntar-pdf\">https:\/\/tools.pdf24.org\/pt\/juntar-pdf<\/a><\/strong><\/p>\n<\/div><\/div>\n\n\n\n<hr class=\"wp-block-separator has-alpha-channel-opacity\" \/>\n\n\n\n<div class=\"wp-block-cover\" style=\"min-height:280px;aspect-ratio:unset;\"><img loading=\"lazy\" decoding=\"async\" width=\"1600\" height=\"1200\" class=\"wp-block-cover__image-background wp-image-1358\" alt=\"\" src=\"https:\/\/www.goiania.go.gov.br\/secult\/wp-content\/uploads\/sites\/5\/2024\/08\/01.jpeg\" data-object-fit=\"cover\" srcset=\"https:\/\/www.goiania.go.gov.br\/secult\/wp-content\/uploads\/sites\/5\/2024\/08\/01.jpeg 1600w, https:\/\/www.goiania.go.gov.br\/secult\/wp-content\/uploads\/sites\/5\/2024\/08\/01-300x225.jpeg 300w, https:\/\/www.goiania.go.gov.br\/secult\/wp-content\/uploads\/sites\/5\/2024\/08\/01-1024x768.jpeg 1024w, https:\/\/www.goiania.go.gov.br\/secult\/wp-content\/uploads\/sites\/5\/2024\/08\/01-768x576.jpeg 768w, https:\/\/www.goiania.go.gov.br\/secult\/wp-content\/uploads\/sites\/5\/2024\/08\/01-1536x1152.jpeg 1536w, https:\/\/www.goiania.go.gov.br\/secult\/wp-content\/uploads\/sites\/5\/2024\/08\/01-320x240.jpeg 320w\" sizes=\"auto, (max-width: 1600px) 100vw, 1600px\" \/><span aria-hidden=\"true\" class=\"wp-block-cover__background has-background-dim\"><\/span><div class=\"wp-block-cover__inner-container is-layout-constrained wp-block-cover-is-layout-constrained\">\n<p class=\"has-text-align-center has-large-font-size\"><\/p>\n<\/div><\/div>\n\n\n\n<div class=\"wp-block-columns is-layout-flex wp-container-core-columns-is-layout-9d6595d7 wp-block-columns-is-layout-flex\">\n<div class=\"wp-block-column is-layout-flow wp-block-column-is-layout-flow\">\n<figure class=\"wp-block-image size-large\"><img loading=\"lazy\" decoding=\"async\" width=\"1024\" height=\"682\" src=\"https:\/\/www.goiania.go.gov.br\/secult\/wp-content\/uploads\/sites\/5\/2024\/08\/03-1-1024x682.jpeg\" alt=\"\" class=\"wp-image-1363\" srcset=\"https:\/\/www.goiania.go.gov.br\/secult\/wp-content\/uploads\/sites\/5\/2024\/08\/03-1-1024x682.jpeg 1024w, https:\/\/www.goiania.go.gov.br\/secult\/wp-content\/uploads\/sites\/5\/2024\/08\/03-1-300x200.jpeg 300w, https:\/\/www.goiania.go.gov.br\/secult\/wp-content\/uploads\/sites\/5\/2024\/08\/03-1-768x512.jpeg 768w, https:\/\/www.goiania.go.gov.br\/secult\/wp-content\/uploads\/sites\/5\/2024\/08\/03-1-1536x1023.jpeg 1536w, https:\/\/www.goiania.go.gov.br\/secult\/wp-content\/uploads\/sites\/5\/2024\/08\/03-1.jpeg 1600w\" sizes=\"auto, (max-width: 1024px) 100vw, 1024px\" \/><\/figure>\n<\/div>\n\n\n\n<div class=\"wp-block-column is-layout-flow wp-block-column-is-layout-flow\">\n<figure class=\"wp-block-image size-large\"><img loading=\"lazy\" decoding=\"async\" width=\"1024\" height=\"682\" src=\"https:\/\/www.goiania.go.gov.br\/secult\/wp-content\/uploads\/sites\/5\/2024\/08\/04-1024x682.jpeg\" alt=\"\" class=\"wp-image-1359\" srcset=\"https:\/\/www.goiania.go.gov.br\/secult\/wp-content\/uploads\/sites\/5\/2024\/08\/04-1024x682.jpeg 1024w, https:\/\/www.goiania.go.gov.br\/secult\/wp-content\/uploads\/sites\/5\/2024\/08\/04-300x200.jpeg 300w, https:\/\/www.goiania.go.gov.br\/secult\/wp-content\/uploads\/sites\/5\/2024\/08\/04-768x512.jpeg 768w, https:\/\/www.goiania.go.gov.br\/secult\/wp-content\/uploads\/sites\/5\/2024\/08\/04-1536x1023.jpeg 1536w, https:\/\/www.goiania.go.gov.br\/secult\/wp-content\/uploads\/sites\/5\/2024\/08\/04.jpeg 1600w\" sizes=\"auto, (max-width: 1024px) 100vw, 1024px\" \/><\/figure>\n<\/div>\n\n\n\n<div class=\"wp-block-column is-layout-flow wp-block-column-is-layout-flow\">\n<figure class=\"wp-block-image size-large\"><img loading=\"lazy\" decoding=\"async\" width=\"1024\" height=\"682\" src=\"https:\/\/www.goiania.go.gov.br\/secult\/wp-content\/uploads\/sites\/5\/2024\/08\/05-1024x682.jpeg\" alt=\"\" class=\"wp-image-1356\" srcset=\"https:\/\/www.goiania.go.gov.br\/secult\/wp-content\/uploads\/sites\/5\/2024\/08\/05-1024x682.jpeg 1024w, https:\/\/www.goiania.go.gov.br\/secult\/wp-content\/uploads\/sites\/5\/2024\/08\/05-300x200.jpeg 300w, https:\/\/www.goiania.go.gov.br\/secult\/wp-content\/uploads\/sites\/5\/2024\/08\/05-768x512.jpeg 768w, https:\/\/www.goiania.go.gov.br\/secult\/wp-content\/uploads\/sites\/5\/2024\/08\/05-1536x1023.jpeg 1536w, https:\/\/www.goiania.go.gov.br\/secult\/wp-content\/uploads\/sites\/5\/2024\/08\/05.jpeg 1600w\" sizes=\"auto, (max-width: 1024px) 100vw, 1024px\" \/><\/figure>\n<\/div>\n<\/div>\n","protected":false},"excerpt":{"rendered":"<p>A Pol\u00edtica Nacional Aldir Blanc de Fomento \u00e0 Cultura (PNAB) foi institu\u00edda pela Lei n\u00ba 14.399, de 08 de julho de 2022, com o objetivo de fomentar a cultura em todos estados, munic\u00edpios e no Distrito Federal. Com recursos previstos at\u00e9 2027, a PNAB representa uma oportunidade de estruturar o sistema federativo de financiamento \u00e0 [&hellip;]<\/p>\n","protected":false},"author":1,"featured_media":0,"parent":0,"menu_order":2,"comment_status":"closed","ping_status":"closed","template":"","meta":{"_acf_changed":false,"custom_icon_class":"","olho":"","footnotes":""},"class_list":["post-1579","page","type-page","status-publish","hentry"],"acf":[],"_links":{"self":[{"href":"https:\/\/www.goiania.go.gov.br\/secult\/wp-json\/wp\/v2\/pages\/1579","targetHints":{"allow":["GET"]}}],"collection":[{"href":"https:\/\/www.goiania.go.gov.br\/secult\/wp-json\/wp\/v2\/pages"}],"about":[{"href":"https:\/\/www.goiania.go.gov.br\/secult\/wp-json\/wp\/v2\/types\/page"}],"author":[{"embeddable":true,"href":"https:\/\/www.goiania.go.gov.br\/secult\/wp-json\/wp\/v2\/users\/1"}],"replies":[{"embeddable":true,"href":"https:\/\/www.goiania.go.gov.br\/secult\/wp-json\/wp\/v2\/comments?post=1579"}],"version-history":[{"count":10,"href":"https:\/\/www.goiania.go.gov.br\/secult\/wp-json\/wp\/v2\/pages\/1579\/revisions"}],"predecessor-version":[{"id":1795,"href":"https:\/\/www.goiania.go.gov.br\/secult\/wp-json\/wp\/v2\/pages\/1579\/revisions\/1795"}],"wp:attachment":[{"href":"https:\/\/www.goiania.go.gov.br\/secult\/wp-json\/wp\/v2\/media?parent=1579"}],"curies":[{"name":"wp","href":"https:\/\/api.w.org\/{rel}","templated":true}]}}