{"id":1533,"date":"2025-05-15T16:45:55","date_gmt":"2025-05-15T19:45:55","guid":{"rendered":"https:\/\/www.goiania.go.gov.br\/secult\/?page_id=1533"},"modified":"2025-05-19T17:02:10","modified_gmt":"2025-05-19T20:02:10","slug":"art-deco","status":"publish","type":"page","link":"https:\/\/www.goiania.go.gov.br\/secult\/art-deco\/","title":{"rendered":"Art D\u00e9co"},"content":{"rendered":"\n<p>Como parte das comemora\u00e7\u00f5es dos 100 Anos do Art D\u00e9co, a Prefeitura de Goi\u00e2nia, por meio da Secretaria Municipal de Cultura (Secult Goi\u00e2nia), em parceria com a Elysium Sociedade Cultural, convida voc\u00ea a participar do Concurso Fotogr\u00e1fico \u201c100 Anos do Art D\u00e9co\u201d.<\/p>\n\n\n\n<p>Se voc\u00ea \u00e9 apaixonado por fotografia, arte e arquitetura, essa \u00e9 a sua chance de registrar e celebrar as influ\u00eancias do estilo Art D\u00e9co na nossa cidade!<\/p>\n\n\n\n<h2 class=\"wp-block-heading\">Objetivo<\/h2>\n\n\n\n<p>Selecionar fotografias que retratem obras, detalhes arquitet\u00f4nicos ou elementos visuais que representem o estilo Art D\u00e9co ou suas influ\u00eancias.<\/p>\n\n\n\n<h2 class=\"wp-block-heading\">Sele\u00e7\u00e3o<\/h2>\n\n\n\n<p>Ser\u00e3o escolhidas at\u00e9 30 fotografias, que far\u00e3o parte de uma exposi\u00e7\u00e3o especial (local e data a serem divulgados em breve). Os autores das imagens selecionadas tamb\u00e9m receber\u00e3o certificado de participa\u00e7\u00e3o.<\/p>\n\n\n\n<ul class=\"wp-block-list\">\n<li><strong><a href=\"https:\/\/www.goiania.go.gov.br\/secult\/wp-content\/uploads\/sites\/5\/2025\/05\/edital_concurso-fotografico-centenario_art-deco-202505191700.pdf\">Edital &#8211; Concurso Fotogr\u00e1fico (PDF)<\/a><\/strong><\/li>\n\n\n\n<li><a href=\"https:\/\/drive.google.com\/uc?export=download&amp;id=1wgGAprrMH9qwJBCmTdn8UMyDR7DZcUte\"><strong>Download &#8211; Marca 35 Anos (Zip)<\/strong><\/a><\/li>\n<\/ul>\n","protected":false},"excerpt":{"rendered":"<p>Como parte das comemora\u00e7\u00f5es dos 100 Anos do Art D\u00e9co, a Prefeitura de Goi\u00e2nia, por meio da Secretaria Municipal de Cultura (Secult Goi\u00e2nia), em parceria com a Elysium Sociedade Cultural, convida voc\u00ea a participar do Concurso Fotogr\u00e1fico \u201c100 Anos do Art D\u00e9co\u201d. Se voc\u00ea \u00e9 apaixonado por fotografia, arte e arquitetura, essa \u00e9 a sua [&hellip;]<\/p>\n","protected":false},"author":11,"featured_media":0,"parent":0,"menu_order":0,"comment_status":"closed","ping_status":"closed","template":"","meta":{"_acf_changed":false,"custom_icon_class":"","olho":"","footnotes":""},"class_list":["post-1533","page","type-page","status-publish","hentry"],"acf":[],"_links":{"self":[{"href":"https:\/\/www.goiania.go.gov.br\/secult\/wp-json\/wp\/v2\/pages\/1533","targetHints":{"allow":["GET"]}}],"collection":[{"href":"https:\/\/www.goiania.go.gov.br\/secult\/wp-json\/wp\/v2\/pages"}],"about":[{"href":"https:\/\/www.goiania.go.gov.br\/secult\/wp-json\/wp\/v2\/types\/page"}],"author":[{"embeddable":true,"href":"https:\/\/www.goiania.go.gov.br\/secult\/wp-json\/wp\/v2\/users\/11"}],"replies":[{"embeddable":true,"href":"https:\/\/www.goiania.go.gov.br\/secult\/wp-json\/wp\/v2\/comments?post=1533"}],"version-history":[{"count":10,"href":"https:\/\/www.goiania.go.gov.br\/secult\/wp-json\/wp\/v2\/pages\/1533\/revisions"}],"predecessor-version":[{"id":1548,"href":"https:\/\/www.goiania.go.gov.br\/secult\/wp-json\/wp\/v2\/pages\/1533\/revisions\/1548"}],"wp:attachment":[{"href":"https:\/\/www.goiania.go.gov.br\/secult\/wp-json\/wp\/v2\/media?parent=1533"}],"curies":[{"name":"wp","href":"https:\/\/api.w.org\/{rel}","templated":true}]}}