{"id":1414,"date":"2024-08-20T17:33:29","date_gmt":"2024-08-20T20:33:29","guid":{"rendered":"https:\/\/www.goiania.go.gov.br\/secult\/credenciamento-2\/habilitados\/"},"modified":"2024-08-20T17:33:29","modified_gmt":"2024-08-20T20:33:29","slug":"habilitados","status":"publish","type":"page","link":"https:\/\/www.goiania.go.gov.br\/secult\/credenciamento\/habilitados\/","title":{"rendered":"Lista de Habilitados"},"content":{"rendered":"\n<p><strong>Importante<\/strong>! A lista dos habilitados que se inscreveram para participar nos eventos do calend\u00e1rio da Secult Goi\u00e2nia, publicada em ordem alfab\u00e9tica, n\u00e3o indica classifica\u00e7\u00e3o, e conforme item 13.2 do Edital:<\/p>\n\n\n\n<p><small>&#8220;A participa\u00e7\u00e3o no presente Credenciamento <strong>n\u00e3o pressup\u00f5e garantia de contrata\u00e7\u00e3o<\/strong> para as atividades culturais da SECULT uma vez que o Credenciamento \u00e9 um banco de propostas para consulta da equipe program\u00e1tica no processo de composi\u00e7\u00e3o da programa\u00e7\u00e3o da institui\u00e7\u00e3o, ficando esta programa\u00e7\u00e3o condicionada \u00e0 conveni\u00eancia e oportunidade da Secretaria Municipal de Cultura, bem como de previs\u00e3o or\u00e7ament\u00e1ria.&#8221;<\/small><\/p>\n\n\n\n<p>Os nomes ausentes da lista dos habilitados devem consultar a situa\u00e7\u00e3o do seu projeto atrav\u00e9s da plataforma de Credenciamento, podendo este estar ainda sob da comiss\u00e3o respons\u00e1vel.<\/p>\n\n\n\n<h3 class=\"wp-block-heading\">Lista dos <strong>Habilitados<\/strong> por evento (ordem alfab\u00e9tica):<\/h3>\n\n\n\n<p><\/p>\n\n\n\n<div class=\"wp-block-file\"><a id=\"wp-block-file--media-ea4dbb3b-fbc1-4c38-9f46-63b8328096c1\" href=\"https:\/\/www.goiania.go.gov.br\/secult\/wp-content\/uploads\/sites\/5\/2023\/04\/ListaParticipantes-2023-habilitados-2023-04-13.xlsx\"> <span class=\"icon icon-book\"><\/span> Lista de Credenciamento 2023 &#8211; Aprovados (XLS)<\/a><a href=\"https:\/\/www.goiania.go.gov.br\/secult\/wp-content\/uploads\/sites\/5\/2023\/02\/ListaParticipantes-APROVADOS.xlsx\" class=\"wp-block-file__button\" download aria-describedby=\"wp-block-file--media-ea4dbb3b-fbc1-4c38-9f46-63b8328096c1\">Baixar<\/a><\/div>\n\n\n\n<div class=\"wp-block-file\"><a id=\"wp-block-file--media-ae7a837b-ae6f-4f7b-981b-8aa707ed2c90\" href=\"https:\/\/www.goiania.go.gov.br\/secult\/wp-content\/uploads\/sites\/5\/2023\/04\/ListaParticipantes-2022-habilitados-2023-04-13.xlsx\"> <span class=\"icon icon-book\"><\/span> Lista de Credenciamento 2022 &#8211; Aprovados (XLS)<\/a><a href=\"https:\/\/www.goiania.go.gov.br\/secult\/wp-content\/uploads\/sites\/5\/2023\/02\/ListaParticipantes-APROVADOS.xlsx\" class=\"wp-block-file__button\" download aria-describedby=\"wp-block-file--media-ae7a837b-ae6f-4f7b-981b-8aa707ed2c90\">Baixar<\/a><\/div>\n\n\n\n<hr class=\"wp-block-separator\" \/>\n\n\n\n<p><\/p>\n\n\n\n<p><small>\u00daltima Atualiza\u00e7\u00e3o: 17\/02\/2023 \u00e0s 15h03<\/small><\/p>\n","protected":false},"excerpt":{"rendered":"<p>Importante! A lista dos habilitados que se inscreveram para participar nos eventos do calend\u00e1rio da Secult Goi\u00e2nia, publicada em ordem alfab\u00e9tica, n\u00e3o indica classifica\u00e7\u00e3o, e conforme item 13.2 do Edital: &#8220;A participa\u00e7\u00e3o no presente Credenciamento n\u00e3o pressup\u00f5e garantia de contrata\u00e7\u00e3o para as atividades culturais da SECULT uma vez que o Credenciamento \u00e9 um banco de [&hellip;]<\/p>\n","protected":false},"author":1,"featured_media":0,"parent":1413,"menu_order":0,"comment_status":"closed","ping_status":"closed","template":"page-templates\/page-sidebar-right.php","meta":{"_acf_changed":false,"custom_icon_class":"","olho":"","footnotes":""},"class_list":["post-1414","page","type-page","status-publish","hentry"],"acf":[],"_links":{"self":[{"href":"https:\/\/www.goiania.go.gov.br\/secult\/wp-json\/wp\/v2\/pages\/1414","targetHints":{"allow":["GET"]}}],"collection":[{"href":"https:\/\/www.goiania.go.gov.br\/secult\/wp-json\/wp\/v2\/pages"}],"about":[{"href":"https:\/\/www.goiania.go.gov.br\/secult\/wp-json\/wp\/v2\/types\/page"}],"author":[{"embeddable":true,"href":"https:\/\/www.goiania.go.gov.br\/secult\/wp-json\/wp\/v2\/users\/1"}],"replies":[{"embeddable":true,"href":"https:\/\/www.goiania.go.gov.br\/secult\/wp-json\/wp\/v2\/comments?post=1414"}],"version-history":[{"count":0,"href":"https:\/\/www.goiania.go.gov.br\/secult\/wp-json\/wp\/v2\/pages\/1414\/revisions"}],"up":[{"embeddable":true,"href":"https:\/\/www.goiania.go.gov.br\/secult\/wp-json\/wp\/v2\/pages\/1413"}],"wp:attachment":[{"href":"https:\/\/www.goiania.go.gov.br\/secult\/wp-json\/wp\/v2\/media?parent=1414"}],"curies":[{"name":"wp","href":"https:\/\/api.w.org\/{rel}","templated":true}]}}