{"id":1413,"date":"2019-05-13T11:37:32","date_gmt":"2024-08-20T20:33:29","guid":{"rendered":"https:\/\/www.goiania.go.gov.br\/secult\/credenciamento-2\/"},"modified":"2025-09-04T16:16:04","modified_gmt":"2025-09-04T19:16:04","slug":"credenciamento","status":"publish","type":"page","link":"https:\/\/www.goiania.go.gov.br\/secult\/credenciamento\/","title":{"rendered":"Credenciamento de Artistas"},"content":{"rendered":"\n<p>O Credenciamento de Artista \u00e9 o registro de pessoas e entidades culturais destinado a Mapear o perfil da comunidade art\u00edstica e cultural de Goi\u00e2nia.<\/p>\n\n\n\n<p>Atrav\u00e9s dele a <strong>Secult Goi\u00e2nia<\/strong> ter\u00e1 um retrato do nosso cen\u00e1rio cultural e poder\u00e1 fomentar programas que dar\u00e3o mais visibilidade aos nossos artistas.<\/p>\n\n\n\n<h2 class=\"wp-block-heading\">Chamada P\u00fablica<\/h2>\n\n\n\n<p>Confira na <a href=\"https:\/\/www.goiania.go.gov.br\/secult\/editais\/#edital-02-2025-credenciamento\">p\u00e1gina de Editais a publica\u00e7\u00e3o da <strong>Chamada P\u00fablica n\u00ba 02\/2025.<\/strong><\/a><\/p>\n\n\n\n<h2 class=\"wp-block-heading\">O que eu preciso para fazer o Credenciamento?<\/h2>\n\n\n\n<p>O proponente deve preencher o cadastro e <strong>ter em formato digital (imagem ou pdf)<\/strong> todos os documentos pessoais, tais como documento de identifica\u00e7\u00e3o, CPF e comprovante de endere\u00e7o, al\u00e9m um <strong>Portf\u00f3lio<\/strong> que comprove sua atua\u00e7\u00e3o art\u00edstica (Hist\u00f3ricos, curr\u00edculos, portf\u00f3lios, mat\u00e9rias publicadas, fotos e outros).<\/p>\n\n\n\n<p>Em caso de Pessoa Jur\u00eddica, Coletivos e Grupos devem tamb\u00e9m obrigatoriamente apresentar os documentos espec\u00edficos desse segmento, como comprovante de endere\u00e7o comercial, c\u00f3pia do ato constitutivo da empresa, inscri\u00e7\u00e3o do CNPJ e os documentos do representante legal.<\/p>\n\n\n\n<h2 class=\"wp-block-heading\">Participa\u00e7\u00e3o no Calend\u00e1rio de Eventos Secult<\/h2>\n\n\n\n<p>Al\u00e9m do Credenciamento, os proponentes podem se inscrever para participar nos mais diversos eventos realizados pela Secult, para isso ele deve preencher o cadastro de participa\u00e7\u00e3o e incluir uma <strong><a rel=\"noreferrer noopener\" href=\"https:\/\/www.goiania.go.gov.br\/secult\/wp-content\/uploads\/sites\/5\/2022\/06\/formato-proposta-credenciamento.pdf\" target=\"_blank\">Proposta de Apresenta\u00e7\u00e3o Art\u00edstica (veja o modelo aqui)<\/a><\/strong> e a Ficha T\u00e9cnica do projeto.<\/p>\n\n\n\n<p>Baixe o <a href=\"https:\/\/www.goiania.go.gov.br\/secult\/wp-content\/uploads\/sites\/5\/2023\/07\/credenciamento-secult-anexo-IV-edital-2022-02.docx\"><strong>Anexo IV (Clique aqui)<\/strong><\/a> para envio de participa\u00e7\u00e3o como uma Empresa Representante.<\/p>\n\n\n\n<p><strong>IMPORTANTE! Para participa\u00e7\u00e3o como Pessoa F\u00edsica haver\u00e1 desconto de 27% de imposto.<\/strong><\/p>\n\n\n\n<p style=\"text-align:left;margin: 30px 0\"><a href=\"https:\/\/www10.goiania.go.gov.br\/Credenciamento\/CredenciamentoCultural.aspx\" target=\"_blank\" rel=\"noreferrer noopener\" style=\"padding: 15px 30px;border-radius: 100px;background:#31997d;color:#fff\"><strong>Fa\u00e7a o Credenciamento<\/strong><\/a><\/p>\n\n\n\n<p>Veja abaixo o v\u00eddeo tutorial do credenciamento.<\/p>\n\n\n\n<figure class=\"wp-block-embed is-type-video is-provider-youtube wp-block-embed-youtube wp-embed-aspect-4-3 wp-has-aspect-ratio\"><div class=\"wp-block-embed__wrapper\">\n<iframe loading=\"lazy\" title=\"Tutorial para o Credenciamento de Artistas da Secult Goi\u00e2nia\" width=\"500\" height=\"375\" src=\"https:\/\/www.youtube.com\/embed\/V1ABuMAjS3c?feature=oembed\" frameborder=\"0\" allow=\"accelerometer; autoplay; clipboard-write; encrypted-media; gyroscope; picture-in-picture; web-share\" referrerpolicy=\"strict-origin-when-cross-origin\" allowfullscreen><\/iframe>\n<\/div><\/figure>\n\n\n\n<h4 style=\"color: #F33724\">Caso tenha problema de Acesso ao Sistema da Prefeitura:<\/h4>\n\n\n\n<p>\u2022 Altera\u00e7\u00e3o de e-mail ser\u00e1 realizada somente no atendimento presencial nas Centrais de Relacionamento &#8211; <strong>Atende F\u00e1cil, por agendamento<\/strong>.<br>\u2022 Orienta\u00e7\u00f5es para o Primeiro acesso: 3524-3801<\/p>\n\n\n\n<p>Se preferir, fa\u00e7a presencialmente na <strong>Secretaria Municipal de Cultura de Goi\u00e2nia<\/strong>, na Avenida Parque Atheneu, n\u00b0 1477, Setor Parque Atheneu, nos hor\u00e1rios: 8h \u00e0s 12h e 14h \u00e0s 18h.<\/p>\n","protected":false},"excerpt":{"rendered":"<p>O Credenciamento de Artista \u00e9 o registro de pessoas e entidades culturais destinado a Mapear o perfil da comunidade art\u00edstica e cultural de Goi\u00e2nia. Atrav\u00e9s dele a Secult Goi\u00e2nia ter\u00e1 um retrato do nosso cen\u00e1rio cultural e poder\u00e1 fomentar programas que dar\u00e3o mais visibilidade aos nossos artistas. Chamada P\u00fablica Confira na p\u00e1gina de Editais a [&hellip;]<\/p>\n","protected":false},"author":1,"featured_media":0,"parent":0,"menu_order":12,"comment_status":"closed","ping_status":"closed","template":"page-templates\/page-sidebar-right.php","meta":{"_acf_changed":false,"custom_icon_class":"","olho":"","footnotes":""},"class_list":["post-1413","page","type-page","status-publish","hentry"],"acf":[],"_links":{"self":[{"href":"https:\/\/www.goiania.go.gov.br\/secult\/wp-json\/wp\/v2\/pages\/1413","targetHints":{"allow":["GET"]}}],"collection":[{"href":"https:\/\/www.goiania.go.gov.br\/secult\/wp-json\/wp\/v2\/pages"}],"about":[{"href":"https:\/\/www.goiania.go.gov.br\/secult\/wp-json\/wp\/v2\/types\/page"}],"author":[{"embeddable":true,"href":"https:\/\/www.goiania.go.gov.br\/secult\/wp-json\/wp\/v2\/users\/1"}],"replies":[{"embeddable":true,"href":"https:\/\/www.goiania.go.gov.br\/secult\/wp-json\/wp\/v2\/comments?post=1413"}],"version-history":[{"count":2,"href":"https:\/\/www.goiania.go.gov.br\/secult\/wp-json\/wp\/v2\/pages\/1413\/revisions"}],"predecessor-version":[{"id":1553,"href":"https:\/\/www.goiania.go.gov.br\/secult\/wp-json\/wp\/v2\/pages\/1413\/revisions\/1553"}],"wp:attachment":[{"href":"https:\/\/www.goiania.go.gov.br\/secult\/wp-json\/wp\/v2\/media?parent=1413"}],"curies":[{"name":"wp","href":"https:\/\/api.w.org\/{rel}","templated":true}]}}