{"id":1326,"date":"2019-05-13T11:37:32","date_gmt":"2024-06-13T14:36:45","guid":{"rendered":"https:\/\/www.goiania.go.gov.br\/secult\/?page_id=1326"},"modified":"2026-02-06T22:25:14","modified_gmt":"2026-02-07T01:25:14","slug":"pnab-2024","status":"publish","type":"page","link":"https:\/\/www.goiania.go.gov.br\/secult\/pnab-2024\/","title":{"rendered":"Pol\u00edtica Nacional Aldir Blanc de Fomento \u00e0 Cultura 2024"},"content":{"rendered":"\n<p>A Pol\u00edtica Nacional Aldir Blanc de Fomento \u00e0 Cultura (PNAB) foi institu\u00edda pela Lei n\u00ba 14.399, de 08 de julho de 2022, com o objetivo de fomentar a cultura em todos estados, munic\u00edpios e no Distrito Federal. Com recursos previstos at\u00e9 2027, a PNAB representa uma oportunidade de estruturar o sistema federativo de financiamento \u00e0 cultura, mediante repasses da Uni\u00e3o aos demais entes federativos de forma cont\u00ednua.<\/p>\n\n\n\n<div class=\"wp-block-group\"><div class=\"wp-block-group__inner-container is-layout-constrained wp-block-group-is-layout-constrained\">\n<hr class=\"wp-block-separator has-alpha-channel-opacity\" \/>\n\n\n\n<h2 class=\"wp-block-heading\">Inscri\u00e7\u00f5es<\/h2>\n\n\n\n<p>As inscri\u00e7\u00f5es do Edital 013\/2024 de Fomento a projetos Continuados de Pontos de Cultura para o desenvolvimento da &#8220;Rede Municipal de Pontos de Cultura de Goi\u00e2nia&#8221; por meio da Pol\u00edtica Nacional de Cultura Viva (PNCV), e da Pol\u00edtica Nacional Aldir Blanc foram prorrogadas.<\/p>\n\n\n\n<p style=\"text-align:left;margin: 30px 0 10px;font-size:1.25rem\"><strong><a target=\"_blank\" rel=\"noreferrer noopener\" style=\"padding: 15px 30px;border-radius: 100px;background:#ccc;color:#000\">Inscri\u00e7\u00f5es encerradas<\/a><\/strong><\/p>\n<\/div><\/div>\n\n\n\n<h2 class=\"wp-block-heading\">Publica\u00e7\u00f5es<\/h2>\n\n\n\n<p>Leia atentamente os editais publicados e fa\u00e7a o download do arquivo de anexo correspondente para ser preenchido e enviado junto ao formul\u00e1rio de inscri\u00e7\u00e3o.<\/p>\n\n\n\n<h3 class=\"wp-block-heading\">Resultado Final<\/h3>\n\n\n\n<div class=\"wp-block-group has-medium-font-size is-vertical is-layout-flex wp-container-core-group-is-layout-8cf370e7 wp-block-group-is-layout-flex\">\n<div class=\"wp-block-file has-background\" style=\"background-color:#95ff873d\"><a id=\"wp-block-file--media-0ade35e6-1d5c-432e-8580-b35938eaa7c4\" href=\"https:\/\/www.goiania.go.gov.br\/secult\/wp-content\/uploads\/sites\/5\/2024\/12\/6-minuta-resultado-final-edital-013-2024-pnab.pdf\"><strong>Resultado Final &#8211; Edital 013\/2024<\/strong><\/a><\/div>\n<\/div>\n\n\n\n<h3 class=\"wp-block-heading\">Resultado do Recurso do M\u00e9rito<\/h3>\n\n\n\n<div class=\"wp-block-group is-vertical is-layout-flex wp-container-core-group-is-layout-8cf370e7 wp-block-group-is-layout-flex\">\n<div id=\"wp-block-file--media-cb1bca7c-e310-4c9d-b6f8-a9b2b95eb161\" class=\"wp-block-file has-background\" style=\"background-color:#95ff873d\"><a id=\"wp-block-file--media-cb1bca7c-e310-4c9d-b6f8-a9b2b95eb161\" href=\"https:\/\/www.goiania.go.gov.br\/secult\/wp-content\/uploads\/sites\/5\/2024\/12\/1-minuta-resultado-do-merito-cultural-edital-008-2024-pnab-recurso.pdf\"><strong>Recurso do M\u00e9rito &#8211; Edital 008\/2024<\/strong><\/a><\/div>\n\n\n\n<div class=\"wp-block-file has-background\" style=\"background-color:#95ff873d\"><a id=\"wp-block-file--media-3600f60b-b8ea-456b-a507-082324797235\" href=\"https:\/\/www.goiania.go.gov.br\/secult\/wp-content\/uploads\/sites\/5\/2024\/12\/2-minuta-resultado-do-merito-cultural-edital-009-2024-pnab-recurso.pdf\"><strong>Recurso do M\u00e9rito &#8211; Edital 009\/2024<\/strong><\/a><\/div>\n\n\n\n<div class=\"wp-block-file has-background\" style=\"background-color:#95ff873d\"><a id=\"wp-block-file--media-f9d5a26b-462c-4d43-a619-dedf831a8f50\" href=\"https:\/\/www.goiania.go.gov.br\/secult\/wp-content\/uploads\/sites\/5\/2024\/12\/3-minuta-resultado-do-merito-cultural-edital-010-2024-pnab-recurso.pdf\"><strong>Recurso do M\u00e9rito &#8211; Edital 010\/2024<\/strong><\/a><\/div>\n\n\n\n<div class=\"wp-block-file has-background\" style=\"background-color:#95ff873d\"><a id=\"wp-block-file--media-456d5011-b894-4d57-a878-7953801d246b\" href=\"https:\/\/www.goiania.go.gov.br\/secult\/wp-content\/uploads\/sites\/5\/2024\/12\/4-minuta-resultado-do-merito-cultural-edital-011-2024-pnab-recurso.pdf\"><strong>Recurso do M\u00e9rito &#8211; Edital 011\/2024<\/strong><\/a><\/div>\n\n\n\n<div class=\"wp-block-file has-background\" style=\"background-color:#95ff873d\"><a id=\"wp-block-file--media-73765c05-5324-4350-b78e-25e2e2cffb07\" href=\"https:\/\/www.goiania.go.gov.br\/secult\/wp-content\/uploads\/sites\/5\/2024\/12\/5-minuta-resultado-do-merito-cultural-edital-012-2024-pnab-recurso.pdf\"><strong>Recurso do M\u00e9rito &#8211; Edital 012\/2024<\/strong><\/a><\/div>\n\n\n\n<div class=\"wp-block-file has-background\" style=\"background-color:#95ff873d\"><a id=\"wp-block-file--media-93424bb2-9b76-48cb-b12d-643b6d9bc3bf\" href=\"https:\/\/www.goiania.go.gov.br\/secult\/wp-content\/uploads\/sites\/5\/2024\/12\/6-minuta-resultado-do-merito-cultural-edital-013-2024-pnab-recurso.pdf\"><strong>Recurso do M\u00e9rito &#8211; Edital 013\/2024<\/strong><\/a><\/div>\n<\/div>\n\n\n\n<h3 class=\"wp-block-heading\">Resultado do M\u00e9rito<\/h3>\n\n\n\n<ul class=\"wp-block-list\">\n<li><a href=\"https:\/\/www.goiania.go.gov.br\/secult\/wp-content\/uploads\/sites\/5\/2024\/11\/pnab-2024-08-resultado-merito-cultural.pdf\" target=\"_blank\" rel=\"noreferrer noopener\"><strong>Resultado M\u00e9rito Cultural &#8211; Edital 08<\/strong><\/a><\/li>\n\n\n\n<li><a href=\"https:\/\/www.goiania.go.gov.br\/secult\/wp-content\/uploads\/sites\/5\/2024\/11\/pnab-2024-09-resultado-merito-cultural.pdf\" target=\"_blank\" rel=\"noreferrer noopener\"><strong>Resultado M\u00e9rito Cultural &#8211; Edital 09<\/strong><\/a><\/li>\n\n\n\n<li><a href=\"https:\/\/www.goiania.go.gov.br\/secult\/wp-content\/uploads\/sites\/5\/2024\/11\/pnab-2024-10-resultado-merito-cultural.pdf\" target=\"_blank\" rel=\"noreferrer noopener\"><strong>Resultado M\u00e9rito Cultural &#8211; Edital 10<\/strong><\/a><\/li>\n\n\n\n<li><a href=\"https:\/\/www.goiania.go.gov.br\/secult\/wp-content\/uploads\/sites\/5\/2024\/11\/pnab-2024-11-resultado-merito-cultural.pdf\" target=\"_blank\" rel=\"noreferrer noopener\"><strong>Resultado M\u00e9rito Cultural &#8211; Edital 11<\/strong><\/a><\/li>\n\n\n\n<li><a href=\"https:\/\/www.goiania.go.gov.br\/secult\/wp-content\/uploads\/sites\/5\/2024\/11\/pnab-2024-12-resultado-merito-cultural.pdf\" target=\"_blank\" rel=\"noreferrer noopener\"><strong>Resultado M\u00e9rito Cultural &#8211; Edital 12<\/strong><\/a><\/li>\n<\/ul>\n\n\n\n<h2 class=\"wp-block-heading\">Logotipos para uso<\/h2>\n\n\n\n<p><a href=\"https:\/\/drive.google.com\/uc?export=download&amp;id=1mwEe7A_EUoHgeczZEwaHbQMCKaSzX2vf\" target=\"_blank\" rel=\"noreferrer noopener\"><strong>Logo &#8211; Prefeitura de Goi\u00e2nia | Secretaria Municipal de Cultura<\/strong><\/a><\/p>\n\n\n\n<p><a href=\"https:\/\/drive.google.com\/uc?export=download&amp;id=1CI0x42S8p109CI-rcyb9I-MOWJBogViY\" target=\"_blank\" rel=\"noreferrer noopener\"><strong>Logo &#8211; Pol\u00edtica Nacional Aldir Blanc<\/strong><\/a><\/p>\n\n\n\n<h3 class=\"wp-block-heading\">Formul\u00e1rio para Recurso<\/h3>\n\n\n\n<p class=\"has-text-color\">\n<strong><a style=\"color:#1EC98A\" rel=\"noreferrer noopener\" href=\"https:\/\/www.goiania.go.gov.br\/secult\/wp-content\/uploads\/sites\/5\/2024\/10\/pnab-2024-formulario-apresentacao-recurso.docx\" target=\"_blank\">\n<span class=\"icon icon-draft\"><\/span> Todos Editais &#8211; Formul\u00e1rio Geral para Apresenta\u00e7\u00e3o de Recurso (Docx)<\/a>\n\n\n\n<hr class=\"wp-block-separator has-alpha-channel-opacity\" \/>\n\n\n\n<p class=\"has-text-color\">\n<strong><a style=\"color:#2A454A\" rel=\"noreferrer noopener\" href=\"https:\/\/www.goiania.go.gov.br\/secult\/wp-content\/uploads\/sites\/5\/2024\/08\/pnab-2024-08-edital-de-fomento-cultural-i-criacao-montagem-circulacao.pdf\" target=\"_blank\">\n<span class=\"icon icon-book\"><\/span> Edital 08 &#8211; Fomento Cultural I \u2013 Cria\u00e7\u00e3o, Montagem, Circula\u00e7\u00e3o (PDF)<\/a>\n<br>\n<a style=\"color:#1EC98A\" rel=\"noreferrer noopener\" href=\"https:\/\/www.goiania.go.gov.br\/secult\/wp-content\/uploads\/sites\/5\/2024\/08\/\/pnab-2024-08-anexo-2.docx\" target=\"_blank\"><span class=\"icon icon-draft\"><\/span> Anexo 2 &#8211; Dados do Projeto &#8211; Edital 08 (Docx)<\/a><br>\n<a style=\"color:#1EC98A\" rel=\"noreferrer noopener\" href=\"https:\/\/www.goiania.go.gov.br\/secult\/wp-content\/uploads\/sites\/5\/2024\/08\/pnab-2024-08-anexo-6.docx\" target=\"_blank\"><span class=\"icon icon-draft\"><\/span> Anexo 6 &#8211; Declara\u00e7\u00e3o de Representa\u00e7\u00e3o de Grupo ou Coletivo &#8211; Edital 08 (Docx)<\/a><br>\n<a style=\"color:#1EC98A\" rel=\"noreferrer noopener\" href=\"https:\/\/www.goiania.go.gov.br\/secult\/wp-content\/uploads\/sites\/5\/2024\/08\/pnab-2024-08-anexo-7.docx\" target=\"_blank\"><span class=\"icon icon-draft\"><\/span> Anexo 7 &#8211; Declara\u00e7\u00e3o \u00c9tnico-Racial &#8211; Edital 08 (Docx)<\/a><br>\n<a style=\"color:#1EC98A\" rel=\"noreferrer noopener\" href=\"https:\/\/www.goiania.go.gov.br\/secult\/wp-content\/uploads\/sites\/5\/2024\/08\/pnab-2024-08-anexo-8.docx\" target=\"_blank\"><span class=\"icon icon-draft\"><\/span> Anexo 8 &#8211; Declara\u00e7\u00e3o Pessoa com Defici\u00eancia  &#8211; Edital 08 (Docx)<\/a><br>\n<\/strong>\n<\/p>\n<p class=\"has-text-color\">\n<strong><a style=\"color:#2A454A\" rel=\"noreferrer noopener\" href=\"https:\/\/www.goiania.go.gov.br\/secult\/wp-content\/uploads\/sites\/5\/2024\/08\/pnab-2024-09-edital-de-fomento-cultural-ii-acoes-formativas.pdf\" target=\"_blank\">\n<span class=\"icon icon-book\"><\/span> Edital 09 &#8211; Fomento Cultural II &#8211; A\u00e7\u00f5es Formativas (PDF)<\/a>\n<br>\n<a style=\"color:#1EC98A\" rel=\"noreferrer noopener\" href=\"https:\/\/www.goiania.go.gov.br\/secult\/wp-content\/uploads\/sites\/5\/2024\/08\/\/pnab-2024-09-anexo-2.docx\" target=\"_blank\"><span class=\"icon icon-draft\"><\/span> Anexo 2 &#8211; Dados do Projeto &#8211; Edital 09 (Docx)<\/a><br>\n<a style=\"color:#1EC98A\" rel=\"noreferrer noopener\" href=\"https:\/\/www.goiania.go.gov.br\/secult\/wp-content\/uploads\/sites\/5\/2024\/08\/pnab-2024-09-anexo-6.docx\" target=\"_blank\"><span class=\"icon icon-draft\"><\/span> Anexo 6 &#8211; Declara\u00e7\u00e3o de Representa\u00e7\u00e3o de Grupo ou Coletivo &#8211; Edital 09 (Docx)<\/a><br>\n<a style=\"color:#1EC98A\" rel=\"noreferrer noopener\" href=\"https:\/\/www.goiania.go.gov.br\/secult\/wp-content\/uploads\/sites\/5\/2024\/08\/pnab-2024-09-anexo-7.docx\" target=\"_blank\"><span class=\"icon icon-draft\"><\/span> Anexo 7 &#8211; Declara\u00e7\u00e3o \u00c9tnico-Racial &#8211; Edital 09 (Docx)<\/a><br>\n<a style=\"color:#1EC98A\" rel=\"noreferrer noopener\" href=\"https:\/\/www.goiania.go.gov.br\/secult\/wp-content\/uploads\/sites\/5\/2024\/08\/pnab-2024-09-anexo-8.docx\" target=\"_blank\"><span class=\"icon icon-draft\"><\/span> Anexo 8 &#8211; Declara\u00e7\u00e3o Pessoa com Defici\u00eancia  &#8211; Edital 09 (Docx)<\/a><br>\n<\/strong>\n<\/p>\n<p class=\"has-text-color\">\n<strong><a style=\"color:#2A454A\" rel=\"noreferrer noopener\" href=\"https:\/\/www.goiania.go.gov.br\/secult\/wp-content\/uploads\/sites\/5\/2024\/08\/pnab-2024-10-edital-de-fomento-cultural-iii-patrimonio-cultural.pdf\" target=\"_blank\">\n<span class=\"icon icon-book\"><\/span> Edital 10 &#8211; Fomento Cultural III &#8211; Patrim\u00f4nio Cultural (PDF)<\/a>\n<br>\n<a style=\"color:#1EC98A\" rel=\"noreferrer noopener\" href=\"https:\/\/www.goiania.go.gov.br\/secult\/wp-content\/uploads\/sites\/5\/2024\/08\/\/pnab-2024-10-anexo-2.docx\" target=\"_blank\"><span class=\"icon icon-draft\"><\/span> Anexo 2 &#8211; Dados do Projeto &#8211; Edital 10 (Docx)<\/a><br>\n<a style=\"color:#1EC98A\" rel=\"noreferrer noopener\" href=\"https:\/\/www.goiania.go.gov.br\/secult\/wp-content\/uploads\/sites\/5\/2024\/08\/pnab-2024-10-anexo-6.docx\" target=\"_blank\"><span class=\"icon icon-draft\"><\/span> Anexo 6 &#8211; Declara\u00e7\u00e3o de Representa\u00e7\u00e3o de Grupo ou Coletivo &#8211; Edital 10 (Docx)<\/a><br>\n<a style=\"color:#1EC98A\" rel=\"noreferrer noopener\" href=\"https:\/\/www.goiania.go.gov.br\/secult\/wp-content\/uploads\/sites\/5\/2024\/08\/pnab-2024-10-anexo-7.docx\" target=\"_blank\"><span class=\"icon icon-draft\"><\/span> Anexo 7 &#8211; Declara\u00e7\u00e3o \u00c9tnico-Racial &#8211; Edital 10 (Docx)<\/a><br>\n<a style=\"color:#1EC98A\" rel=\"noreferrer noopener\" href=\"https:\/\/www.goiania.go.gov.br\/secult\/wp-content\/uploads\/sites\/5\/2024\/08\/pnab-2024-10-anexo-8.docx\" target=\"_blank\"><span class=\"icon icon-draft\"><\/span> Anexo 8 &#8211; Declara\u00e7\u00e3o Pessoa com Defici\u00eancia  &#8211; Edital 10 (Docx)<\/a><br>\n<\/strong>\n<\/p>\n<p class=\"has-text-color\">\n<strong><a style=\"color:#2A454A\" rel=\"noreferrer noopener\" href=\"https:\/\/www.goiania.go.gov.br\/secult\/wp-content\/uploads\/sites\/5\/2024\/08\/pnab-2024-11-edital-para-obras-reformas-de-espacos-culturais.pdf\" target=\"_blank\">\n<span class=\"icon icon-book\"><\/span> Edital 11 &#8211; Para Obras, Reformas de Espa\u00e7os Culturais (PDF)<\/a>\n<br>\n<a style=\"color:#1EC98A\" rel=\"noreferrer noopener\" href=\"https:\/\/www.goiania.go.gov.br\/secult\/wp-content\/uploads\/sites\/5\/2024\/08\/\/pnab-2024-11-anexo-2.docx\" target=\"_blank\"><span class=\"icon icon-draft\"><\/span> Anexo 2 &#8211; Dados do Projeto &#8211; Edital 11 (Docx)<\/a><br>\n<a style=\"color:#1EC98A\" rel=\"noreferrer noopener\" href=\"https:\/\/www.goiania.go.gov.br\/secult\/wp-content\/uploads\/sites\/5\/2024\/08\/pnab-2024-11-anexo-6.docx\" target=\"_blank\"><span class=\"icon icon-draft\"><\/span> Anexo 6 &#8211; Declara\u00e7\u00e3o de Representa\u00e7\u00e3o de Grupo ou Coletivo &#8211; Edital 11 (Docx)<\/a><br>\n<a style=\"color:#1EC98A\" rel=\"noreferrer noopener\" href=\"https:\/\/www.goiania.go.gov.br\/secult\/wp-content\/uploads\/sites\/5\/2024\/08\/pnab-2024-11-anexo-7.docx\" target=\"_blank\"><span class=\"icon icon-draft\"><\/span> Anexo 7 &#8211; Declara\u00e7\u00e3o \u00c9tnico-Racial &#8211; Edital 11 (Docx)<\/a><br>\n<a style=\"color:#1EC98A\" rel=\"noreferrer noopener\" href=\"https:\/\/www.goiania.go.gov.br\/secult\/wp-content\/uploads\/sites\/5\/2024\/08\/pnab-2024-11-anexo-8.docx\" target=\"_blank\"><span class=\"icon icon-draft\"><\/span> Anexo 8 &#8211; Declara\u00e7\u00e3o Pessoa com Defici\u00eancia  &#8211; Edital 11 (Docx)<\/a><br>\n<\/strong>\n<\/p>\n<p class=\"has-text-color\">\n<strong><a style=\"color:#2A454A\" rel=\"noreferrer noopener\" href=\"https:\/\/www.goiania.go.gov.br\/secult\/wp-content\/uploads\/sites\/5\/2024\/08\/pnab-2024-12-edital-de-subsidio-para-manutencao-de-espacos-culturais.pdf\" target=\"_blank\">\n<span class=\"icon icon-book\"><\/span> Edital 12 &#8211; Subs\u00eddio para Manuten\u00e7\u00e3o de Espa\u00e7os Culturais (PDF)<\/a>\n<br>\n<a style=\"color:#1EC98A\" rel=\"noreferrer noopener\" href=\"https:\/\/www.goiania.go.gov.br\/secult\/wp-content\/uploads\/sites\/5\/2024\/08\/\/pnab-2024-12-anexo-2.docx\" target=\"_blank\"><span class=\"icon icon-draft\"><\/span> Anexo 2 &#8211; Dados do Projeto &#8211; Edital 12 (Docx)<\/a><br>\n<a style=\"color:#1EC98A\" rel=\"noreferrer noopener\" href=\"https:\/\/www.goiania.go.gov.br\/secult\/wp-content\/uploads\/sites\/5\/2024\/08\/pnab-2024-12-anexo-6.docx\" target=\"_blank\"><span class=\"icon icon-draft\"><\/span> Anexo 6 &#8211; Declara\u00e7\u00e3o de Representa\u00e7\u00e3o de Grupo ou Coletivo &#8211; Edital 12 (Docx)<\/a><br>\n<a style=\"color:#1EC98A\" rel=\"noreferrer noopener\" href=\"https:\/\/www.goiania.go.gov.br\/secult\/wp-content\/uploads\/sites\/5\/2024\/08\/pnab-2024-12-anexo-7.docx\" target=\"_blank\"><span class=\"icon icon-draft\"><\/span> Anexo 7 &#8211; Declara\u00e7\u00e3o \u00c9tnico-Racial &#8211; Edital 12 (Docx)<\/a><br>\n<a style=\"color:#1EC98A\" rel=\"noreferrer noopener\" href=\"https:\/\/www.goiania.go.gov.br\/secult\/wp-content\/uploads\/sites\/5\/2024\/08\/pnab-2024-12-anexo-8.docx\" target=\"_blank\"><span class=\"icon icon-draft\"><\/span> Anexo 8 &#8211; Declara\u00e7\u00e3o Pessoa com Defici\u00eancia  &#8211; Edital 12 (Docx)<\/a><br>\n<\/strong>\n<\/p>\n<p class=\"has-text-color\">\n<strong><a style=\"color:#2A454A\" rel=\"noreferrer noopener\" href=\"https:\/\/www.goiania.go.gov.br\/secult\/wp-content\/uploads\/sites\/5\/2024\/08\/pnab-2024-13-edital-cultura-viva-para-fomento-a-pontos-de-cultura.pdf\" target=\"_blank\">\n<span class=\"icon icon-book\"><\/span> Edital 13 &#8211; Cultura Viva para fomento a Pontos de Cultura (PDF)<\/a>\n<br>\n<a style=\"color:#1EC98A\" rel=\"noreferrer noopener\" href=\"https:\/\/www.goiania.go.gov.br\/secult\/wp-content\/uploads\/sites\/5\/2024\/08\/\/pnab-2024-13-anexo-3.docx\" target=\"_blank\"><span class=\"icon icon-draft\"><\/span> Anexo 3 &#8211; Experi\u00eancias da Entidade Cultural &#8211; Edital 13 (Docx)<\/a><br>\n<a style=\"color:#1EC98A\" rel=\"noreferrer noopener\" href=\"https:\/\/www.goiania.go.gov.br\/secult\/wp-content\/uploads\/sites\/5\/2024\/08\/\/pnab-2024-13-anexo-4.docx\" target=\"_blank\"><span class=\"icon icon-draft\"><\/span> Anexo 4 &#8211; Plano de Trabalho &#8211; Edital 13 (Docx)<\/a><br>\n<a style=\"color:#1EC98A\" rel=\"noreferrer noopener\" href=\"https:\/\/www.goiania.go.gov.br\/secult\/wp-content\/uploads\/sites\/5\/2024\/08\/\/pnab-2024-13-anexo-5.xlsx\" target=\"_blank\"><span class=\"icon icon-draft\"><\/span> Anexo 5 &#8211; Planilha Or\u00e7ament\u00e1ria &#8211; Edital 13 (Xlsx)<\/a><br>\n<a style=\"color:#1EC98A\" rel=\"noreferrer noopener\" href=\"https:\/\/www.goiania.go.gov.br\/secult\/wp-content\/uploads\/sites\/5\/2024\/08\/\/pnab-2024-13-anexo-6.docx\" target=\"_blank\"><span class=\"icon icon-draft\"><\/span> Anexo 3 &#8211; Modelo de Autodeclara\u00e7\u00e3o \u00c9tnico-Racial &#8211; Edital 13 (Docx)<\/a><br>\n<a style=\"color:#1EC98A\" rel=\"noreferrer noopener\" href=\"https:\/\/www.goiania.go.gov.br\/secult\/wp-content\/uploads\/sites\/5\/2024\/08\/\/pnab-2024-13-anexo-7.docx\" target=\"_blank\"><span class=\"icon icon-draft\"><\/span> Anexo 3 &#8211; Modelo de Autodeclara\u00e7\u00e3o para Pessoa com Defici\u00eancia &#8211; Edital 13 (Docx)<\/a><br>\n<a style=\"color:#1EC98A\" rel=\"noreferrer noopener\" href=\"https:\/\/www.goiania.go.gov.br\/secult\/wp-content\/uploads\/sites\/5\/2024\/08\/\/pnab-2024-13-anexo-9.docx\" target=\"_blank\"><span class=\"icon icon-draft\"><\/span> Anexo 3 &#8211; Declara\u00e7\u00e3o Conjunta &#8211; Edital 13 (Docx)<\/a><br>\n<\/strong>\n<\/p>\n\n\n\n<p class=\"has-text-align-center\"><strong>Veja abaixo o tutorial<\/strong><\/p>\n\n\n<div class=\"wp-block-image\">\n<figure class=\"aligncenter size-large is-resized\"><a href=\"https:\/\/youtu.be\/pveqJLG24uE\"><img loading=\"lazy\" decoding=\"async\" width=\"1024\" height=\"692\" src=\"https:\/\/www.goiania.go.gov.br\/secult\/wp-content\/uploads\/sites\/5\/2024\/08\/1doc-capa-100-1024x692.jpg\" alt=\"\" class=\"wp-image-1448\" style=\"width:400px\" srcset=\"https:\/\/www.goiania.go.gov.br\/secult\/wp-content\/uploads\/sites\/5\/2024\/08\/1doc-capa-100-1024x692.jpg 1024w, https:\/\/www.goiania.go.gov.br\/secult\/wp-content\/uploads\/sites\/5\/2024\/08\/1doc-capa-100-300x203.jpg 300w, https:\/\/www.goiania.go.gov.br\/secult\/wp-content\/uploads\/sites\/5\/2024\/08\/1doc-capa-100-768x519.jpg 768w, https:\/\/www.goiania.go.gov.br\/secult\/wp-content\/uploads\/sites\/5\/2024\/08\/1doc-capa-100-1536x1038.jpg 1536w, https:\/\/www.goiania.go.gov.br\/secult\/wp-content\/uploads\/sites\/5\/2024\/08\/1doc-capa-100.jpg 1894w\" sizes=\"auto, (max-width: 1024px) 100vw, 1024px\" \/><\/a><\/figure><\/div>\n\n\n<hr class=\"wp-block-separator has-alpha-channel-opacity\" \/>\n\n\n\n<div class=\"wp-block-cover\" style=\"min-height:280px;aspect-ratio:unset;\"><img loading=\"lazy\" decoding=\"async\" width=\"1600\" height=\"1200\" class=\"wp-block-cover__image-background wp-image-1358\" alt=\"\" src=\"https:\/\/www.goiania.go.gov.br\/secult\/wp-content\/uploads\/sites\/5\/2024\/08\/01.jpeg\" data-object-fit=\"cover\" srcset=\"https:\/\/www.goiania.go.gov.br\/secult\/wp-content\/uploads\/sites\/5\/2024\/08\/01.jpeg 1600w, https:\/\/www.goiania.go.gov.br\/secult\/wp-content\/uploads\/sites\/5\/2024\/08\/01-300x225.jpeg 300w, https:\/\/www.goiania.go.gov.br\/secult\/wp-content\/uploads\/sites\/5\/2024\/08\/01-1024x768.jpeg 1024w, https:\/\/www.goiania.go.gov.br\/secult\/wp-content\/uploads\/sites\/5\/2024\/08\/01-768x576.jpeg 768w, https:\/\/www.goiania.go.gov.br\/secult\/wp-content\/uploads\/sites\/5\/2024\/08\/01-1536x1152.jpeg 1536w, https:\/\/www.goiania.go.gov.br\/secult\/wp-content\/uploads\/sites\/5\/2024\/08\/01-320x240.jpeg 320w\" sizes=\"auto, (max-width: 1600px) 100vw, 1600px\" \/><span aria-hidden=\"true\" class=\"wp-block-cover__background has-background-dim\"><\/span><div class=\"wp-block-cover__inner-container is-layout-constrained wp-block-cover-is-layout-constrained\">\n<p class=\"has-text-align-center has-large-font-size\"><\/p>\n<\/div><\/div>\n\n\n\n<div class=\"wp-block-columns is-layout-flex wp-container-core-columns-is-layout-9d6595d7 wp-block-columns-is-layout-flex\">\n<div class=\"wp-block-column is-layout-flow wp-block-column-is-layout-flow\">\n<figure class=\"wp-block-image size-large\"><img loading=\"lazy\" decoding=\"async\" width=\"1024\" height=\"682\" src=\"https:\/\/www.goiania.go.gov.br\/secult\/wp-content\/uploads\/sites\/5\/2024\/08\/03-1-1024x682.jpeg\" alt=\"\" class=\"wp-image-1363\" srcset=\"https:\/\/www.goiania.go.gov.br\/secult\/wp-content\/uploads\/sites\/5\/2024\/08\/03-1-1024x682.jpeg 1024w, https:\/\/www.goiania.go.gov.br\/secult\/wp-content\/uploads\/sites\/5\/2024\/08\/03-1-300x200.jpeg 300w, https:\/\/www.goiania.go.gov.br\/secult\/wp-content\/uploads\/sites\/5\/2024\/08\/03-1-768x512.jpeg 768w, https:\/\/www.goiania.go.gov.br\/secult\/wp-content\/uploads\/sites\/5\/2024\/08\/03-1-1536x1023.jpeg 1536w, https:\/\/www.goiania.go.gov.br\/secult\/wp-content\/uploads\/sites\/5\/2024\/08\/03-1.jpeg 1600w\" sizes=\"auto, (max-width: 1024px) 100vw, 1024px\" \/><\/figure>\n<\/div>\n\n\n\n<div class=\"wp-block-column is-layout-flow wp-block-column-is-layout-flow\">\n<figure class=\"wp-block-image size-large\"><img loading=\"lazy\" decoding=\"async\" width=\"1024\" height=\"682\" src=\"https:\/\/www.goiania.go.gov.br\/secult\/wp-content\/uploads\/sites\/5\/2024\/08\/04-1024x682.jpeg\" alt=\"\" class=\"wp-image-1359\" srcset=\"https:\/\/www.goiania.go.gov.br\/secult\/wp-content\/uploads\/sites\/5\/2024\/08\/04-1024x682.jpeg 1024w, https:\/\/www.goiania.go.gov.br\/secult\/wp-content\/uploads\/sites\/5\/2024\/08\/04-300x200.jpeg 300w, https:\/\/www.goiania.go.gov.br\/secult\/wp-content\/uploads\/sites\/5\/2024\/08\/04-768x512.jpeg 768w, https:\/\/www.goiania.go.gov.br\/secult\/wp-content\/uploads\/sites\/5\/2024\/08\/04-1536x1023.jpeg 1536w, https:\/\/www.goiania.go.gov.br\/secult\/wp-content\/uploads\/sites\/5\/2024\/08\/04.jpeg 1600w\" sizes=\"auto, (max-width: 1024px) 100vw, 1024px\" \/><\/figure>\n<\/div>\n\n\n\n<div class=\"wp-block-column is-layout-flow wp-block-column-is-layout-flow\">\n<figure class=\"wp-block-image size-large\"><img loading=\"lazy\" decoding=\"async\" width=\"1024\" height=\"682\" src=\"https:\/\/www.goiania.go.gov.br\/secult\/wp-content\/uploads\/sites\/5\/2024\/08\/05-1024x682.jpeg\" alt=\"\" class=\"wp-image-1356\" srcset=\"https:\/\/www.goiania.go.gov.br\/secult\/wp-content\/uploads\/sites\/5\/2024\/08\/05-1024x682.jpeg 1024w, https:\/\/www.goiania.go.gov.br\/secult\/wp-content\/uploads\/sites\/5\/2024\/08\/05-300x200.jpeg 300w, https:\/\/www.goiania.go.gov.br\/secult\/wp-content\/uploads\/sites\/5\/2024\/08\/05-768x512.jpeg 768w, https:\/\/www.goiania.go.gov.br\/secult\/wp-content\/uploads\/sites\/5\/2024\/08\/05-1536x1023.jpeg 1536w, https:\/\/www.goiania.go.gov.br\/secult\/wp-content\/uploads\/sites\/5\/2024\/08\/05.jpeg 1600w\" sizes=\"auto, (max-width: 1024px) 100vw, 1024px\" \/><\/figure>\n<\/div>\n<\/div>\n","protected":false},"excerpt":{"rendered":"<p>A Pol\u00edtica Nacional Aldir Blanc de Fomento \u00e0 Cultura (PNAB) foi institu\u00edda pela Lei n\u00ba 14.399, de 08 de julho de 2022, com o objetivo de fomentar a cultura em todos estados, munic\u00edpios e no Distrito Federal. Com recursos previstos at\u00e9 2027, a PNAB representa uma oportunidade de estruturar o sistema federativo de financiamento \u00e0 [&hellip;]<\/p>\n","protected":false},"author":11,"featured_media":0,"parent":0,"menu_order":2,"comment_status":"closed","ping_status":"closed","template":"","meta":{"_acf_changed":false,"custom_icon_class":"","olho":"","footnotes":""},"class_list":["post-1326","page","type-page","status-publish","hentry"],"acf":[],"_links":{"self":[{"href":"https:\/\/www.goiania.go.gov.br\/secult\/wp-json\/wp\/v2\/pages\/1326","targetHints":{"allow":["GET"]}}],"collection":[{"href":"https:\/\/www.goiania.go.gov.br\/secult\/wp-json\/wp\/v2\/pages"}],"about":[{"href":"https:\/\/www.goiania.go.gov.br\/secult\/wp-json\/wp\/v2\/types\/page"}],"author":[{"embeddable":true,"href":"https:\/\/www.goiania.go.gov.br\/secult\/wp-json\/wp\/v2\/users\/11"}],"replies":[{"embeddable":true,"href":"https:\/\/www.goiania.go.gov.br\/secult\/wp-json\/wp\/v2\/comments?post=1326"}],"version-history":[{"count":10,"href":"https:\/\/www.goiania.go.gov.br\/secult\/wp-json\/wp\/v2\/pages\/1326\/revisions"}],"predecessor-version":[{"id":1597,"href":"https:\/\/www.goiania.go.gov.br\/secult\/wp-json\/wp\/v2\/pages\/1326\/revisions\/1597"}],"wp:attachment":[{"href":"https:\/\/www.goiania.go.gov.br\/secult\/wp-json\/wp\/v2\/media?parent=1326"}],"curies":[{"name":"wp","href":"https:\/\/api.w.org\/{rel}","templated":true}]}}