{"id":1277,"date":"2019-05-13T11:37:32","date_gmt":"2024-05-06T21:46:46","guid":{"rendered":"https:\/\/www.goiania.go.gov.br\/secult\/calendario-cultural-2\/"},"modified":"2024-05-06T18:50:41","modified_gmt":"2024-05-06T21:50:41","slug":"calendario-cultural","status":"publish","type":"page","link":"https:\/\/www.goiania.go.gov.br\/secult\/calendario-cultural\/","title":{"rendered":"Calend\u00e1rio Cultural \u2022 2024"},"content":{"rendered":"\n<p>O Calend\u00e1rio Cultural 2024 cont\u00e9m todos os eventos PREVISTOS para acontecer durante o ano. Datas, locais e hor\u00e1rios est\u00e3o sujeitos a altera\u00e7\u00e3o conforme necessidade, imprevistos, demandas e disponibilidade de agenda dos artistas e autoridades. Portanto, aqui est\u00e1 o calend\u00e1rio oficial, mas trata-se de um planejamento dos eventos, que ser\u00e3o confirmados e divulgados \u00e0s v\u00e9speras de cada realiza\u00e7\u00e3o.<\/p>\n\n\n\n<p>Veja nos links abaixo:<\/p>\n\n\n\n<div class=\"wp-block-buttons is-layout-flex wp-block-buttons-is-layout-flex\">\n<div class=\"wp-block-button\"><a class=\"wp-block-button__link has-white-color has-text-color has-background wp-element-button\" href=\"https:\/\/www.goiania.go.gov.br\/secult\/wp-content\/uploads\/sites\/5\/2024\/05\/calendario-cultural-2024.jpg\" style=\"background-color:#007dff\" target=\"_blank\" rel=\"noreferrer noopener\"><strong>Agenda Cultural<\/strong><\/a><\/div>\n<\/div>\n\n\n\n<hr style=\"border-bottom: 1px solid rgba(0,0,0,.15); padding-top: 10px; padding-bottom: 10px;\">\n","protected":false},"excerpt":{"rendered":"<p>O Calend\u00e1rio Cultural 2024 cont\u00e9m todos os eventos PREVISTOS para acontecer durante o ano. Datas, locais e hor\u00e1rios est\u00e3o sujeitos a altera\u00e7\u00e3o conforme necessidade, imprevistos, demandas e disponibilidade de agenda dos artistas e autoridades. Portanto, aqui est\u00e1 o calend\u00e1rio oficial, mas trata-se de um planejamento dos eventos, que ser\u00e3o confirmados e divulgados \u00e0s v\u00e9speras de [&hellip;]<\/p>\n","protected":false},"author":1,"featured_media":0,"parent":0,"menu_order":5,"comment_status":"closed","ping_status":"closed","template":"","meta":{"_acf_changed":false,"custom_icon_class":"","olho":"","footnotes":""},"class_list":["post-1277","page","type-page","status-publish","hentry"],"acf":[],"_links":{"self":[{"href":"https:\/\/www.goiania.go.gov.br\/secult\/wp-json\/wp\/v2\/pages\/1277","targetHints":{"allow":["GET"]}}],"collection":[{"href":"https:\/\/www.goiania.go.gov.br\/secult\/wp-json\/wp\/v2\/pages"}],"about":[{"href":"https:\/\/www.goiania.go.gov.br\/secult\/wp-json\/wp\/v2\/types\/page"}],"author":[{"embeddable":true,"href":"https:\/\/www.goiania.go.gov.br\/secult\/wp-json\/wp\/v2\/users\/1"}],"replies":[{"embeddable":true,"href":"https:\/\/www.goiania.go.gov.br\/secult\/wp-json\/wp\/v2\/comments?post=1277"}],"version-history":[{"count":2,"href":"https:\/\/www.goiania.go.gov.br\/secult\/wp-json\/wp\/v2\/pages\/1277\/revisions"}],"predecessor-version":[{"id":1279,"href":"https:\/\/www.goiania.go.gov.br\/secult\/wp-json\/wp\/v2\/pages\/1277\/revisions\/1279"}],"wp:attachment":[{"href":"https:\/\/www.goiania.go.gov.br\/secult\/wp-json\/wp\/v2\/media?parent=1277"}],"curies":[{"name":"wp","href":"https:\/\/api.w.org\/{rel}","templated":true}]}}