{"id":1183,"date":"2023-01-31T22:41:30","date_gmt":"2023-12-04T16:42:44","guid":{"rendered":"https:\/\/www.goiania.go.gov.br\/secult\/conferencia-2023-1-2\/"},"modified":"2023-12-12T11:04:15","modified_gmt":"2023-12-12T14:04:15","slug":"lei-conferencia-2023","status":"publish","type":"page","link":"https:\/\/www.goiania.go.gov.br\/secult\/lei-conferencia-2023\/","title":{"rendered":"19\u00aa Confer\u00eancia Municipal de Cultura"},"content":{"rendered":"\n<p>A Prefeitura Municipal de Goi\u00e2nia atrav\u00e9s da Secretaria Municipal de Cultura Convoca por este Edital 07\/2023 de chamada p\u00fablica: Entidades Culturais, Associa\u00e7\u00f5es, Micro Empreendedores individuais &#8211; MEI, Micro Empresas \u2013 ME, Empresas LTDA, Empresas \u2013 EIRELI, Coletivos e Pessoas f\u00edsicas (artistas em geral que fazem e promove atividades culturais) que comprove atividades art\u00edsticas culturais nos termos desse Edital, para se cadastrarem e convida as demais entidades e pessoas f\u00edsicas para participar da <strong>19\u00aa Confer\u00eancia Municipal de Cultura do Munic\u00edpio de Goi\u00e2nia<\/strong>.<\/p>\n\n\n\n<hr class=\"wp-block-separator\" \/>\n\n\n\n<h2 class=\"wp-block-heading\">Edital e Orienta\u00e7\u00f5es para Inscri\u00e7\u00e3o<\/h2>\n\n\n\n<p style=\"text-align:left;margin: 30px 10px\"><strong><a href=\"https:\/\/www.goiania.go.gov.br\/secult\/wp-content\/uploads\/sites\/5\/2023\/12\/conferencia-municipal-cultura-edital-07-2023.pdf\" target=\"_blank\" rel=\"noreferrer noopener\" style=\"padding: 10px 20px;border-radius: 100px;background:#31997d;color:#fff\">Edital&nbsp;07\/2023&nbsp;&#8211;&nbsp;Confer\u00eancia&nbsp;Cultura<\/a><\/strong><\/p>\n\n\n\n<hr class=\"wp-block-separator\" \/>\n\n\n\n<ul class=\"wp-block-list\"><li>O proponente deve possuir uma conta de e-mail Google e\/ou GMail. O Cadastro s\u00f3 pode ser realizado uma \u00fanica vez e ficar\u00e1 vinculado a este e-mail.<\/li><li>O proponente deve preencher seus dados corretamente conforme solicitado no Edital<\/li><li>Caso o proponente n\u00e3o possua Comprovante de Endere\u00e7o o mesmo poder\u00e1 ser substitu\u00eddo pelo documento abaixo a ser preenchido: <strong><a href=\"https:\/\/www.goiania.go.gov.br\/secult\/wp-content\/uploads\/sites\/5\/2023\/09\/conferencia-municipal-cultura-declaracao-endereco.pdf\" target=\"_blank\" rel=\"noreferrer noopener\">Declara\u00e7\u00e3o de Endere\u00e7o<\/a><\/strong><\/li><\/ul>\n\n\n\n<hr class=\"wp-block-separator\" \/>\n\n\n\n<h2 class=\"wp-block-heading\">Formul\u00e1rio de Inscri\u00e7\u00e3o<\/h2>\n\n\n\n<p>Certifique-se de ter lido todo o Edital e as orienta\u00e7\u00f5es para inscri\u00e7\u00e3o antes de iniciar o processo, n\u00e3o ser\u00e3o permitidas edi\u00e7\u00f5es ap\u00f3s o envio do formul\u00e1rio<\/p>\n\n\n\n<p style=\"text-align:left;margin: 30px 10px\"><strong><a target=\"_blank\" rel=\"noreferrer noopener\" style=\"padding: 10px 30px;border-radius: 100px;background:#275CAD;color:#fff;font-size:1.3rem\">INSCRI\u00c7\u00d5ES ENCERRADAS<\/a><\/strong><\/p>\n\n\n\n<div class=\"wp-block-group\"><div class=\"wp-block-group__inner-container is-layout-flow wp-block-group-is-layout-flow\"><\/div><\/div>\n\n\n\n<hr class=\"wp-block-separator\" \/>\n\n\n\n<h2 class=\"wp-block-heading\">Datas e Local<\/h2>\n\n\n\n<p><strong>Dia 11 de dezembro<\/strong> (SEG) \u2013 19h<br>(Retirada de credenciais das 16h \u00e0s 20h)<br><strong>Dia 12 de dezembro <\/strong>(TER) \u2013 08h<br>(Retirada de credenciais das 8h \u00e0s 10h)<\/p>\n\n\n\n<p>Local: <strong>Centro Cultural Casa de Vidro &#8211; Memorial Iris Rezende<\/strong><br>Av. Deputado Jamel Cec\u00edlio, Q \u00c1rea, Jardim Goi\u00e1s \u2013 Goi\u00e2nia\/Goi\u00e1s.<\/p>\n\n\n\n<p><strong>INFORMA\u00c7\u00d5ES PARA CONTATO<\/strong><\/p>\n\n\n\n<p>Fone: 62 98410.7434 | 99645.0385<br>e-mail: cmcgoianiago@gmail.com<\/p>\n","protected":false},"excerpt":{"rendered":"<p>A Prefeitura Municipal de Goi\u00e2nia atrav\u00e9s da Secretaria Municipal de Cultura Convoca por este Edital 07\/2023 de chamada p\u00fablica: Entidades Culturais, Associa\u00e7\u00f5es, Micro Empreendedores individuais &#8211; MEI, Micro Empresas \u2013 ME, Empresas LTDA, Empresas \u2013 EIRELI, Coletivos e Pessoas f\u00edsicas (artistas em geral que fazem e promove atividades culturais) que comprove atividades art\u00edsticas culturais nos [&hellip;]<\/p>\n","protected":false},"author":1,"featured_media":0,"parent":0,"menu_order":19,"comment_status":"closed","ping_status":"closed","template":"","meta":{"_acf_changed":false,"custom_icon_class":"","olho":"","footnotes":""},"class_list":["post-1183","page","type-page","status-publish","hentry"],"acf":[],"_links":{"self":[{"href":"https:\/\/www.goiania.go.gov.br\/secult\/wp-json\/wp\/v2\/pages\/1183","targetHints":{"allow":["GET"]}}],"collection":[{"href":"https:\/\/www.goiania.go.gov.br\/secult\/wp-json\/wp\/v2\/pages"}],"about":[{"href":"https:\/\/www.goiania.go.gov.br\/secult\/wp-json\/wp\/v2\/types\/page"}],"author":[{"embeddable":true,"href":"https:\/\/www.goiania.go.gov.br\/secult\/wp-json\/wp\/v2\/users\/1"}],"replies":[{"embeddable":true,"href":"https:\/\/www.goiania.go.gov.br\/secult\/wp-json\/wp\/v2\/comments?post=1183"}],"version-history":[{"count":7,"href":"https:\/\/www.goiania.go.gov.br\/secult\/wp-json\/wp\/v2\/pages\/1183\/revisions"}],"predecessor-version":[{"id":1207,"href":"https:\/\/www.goiania.go.gov.br\/secult\/wp-json\/wp\/v2\/pages\/1183\/revisions\/1207"}],"wp:attachment":[{"href":"https:\/\/www.goiania.go.gov.br\/secult\/wp-json\/wp\/v2\/media?parent=1183"}],"curies":[{"name":"wp","href":"https:\/\/api.w.org\/{rel}","templated":true}]}}