{"id":1133,"date":"2023-10-17T10:09:45","date_gmt":"2023-10-17T13:09:45","guid":{"rendered":"https:\/\/www.goiania.go.gov.br\/secult\/?page_id=1133"},"modified":"2024-08-01T11:17:43","modified_gmt":"2024-08-01T14:17:43","slug":"leipaulogustavo","status":"publish","type":"page","link":"https:\/\/www.goiania.go.gov.br\/secult\/leipaulogustavo\/","title":{"rendered":"Lei Paulo Gustavo"},"content":{"rendered":"\n<figure class=\"wp-block-image size-large is-resized\"><img loading=\"lazy\" decoding=\"async\" width=\"1440\" height=\"300\" src=\"https:\/\/www.goiania.go.gov.br\/secult\/wp-content\/uploads\/sites\/5\/2023\/10\/lpg-header-site2.jpeg\" alt=\"\" class=\"wp-image-1159\" style=\"width:1440px;height:300px\" srcset=\"https:\/\/www.goiania.go.gov.br\/secult\/wp-content\/uploads\/sites\/5\/2023\/10\/lpg-header-site2.jpeg 1440w, https:\/\/www.goiania.go.gov.br\/secult\/wp-content\/uploads\/sites\/5\/2023\/10\/lpg-header-site2-300x63.jpeg 300w, https:\/\/www.goiania.go.gov.br\/secult\/wp-content\/uploads\/sites\/5\/2023\/10\/lpg-header-site2-1024x213.jpeg 1024w, https:\/\/www.goiania.go.gov.br\/secult\/wp-content\/uploads\/sites\/5\/2023\/10\/lpg-header-site2-768x160.jpeg 768w\" sizes=\"auto, (max-width: 1440px) 100vw, 1440px\" \/><\/figure>\n\n\n\n<p>A Secretaria Municipal de Cultura de Goi\u00e2nia realiza o processo seletivo de projetos culturais que pleiteiem recursos dos tr\u00eas Editais da <strong>Lei Paulo Gustavo<\/strong>, cada uma com seus objetivos espec\u00edficos, em conformidade com as regras estipuladas na Lei Federal 12.343\/2010, Lei Municipal n\u00ba 9.954\/2016 (que institui o Plano Nacional de Cultura), e em conformidade com o inciso I, II e III do artigo 6\u00ba da Lei Federal n\u00ba 195\/2022, neste instrumento identificada como Lei Paulo Gustavo. Al\u00e9m disso, os editais seguem as diretrizes estabelecidas pelo Decreto Federal n\u00ba 11.453\/2023, Decreto Federal n\u00ba 11.525\/2023, Decreto Municipal n\u00ba 3.137\/2023 e Portaria n\u00ba 045\/2023 da Secretaria Municipal de Cultura.<\/p>\n\n\n\n<p><strong>Barra de logotipos para download:<\/strong><\/p>\n\n\n\n<p><strong><a href=\"https:\/\/www.goiania.go.gov.br\/secult\/wp-content\/uploads\/sites\/5\/2024\/01\/logos-paulo-gustavo-verticais.pdf\" target=\"_blank\" rel=\"noreferrer noopener\">Barra de Logos &#8211; Verticais<\/a><\/strong><\/p>\n\n\n\n<p><strong><a rel=\"noreferrer noopener\" href=\"https:\/\/www.goiania.go.gov.br\/secult\/wp-content\/uploads\/sites\/5\/2024\/01\/logos-paulo-gustavo-horizontais.pdf\" target=\"_blank\">Barra de Logos &#8211; Horizontais<\/a><\/strong><\/p>\n\n\n\n<hr class=\"wp-block-separator has-css-opacity\" \/>\n\n\n\n<h2 class=\"wp-block-heading has-text-align-center\">Editas por \u00c1reas \/ Publica\u00e7\u00f5es Oficiais<\/h2>\n\n\n\n<p><strong>Audiovisual<\/strong> &#8211; Este edital busca selecionar projetos culturais na \u00e1rea do audiovisual para receberem apoio financeiro, promovendo e valorizando as diversas formas de manifesta\u00e7\u00f5es audiovisuais no munic\u00edpio de Goi\u00e2nia.<\/p>\n\n\n\n<p class=\"has-text-color\" style=\"color:#0063ff\"><strong><a style=\"color:#0063ff\" rel=\"noreferrer noopener\" href=\"https:\/\/www.goiania.go.gov.br\/secult\/wp-content\/uploads\/sites\/5\/2023\/12\/lpg-2023-resultado-final-audiovisual.pdf\" target=\"_blank\"><span class=\"icon icon-book\"><\/span> \u2022 RESULTADO FINAL &#8211; AUDIOVISUAL (PDF)<\/a><\/strong><\/p>\n\n\n\n<p><strong><a rel=\"noreferrer noopener\" href=\"https:\/\/www.goiania.go.gov.br\/secult\/wp-content\/uploads\/sites\/5\/2023\/12\/lpg-2023-resultado-audiovisual.pdf\" target=\"_blank\"><span class=\"icon icon-book\"><\/span> \u2022 RESULTADO &#8211; AUDIOVISUAL (PDF)<\/a><\/strong><\/p>\n\n\n\n<p><strong><a rel=\"noreferrer noopener\" href=\"https:\/\/www.goiania.go.gov.br\/secult\/wp-content\/uploads\/sites\/5\/2023\/10\/edital-lpg-2023-audiovisual.pdf\" target=\"_blank\"><span class=\"icon icon-book\"><\/span> \u2022 Edital Lei Paulo Gustavo 2023 &#8211; AUDIOVISUAL (PDF)<\/a><\/strong><\/p>\n\n\n\n<p><strong>Inciso I \u2022 Apoio ao Desenvolvimento de Atividades de Economia Criativa e de Economia Solid\u00e1ria<\/strong> &#8211; Destinado \u00e0s \u00e1reas culturais, exceto o audiovisual, este edital tem como finalidade apoiar o desenvolvimento de atividades de economia criativa e solid\u00e1ria. Por meio deste edital, ser\u00e3o selecionados projetos que contribuam para o fortalecimento desses setores culturais na nossa municipalidade.<\/p>\n\n\n\n<p><strong><a style=\"color:#0063ff\" rel=\"noreferrer noopener\" href=\"https:\/\/www.goiania.go.gov.br\/secult\/wp-content\/uploads\/sites\/5\/2023\/12\/lpg-2023-resultado-final-inciso-1.pdf\" target=\"_blank\"><span class=\"icon icon-book\"><\/span> \u2022 RESULTADO FINAL &#8211; INCISO I (PDF)<\/a><\/strong><\/p>\n\n\n\n<p><strong><a rel=\"noreferrer noopener\" href=\"https:\/\/www.goiania.go.gov.br\/secult\/wp-content\/uploads\/sites\/5\/2023\/12\/lpg-2023-resultado-inciso-1.pdf\" target=\"_blank\"><span class=\"icon icon-book\"><\/span> \u2022 RESULTADO &#8211; INCISO I (PDF)<\/a><\/strong><\/p>\n\n\n\n<p><strong><a rel=\"noreferrer noopener\" href=\"https:\/\/www.goiania.go.gov.br\/secult\/wp-content\/uploads\/sites\/5\/2023\/10\/edital-lpg-2023-areas-inciso-1.pdf\" target=\"_blank\"><span class=\"icon icon-book\"><\/span> \u2022 Edital Lei Paulo Gustavo 2023 &#8211; INCISO I (PDF)<\/a><\/strong><\/p>\n\n\n\n<p><strong>Inciso II \u2022  Apoio a Cursos, Produ\u00e7\u00f5es, Manifesta\u00e7\u00f5es Culturais e a Circula\u00e7\u00e3o de Atividades Art\u00edsticas e Culturais<\/strong> &#8211; Este edital visa selecionar projetos que promovam atividades art\u00edsticas e culturais, com possibilidade de transmiss\u00e3o pela internet ou disponibiliza\u00e7\u00e3o em redes sociais e plataformas digitais. Al\u00e9m disso, contempla a circula\u00e7\u00e3o de atividades j\u00e1 existentes das demais \u00e1reas culturais (exceto audiovisual), incentivando a diversidade de manifesta\u00e7\u00f5es culturais em Goi\u00e2nia.<\/p>\n\n\n\n<p><strong><a style=\"color:#0063ff\" rel=\"noreferrer noopener\" href=\"https:\/\/www.goiania.go.gov.br\/secult\/wp-content\/uploads\/sites\/5\/2023\/12\/lpg-2023-resultado-final-inciso-2.pdf\" target=\"_blank\"><span class=\"icon icon-book\"><\/span> \u2022 RESULTADO FINAL &#8211; INCISO II (PDF)<\/a><\/strong><\/p>\n\n\n\n<p><strong><a rel=\"noreferrer noopener\" href=\"https:\/\/www.goiania.go.gov.br\/secult\/wp-content\/uploads\/sites\/5\/2023\/12\/lpg-2023-resultado-inciso-2.pdf\" target=\"_blank\"><span class=\"icon icon-book\"><\/span> \u2022 RESULTADO &#8211; INCISO II (PDF)<\/a><\/strong><\/p>\n\n\n\n<p><strong><a rel=\"noreferrer noopener\" href=\"https:\/\/www.goiania.go.gov.br\/secult\/wp-content\/uploads\/sites\/5\/2023\/10\/edital-lpg-2023-areas-inciso-2.pdf\" target=\"_blank\"><span class=\"icon icon-book\"><\/span> \u2022 Edital Lei Paulo Gustavo 2023 &#8211; INCISO II (PDF)<\/a><\/strong><\/p>\n\n\n\n<p><strong>Inciso III \u2022 Apoio a Espa\u00e7os Culturais<\/strong> &#8211; Destinado a microempreendedores individuais, microempresas, pequenas empresas culturais, cooperativas, institui\u00e7\u00f5es e organiza\u00e7\u00f5es culturais comunit\u00e1rias afetadas pelas medidas de isolamento social da pandemia da covid-19, este edital oferece subs\u00eddios mensais e apoio financeiro para o desenvolvimento de espa\u00e7os art\u00edsticos e culturais, com o objetivo de reativar e fortalecer as diversas formas de manifesta\u00e7\u00f5es culturais em Goi\u00e2nia.<\/p>\n\n\n\n<p><strong><a style=\"color:#0063ff\" rel=\"noreferrer noopener\" href=\"https:\/\/www.goiania.go.gov.br\/secult\/wp-content\/uploads\/sites\/5\/2023\/12\/lpg-2023-resultado-final-inciso-3.pdf\" target=\"_blank\"><span class=\"icon icon-book\"><\/span> \u2022 RESULTADO FINAL &#8211; INCISO III (PDF)<\/a><\/strong><\/p>\n\n\n\n<p><strong><a rel=\"noreferrer noopener\" href=\"https:\/\/www.goiania.go.gov.br\/secult\/wp-content\/uploads\/sites\/5\/2023\/12\/lpg-2023-resultado-inciso-3.pdf\" target=\"_blank\"><span class=\"icon icon-book\"><\/span> \u2022 RESULTADO &#8211; INCISO III (PDF)<\/a><\/strong><\/p>\n\n\n\n<p><strong><a rel=\"noreferrer noopener\" href=\"https:\/\/www.goiania.go.gov.br\/secult\/wp-content\/uploads\/sites\/5\/2023\/10\/edital-lpg-2023-areas-inciso-3.pdf\" target=\"_blank\"><span class=\"icon icon-book\"><\/span> \u2022 Edital Lei Paulo Gustavo 2023 &#8211; INCISO III (PDF)<\/a><\/strong><\/p>\n\n\n\n<hr class=\"wp-block-separator has-css-opacity\" \/>\n\n\n\n<h2 class=\"wp-block-heading\">Recurso<\/h2>\n\n\n\n<p style=\"text-align:left;margin: 30px 0 10px;font-size:1.25rem\"><strong><a href=\"https:\/\/mapagoiano.cultura.go.gov.br\/projeto\/1338#\/tab=entity-opportunities\" target=\"_blank\" rel=\"noreferrer noopener\" style=\"padding: 15px 30px;border-radius: 100px;background:#4CA073;color:#fff\">ACESSO AO RECURSO<\/a><\/strong><\/p>\n\n\n\n<h2 class=\"wp-block-heading\">Novo Cronograma<\/h2>\n\n\n\n<p><strong><a rel=\"noreferrer noopener\" href=\"https:\/\/www.goiania.go.gov.br\/secult\/wp-content\/uploads\/sites\/5\/2023\/11\/edital-lpg-2023-prorrogacao-231123_230612.pdf\" target=\"_blank\"><span class=\"icon icon-book\"><\/span> \u2022 PORTARIA 080\/2023 &#8211; Prorroga\u00e7\u00e3o Lei Paulo Gustavo (PDF)<\/a><\/strong><\/p>\n\n\n\n<h2 class=\"wp-block-heading has-text-align-left\">Inscri\u00e7\u00f5es<\/h2>\n\n\n\n<p class=\"has-text-align-left\">No per\u00edodo de 18 de outubro a <strong>9 de novembro<\/strong> (prorrogadas).<\/p>\n\n\n\n<p><strong>Passo a passo para inscri\u00e7\u00f5es:<\/strong><\/p>\n\n\n\n<ul class=\"wp-block-list\">\n<li>\u00c9 preciso que o proponente crie um cadastro no site<\/li>\n\n\n\n<li>Com o login criado, o proponente poder\u00e1 acessar os editais, os formul\u00e1rios e efetuar sua inscri\u00e7\u00e3o para o edital desejado.<\/li>\n<\/ul>\n\n\n\n<p style=\"text-align:left;margin: 30px 0 10px;font-size:1.25rem\"><strong><a target=\"_blank\" rel=\"noreferrer noopener\" style=\"padding: 15px 30px;border-radius: 100px;background:#4CA073;color:#fff\">INSCRI\u00c7\u00d5ES&nbsp;ENCERRADAS<\/a><\/strong><\/p>\n\n\n\n<hr class=\"wp-block-separator has-css-opacity\" \/>\n\n\n\n<h2 class=\"wp-block-heading\">Duvidas ou informa\u00e7\u00f5es<\/h2>\n\n\n\n<p>Para contato de d\u00favidas e\/ou informa\u00e7\u00f5es envie um e-mail para <strong><a href=\"mailto:secultgoiania.lpg@gmail.com\">secultgoiania.lpg@gmail.com<\/a><\/strong><\/p>\n","protected":false},"excerpt":{"rendered":"<p>A Secretaria Municipal de Cultura de Goi\u00e2nia realiza o processo seletivo de projetos culturais que pleiteiem recursos dos tr\u00eas Editais da Lei Paulo Gustavo, cada uma com seus objetivos espec\u00edficos, em conformidade com as regras estipuladas na Lei Federal 12.343\/2010, Lei Municipal n\u00ba 9.954\/2016 (que institui o Plano Nacional de Cultura), e em conformidade com [&hellip;]<\/p>\n","protected":false},"author":11,"featured_media":1147,"parent":0,"menu_order":6,"comment_status":"closed","ping_status":"closed","template":"page-templates\/page-unrelated.php","meta":{"_acf_changed":false,"custom_icon_class":"","olho":"","footnotes":""},"class_list":["post-1133","page","type-page","status-publish","has-post-thumbnail","hentry"],"acf":[],"_links":{"self":[{"href":"https:\/\/www.goiania.go.gov.br\/secult\/wp-json\/wp\/v2\/pages\/1133","targetHints":{"allow":["GET"]}}],"collection":[{"href":"https:\/\/www.goiania.go.gov.br\/secult\/wp-json\/wp\/v2\/pages"}],"about":[{"href":"https:\/\/www.goiania.go.gov.br\/secult\/wp-json\/wp\/v2\/types\/page"}],"author":[{"embeddable":true,"href":"https:\/\/www.goiania.go.gov.br\/secult\/wp-json\/wp\/v2\/users\/11"}],"replies":[{"embeddable":true,"href":"https:\/\/www.goiania.go.gov.br\/secult\/wp-json\/wp\/v2\/comments?post=1133"}],"version-history":[{"count":10,"href":"https:\/\/www.goiania.go.gov.br\/secult\/wp-json\/wp\/v2\/pages\/1133\/revisions"}],"predecessor-version":[{"id":1350,"href":"https:\/\/www.goiania.go.gov.br\/secult\/wp-json\/wp\/v2\/pages\/1133\/revisions\/1350"}],"wp:featuredmedia":[{"embeddable":true,"href":"https:\/\/www.goiania.go.gov.br\/secult\/wp-json\/wp\/v2\/media\/1147"}],"wp:attachment":[{"href":"https:\/\/www.goiania.go.gov.br\/secult\/wp-json\/wp\/v2\/media?parent=1133"}],"curies":[{"name":"wp","href":"https:\/\/api.w.org\/{rel}","templated":true}]}}