{"id":66,"date":"2020-02-07T08:44:54","date_gmt":"2020-02-07T11:44:54","guid":{"rendered":"https:\/\/www12.goiania.go.gov.br\/secom\/?page_id=66"},"modified":"2020-02-07T08:50:51","modified_gmt":"2020-02-07T11:50:51","slug":"a-secom","status":"publish","type":"page","link":"https:\/\/www.goiania.go.gov.br\/secom\/a-secom\/","title":{"rendered":"A Secom"},"content":{"rendered":"\n<p>A Secretaria Municipal de Comunica\u00e7\u00e3o (Secom) \u00e9 \u00f3rg\u00e3o de assessoramento, integrante do Sistema Administrativo da Prefeitura de Goi\u00e2nia, nos termos da Lei n\u00b0 7.747, de 13 de novembro de 1997. Tem por finalidade definir a pol\u00edtica de comunica\u00e7\u00e3o da prefeitura, bem como dar suporte aos demais \u00f3rg\u00e3os e entidades nas rela\u00e7\u00f5es com ve\u00edculos de comunica\u00e7\u00e3o para divulgar quaisquer a\u00e7\u00f5es relativas \u00e0 administra\u00e7\u00e3o municipal e repassar \u00e0 comunidade geral informa\u00e7\u00f5es de relevante interesse p\u00fablico produzidas pela Administra\u00e7\u00e3o Municipal. <\/p>\n\n\n\n<p>No desenvolvimento da fun\u00e7\u00e3o, o secret\u00e1rio titular da pasta dever\u00e1 promover a participa\u00e7\u00e3o da secretaria na elabora\u00e7\u00e3o de planos, programas e projetos do Governo Municipal; implementar a execu\u00e7\u00e3o de servi\u00e7os e atividades a cargo da Secretaria; administrar recursos humanos, materiais e financeiros da secretaria; referendar atos assinados pelo prefeito pertinentes \u00e0 secretaria; entre outras atividades. <\/p>\n\n\n\n<p>De acordo com o Decreto n\u00ba 193, de 28 de janeiro de 2000, entre as compet\u00eancias espec\u00edficas da Secom, est\u00e1 a de planejar e supervisionar a elabora\u00e7\u00e3o de pe\u00e7as de comunica\u00e7\u00e3o institucional da Prefeitura Municipal de Goi\u00e2nia, bem como a de planejar, supervisionar, aprovar ou executar a produ\u00e7\u00e3o, a editora\u00e7\u00e3o ou a edi\u00e7\u00e3o das publicidades da Prefeitura de Goi\u00e2nia. <\/p>\n","protected":false},"excerpt":{"rendered":"<p>A Secretaria Municipal de Comunica\u00e7\u00e3o (Secom) \u00e9 \u00f3rg\u00e3o de assessoramento, integrante do Sistema Administrativo da Prefeitura de Goi\u00e2nia, nos termos da Lei n\u00b0 7.747, de 13 de novembro de 1997. Tem por finalidade definir a pol\u00edtica de comunica\u00e7\u00e3o da prefeitura, bem como dar suporte aos demais \u00f3rg\u00e3os e entidades nas rela\u00e7\u00f5es com ve\u00edculos de comunica\u00e7\u00e3o [&hellip;]<\/p>\n","protected":false},"author":1,"featured_media":0,"parent":0,"menu_order":0,"comment_status":"closed","ping_status":"closed","template":"","meta":{"_acf_changed":false,"custom_icon_class":"","footnotes":""},"class_list":["post-66","page","type-page","status-publish","hentry"],"acf":[],"_links":{"self":[{"href":"https:\/\/www.goiania.go.gov.br\/secom\/wp-json\/wp\/v2\/pages\/66","targetHints":{"allow":["GET"]}}],"collection":[{"href":"https:\/\/www.goiania.go.gov.br\/secom\/wp-json\/wp\/v2\/pages"}],"about":[{"href":"https:\/\/www.goiania.go.gov.br\/secom\/wp-json\/wp\/v2\/types\/page"}],"author":[{"embeddable":true,"href":"https:\/\/www.goiania.go.gov.br\/secom\/wp-json\/wp\/v2\/users\/1"}],"replies":[{"embeddable":true,"href":"https:\/\/www.goiania.go.gov.br\/secom\/wp-json\/wp\/v2\/comments?post=66"}],"version-history":[{"count":3,"href":"https:\/\/www.goiania.go.gov.br\/secom\/wp-json\/wp\/v2\/pages\/66\/revisions"}],"predecessor-version":[{"id":73,"href":"https:\/\/www.goiania.go.gov.br\/secom\/wp-json\/wp\/v2\/pages\/66\/revisions\/73"}],"wp:attachment":[{"href":"https:\/\/www.goiania.go.gov.br\/secom\/wp-json\/wp\/v2\/media?parent=66"}],"curies":[{"name":"wp","href":"https:\/\/api.w.org\/{rel}","templated":true}]}}