{"id":44,"date":"2020-02-06T10:27:31","date_gmt":"2020-02-06T13:27:31","guid":{"rendered":"https:\/\/www12.goiania.go.gov.br\/secom\/?page_id=44"},"modified":"2026-01-19T17:52:01","modified_gmt":"2026-01-19T20:52:01","slug":"relatorios-de-publicidade","status":"publish","type":"page","link":"https:\/\/www.goiania.go.gov.br\/secom\/relatorios-de-publicidade\/","title":{"rendered":"Relat\u00f3rios de gastos com Publicidade"},"content":{"rendered":"\n<p>Esta p\u00e1gina foi criada para publica\u00e7\u00e3o dos relat\u00f3rios de publicidade, em atendimento a Lei Federal <strong>n\u00b0 12.232, de 29 de abril de 2010.<\/strong><\/p>\n","protected":false},"excerpt":{"rendered":"<p>Esta p\u00e1gina foi criada para publica\u00e7\u00e3o dos relat\u00f3rios de publicidade, em atendimento a Lei Federal n\u00b0 12.232, de 29 de abril de 2010.<\/p>\n","protected":false},"author":1,"featured_media":0,"parent":0,"menu_order":0,"comment_status":"closed","ping_status":"closed","template":"page-templates\/page-docs.php","meta":{"_acf_changed":false,"custom_icon_class":"","footnotes":""},"class_list":["post-44","page","type-page","status-publish","hentry"],"acf":[],"_links":{"self":[{"href":"https:\/\/www.goiania.go.gov.br\/secom\/wp-json\/wp\/v2\/pages\/44","targetHints":{"allow":["GET"]}}],"collection":[{"href":"https:\/\/www.goiania.go.gov.br\/secom\/wp-json\/wp\/v2\/pages"}],"about":[{"href":"https:\/\/www.goiania.go.gov.br\/secom\/wp-json\/wp\/v2\/types\/page"}],"author":[{"embeddable":true,"href":"https:\/\/www.goiania.go.gov.br\/secom\/wp-json\/wp\/v2\/users\/1"}],"replies":[{"embeddable":true,"href":"https:\/\/www.goiania.go.gov.br\/secom\/wp-json\/wp\/v2\/comments?post=44"}],"version-history":[{"count":10,"href":"https:\/\/www.goiania.go.gov.br\/secom\/wp-json\/wp\/v2\/pages\/44\/revisions"}],"predecessor-version":[{"id":279,"href":"https:\/\/www.goiania.go.gov.br\/secom\/wp-json\/wp\/v2\/pages\/44\/revisions\/279"}],"wp:attachment":[{"href":"https:\/\/www.goiania.go.gov.br\/secom\/wp-json\/wp\/v2\/media?parent=44"}],"curies":[{"name":"wp","href":"https:\/\/api.w.org\/{rel}","templated":true}]}}