{"id":969,"date":"2022-02-03T16:22:04","date_gmt":"2022-02-03T19:22:04","guid":{"rendered":"https:\/\/www.goiania.go.gov.br\/procuradoria\/?page_id=969"},"modified":"2022-02-03T16:22:04","modified_gmt":"2022-02-03T19:22:04","slug":"pareceres-com-temas-eleitorais","status":"publish","type":"page","link":"https:\/\/www.goiania.go.gov.br\/procuradoria\/pareceres-com-temas-eleitorais\/","title":{"rendered":"PARECERES COM TEMAS ELEITORAIS"},"content":{"rendered":"\n<ul class=\"wp-block-list\"><li><strong><a href=\"https:\/\/www.goiania.go.gov.br\/procuradoria\/wp-content\/uploads\/sites\/11\/2022\/02\/Parecer-179-Distribuicao-gratuita-de-cursos-de-capacitacao-ano-eleitoral.pdf\">DISTRIBUI\u00c7\u00c3O GRATUITA DE CURSOS DE CAPACITA\u00c7\u00c3O ANO ELEITORAL<\/a><\/strong><\/li><\/ul>\n\n\n\n<p>EMENTA: DIREITO ELEITORAL. DIREITO ADMINISTRATIVO. DISTRIBUI\u00c7\u00c3O GRATUITA DE BENS, VALORES E BENEF\u00cdCIOS DURANTE O ANO ELEITORAL. PUBLICIDADE INSTITUCIONAL. VEDA\u00c7\u00d5ES. DISTRIBUI\u00c7\u00c3O DE CURSOS DE CAPACITA\u00c7\u00c3O. REDES SOCIAIS. CONDUTAS VEDADAS AOS AGENTES P\u00daBLICOS. ARTIGO 73, \u00a710 DA LEI 9.504\/1997.<\/p>\n\n\n\n<p><\/p>\n\n\n\n<ul class=\"wp-block-list\"><li><strong><a href=\"https:\/\/www.goiania.go.gov.br\/procuradoria\/wp-content\/uploads\/sites\/11\/2022\/02\/Parecer-125-83963948-Consulta-eleitoral-Contrato-Tempor\u00e1rio-profissonais-da-saude-pandemia-COVID-19-favoravel.pdf\">CONTRATO TEMPOR\u00c1RIO PROFISSONAIS DA SA\u00daDE &#8211; PANDEMIA COVID 19<\/a><\/strong><\/li><\/ul>\n\n\n\n<p>EMENTA: DIREITO ADMINISTRATIVO. DIREITO ELEITORAL. CONDUTAS VEDADAS EM PER\u00cdODO ELEITORAL. LEI FEDERAL N\u00ba 9.504\/97. CONTRATA\u00c7\u00c3O POR TEMPO DETERMINADO. ART. 37, IX, CF. SITUA\u00c7\u00c3O EXCEPCIONAL DE CALAMIDADE P\u00daBLICA DE \u00c2MBITO INTERNACIONAL EM DECORR\u00caNCIA DO CORONAV\u00cdRUS. EXCE\u00c7\u00c3O LEGAL CONFIGURADA. ART. 73, V, AL\u00cdNEA \u201cD\u201d, DA LEI 9.504\/97. POSSIBILIDADE JUR\u00cdDICA.<\/p>\n\n\n\n<p><\/p>\n\n\n\n<ul class=\"wp-block-list\"><li><strong><a href=\"https:\/\/www.goiania.go.gov.br\/procuradoria\/wp-content\/uploads\/sites\/11\/2022\/02\/Parecer-096-Consulta-Despesas-com-publicidade-institucional-3-meses-anteriores-ao-pleito-ano-eleitoral-COVID19.pdf\">DESPESAS COM PUBLICIDADE INSTITUCIONAL 3 MESES ANTERIORES AO PLEITO ANO ELEITORAL COVID 19<\/a><\/strong><\/li><\/ul>\n\n\n\n<p>EMENTA: DIREITO ELEITORAL. DIREITO ADMINISTRATIVO. DESPESAS COM PUBLICIDADE INSTITUCIONAL. TR\u00caS MESES ANTERIORES AO MOMENTO DO PLEITO ELEITORAL. CONDUTA VEDADA AOS AGENTES P\u00daBLICOS. ARTIGO 73, VI, B DA LEI 9.504\/1997. AUTORIZA\u00c7\u00c3O DA JUSTI\u00c7A ELEITORAL. GRAVE E URGENTE NECESSIDADE P\u00daBLICA. COVID 19. REQUERIMENTO DIRECIONADO AO JU\u00cdZO ELEITORAL DE 1\u00aa INST\u00c2NCIA. REQUISITOS CUMULATIVOS.<\/p>\n\n\n\n<p><\/p>\n\n\n\n<ul class=\"wp-block-list\"><li><strong><a href=\"https:\/\/www.goiania.go.gov.br\/procuradoria\/wp-content\/uploads\/sites\/11\/2022\/02\/Parecer-068-consulta-eleitoral-publicidade-institucional.pdf\">PUBLICIDADE INSTITUCIONAL<\/a><\/strong><\/li><\/ul>\n\n\n\n<p>EMENTA: DIREITO CONSTITUCIONAL. DIREITO ELEITORAL. ANO ELEITORAL. RESTRI\u00c7\u00d5ES E LIMITES DA PUBLICIDADE INSTITUCIONAL. ART. 37, \u00a71\u00ba, DA CONSTITUI\u00c7\u00c3O FEDERAL DE 1988. ART. 73, INC. VI, AL\u00cdNEA B, DA LEI N.\u00ba 9.504\/97. VEDA\u00c7\u00c3O \u00c0 PUBLICIDADE INSTITUCIONAL. EXCE\u00c7\u00d5ES. PRODUTO E SERVI\u00c7O COMERCIALIZADO EM REGIME DE CONCORR\u00caNCIA E CASOS GRAVES E URGENTES ASSIM RECONHECIDOS PELA JUSTI\u00c7A ELEITORAL.<\/p>\n\n\n\n<p><\/p>\n\n\n\n<ul class=\"wp-block-list\"><li><strong><a href=\"https:\/\/www.goiania.go.gov.br\/procuradoria\/wp-content\/uploads\/sites\/11\/2022\/02\/Parecer-019-Consulta-concessao-permissao-cessao-de-uso-de-bem-publico-programa-habitacional-ano-eleitoral-.pdf\">CONCESS\u00c3O \u2013 PERMISS\u00c3O \u2013 CESS\u00c3O DE USO DE BEM P\u00daBLICO \u2013 PROGRAMA HABITACIONAL \u2013 ANO ELEITORAL<\/a><\/strong><\/li><\/ul>\n\n\n\n<p>EMENTA: DIREITO ELEITORAL. DIREITO ADMINISTRATIVO. DISTRIBUI\u00c7\u00c3O GRATUITA DE BENS, VALORES E BENEF\u00cdCIOS DURANTE O ANO ELEITORAL. VEDA\u00c7\u00d5ES. CONCESS\u00c3O E PERMISS\u00c3O DE USO. CESS\u00c3O DE USO DE BENS PARA OUTRAS ESFERAS. PROGRAMA HABITACIONAL DO MUNIC\u00cdPIO PREVISTO NA LEI N\u00ba 10.231\/2018. CONDUTAS VEDADAS AOS AGENTES P\u00daBLICOS. ARTIGO 73, \u00a710 DA LEI 9.504\/1997.<\/p>\n\n\n\n<p><\/p>\n\n\n\n<ul class=\"wp-block-list\"><li><strong><a href=\"https:\/\/www.goiania.go.gov.br\/procuradoria\/wp-content\/uploads\/sites\/11\/2022\/02\/Parecer-238-Processo-84999849-Consulta-Publicacao-campanha-retorno-das-aulas-pos-pandemia.pdf\">PUBLICA\u00c7\u00c3O \u2013 CAMPANHA RETORNO DAS AULAS P\u00d3S-PANDEMIA<\/a><\/strong><\/li><\/ul>\n\n\n\n<p>EMENTA: DIREITO CONSTITUCIONAL. DIREITO ADMINISTRATIVO. DIREITO ELEITORAL. EC N\u00ba 107\/2020. PUBLICIDADE INSTITUCIONAL DA SECRETARIA MUNICIPAL DE EDUCA\u00c7\u00c3O. CAMPANHA DE M\u00cdDIA DESTINADA AO RETORNO DAS AULAS NO P\u00d3S-PANDEMIA. PER\u00cdODO ELEITORAL. MEDIDAS DE ENFRENTAMENTO AO COVID. SERVI\u00c7OS IMPACTADOS PELA PANDEMIA. POSSIBILIDADE.<\/p>\n\n\n\n<p><\/p>\n\n\n\n<ul class=\"wp-block-list\"><li><strong><a href=\"https:\/\/www.goiania.go.gov.br\/procuradoria\/wp-content\/uploads\/sites\/11\/2022\/02\/Parecer-220-Consulta-Publicacoes-continuidade-da-veiculacao-da-campanha-Alo-Vizinhos-Periodo-Eleitoral-Covid-19.pdf\">PUBLICA\u00c7\u00d5ES \u2013 CONTINUIDADE DA VEICULA\u00c7\u00c3O DA CAMPANHA ALO VIZINHOS PER\u00cdODO ELEITORAL COVID 19<\/a><\/strong><\/li><\/ul>\n\n\n\n<p>EMENTA: DIREITO CONSTITUCIONAL. DIREITO ADMINISTRATIVO. DIREITO ELEITORAL. EC N\u00ba 107\/2020. PUBLICIDADE INSTITUCIONAL DA SECRETARIA MUNICIPAL POL\u00cdTICA PARA MULHERES. CAMPANHA \u201cALO VIZINHOS\u201d. EQUIPAMENTOS DE TV\/M\u00cdDIA DA REDMOB NOS TEMRINAIS E FIXA\u00c7\u00c3O DE CARTAZES NO INTERIOR DE \u00d4NIBUS MUNICIPAIS. PER\u00cdODO ELEITORA. MEDIDAS DE ENFRENTAMENTO AO COVID. SERVI\u00c7OS IMPACTADOS PELA PANDEMIA. POSSIBILIDADE.<\/p>\n","protected":false},"excerpt":{"rendered":"<p>DISTRIBUI\u00c7\u00c3O GRATUITA DE CURSOS DE CAPACITA\u00c7\u00c3O ANO ELEITORAL EMENTA: DIREITO ELEITORAL. DIREITO ADMINISTRATIVO. DISTRIBUI\u00c7\u00c3O GRATUITA DE BENS, VALORES E BENEF\u00cdCIOS DURANTE O ANO ELEITORAL. PUBLICIDADE INSTITUCIONAL. VEDA\u00c7\u00d5ES. DISTRIBUI\u00c7\u00c3O DE CURSOS DE CAPACITA\u00c7\u00c3O. REDES SOCIAIS. CONDUTAS VEDADAS AOS AGENTES P\u00daBLICOS. ARTIGO 73, \u00a710 DA LEI 9.504\/1997. CONTRATO TEMPOR\u00c1RIO PROFISSONAIS DA SA\u00daDE &#8211; PANDEMIA COVID 19 EMENTA: [&hellip;]<\/p>\n","protected":false},"author":23,"featured_media":0,"parent":0,"menu_order":41,"comment_status":"closed","ping_status":"closed","template":"","meta":{"_acf_changed":false,"custom_icon_class":"","footnotes":""},"class_list":["post-969","page","type-page","status-publish","hentry"],"acf":[],"_links":{"self":[{"href":"https:\/\/www.goiania.go.gov.br\/procuradoria\/wp-json\/wp\/v2\/pages\/969","targetHints":{"allow":["GET"]}}],"collection":[{"href":"https:\/\/www.goiania.go.gov.br\/procuradoria\/wp-json\/wp\/v2\/pages"}],"about":[{"href":"https:\/\/www.goiania.go.gov.br\/procuradoria\/wp-json\/wp\/v2\/types\/page"}],"author":[{"embeddable":true,"href":"https:\/\/www.goiania.go.gov.br\/procuradoria\/wp-json\/wp\/v2\/users\/23"}],"replies":[{"embeddable":true,"href":"https:\/\/www.goiania.go.gov.br\/procuradoria\/wp-json\/wp\/v2\/comments?post=969"}],"version-history":[{"count":1,"href":"https:\/\/www.goiania.go.gov.br\/procuradoria\/wp-json\/wp\/v2\/pages\/969\/revisions"}],"predecessor-version":[{"id":970,"href":"https:\/\/www.goiania.go.gov.br\/procuradoria\/wp-json\/wp\/v2\/pages\/969\/revisions\/970"}],"wp:attachment":[{"href":"https:\/\/www.goiania.go.gov.br\/procuradoria\/wp-json\/wp\/v2\/media?parent=969"}],"curies":[{"name":"wp","href":"https:\/\/api.w.org\/{rel}","templated":true}]}}