{"id":795,"date":"2021-03-01T17:46:57","date_gmt":"2021-03-01T20:46:57","guid":{"rendered":"https:\/\/www.goiania.go.gov.br\/procuradoria\/?page_id=795"},"modified":"2021-03-02T12:57:39","modified_gmt":"2021-03-02T15:57:39","slug":"padronizacao-de-procedimentos","status":"publish","type":"page","link":"https:\/\/www.goiania.go.gov.br\/procuradoria\/padronizacao-de-procedimentos\/","title":{"rendered":"Padroniza\u00e7\u00e3o de Procedimentos"},"content":{"rendered":"\n<p><a href=\"https:\/\/www.goiania.go.gov.br\/procuradoria\/wp-uploads\/sites\/11\/2021\/03\/Minuta-do-Contrato.docx\">MINUTA CONTRATUAL PARA DISPENSA DE LICITA\u00c7\u00c3O EM FUN\u00c7\u00c3O DO VALOR<\/a><\/p>\n\n\n\n<p><a href=\"https:\/\/www.goiania.go.gov.br\/procuradoria\/wp-uploads\/sites\/11\/2021\/03\/Checklist.docx\">CHECKLIST PARA DISPENSA DE LICITA\u00c7\u00c3O EM FUN\u00c7\u00c3O DO VALOR<\/a><\/p>\n","protected":false},"excerpt":{"rendered":"<p>MINUTA CONTRATUAL PARA DISPENSA DE LICITA\u00c7\u00c3O EM FUN\u00c7\u00c3O DO VALOR CHECKLIST PARA DISPENSA DE LICITA\u00c7\u00c3O EM FUN\u00c7\u00c3O DO VALOR<\/p>\n","protected":false},"author":23,"featured_media":0,"parent":0,"menu_order":38,"comment_status":"closed","ping_status":"closed","template":"","meta":{"_acf_changed":false,"custom_icon_class":"","footnotes":""},"class_list":["post-795","page","type-page","status-publish","hentry"],"acf":[],"_links":{"self":[{"href":"https:\/\/www.goiania.go.gov.br\/procuradoria\/wp-json\/wp\/v2\/pages\/795","targetHints":{"allow":["GET"]}}],"collection":[{"href":"https:\/\/www.goiania.go.gov.br\/procuradoria\/wp-json\/wp\/v2\/pages"}],"about":[{"href":"https:\/\/www.goiania.go.gov.br\/procuradoria\/wp-json\/wp\/v2\/types\/page"}],"author":[{"embeddable":true,"href":"https:\/\/www.goiania.go.gov.br\/procuradoria\/wp-json\/wp\/v2\/users\/23"}],"replies":[{"embeddable":true,"href":"https:\/\/www.goiania.go.gov.br\/procuradoria\/wp-json\/wp\/v2\/comments?post=795"}],"version-history":[{"count":6,"href":"https:\/\/www.goiania.go.gov.br\/procuradoria\/wp-json\/wp\/v2\/pages\/795\/revisions"}],"predecessor-version":[{"id":819,"href":"https:\/\/www.goiania.go.gov.br\/procuradoria\/wp-json\/wp\/v2\/pages\/795\/revisions\/819"}],"wp:attachment":[{"href":"https:\/\/www.goiania.go.gov.br\/procuradoria\/wp-json\/wp\/v2\/media?parent=795"}],"curies":[{"name":"wp","href":"https:\/\/api.w.org\/{rel}","templated":true}]}}