{"id":601,"date":"2020-12-10T11:30:50","date_gmt":"2020-12-10T14:30:50","guid":{"rendered":"https:\/\/www.goiania.go.gov.br\/procuradoria\/?page_id=601"},"modified":"2026-04-08T12:59:38","modified_gmt":"2026-04-08T15:59:38","slug":"modelos-de-documentos","status":"publish","type":"page","link":"https:\/\/www.goiania.go.gov.br\/procuradoria\/modelos-de-documentos\/","title":{"rendered":"Modelos de Documentos"},"content":{"rendered":"\n<p class=\"has-medium-font-size\"><a href=\"https:\/\/www.goiania.go.gov.br\/procuradoria\/wp-uploads\/sites\/11\/2020\/12\/MODELO-CI.docx\">Comunica\u00e7\u00e3o Interna<\/a><\/p>\n\n\n\n<p class=\"has-medium-font-size\"><a href=\"https:\/\/www.goiania.go.gov.br\/procuradoria\/wp-uploads\/sites\/11\/2020\/12\/MODELO-DESPACHO.docx\">Despacho<\/a><\/p>\n\n\n\n<p class=\"has-medium-font-size\"><a href=\"https:\/\/www.goiania.go.gov.br\/procuradoria\/wp-uploads\/sites\/11\/2020\/12\/MODELO-DILIGENCIA.docx\">Dilig\u00eancia<\/a><\/p>\n\n\n\n<p class=\"has-medium-font-size\"><a href=\"https:\/\/www.goiania.go.gov.br\/procuradoria\/wp-uploads\/sites\/11\/2020\/12\/MODELO-NOTA-TEC.docx\">Nota T\u00e9cnica<\/a><\/p>\n\n\n\n<p class=\"has-medium-font-size\"><a href=\"https:\/\/www.goiania.go.gov.br\/procuradoria\/wp-uploads\/sites\/11\/2020\/12\/MODELO-OFICIO.docx\">Of\u00edcio<\/a><\/p>\n\n\n\n<p class=\"has-medium-font-size\"><a href=\"https:\/\/www.goiania.go.gov.br\/procuradoria\/wp-uploads\/sites\/11\/2020\/12\/MODELO-ORIENTACAO.docx\">Orienta\u00e7\u00e3o Administrativa<\/a><\/p>\n\n\n\n<p class=\"has-medium-font-size\"><a href=\"https:\/\/www.goiania.go.gov.br\/procuradoria\/wp-uploads\/sites\/11\/2020\/12\/MODELO-PARECER.docx\">Parecer<\/a><\/p>\n\n\n\n<p class=\"has-medium-font-size\"><a href=\"https:\/\/www.goiania.go.gov.br\/procuradoria\/wp-uploads\/sites\/11\/2020\/12\/MODELO-PETICAO.docx\">Peti\u00e7\u00e3o Judicial<\/a><\/p>\n\n\n\n<p class=\"has-medium-font-size\"><a href=\"https:\/\/www.goiania.go.gov.br\/procuradoria\/wp-uploads\/sites\/11\/2020\/12\/MODELO-PORTARIA.docx\">Portaria<\/a><\/p>\n\n\n\n<p class=\"has-medium-font-size\"><a href=\"https:\/\/www.goiania.go.gov.br\/procuradoria\/wp-content\/uploads\/sites\/11\/2026\/04\/SEI_9844500_Termo_11.pdf\">Termo de Anu\u00eancia (Intima\u00e7\u00e3o por endere\u00e7o de e-mail)<\/a><\/p>\n\n\n\n<p><\/p>\n","protected":false},"excerpt":{"rendered":"<p>Comunica\u00e7\u00e3o Interna Despacho Dilig\u00eancia Nota T\u00e9cnica Of\u00edcio Orienta\u00e7\u00e3o Administrativa Parecer Peti\u00e7\u00e3o Judicial Portaria Termo de Anu\u00eancia (Intima\u00e7\u00e3o por endere\u00e7o de e-mail)<\/p>\n","protected":false},"author":23,"featured_media":0,"parent":0,"menu_order":33,"comment_status":"closed","ping_status":"closed","template":"","meta":{"_acf_changed":false,"custom_icon_class":"","footnotes":""},"class_list":["post-601","page","type-page","status-publish","hentry"],"acf":[],"_links":{"self":[{"href":"https:\/\/www.goiania.go.gov.br\/procuradoria\/wp-json\/wp\/v2\/pages\/601","targetHints":{"allow":["GET"]}}],"collection":[{"href":"https:\/\/www.goiania.go.gov.br\/procuradoria\/wp-json\/wp\/v2\/pages"}],"about":[{"href":"https:\/\/www.goiania.go.gov.br\/procuradoria\/wp-json\/wp\/v2\/types\/page"}],"author":[{"embeddable":true,"href":"https:\/\/www.goiania.go.gov.br\/procuradoria\/wp-json\/wp\/v2\/users\/23"}],"replies":[{"embeddable":true,"href":"https:\/\/www.goiania.go.gov.br\/procuradoria\/wp-json\/wp\/v2\/comments?post=601"}],"version-history":[{"count":6,"href":"https:\/\/www.goiania.go.gov.br\/procuradoria\/wp-json\/wp\/v2\/pages\/601\/revisions"}],"predecessor-version":[{"id":2150,"href":"https:\/\/www.goiania.go.gov.br\/procuradoria\/wp-json\/wp\/v2\/pages\/601\/revisions\/2150"}],"wp:attachment":[{"href":"https:\/\/www.goiania.go.gov.br\/procuradoria\/wp-json\/wp\/v2\/media?parent=601"}],"curies":[{"name":"wp","href":"https:\/\/api.w.org\/{rel}","templated":true}]}}