{"id":512,"date":"2020-06-24T16:09:48","date_gmt":"2020-06-24T19:09:48","guid":{"rendered":"https:\/\/www.goiania.go.gov.br\/procuradoria\/?page_id=512"},"modified":"2025-07-10T16:19:48","modified_gmt":"2025-07-10T19:19:48","slug":"licitacoes-e-contratos","status":"publish","type":"page","link":"https:\/\/www.goiania.go.gov.br\/procuradoria\/licitacoes-e-contratos\/","title":{"rendered":"LICITA\u00c7\u00d5ES E CONTRATOS"},"content":{"rendered":"\n<div class=\"wp-block-group\"><div class=\"wp-block-group__inner-container is-layout-flow wp-block-group-is-layout-flow\">\n<p class=\"has-text-align-left\">Os Pareceres Referencias e Orienta\u00e7\u00f5es Normativas emitidas pela Procuradoria-Geral do Munic\u00edpio de Goi\u00e2nia est\u00e3o fundamentados nos atos normativos vigentes \u00e0 \u00e9poca da sua elabora\u00e7\u00e3o, e ser\u00e3o revistos quando houver altera\u00e7\u00e3o quanto ao entendimento jur\u00eddico neles expostos. Dessa forma, compete aos \u00f3rg\u00e3os, quando da utiliza\u00e7\u00e3o dos Pareceres e Orienta\u00e7\u00f5es Normativas, observar as normas procedimentais que, eventualmente, tenham sido emitidas em momento posterior ao ato emitido pela PGM, pela Controladoria-Geral do Munic\u00edpio, Secretaria Municipal de Administra\u00e7\u00e3o, Secretaria Municipal de Finan\u00e7as etc.<\/p>\n<\/div><\/div>\n\n\n\n<p><a href=\"https:\/\/www.goiania.go.gov.br\/procuradoria\/pareceres-referenciais\/\" target=\"_blank\" rel=\"noreferrer noopener\"><strong>PARECERES REFERENCIAIS<\/strong><\/a><\/p>\n\n\n\n<p><a href=\"https:\/\/www.goiania.go.gov.br\/procuradoria\/orientacoes-normativas-peaa\/\" target=\"_blank\" rel=\"noreferrer noopener\"><strong>ORIENTA\u00c7\u00d5ES NORMATIVAS<\/strong><\/a><\/p>\n\n\n\n<p><\/p>\n","protected":false},"excerpt":{"rendered":"<p>Os Pareceres Referencias e Orienta\u00e7\u00f5es Normativas emitidas pela Procuradoria-Geral do Munic\u00edpio de Goi\u00e2nia est\u00e3o fundamentados nos atos normativos vigentes \u00e0 \u00e9poca da sua elabora\u00e7\u00e3o, e ser\u00e3o revistos quando houver altera\u00e7\u00e3o quanto ao entendimento jur\u00eddico neles expostos. Dessa forma, compete aos \u00f3rg\u00e3os, quando da utiliza\u00e7\u00e3o dos Pareceres e Orienta\u00e7\u00f5es Normativas, observar as normas procedimentais que, eventualmente, [&hellip;]<\/p>\n","protected":false},"author":23,"featured_media":0,"parent":0,"menu_order":32,"comment_status":"closed","ping_status":"closed","template":"","meta":{"_acf_changed":false,"custom_icon_class":"","footnotes":""},"class_list":["post-512","page","type-page","status-publish","hentry"],"acf":[],"_links":{"self":[{"href":"https:\/\/www.goiania.go.gov.br\/procuradoria\/wp-json\/wp\/v2\/pages\/512","targetHints":{"allow":["GET"]}}],"collection":[{"href":"https:\/\/www.goiania.go.gov.br\/procuradoria\/wp-json\/wp\/v2\/pages"}],"about":[{"href":"https:\/\/www.goiania.go.gov.br\/procuradoria\/wp-json\/wp\/v2\/types\/page"}],"author":[{"embeddable":true,"href":"https:\/\/www.goiania.go.gov.br\/procuradoria\/wp-json\/wp\/v2\/users\/23"}],"replies":[{"embeddable":true,"href":"https:\/\/www.goiania.go.gov.br\/procuradoria\/wp-json\/wp\/v2\/comments?post=512"}],"version-history":[{"count":10,"href":"https:\/\/www.goiania.go.gov.br\/procuradoria\/wp-json\/wp\/v2\/pages\/512\/revisions"}],"predecessor-version":[{"id":2028,"href":"https:\/\/www.goiania.go.gov.br\/procuradoria\/wp-json\/wp\/v2\/pages\/512\/revisions\/2028"}],"wp:attachment":[{"href":"https:\/\/www.goiania.go.gov.br\/procuradoria\/wp-json\/wp\/v2\/media?parent=512"}],"curies":[{"name":"wp","href":"https:\/\/api.w.org\/{rel}","templated":true}]}}