{"id":415,"date":"2020-06-15T14:38:17","date_gmt":"2020-06-15T17:38:17","guid":{"rendered":"https:\/\/www.goiania.go.gov.br\/procuradoria\/?page_id=415"},"modified":"2025-07-10T16:08:55","modified_gmt":"2025-07-10T19:08:55","slug":"consulta-de-pareceres","status":"publish","type":"page","link":"https:\/\/www.goiania.go.gov.br\/procuradoria\/consulta-de-pareceres\/","title":{"rendered":"Consulta de Pareceres"},"content":{"rendered":"\n<div class=\"wp-block-group\"><div class=\"wp-block-group__inner-container is-layout-flow wp-block-group-is-layout-flow\">\n<p><strong>COMO CONSULTAR:<\/strong><\/p>\n\n\n\n<p>Passo 1: baixe o arquivo ement\u00e1rio na pasta da referida Especializada (listagem abaixo)<\/p>\n\n\n\n<p>Passo 2: abra o arquivo<\/p>\n\n\n\n<p>Passo 3: pressione as teclas CTRL + F e digite no campo o tema a ser consultado<\/p>\n\n\n\n<p>Passo 4: ap\u00f3s visualizar o n\u00famero do parecer, volte na pasta para localiz\u00e1-lo e fa\u00e7a o download do documento<\/p>\n\n\n\n<p><\/p>\n<\/div><\/div>\n\n\n\n<h3 class=\"wp-block-heading\"><a href=\"https:\/\/www.goiania.go.gov.br\/procuradoria\/peaa\" target=\"_blank\" rel=\"noreferrer noopener\">PEAA \u2013 Procuradoria Especializada de Assuntos Administrativos<\/a><\/h3>\n\n\n\n<p><\/p>\n\n\n\n<h3 class=\"wp-block-heading has-vivid-red-color has-text-color\"><a href=\"https:\/\/www.goiania.go.gov.br\/procuradoria\/peaj\/\" target=\"_blank\" rel=\"noreferrer noopener\">PEAJ \u2013 Procuradoria Especializada de Assessoramento Jur\u00eddico<\/a><\/h3>\n\n\n\n<p><\/p>\n\n\n\n<h3 class=\"wp-block-heading\"><a href=\"https:\/\/www.goiania.go.gov.br\/procuradoria\/peppi\/\" target=\"_blank\" rel=\"noreferrer noopener\">PPI \u2013 Procuradoria Especializada do Patrim\u00f4nio Imobili\u00e1rio<\/a><\/h3>\n\n\n\n<p><\/p>\n\n\n\n<h3 class=\"wp-block-heading\"><a href=\"https:\/\/www.goiania.go.gov.br\/procuradoria\/pefpm\/\" target=\"_blank\" rel=\"noreferrer noopener\">PEFPM \u2013 Procuradoria Especializada da Fazenda P\u00fablica Municipal<\/a><\/h3>\n\n\n\n<p><\/p>\n\n\n\n<p class=\"has-medium-font-size\"><a href=\"https:\/\/www.goiania.go.gov.br\/procuradoria\/pareceres-com-temas-eleitorais\/\"><strong>TEMAS ELEITORAIS <\/strong><\/a><\/p>\n\n\n\n<p><\/p>\n","protected":false},"excerpt":{"rendered":"<p>COMO CONSULTAR: Passo 1: baixe o arquivo ement\u00e1rio na pasta da referida Especializada (listagem abaixo) Passo 2: abra o arquivo Passo 3: pressione as teclas CTRL + F e digite no campo o tema a ser consultado Passo 4: ap\u00f3s visualizar o n\u00famero do parecer, volte na pasta para localiz\u00e1-lo e fa\u00e7a o download do [&hellip;]<\/p>\n","protected":false},"author":23,"featured_media":0,"parent":0,"menu_order":25,"comment_status":"closed","ping_status":"closed","template":"","meta":{"_acf_changed":false,"custom_icon_class":"","footnotes":""},"class_list":["post-415","page","type-page","status-publish","hentry"],"acf":[],"_links":{"self":[{"href":"https:\/\/www.goiania.go.gov.br\/procuradoria\/wp-json\/wp\/v2\/pages\/415","targetHints":{"allow":["GET"]}}],"collection":[{"href":"https:\/\/www.goiania.go.gov.br\/procuradoria\/wp-json\/wp\/v2\/pages"}],"about":[{"href":"https:\/\/www.goiania.go.gov.br\/procuradoria\/wp-json\/wp\/v2\/types\/page"}],"author":[{"embeddable":true,"href":"https:\/\/www.goiania.go.gov.br\/procuradoria\/wp-json\/wp\/v2\/users\/23"}],"replies":[{"embeddable":true,"href":"https:\/\/www.goiania.go.gov.br\/procuradoria\/wp-json\/wp\/v2\/comments?post=415"}],"version-history":[{"count":11,"href":"https:\/\/www.goiania.go.gov.br\/procuradoria\/wp-json\/wp\/v2\/pages\/415\/revisions"}],"predecessor-version":[{"id":2027,"href":"https:\/\/www.goiania.go.gov.br\/procuradoria\/wp-json\/wp\/v2\/pages\/415\/revisions\/2027"}],"wp:attachment":[{"href":"https:\/\/www.goiania.go.gov.br\/procuradoria\/wp-json\/wp\/v2\/media?parent=415"}],"curies":[{"name":"wp","href":"https:\/\/api.w.org\/{rel}","templated":true}]}}