{"id":399,"date":"2020-06-15T14:12:02","date_gmt":"2020-06-15T17:12:02","guid":{"rendered":"https:\/\/www.goiania.go.gov.br\/procuradoria\/?page_id=399"},"modified":"2025-07-10T16:06:20","modified_gmt":"2025-07-10T19:06:20","slug":"peaa","status":"publish","type":"page","link":"https:\/\/www.goiania.go.gov.br\/procuradoria\/peaa\/","title":{"rendered":"PEAA &#8211; Procuradoria Especializada de Assuntos Administrativos"},"content":{"rendered":"\n<h3 class=\"wp-block-heading\"><a href=\"https:\/\/www.goiania.go.gov.br\/procuradoria\/direito-de-pessoal\/\" target=\"_blank\" rel=\"noreferrer noopener\">DIREITO DE PESSOAL<\/a><\/h3>\n\n\n\n<h3 class=\"wp-block-heading\"><a href=\"https:\/\/www.goiania.go.gov.br\/procuradoria\/licitacoes-e-contratos\/\" target=\"_blank\" rel=\"noreferrer noopener\">LICITA\u00c7\u00d5ES E CONTRATOS <\/a><\/h3>\n\n\n\n<p><\/p>\n\n\n\n<p>Os Pareceres Referencias e Orienta\u00e7\u00f5es Normativas emitidas pela Procuradoria-Geral do Munic\u00edpio de Goi\u00e2nia est\u00e3o fundamentados nos atos normativos vigentes \u00e0 \u00e9poca da sua elabora\u00e7\u00e3o, e ser\u00e3o revistos quando houver altera\u00e7\u00e3o quanto ao entendimento jur\u00eddico neles expostos. Dessa forma, compete aos \u00f3rg\u00e3os, quando da utiliza\u00e7\u00e3o dos Pareceres e Orienta\u00e7\u00f5es Normativas, observar as normas procedimentais que, eventualmente, tenham sido emitidas em momento posterior ao ato emitido pela PGM, pela Controladoria-Geral do Munic\u00edpio, Secretaria Municipal de Administra\u00e7\u00e3o, Secretaria Municipal de Finan\u00e7as etc.<\/p>\n","protected":false},"excerpt":{"rendered":"<p>DIREITO DE PESSOAL LICITA\u00c7\u00d5ES E CONTRATOS Os Pareceres Referencias e Orienta\u00e7\u00f5es Normativas emitidas pela Procuradoria-Geral do Munic\u00edpio de Goi\u00e2nia est\u00e3o fundamentados nos atos normativos vigentes \u00e0 \u00e9poca da sua elabora\u00e7\u00e3o, e ser\u00e3o revistos quando houver altera\u00e7\u00e3o quanto ao entendimento jur\u00eddico neles expostos. Dessa forma, compete aos \u00f3rg\u00e3os, quando da utiliza\u00e7\u00e3o dos Pareceres e Orienta\u00e7\u00f5es Normativas, [&hellip;]<\/p>\n","protected":false},"author":23,"featured_media":0,"parent":0,"menu_order":21,"comment_status":"closed","ping_status":"closed","template":"","meta":{"_acf_changed":false,"custom_icon_class":"","footnotes":""},"class_list":["post-399","page","type-page","status-publish","hentry"],"acf":[],"_links":{"self":[{"href":"https:\/\/www.goiania.go.gov.br\/procuradoria\/wp-json\/wp\/v2\/pages\/399","targetHints":{"allow":["GET"]}}],"collection":[{"href":"https:\/\/www.goiania.go.gov.br\/procuradoria\/wp-json\/wp\/v2\/pages"}],"about":[{"href":"https:\/\/www.goiania.go.gov.br\/procuradoria\/wp-json\/wp\/v2\/types\/page"}],"author":[{"embeddable":true,"href":"https:\/\/www.goiania.go.gov.br\/procuradoria\/wp-json\/wp\/v2\/users\/23"}],"replies":[{"embeddable":true,"href":"https:\/\/www.goiania.go.gov.br\/procuradoria\/wp-json\/wp\/v2\/comments?post=399"}],"version-history":[{"count":10,"href":"https:\/\/www.goiania.go.gov.br\/procuradoria\/wp-json\/wp\/v2\/pages\/399\/revisions"}],"predecessor-version":[{"id":2021,"href":"https:\/\/www.goiania.go.gov.br\/procuradoria\/wp-json\/wp\/v2\/pages\/399\/revisions\/2021"}],"wp:attachment":[{"href":"https:\/\/www.goiania.go.gov.br\/procuradoria\/wp-json\/wp\/v2\/media?parent=399"}],"curies":[{"name":"wp","href":"https:\/\/api.w.org\/{rel}","templated":true}]}}