{"id":376,"date":"2020-06-10T09:12:30","date_gmt":"2020-06-10T12:12:30","guid":{"rendered":"https:\/\/www.goiania.go.gov.br\/procuradoria\/?page_id=376"},"modified":"2026-02-19T12:16:15","modified_gmt":"2026-02-19T15:16:15","slug":"orientacoes-administrativas","status":"publish","type":"page","link":"https:\/\/www.goiania.go.gov.br\/procuradoria\/orientacoes-administrativas\/","title":{"rendered":"Orienta\u00e7\u00f5es Normativas"},"content":{"rendered":"\n<p>Os Pareceres Referencias e Orienta\u00e7\u00f5es Normativas emitidas pela Procuradoria-Geral do Munic\u00edpio de Goi\u00e2nia est\u00e3o fundamentados nos atos normativos vigentes \u00e0 \u00e9poca da sua elabora\u00e7\u00e3o, e ser\u00e3o revistos quando houver altera\u00e7\u00e3o quanto ao entendimento jur\u00eddico neles expostos. Dessa forma, compete aos \u00f3rg\u00e3os, quando da utiliza\u00e7\u00e3o dos Pareceres e Orienta\u00e7\u00f5es Normativas, observar as normas procedimentais que, eventualmente, tenham sido emitidas em momento posterior ao ato emitido pela PGM, pela Controladoria-Geral do Munic\u00edpio, Secretaria Municipal de Administra\u00e7\u00e3o, Secretaria Municipal de Finan\u00e7as etc.<\/p>\n\n\n\n<p><a rel=\"noreferrer noopener\" href=\"https:\/\/www.goiania.go.gov.br\/procuradoria\/wp-uploads\/sites\/11\/2020\/06\/orienta\u00e7\u00e3o-administrativa-n\u00ba-01.2018-PEP-PUBLICADA.pdf\" target=\"_blank\">Orienta\u00e7\u00e3o Administrativa 01\/2018<\/a> &#8211; Disp\u00f5e sobre procedimentos para a formaliza\u00e7\u00e3o e apresenta\u00e7\u00e3o, ao GOI\u00c2NIAPREV, dos atos de aposentadoria, pens\u00e3o, abono de perman\u00eancia e mat\u00e9rias afins, e d\u00e1 outras provid\u00eancias<\/p>\n\n\n\n<p><a rel=\"noreferrer noopener\" href=\"https:\/\/www.goiania.go.gov.br\/procuradoria\/wp-uploads\/sites\/11\/2020\/06\/NOTA-T%C3%89CNICA-001-2020.pdf\" target=\"_blank\">Nota T\u00e9cnica 001\/2020<\/a> &#8211; Nota em car\u00e1ter orientativo sobre a atualiza\u00e7\u00e3o da Portaria 004\/2008 &#8211; GOI\u00c2NIAPREV, que disp\u00f5e sobre a comprova\u00e7\u00e3o da uni\u00e3o est\u00e1vel para fins de pens\u00e3o por morte no \u00e2mbito do Regime Pr\u00f3prio de Previd\u00eancia Social dos servidores municipais<\/p>\n\n\n\n<p><a rel=\"noreferrer noopener\" href=\"https:\/\/www.goiania.go.gov.br\/procuradoria\/wp-uploads\/sites\/11\/2021\/03\/001de2021.pdf\" target=\"_blank\">Orienta\u00e7\u00e3o Normativa 01\/2021<\/a> &#8211; Disp\u00f5e sobre a desnecessidade de an\u00e1lise jur\u00eddica da Procuradoria-Geral do Munic\u00edpio em processos de dispensa de licita\u00e7\u00e3o em raz\u00e3o do baixo valor (art. 24, I e II, da Lei n. 8.666\/93)<\/p>\n\n\n\n<p>Orienta\u00e7\u00e3o Normativa 02\/2021 &#8211; <strong>(REVOGADA PELA ORIENTA\u00c7\u00c3O NORMATIVA N. 003\/2023)<\/strong> Disp\u00f5e sobre a desnecessidade de an\u00e1lise jur\u00eddica pela Procuradoria-Geral do Munic\u00edpio em processos de dispensa de licita\u00e7\u00e3o em raz\u00e3o do baixo valor (art. 75, I e II, da Lei n. 14.133\/21), desde que obedecidos os requisitos previamente elencados no Parecer n. 1652\/2021-PGM e atendido o <em>checklist<\/em> anexo \u00e0 presente.<\/p>\n\n\n\n<p><a href=\"https:\/\/www.goiania.go.gov.br\/procuradoria\/wp-content\/uploads\/sites\/11\/2023\/08\/ON-n.-003-2023-Dispensa-em-razao-do-baixo-valor.-Integra.-D.O.M.-Ed.-8.117-2023.pdf\">Orienta\u00e7\u00e3o Normativa 03\/2023&nbsp;\u2013&nbsp;<\/a>Disp\u00f5e sobre a desnecessidade de an\u00e1lise jur\u00eddica pela Procuradoria-Geral do Munic\u00edpio em processos de dispensa de licita\u00e7\u00e3o em raz\u00e3o do baixo valor (art. 75, I e II, da Lei n. 14.133\/21), desde que obedecidos os requisitos previamente elencados no Parecer n. 1795\/2023-PGM e atendido o checklist anexo \u00e0 presente.<\/p>\n\n\n\n<p><a href=\"https:\/\/www.goiania.go.gov.br\/procuradoria\/wp-content\/uploads\/sites\/11\/2026\/02\/Orientacao_Normativa_1_2026___PGM.pdf\">Orienta\u00e7\u00e3o Normativa 01\/2026<\/a> &#8211; Disp\u00f5e sobre a desnecessidade de an\u00e1lise jur\u00eddica individualizada pela Procuradoria-Geral do Munic\u00edpio em processos de contrata\u00e7\u00e3o por exigibilidade de licita\u00e7\u00e3o de profissional do setor art\u00edstico, diretamente c or meio de empres\u00e1rio exclusivo, desde que consagrado pela cr\u00edti especializada ou pela opini\u00e3o p\u00fablica, \u00e0 luz do art. 74, inciso II, da Lei n\u00b0 14.133\/2021, nos limites estabelecidos e desde que obedecidos os requisitos previamente elencados no Parecer n. 1614\/2023-PGM\/PEAA.<\/p>\n","protected":false},"excerpt":{"rendered":"<p>Os Pareceres Referencias e Orienta\u00e7\u00f5es Normativas emitidas pela Procuradoria-Geral do Munic\u00edpio de Goi\u00e2nia est\u00e3o fundamentados nos atos normativos vigentes \u00e0 \u00e9poca da sua elabora\u00e7\u00e3o, e ser\u00e3o revistos quando houver altera\u00e7\u00e3o quanto ao entendimento jur\u00eddico neles expostos. Dessa forma, compete aos \u00f3rg\u00e3os, quando da utiliza\u00e7\u00e3o dos Pareceres e Orienta\u00e7\u00f5es Normativas, observar as normas procedimentais que, eventualmente, [&hellip;]<\/p>\n","protected":false},"author":23,"featured_media":0,"parent":0,"menu_order":1,"comment_status":"closed","ping_status":"closed","template":"","meta":{"_acf_changed":false,"custom_icon_class":"","footnotes":""},"class_list":["post-376","page","type-page","status-publish","hentry"],"acf":[],"_links":{"self":[{"href":"https:\/\/www.goiania.go.gov.br\/procuradoria\/wp-json\/wp\/v2\/pages\/376","targetHints":{"allow":["GET"]}}],"collection":[{"href":"https:\/\/www.goiania.go.gov.br\/procuradoria\/wp-json\/wp\/v2\/pages"}],"about":[{"href":"https:\/\/www.goiania.go.gov.br\/procuradoria\/wp-json\/wp\/v2\/types\/page"}],"author":[{"embeddable":true,"href":"https:\/\/www.goiania.go.gov.br\/procuradoria\/wp-json\/wp\/v2\/users\/23"}],"replies":[{"embeddable":true,"href":"https:\/\/www.goiania.go.gov.br\/procuradoria\/wp-json\/wp\/v2\/comments?post=376"}],"version-history":[{"count":10,"href":"https:\/\/www.goiania.go.gov.br\/procuradoria\/wp-json\/wp\/v2\/pages\/376\/revisions"}],"predecessor-version":[{"id":2138,"href":"https:\/\/www.goiania.go.gov.br\/procuradoria\/wp-json\/wp\/v2\/pages\/376\/revisions\/2138"}],"wp:attachment":[{"href":"https:\/\/www.goiania.go.gov.br\/procuradoria\/wp-json\/wp\/v2\/media?parent=376"}],"curies":[{"name":"wp","href":"https:\/\/api.w.org\/{rel}","templated":true}]}}